{"id":6263,"date":"2020-04-21T06:20:46","date_gmt":"2020-04-21T05:20:46","guid":{"rendered":"https:\/\/goldroof.pt\/porto\/"},"modified":"2020-04-27T02:47:03","modified_gmt":"2020-04-27T01:47:03","slug":"porto","status":"publish","type":"page","link":"https:\/\/goldroof.pt\/fr\/porto\/","title":{"rendered":"Porto"},"content":{"rendered":"\t\t<div data-elementor-type=\"wp-page\" data-elementor-id=\"6263\" class=\"elementor elementor-6263 elementor-5483\">\n\t\t\t\t\t\t<section class=\"elementor-section elementor-top-section elementor-element elementor-element-2d1c304 elementor-section-boxed elementor-section-height-default elementor-section-height-default\" data-id=\"2d1c304\" data-element_type=\"section\" data-e-type=\"section\">\n\t\t\t\t\t\t<div class=\"elementor-container elementor-column-gap-default\">\n\t\t\t\t\t<div class=\"elementor-column elementor-col-100 elementor-top-column elementor-element elementor-element-bc6b516\" data-id=\"bc6b516\" data-element_type=\"column\" data-e-type=\"column\">\n\t\t\t<div class=\"elementor-widget-wrap elementor-element-populated\">\n\t\t\t\t\t\t<div class=\"elementor-element elementor-element-19664d1 elementor-widget elementor-widget-heading\" data-id=\"19664d1\" data-element_type=\"widget\" data-e-type=\"widget\" data-widget_type=\"heading.default\">\n\t\t\t\t<div class=\"elementor-widget-container\">\n\t\t\t\t\t<h3 class=\"elementor-heading-title elementor-size-default\">Porto, la belle ville Invicta.<\/h3>\t\t\t\t<\/div>\n\t\t\t\t<\/div>\n\t\t\t\t\t<\/div>\n\t\t<\/div>\n\t\t\t\t\t<\/div>\n\t\t<\/section>\n\t\t\t\t<section class=\"elementor-section elementor-top-section elementor-element elementor-element-977c336 elementor-section-boxed elementor-section-height-default elementor-section-height-default\" data-id=\"977c336\" data-element_type=\"section\" data-e-type=\"section\">\n\t\t\t\t\t\t<div class=\"elementor-container elementor-column-gap-default\">\n\t\t\t\t\t<div class=\"elementor-column elementor-col-100 elementor-top-column elementor-element elementor-element-e3d2564\" data-id=\"e3d2564\" data-element_type=\"column\" data-e-type=\"column\">\n\t\t\t<div class=\"elementor-widget-wrap elementor-element-populated\">\n\t\t\t\t\t\t<div class=\"elementor-element elementor-element-d0ec8f4 elementor-widget elementor-widget-image\" data-id=\"d0ec8f4\" data-element_type=\"widget\" data-e-type=\"widget\" data-widget_type=\"image.default\">\n\t\t\t\t<div class=\"elementor-widget-container\">\n\t\t\t\t\t\t\t\t\t\t\t\t\t\t\t<img fetchpriority=\"high\" decoding=\"async\" width=\"828\" height=\"556\" src=\"https:\/\/goldroof.pt\/wp-content\/uploads\/2020\/04\/iron-bridge-76971_1280-1024x687.jpg\" class=\"attachment-large size-large wp-image-6002\" alt=\"Iron bridge 76971\" srcset=\"https:\/\/goldroof.pt\/wp-content\/uploads\/2020\/04\/iron-bridge-76971_1280-1024x687.jpg 1024w, https:\/\/goldroof.pt\/wp-content\/uploads\/2020\/04\/iron-bridge-76971_1280-300x201.jpg 300w, https:\/\/goldroof.pt\/wp-content\/uploads\/2020\/04\/iron-bridge-76971_1280-768x515.jpg 768w, https:\/\/goldroof.pt\/wp-content\/uploads\/2020\/04\/iron-bridge-76971_1280-150x101.jpg 150w, https:\/\/goldroof.pt\/wp-content\/uploads\/2020\/04\/iron-bridge-76971_1280.jpg 1280w\" sizes=\"(max-width: 828px) 100vw, 828px\" \/>\t\t\t\t\t\t\t\t\t\t\t\t\t\t\t<\/div>\n\t\t\t\t<\/div>\n\t\t\t\t\t<\/div>\n\t\t<\/div>\n\t\t\t\t\t<\/div>\n\t\t<\/section>\n\t\t\t\t<section class=\"elementor-section elementor-top-section elementor-element elementor-element-89aa6a5 elementor-section-boxed elementor-section-height-default elementor-section-height-default\" data-id=\"89aa6a5\" data-element_type=\"section\" data-e-type=\"section\">\n\t\t\t\t\t\t<div class=\"elementor-container elementor-column-gap-default\">\n\t\t\t\t\t<div class=\"elementor-column elementor-col-100 elementor-top-column elementor-element elementor-element-109d210\" data-id=\"109d210\" data-element_type=\"column\" data-e-type=\"column\">\n\t\t\t<div class=\"elementor-widget-wrap elementor-element-populated\">\n\t\t\t\t\t\t<div class=\"elementor-element elementor-element-f63eb8d elementor-widget elementor-widget-text-editor\" data-id=\"f63eb8d\" data-element_type=\"widget\" data-e-type=\"widget\" data-widget_type=\"text-editor.default\">\n\t\t\t\t<div class=\"elementor-widget-container\">\n\t\t\t\t\t\t\t\t\t<p><span lang=\"fr-FR\">Porto est situ\u00e9 au nord du Portugal et est la deuxi\u00e8me ville du pays.\u00a0Il est entour\u00e9 par les municipalit\u00e9s de Matosinhos, Maia, Gondomar et Vila Nova de Gaia.\u00a0Baign\u00e9 par le fleuve Douro et l\u2019oc\u00e9an Atlantique, Porto est une ville avec une immense histoire accompagn\u00e9e de la modernit\u00e9 des actuelles m\u00e9tropoles europ\u00e9ennes.\u00a0Vivre \u00e0 Porto et dans les villes environnantes, c\u2019est pouvoir jouir d\u2019une qualit\u00e9 de vie enviable en raison de la proximit\u00e9 entre l\u2019aire m\u00e9tropolitaine et le centre-ville.\u00a0Le d\u00e9placement dans tout la zone m\u00e9tropolitaine est facilit\u00e9e par le m\u00e9tro, trains et les transports publics.\u00a0L\u2019a\u00e9roport international S\u00e1 Carneiro fait la liaison de Porto aux diff\u00e9rentes capitales europ\u00e9ennes et mondiales.\u00a0Situ\u00e9 \u00e0 la p\u00e9riph\u00e9rie, il est reli\u00e9 au centre-ville par le m\u00e9tro et des transports publics.<\/span><\/p>\n\t\t\t\t\t\t\t\t<\/div>\n\t\t\t\t<\/div>\n\t\t\t\t\t<\/div>\n\t\t<\/div>\n\t\t\t\t\t<\/div>\n\t\t<\/section>\n\t\t\t\t<section class=\"elementor-section elementor-top-section elementor-element elementor-element-e1a1e00 elementor-section-boxed elementor-section-height-default elementor-section-height-default\" data-id=\"e1a1e00\" data-element_type=\"section\" data-e-type=\"section\">\n\t\t\t\t\t\t<div class=\"elementor-container elementor-column-gap-default\">\n\t\t\t\t\t<div class=\"elementor-column elementor-col-50 elementor-top-column elementor-element elementor-element-ac0e537\" data-id=\"ac0e537\" data-element_type=\"column\" data-e-type=\"column\">\n\t\t\t<div class=\"elementor-widget-wrap elementor-element-populated\">\n\t\t\t\t\t\t<div class=\"elementor-element elementor-element-cd20a02 elementor-widget elementor-widget-image\" data-id=\"cd20a02\" data-element_type=\"widget\" data-e-type=\"widget\" data-widget_type=\"image.default\">\n\t\t\t\t<div class=\"elementor-widget-container\">\n\t\t\t\t\t\t\t\t\t\t\t\t\t\t\t<img decoding=\"async\" width=\"828\" height=\"466\" src=\"https:\/\/goldroof.pt\/wp-content\/uploads\/2020\/04\/porto-4257451_1280-1024x576.jpg\" class=\"attachment-large size-large wp-image-6005\" alt=\"Porto 4257451\" srcset=\"https:\/\/goldroof.pt\/wp-content\/uploads\/2020\/04\/porto-4257451_1280-1024x576.jpg 1024w, https:\/\/goldroof.pt\/wp-content\/uploads\/2020\/04\/porto-4257451_1280-300x169.jpg 300w, https:\/\/goldroof.pt\/wp-content\/uploads\/2020\/04\/porto-4257451_1280-768x432.jpg 768w, https:\/\/goldroof.pt\/wp-content\/uploads\/2020\/04\/porto-4257451_1280-150x84.jpg 150w, https:\/\/goldroof.pt\/wp-content\/uploads\/2020\/04\/porto-4257451_1280.jpg 1280w\" sizes=\"(max-width: 828px) 100vw, 828px\" \/>\t\t\t\t\t\t\t\t\t\t\t\t\t\t\t<\/div>\n\t\t\t\t<\/div>\n\t\t\t\t\t<\/div>\n\t\t<\/div>\n\t\t\t\t<div class=\"elementor-column elementor-col-50 elementor-top-column elementor-element elementor-element-73dfb47\" data-id=\"73dfb47\" data-element_type=\"column\" data-e-type=\"column\">\n\t\t\t<div class=\"elementor-widget-wrap elementor-element-populated\">\n\t\t\t\t\t\t<div class=\"elementor-element elementor-element-b02f25b elementor-widget elementor-widget-text-editor\" data-id=\"b02f25b\" data-element_type=\"widget\" data-e-type=\"widget\" data-widget_type=\"text-editor.default\">\n\t\t\t\t<div class=\"elementor-widget-container\">\n\t\t\t\t\t\t\t\t\t<p><span lang=\"fr-FR\">Toute la zone m\u00e9tropolitaine de Porto est tr\u00e8s dynamique. Avec un tissu entrepreneurial enviable, une communaut\u00e9 \u00e9tudiante alli\u00e9e aux diff\u00e9rentes universit\u00e9s de prestige et tradition et coll\u00e8ges priv\u00e9es de r\u00e9f\u00e9rence nationaux et internationaux.<\/span><\/p>\n\t\t\t\t\t\t\t\t<\/div>\n\t\t\t\t<\/div>\n\t\t\t\t\t<\/div>\n\t\t<\/div>\n\t\t\t\t\t<\/div>\n\t\t<\/section>\n\t\t\t\t<section class=\"elementor-section elementor-top-section elementor-element elementor-element-2178726 elementor-section-boxed elementor-section-height-default elementor-section-height-default\" data-id=\"2178726\" data-element_type=\"section\" data-e-type=\"section\">\n\t\t\t\t\t\t<div class=\"elementor-container elementor-column-gap-default\">\n\t\t\t\t\t<div class=\"elementor-column elementor-col-100 elementor-top-column elementor-element elementor-element-91d0d20\" data-id=\"91d0d20\" data-element_type=\"column\" data-e-type=\"column\">\n\t\t\t<div class=\"elementor-widget-wrap elementor-element-populated\">\n\t\t\t\t\t\t<div class=\"elementor-element elementor-element-affd063 elementor-widget elementor-widget-text-editor\" data-id=\"affd063\" data-element_type=\"widget\" data-e-type=\"widget\" data-widget_type=\"text-editor.default\">\n\t\t\t\t<div class=\"elementor-widget-container\">\n\t\t\t\t\t\t\t\t\t<p><a name=\"_GoBack\"><\/a> <span lang=\"fr-FR\">Avec des espaces verts de loisirs de grande dimension comme Parque da Cidade, Jardins do Pal\u00e1cio de Cristal, Parque do Oriente, Casa de Serralves;\u00a0de longues plages au long de la zone c\u00f4ti\u00e8re avec des terrasses qui invitent au repos et aux bains de soleil;\u00a0plusieurs jardins et recoins de beaut\u00e9 citadine pour se promener comme le Jardim do Passeio Alegre, Jardim do Marqu\u00eas de Oliveira;\u00a0b\u00e2timents d\u2019une beaut\u00e9 in\u00e9gal\u00e9e comme la Torre dos Cl\u00e9rigos, b\u00e2timent du Mairie de Porto, Gare de S. Bento, Ribeira avec tout son manoir surplombant la rivi\u00e8re Douro, Pal\u00e1cio da Bolsa, Igreja da Santa S\u00e9, Caves du Vin de Porto, Pont D. Lu\u00eds et six autres sur la rivi\u00e8re Douro, Livraria Lello, Caf\u00e9 Majestic;\u00a0Salles de spectacles de beaut\u00e9 in\u00e9gal\u00e9e comme la Casa da M\u00fasica, Teatro S\u00e3o Jo\u00e3o, Teatro Rivoli;\u00a0parmi tant autres lieux impossibles \u00e0 \u00e9num\u00e9rer ici.\u00a0Le vaste centre historique de la ville de Porto est patrimoine mondial de l\u2019UNESCO.<\/span><\/p>\n\t\t\t\t\t\t\t\t<\/div>\n\t\t\t\t<\/div>\n\t\t\t\t\t<\/div>\n\t\t<\/div>\n\t\t\t\t\t<\/div>\n\t\t<\/section>\n\t\t\t\t<section class=\"elementor-section elementor-top-section elementor-element elementor-element-207a183 elementor-section-boxed elementor-section-height-default elementor-section-height-default\" data-id=\"207a183\" data-element_type=\"section\" data-e-type=\"section\">\n\t\t\t\t\t\t<div class=\"elementor-container elementor-column-gap-default\">\n\t\t\t\t\t<div class=\"elementor-column elementor-col-100 elementor-top-column elementor-element elementor-element-515005b\" data-id=\"515005b\" data-element_type=\"column\" data-e-type=\"column\">\n\t\t\t<div class=\"elementor-widget-wrap elementor-element-populated\">\n\t\t\t\t\t\t<div class=\"elementor-element elementor-element-07242ae elementor-widget elementor-widget-image\" data-id=\"07242ae\" data-element_type=\"widget\" data-e-type=\"widget\" data-widget_type=\"image.default\">\n\t\t\t\t<div class=\"elementor-widget-container\">\n\t\t\t\t\t\t\t\t\t\t\t\t\t\t\t<img decoding=\"async\" width=\"828\" height=\"227\" src=\"https:\/\/goldroof.pt\/wp-content\/uploads\/2020\/04\/Porto-Portugal-Pixabay-royalty-free-image.jpg\" class=\"attachment-large size-large wp-image-5999\" alt=\"Porto Portugal Pixabay royalty free image\" srcset=\"https:\/\/goldroof.pt\/wp-content\/uploads\/2020\/04\/Porto-Portugal-Pixabay-royalty-free-image.jpg 960w, https:\/\/goldroof.pt\/wp-content\/uploads\/2020\/04\/Porto-Portugal-Pixabay-royalty-free-image-300x82.jpg 300w, https:\/\/goldroof.pt\/wp-content\/uploads\/2020\/04\/Porto-Portugal-Pixabay-royalty-free-image-768x210.jpg 768w, https:\/\/goldroof.pt\/wp-content\/uploads\/2020\/04\/Porto-Portugal-Pixabay-royalty-free-image-150x41.jpg 150w\" sizes=\"(max-width: 828px) 100vw, 828px\" \/>\t\t\t\t\t\t\t\t\t\t\t\t\t\t\t<\/div>\n\t\t\t\t<\/div>\n\t\t\t\t\t<\/div>\n\t\t<\/div>\n\t\t\t\t\t<\/div>\n\t\t<\/section>\n\t\t\t\t<section class=\"elementor-section elementor-top-section elementor-element elementor-element-a8d4086 elementor-section-boxed elementor-section-height-default elementor-section-height-default\" data-id=\"a8d4086\" data-element_type=\"section\" data-e-type=\"section\">\n\t\t\t\t\t\t<div class=\"elementor-container elementor-column-gap-default\">\n\t\t\t\t\t<div class=\"elementor-column elementor-col-100 elementor-top-column elementor-element elementor-element-d681ac1\" data-id=\"d681ac1\" data-element_type=\"column\" data-e-type=\"column\">\n\t\t\t<div class=\"elementor-widget-wrap elementor-element-populated\">\n\t\t\t\t\t\t<div class=\"elementor-element elementor-element-8e01ffe elementor-widget elementor-widget-text-editor\" data-id=\"8e01ffe\" data-element_type=\"widget\" data-e-type=\"widget\" data-widget_type=\"text-editor.default\">\n\t\t\t\t<div class=\"elementor-widget-container\">\n\t\t\t\t\t\t\t\t\t<p>Les b\u00e2timents urbains de Porto se caract\u00e9risent par une architecture la\u00efque, beaucoup d&rsquo;entre eux avec des fa\u00e7ades avec des carreaux traditionnels, mais avec une modernit\u00e9 reconditionn\u00e9e \u00e0 l&rsquo;int\u00e9rieur. La zone m\u00e9tropolitaine environnante est caract\u00e9ris\u00e9e par des b\u00e2timents modernes de haute qualit\u00e9 avec un espace vert environnant, offrant un mode de vie exclusif.<\/p>\n\t\t\t\t\t\t\t\t<\/div>\n\t\t\t\t<\/div>\n\t\t\t\t\t<\/div>\n\t\t<\/div>\n\t\t\t\t\t<\/div>\n\t\t<\/section>\n\t\t\t\t<section class=\"elementor-section elementor-top-section elementor-element elementor-element-f0e0451 elementor-section-boxed elementor-section-height-default elementor-section-height-default\" data-id=\"f0e0451\" data-element_type=\"section\" data-e-type=\"section\">\n\t\t\t\t\t\t<div class=\"elementor-container elementor-column-gap-default\">\n\t\t\t\t\t<div class=\"elementor-column elementor-col-100 elementor-top-column elementor-element elementor-element-badd572\" data-id=\"badd572\" data-element_type=\"column\" data-e-type=\"column\">\n\t\t\t<div class=\"elementor-widget-wrap elementor-element-populated\">\n\t\t\t\t\t\t<div class=\"elementor-element elementor-element-478a361 elementor-widget elementor-widget-heading\" data-id=\"478a361\" data-element_type=\"widget\" data-e-type=\"widget\" data-widget_type=\"heading.default\">\n\t\t\t\t<div class=\"elementor-widget-container\">\n\t\t\t\t\t<h2 class=\"elementor-heading-title elementor-size-default\">Venez vivre \u00e0 Porto!<\/h2>\t\t\t\t<\/div>\n\t\t\t\t<\/div>\n\t\t\t\t\t<\/div>\n\t\t<\/div>\n\t\t\t\t\t<\/div>\n\t\t<\/section>\n\t\t\t\t<\/div>\n\t\t","protected":false},"excerpt":{"rendered":"<p>Porto, la belle ville Invicta. Porto est situ\u00e9 au nord du Portugal et est la deuxi\u00e8me ville du pays.&nbsp;Il est entour\u00e9 par les municipalit\u00e9s de Matosinhos, Maia, Gondomar et Vila Nova de Gaia.&nbsp;Baign\u00e9 par le fleuve Douro et l\u2019oc\u00e9an Atlantique, Porto est une ville avec une immense histoire accompagn\u00e9e de la modernit\u00e9 des actuelles m\u00e9tropoles&#8230;<\/p>\n","protected":false},"author":1,"featured_media":0,"parent":0,"menu_order":0,"comment_status":"closed","ping_status":"closed","template":"","meta":{"content-type":"","om_disable_all_campaigns":false,"slim_seo":{"title":"Porto - Gold Roof","description":"Porto, la belle ville Invicta. Porto est situ\u00e9 au nord du Portugal et est la deuxi\u00e8me ville du pays.&nbsp;Il est entour\u00e9 par les municipalit\u00e9s de Matosinhos, Ma"},"footnotes":""},"class_list":["post-6263","page","type-page","status-publish","hentry"],"aioseo_notices":[],"_links":{"self":[{"href":"https:\/\/goldroof.pt\/fr\/wp-json\/wp\/v2\/pages\/6263","targetHints":{"allow":["GET"]}}],"collection":[{"href":"https:\/\/goldroof.pt\/fr\/wp-json\/wp\/v2\/pages"}],"about":[{"href":"https:\/\/goldroof.pt\/fr\/wp-json\/wp\/v2\/types\/page"}],"author":[{"embeddable":true,"href":"https:\/\/goldroof.pt\/fr\/wp-json\/wp\/v2\/users\/1"}],"replies":[{"embeddable":true,"href":"https:\/\/goldroof.pt\/fr\/wp-json\/wp\/v2\/comments?post=6263"}],"version-history":[{"count":0,"href":"https:\/\/goldroof.pt\/fr\/wp-json\/wp\/v2\/pages\/6263\/revisions"}],"wp:attachment":[{"href":"https:\/\/goldroof.pt\/fr\/wp-json\/wp\/v2\/media?parent=6263"}],"curies":[{"name":"wp","href":"https:\/\/api.w.org\/{rel}","templated":true}]}}