{"id":6153,"date":"2020-04-21T05:32:59","date_gmt":"2020-04-21T04:32:59","guid":{"rendered":"https:\/\/goldroof.pt\/temoignages\/"},"modified":"2020-04-27T02:41:13","modified_gmt":"2020-04-27T01:41:13","slug":"temoignages","status":"publish","type":"page","link":"https:\/\/goldroof.pt\/fr\/temoignages\/","title":{"rendered":"T\u00e9moignages"},"content":{"rendered":"\t\t\t\t<div id=\"qe-testimonial-15628\" class=\"qe-testimonial-wrapper\">\n\n\t\t\t\t\t<div class=\"qe-testimonial-meta\">\n\n\t\t\t\t\t\t<div class=\"qe-testimonial-img\"><img decoding=\"async\" width=\"103\" height=\"98\" src=\"https:\/\/goldroof.pt\/wp-content\/uploads\/2024\/07\/Nuno-Costa.jpg\" class=\"avatar wp-post-image\" alt=\"Nuno Costa\" \/><\/div>\n\t\t\t\t\t\t<cite class=\"qe-testimonial-author\">\n\t\t\t\t\t\t\t<span class=\"qe-testimonial-name\">Exemplo de profissionalismo &#8211; Elogiado por Nuno Costa<\/span>\n\t\t\t\t\t\t\t\t\t\t\t\t\t<\/cite><!-- \/.qe-testimonial-author -->\n\n\t\t\t\t\t<\/div><!-- \/.qe-testimonial-meta -->\n\n\t\t\t\t\t<blockquote class=\"qe-testimonial-text\">\n\t\t\t\t\t\t<div class=\"flex justify-between mb-6\">\n<div>\n<h3 class=\"text-xl font-bold text-Pcolor capitalize m-0\">Sr. Jorge<\/h3>\n<\/div>\n<\/div>\n<div class=\"mb-6\">\n<p class=\"text-base text-black\">Exemplo de profissionalismo Excelente trabalho e de acompanhamento de todos os passos, desde do in\u00edcio da venda at\u00e9 a nova aquisi\u00e7\u00e3o. Parab\u00e9ns, desejo-lhes muito sucesso no futuro. Um muito obrigado.<\/p>\n<\/div>\n<div class=\"text-right\">\n<p class=\"m-0 text-[#666666]\">Elogiado por\u00a0<strong class=\"font-semibold\">Nuno Costa<\/strong><\/p>\n<\/div>\n\t\t\t\t\t<\/blockquote><!-- \/.qe-testimonial-text -->\n\n\t\t\t\t<\/div><!-- \/.qe-testimonial-wrapper -->\n\t\t\t\t\t\t\t\t<div id=\"qe-testimonial-14832\" class=\"qe-testimonial-wrapper\">\n\n\t\t\t\t\t<div class=\"qe-testimonial-meta\">\n\n\t\t\t\t\t\t<div class=\"qe-testimonial-img\"><a href=\"https:\/\/www.facebook.com\/GoldRoofRealEstate\/reviews\/\" target=\"_blank\"><img decoding=\"async\" width=\"150\" height=\"150\" src=\"https:\/\/goldroof.pt\/wp-content\/uploads\/2021\/12\/manuel-soares\/Manuel-Soares-Facebook-150x150.jpg\" class=\"avatar wp-post-image\" alt=\"Manuel Soares Facebook\" srcset=\"https:\/\/goldroof.pt\/wp-content\/uploads\/2021\/12\/manuel-soares\/Manuel-Soares-Facebook-150x150.jpg 150w, https:\/\/goldroof.pt\/wp-content\/uploads\/2021\/12\/manuel-soares\/Manuel-Soares-Facebook-210x210.jpg 210w\" sizes=\"(max-width: 150px) 100vw, 150px\" \/><\/a><\/div>\n\t\t\t\t\t\t<cite class=\"qe-testimonial-author\">\n\t\t\t\t\t\t\t<span class=\"qe-testimonial-name\">Elogiado por Manuel Soares<\/span>\n\t\t\t\t\t\t\t\t\t\t\t\t\t<\/cite><!-- \/.qe-testimonial-author -->\n\n\t\t\t\t\t<\/div><!-- \/.qe-testimonial-meta -->\n\n\t\t\t\t\t<blockquote class=\"qe-testimonial-text\">\n\t\t\t\t\t\t<p>Profissionalismo, efici\u00eancia.<\/p>\n\t\t\t\t\t<\/blockquote><!-- \/.qe-testimonial-text -->\n\n\t\t\t\t<\/div><!-- \/.qe-testimonial-wrapper -->\n\t\t\t\t\t\t\t\t<div id=\"qe-testimonial-7193\" class=\"qe-testimonial-wrapper\">\n\n\t\t\t\t\t<div class=\"qe-testimonial-meta\">\n\n\t\t\t\t\t\t<div class=\"qe-testimonial-img\"><a href=\"https:\/\/www.facebook.com\/sofia.guimaraes.102\" target=\"_blank\"><img decoding=\"async\" width=\"150\" height=\"150\" src=\"https:\/\/goldroof.pt\/wp-content\/uploads\/2020\/05\/sofia-guimaraes\/Sofia-Guimaraes-150x150.jpg\" class=\"avatar wp-post-image\" alt=\"Sofia Guimar\u00e3es\" srcset=\"https:\/\/goldroof.pt\/wp-content\/uploads\/2020\/05\/sofia-guimaraes\/Sofia-Guimaraes-150x150.jpg 150w, https:\/\/goldroof.pt\/wp-content\/uploads\/2020\/05\/sofia-guimaraes\/Sofia-Guimaraes-210x210.jpg 210w\" sizes=\"(max-width: 150px) 100vw, 150px\" \/><\/a><\/div>\n\t\t\t\t\t\t<cite class=\"qe-testimonial-author\">\n\t\t\t\t\t\t\t<span class=\"qe-testimonial-name\">Elogiado por Sofia Guimar\u00e3es<\/span>\n\t\t\t\t\t\t\t\t\t\t\t\t\t<\/cite><!-- \/.qe-testimonial-author -->\n\n\t\t\t\t\t<\/div><!-- \/.qe-testimonial-meta -->\n\n\t\t\t\t\t<blockquote class=\"qe-testimonial-text\">\n\t\t\t\t\t\t<p style=\"text-align: left;\">Tive o privil\u00e9gio de trabalhar com as pessoas que est\u00e3o \u00e0 frente da Gold Roof.<\/p>\n<p style=\"text-align: left;\">Conhe\u00e7o-os como seres humanos e como profissionais, s\u00e3o extraordin\u00e1rios.<\/p>\n<p style=\"text-align: left;\">S\u00e3o pessoas com car\u00e1cter, com valores, honestas, com experi\u00eancia no ramo de anos&#8230;e muito, mas muito profissionais.<\/p>\n<p style=\"text-align: left;\">Sei do que falo, por isso recomendo com toda a certeza.<\/p>\n\t\t\t\t\t<\/blockquote><!-- \/.qe-testimonial-text -->\n\n\t\t\t\t<\/div><!-- \/.qe-testimonial-wrapper -->\n\t\t\t\t\n","protected":false},"excerpt":{"rendered":"","protected":false},"author":1,"featured_media":0,"parent":0,"menu_order":0,"comment_status":"closed","ping_status":"closed","template":"","meta":{"content-type":"","om_disable_all_campaigns":false,"slim_seo":{"title":"Elogiado por Sofia Guimar\u00e3es - Gold Roof","description":"Tive o privil\u00e9gio de trabalhar com as pessoas que est\u00e3o \u00e0 frente da Gold Roof. Conhe\u00e7o-os como seres humanos e como profissionais, s\u00e3o extraordin\u00e1rios. S\u00e3o pess"},"footnotes":""},"class_list":["post-6153","page","type-page","status-publish","hentry"],"aioseo_notices":[],"_links":{"self":[{"href":"https:\/\/goldroof.pt\/fr\/wp-json\/wp\/v2\/pages\/6153","targetHints":{"allow":["GET"]}}],"collection":[{"href":"https:\/\/goldroof.pt\/fr\/wp-json\/wp\/v2\/pages"}],"about":[{"href":"https:\/\/goldroof.pt\/fr\/wp-json\/wp\/v2\/types\/page"}],"author":[{"embeddable":true,"href":"https:\/\/goldroof.pt\/fr\/wp-json\/wp\/v2\/users\/1"}],"replies":[{"embeddable":true,"href":"https:\/\/goldroof.pt\/fr\/wp-json\/wp\/v2\/comments?post=6153"}],"version-history":[{"count":0,"href":"https:\/\/goldroof.pt\/fr\/wp-json\/wp\/v2\/pages\/6153\/revisions"}],"wp:attachment":[{"href":"https:\/\/goldroof.pt\/fr\/wp-json\/wp\/v2\/media?parent=6153"}],"curies":[{"name":"wp","href":"https:\/\/api.w.org\/{rel}","templated":true}]}}