{"id":6151,"date":"2020-04-21T05:32:23","date_gmt":"2020-04-21T04:32:23","guid":{"rendered":"https:\/\/goldroof.pt\/termos-e-condicoes\/"},"modified":"2020-04-21T05:32:24","modified_gmt":"2020-04-21T04:32:24","slug":"termos-e-condicoes","status":"publish","type":"page","link":"https:\/\/goldroof.pt\/fr\/termos-e-condicoes\/","title":{"rendered":"Termos e Condi\u00e7\u00f5es"},"content":{"rendered":"\t\t<div data-elementor-type=\"wp-page\" data-elementor-id=\"6151\" class=\"elementor elementor-6151 elementor-5289\">\n\t\t\t\t\t\t<section class=\"elementor-section elementor-top-section elementor-element elementor-element-afe30eb elementor-section-boxed elementor-section-height-default elementor-section-height-default\" data-id=\"afe30eb\" data-element_type=\"section\" data-e-type=\"section\">\n\t\t\t\t\t\t<div class=\"elementor-container elementor-column-gap-default\">\n\t\t\t\t\t<div class=\"elementor-column elementor-col-100 elementor-top-column elementor-element elementor-element-5aa7a9b\" data-id=\"5aa7a9b\" data-element_type=\"column\" data-e-type=\"column\">\n\t\t\t<div class=\"elementor-widget-wrap elementor-element-populated\">\n\t\t\t\t\t\t<div class=\"elementor-element elementor-element-5abf135 elementor-widget elementor-widget-text-editor\" data-id=\"5abf135\" data-element_type=\"widget\" data-e-type=\"widget\" data-widget_type=\"text-editor.default\">\n\t\t\t\t<div class=\"elementor-widget-container\">\n\t\t\t\t\t\t\t\t\t<p>TERMOS E CONDI\u00c7\u00d5ES<\/p>\n<p>Gold Roof \u2013 Real Estate &amp; Finance, Lda., com sede na Rua das Motas, n\u00ba 27, 2\u00ba Andar, Sala 4, 4150-521 Porto, NIF 515819280, licen\u00e7a AMI n\u00ba 18196, \u00e9 a \u00fanica propriet\u00e1ria do presente website e de toda a informa\u00e7\u00e3o nele contida. A utiliza\u00e7\u00e3o do website <span style=\"color: #0563c1;\"><u><a href=\"http:\/\/goldroof.pt\/\">www.goldroof.pt<\/a><\/u><\/span> fica desde j\u00e1 condicionada aos termos e condi\u00e7\u00f5es gerais a serem enumerados no presente documento. A aceita\u00e7\u00e3o e conhecimento dos termos e condi\u00e7\u00f5es gerais \u00e9 indispens\u00e1vel \u00e0 utiliza\u00e7\u00e3o dos servi\u00e7os e informa\u00e7\u00f5es apresentados no referido website, sendo da responsabilidade do utilizador proceder \u00e1 consulta destes termos e condi\u00e7\u00f5es, e tomar voluntariamente conhecimento dos mesmos. Caso o utilizador n\u00e3o concorde com os termos e condi\u00e7\u00f5es, dever\u00e1 cessar a utiliza\u00e7\u00e3o ao website <span style=\"color: #0563c1;\"><u><a href=\"http:\/\/goldroof.pt\/\">www.goldroof.pt<\/a><\/u><\/span>. O website <span style=\"color: #0563c1;\"><u><a href=\"http:\/\/goldroof.pt\/\">www.goldroof.pt<\/a><\/u><\/span> \u00e9 uma plataforma online. O objetivo \u00e9 informar, divulgar e distribuir informa\u00e7\u00e3o sobre:<\/p>\n<p>im\u00f3veis dispon\u00edveis para venda, arrendamento, permuta ou trespasse, ou outros<\/p>\n<p>Informa\u00e7\u00e3o ligada com o mercado imobili\u00e1rio<\/p>\n<p>Informa\u00e7\u00e3o ligada com diversos mercados n\u00e3o especificados que o propriet\u00e1rio do website pretenda divulgar<\/p>\n<p>A Gold Roof \u2013 Real Estate &amp; Finance, Lda. reserva-se o direito de a qualquer momento, sem necessidade de aviso pr\u00e9vio e com efeitos imediatos, alterar, adicionar, atualizar, eliminar, parcial ou totalmente, os presentes Termos e Condi\u00e7\u00f5es de Utiliza\u00e7\u00e3o assim como o conte\u00fado em divulga\u00e7\u00e3o no website <span style=\"color: #0563c1;\"><u><a href=\"http:\/\/goldroof.pt\/\">www.goldroof.pt<\/a><\/u><\/span> . Garantimos a seguran\u00e7a, legalidade, veracidade e exatid\u00e3o das informa\u00e7\u00f5es dos im\u00f3veis e ofertas publicadas, sendo da responsabilidade \u00fanica da Gold Roof \u2013 Real Estate &amp; Finance, Lda o publicado no website. O utilizador deve consultar periodicamente a p\u00e1gina destes Termos e Condi\u00e7\u00f5es de Utiliza\u00e7\u00e3o para confirmar altera\u00e7\u00f5es ou atualiza\u00e7\u00f5es efetuadas.<\/p>\n<p><b>Utiliza\u00e7\u00e3o do Website<\/b><\/p>\n<p>Os Utilizadores que visitam o Website <span style=\"color: #0563c1;\"><u><a href=\"http:\/\/goldroof.pt\/\">www.goldroof.pt<\/a><\/u><\/span> podem aceder a todo o conte\u00fado colocado como acess\u00edvel no mesmo, sem necessidade de registar dados ou informa\u00e7\u00f5es pessoais. No entanto, o Website <span style=\"color: #0563c1;\"><u><a href=\"http:\/\/goldroof.pt\/\">www.goldroof.pt<\/a><\/u><\/span> coloca dispon\u00edvel a possibilidade de o utilizador efetuar registo pessoal, sendo indicada para o efeito uma password que o utilizador poder\u00e1 alterar a qualquer momento. O acesso \u00e1 \u00e1rea privada poder\u00e1 exigir o preenchimento de formul\u00e1rio pr\u00f3prio. A ades\u00e3o \u00e1 \u00e1rea privada do utilizador ser\u00e1 sempre condicionada \u00e1 aceita\u00e7\u00e3o pela parte da Gold Roof \u2013 Real Estte &amp; Finance, Lda. A \u00e1rea privada do utilizador disponibilizara conte\u00fados de acordo com os interesses do utilizador e da Gold Roof \u2013 Real Estate &amp; Finance, Lda.. Toda a informa\u00e7\u00e3o disponibilizada na \u00e1rea privada do utilizador \u00e9 propriedade da Gold Roof \u2013 Real Estate &amp; Finance, Lda. A informa\u00e7\u00e3o disponibilizada pelo utilizador ser\u00e1 utilizada para, de acordo com as suas prefer\u00eancias, efetuar o envio de informa\u00e7\u00e3o de mercado e outras que a Gold roof \u2013 Real Estate &amp; Finance possa decidir enviar. Toda a informa\u00e7\u00e3o que possa ser de \u00e2mbito pessoal do utilizador, est\u00e1 protegida pela legisla\u00e7\u00e3o relativa ao Regulamento Geral de Prote\u00e7\u00e3o de Dados, legisla\u00e7\u00e3o cumprida pela Gold Roof \u2013 Real Estate &amp; Finance, Lda.<\/p>\n<p>Os utilizadores do website <span style=\"color: #0563c1;\"><u><a href=\"http:\/\/goldroof.pt\/\">www.goldroof.pt<\/a><\/u><\/span> devem respeitar regras de boa conduta. Os utilizadores n\u00e3o podem utilizar a informa\u00e7\u00e3o dispon\u00edvel em qualquer \u00e1rea do Website, nomeadamente para os seguintes efeitos e\/ou causas:<\/p>\n<ul>\n<li>Por qualquer raz\u00e3o ou finalidade que seja ilegal, difamat\u00f3ria, ofensiva, prejudicial, abusiva, invasiva da privacidade de outrem ou censur\u00e1vel;<\/li>\n<li>De forma que possa prejudicar ou interromper o Website ou qualquer um dos nossos servi\u00e7os, ou a utiliza\u00e7\u00e3o pac\u00edfica por parte de outros utilizadores;<\/li>\n<li>Para transmitir v\u00edrus ou outra codifica\u00e7\u00e3o maliciosa que possam danificar ou perturbar equipamento ou sistema inform\u00e1tico (hardware ou software) ou equipamento de telecomunica\u00e7\u00f5es;<\/li>\n<li>De forma que possa ofender outrem ou prejudicar a Gold Roof \u2013 Real Estate &amp; Finance, Lda., nomeadamente, efetuar o envio ou disponibilizar qualquer conte\u00fado ilegal, falso, enganoso, amea\u00e7ador, maldoso, abusivo, difamat\u00f3rio, injurioso, invasivo da privacidade, prejudicial ou ainda qualquer outro que possa afetar a integridade, responsabilidade e a atividade da Gold Roof \u2013 Real Estate &amp; Finance, Lda.;<\/li>\n<li>Para promover qualquer tipo de atividade comercial, ou enviar ou disponibilizar informa\u00e7\u00e3o ou conte\u00fados que pertencem a terceiros e que n\u00e3o tem o direito de utilizar, como, por exemplo, conte\u00fados protegidos por direitos de autor de terceiros ou conte\u00fados que contenham dados pessoais de terceiros.<\/li>\n<\/ul>\n<p>O Utilizador tem o dever de utilizar o Website <span style=\"color: #0563c1;\"><u><a href=\"http:\/\/goldroof.pt\/\">www.goldroof.pt<\/a><\/u><\/span> de forma respons\u00e1vel, prudente e cuidadosa, n\u00e3o devendo perturbar ou danificar a integridade do mesmo.<\/p>\n<p>A Gold Roof \u2013 Real Estate &amp; Finance, Lda. n\u00e3o \u00e9 em nenhuma forma respons\u00e1vel por quaisquer danos diretos, indiretos e\/ou negligentes decorrente da informa\u00e7\u00e3o de artigos de opini\u00e3o e\/ou informa\u00e7\u00e3o que possam estar dispon\u00edveis no Website, do uso da informa\u00e7\u00e3o contida no mesmo ou do pr\u00f3prio Website bem como da conduta prejudicial ou perturbadora do Utilizador.<\/p>\n<p><b>Informa\u00e7\u00f5es e conte\u00fados contidos no website<\/b><\/p>\n<p>Os conte\u00fados e informa\u00e7\u00f5es publicados no website <span style=\"color: #0563c1;\"><u><a href=\"http:\/\/goldroof.pt\/\">www.goldroof.pt<\/a><\/u><\/span> s\u00e3o da responsabilidade da Gold Roof \u2013 Real Estate &amp; Finance, Lda.. Zelamos pela veracidade e transpar\u00eancia dos mesmos. No entanto, a informa\u00e7\u00e3o disponibilizada poder\u00e1 n\u00e3o estar correta ou completamente atualizada. Neste sentido, n\u00e3o nos responsabilizamos por quaisquer a\u00e7\u00f5es tomadas como resultado de\/ou com base em qualquer das informa\u00e7\u00f5es contidas ou fornecidas por este Website. Poder\u00e1 propor as suas sugest\u00f5es ou errata, atrav\u00e9s do email <span style=\"color: #0563c1;\"><u><a href=\"mailto:geral@goldroof.pt\">geral@goldroof.pt<\/a><\/u><\/span>.<\/p>\n<p>A Gold Roof \u2013 Real Estate &amp; Finance, Lda, reserva-se o direito de mover, alterar, excluir o Website, ou conte\u00fado do mesmo (incluindo o conte\u00fado de utilizadores registados), a qualquer momento e por qualquer motivo. Aconselhamos o utilizador a manter uma c\u00f3pia de seguran\u00e7a de qualquer conte\u00fado que envie para o Website. O utilizador pode a qualquer momento optar por excluir, alterar ou retificar o conte\u00fado disponibilizado.<\/p>\n<p><b>Registo de dados<\/b><\/p>\n<p>\u00c9 permitido o registo de dados a todos os utilizadores com interesse em efetuar o mesmo.<\/p>\n<p>O registo ou preenchimento de formul\u00e1rios s\u00e3o gratuitos.<\/p>\n<p>Para obter informa\u00e7\u00e3o sobre os im\u00f3veis dispon\u00edveis para comercializa\u00e7\u00e3o, ou outra informa\u00e7\u00e3o, o utilizador deve preencher o formul\u00e1rio de pedido de informa\u00e7\u00e3o ou contactar para os n\u00fameros de telefone\/telem\u00f3vel disponibilizados. Durante este procedimento ser\u00e3o recolhidas informa\u00e7\u00f5es do utilizador. Os dados pessoais de cada utilizador ser\u00e3o mantidos at\u00e9 que este d\u00ea ordem de elimina\u00e7\u00e3o dos mesmos, com o objetivo de melhorar os servi\u00e7os oferecidos. O utilizador tem o direito de solicitar a elimina\u00e7\u00e3o dos dados, retifica\u00e7\u00e3o, atualiza\u00e7\u00e3o. Este pedido deve ser efetuado atrav\u00e9s do email <span style=\"color: #0563c1;\"><u><a href=\"mailto:geral@goldroof.pt\">geral@goldroof.pt<\/a><\/u><\/span>.<\/p>\n<p>\u00c9 do interesse do utilizador consultar a nossa pol\u00edtica de privacidade e prote\u00e7\u00e3o de dados pessoais, disponibilizada no Website.<\/p>\n<p><b>Utiliza\u00e7\u00e3o de Hyperlinks<\/b><\/p>\n<p>O conte\u00fado do website pode incluir hiperliga\u00e7\u00f5es para outros websites que n\u00e3o s\u00e3o operados pela Gold Roof \u2013 Real Estate &amp; Finance, Lda.. A Gold Roof \u2013 Real Estate &amp; Finance,Lda. n\u00e3o \u00e9 respons\u00e1vel pelo conte\u00fado de qualquer outro website, incluindo aqueles que de alguma forma deem acesso a <span style=\"color: #0563c1;\"><u><a href=\"http:\/\/goldroof.pt\/\">www.goldroof.pt<\/a><\/u><\/span> ou cujo acesso tenha sido conseguido atrav\u00e9s do nosso website.<\/p>\n<p>A Gold Roof \u2013 Real Estate &amp; Finance, Lda. n\u00e3o \u00e9 respons\u00e1vel por quaisquer websites vinculados, pelos seus produtos, servi\u00e7os ou informa\u00e7\u00e3o que a\u00ed possam ser disponibilizados. Os conte\u00fados nos websites vinculados podem mudar ao longo do tempo, sendo da inteira responsabilidade dos mesmos. O utilizador deve sempre verificar os termos e pol\u00edticas dos websites que visita.<\/p>\n<p><b>A Nossa Responsabilidade e Contactos<\/b><\/p>\n<p>A Gold Roof \u2013 Real Estate &amp; Finance, Lda. n\u00e3o \u00e9 respons\u00e1vel, por perdas de qualquer g\u00e9nero, danos diretos, indiretos ou espec\u00edficos ou quaisquer outras consequ\u00eancias provenientes do acesso e utiliza\u00e7\u00e3o do website.<\/p>\n<p>Ao aceder \u00e0s nossas \u00e1reas de contacto, o utilizador aceita desde j\u00e1 que a informa\u00e7\u00e3o que nos disponibiliza, atrav\u00e9s desse contacto, passar\u00e1 a ser detida e gerida pela Gold Roof \u2013 Real Estate &amp; Finance, Lda., que a poder\u00e1 utilizar nos termos que entender mais adequados, n\u00e3o havendo lugar, em situa\u00e7\u00e3o alguma, a qualquer direito ou pagamento a favor do utilizador por essa utiliza\u00e7\u00e3o. A Gold Roof \u2013 Real Estate &amp; Finance, Lda. compromete-se desde j\u00e1 a n\u00e3o partilhar a informa\u00e7\u00e3o do utilizador com entidades terceiras, a n\u00e3o ser que tenha permiss\u00e3o do utilizador para o fazer, ou por for\u00e7a maior de exig\u00eancia legal.<\/p>\n<p>At\u00e9 ao limite m\u00e1ximo permitido por lei, todas as garantias, expl\u00edcitas ou impl\u00edcitas, encargos ou avais, representa\u00e7\u00f5es e outros termos e condi\u00e7\u00f5es de qualquer tipo relacionada com este website ou mat\u00e9ria n\u00e3o contida nestes Termos e Condi\u00e7\u00f5es est\u00e3o expressamente exclu\u00eddas.<\/p>\n<p>Nada nestes Termos de Utiliza\u00e7\u00e3o exclui, restringe ou modifica qualquer direito ou recurso, ou quaisquer garantias, ou outro termo ou condi\u00e7\u00e3o, impl\u00edcita ou impostas por qualquer legisla\u00e7\u00e3o que n\u00e3o possam ser legalmente exclu\u00eddas ou limitadas. Isso pode incluir a legisla\u00e7\u00e3o referente aos direitos do Consumidor, em territ\u00f3rio Portugu\u00eas, que cont\u00e9m garantias que protegem os Consumidores de bens e servi\u00e7os em determinadas circunst\u00e2ncias.<\/p>\n<p>Apesar de desenvolvermos as correspondentes a\u00e7\u00f5es para manter este Website livre de v\u00edrus inform\u00e1ticos ou outra codifica\u00e7\u00e3o danosa, n\u00e3o podemos garantir que assim seja. O utilizador dever\u00e1 sempre utilizar um software de seguran\u00e7a pr\u00f3prio, atualizado a todo o tempo, para proteger o seu computador de softwares maliciosos, v\u00edrus ou outros que possam causar danos.<\/p>\n<p><a name=\"_Hlk33204605\"><\/a> Apesar de desenvolvermos todos os esfor\u00e7os para manter este Website dispon\u00edvel, n\u00e3o garantimos que o mesmo esteja acess\u00edvel ou dispon\u00edvel sempre que o utilizador acede ao mesmo.<\/p>\n\t\t\t\t\t\t\t\t<\/div>\n\t\t\t\t<\/div>\n\t\t\t\t\t<\/div>\n\t\t<\/div>\n\t\t\t\t\t<\/div>\n\t\t<\/section>\n\t\t\t\t<\/div>\n\t\t","protected":false},"excerpt":{"rendered":"<p>TERMOS E CONDI\u00c7\u00d5ES Gold Roof \u2013 Real Estate &amp; Finance, Lda., com sede na Rua das Motas, n\u00ba 27, 2\u00ba Andar, Sala 4, 4150-521 Porto, NIF 515819280, licen\u00e7a AMI n\u00ba 18196, \u00e9 a \u00fanica propriet\u00e1ria do presente website e de toda a informa\u00e7\u00e3o nele contida. A utiliza\u00e7\u00e3o do website www.goldroof.pt fica desde j\u00e1 condicionada aos&#8230;<\/p>\n","protected":false},"author":2,"featured_media":0,"parent":0,"menu_order":0,"comment_status":"closed","ping_status":"closed","template":"","meta":{"content-type":"","om_disable_all_campaigns":false,"slim_seo":{"title":"Termos e Condi\u00e7\u00f5es - Gold Roof","description":"TERMOS E CONDI\u00c7\u00d5ES Gold Roof \u2013 Real Estate &amp; Finance, Lda., com sede na Rua das Motas, n\u00ba 27, 2\u00ba Andar, Sala 4, 4150-521 Porto, NIF 515819280, licen\u00e7a AMI n"},"footnotes":""},"class_list":["post-6151","page","type-page","status-publish","hentry"],"aioseo_notices":[],"_links":{"self":[{"href":"https:\/\/goldroof.pt\/fr\/wp-json\/wp\/v2\/pages\/6151","targetHints":{"allow":["GET"]}}],"collection":[{"href":"https:\/\/goldroof.pt\/fr\/wp-json\/wp\/v2\/pages"}],"about":[{"href":"https:\/\/goldroof.pt\/fr\/wp-json\/wp\/v2\/types\/page"}],"author":[{"embeddable":true,"href":"https:\/\/goldroof.pt\/fr\/wp-json\/wp\/v2\/users\/2"}],"replies":[{"embeddable":true,"href":"https:\/\/goldroof.pt\/fr\/wp-json\/wp\/v2\/comments?post=6151"}],"version-history":[{"count":0,"href":"https:\/\/goldroof.pt\/fr\/wp-json\/wp\/v2\/pages\/6151\/revisions"}],"wp:attachment":[{"href":"https:\/\/goldroof.pt\/fr\/wp-json\/wp\/v2\/media?parent=6151"}],"curies":[{"name":"wp","href":"https:\/\/api.w.org\/{rel}","templated":true}]}}