{"id":6149,"date":"2020-04-21T05:30:34","date_gmt":"2020-04-21T04:30:34","guid":{"rendered":"https:\/\/goldroof.pt\/termes-et-conditions\/"},"modified":"2020-04-21T05:30:35","modified_gmt":"2020-04-21T04:30:35","slug":"termes-et-conditions","status":"publish","type":"page","link":"https:\/\/goldroof.pt\/fr\/termes-et-conditions\/","title":{"rendered":"Termes et conditions"},"content":{"rendered":"\t\t<div data-elementor-type=\"wp-page\" data-elementor-id=\"6149\" class=\"elementor elementor-6149 elementor-5289\">\n\t\t\t\t\t\t<section class=\"elementor-section elementor-top-section elementor-element elementor-element-afe30eb elementor-section-boxed elementor-section-height-default elementor-section-height-default\" data-id=\"afe30eb\" data-element_type=\"section\" data-e-type=\"section\">\n\t\t\t\t\t\t<div class=\"elementor-container elementor-column-gap-default\">\n\t\t\t\t\t<div class=\"elementor-column elementor-col-100 elementor-top-column elementor-element elementor-element-5aa7a9b\" data-id=\"5aa7a9b\" data-element_type=\"column\" data-e-type=\"column\">\n\t\t\t<div class=\"elementor-widget-wrap elementor-element-populated\">\n\t\t\t\t\t\t<div class=\"elementor-element elementor-element-5abf135 elementor-widget elementor-widget-text-editor\" data-id=\"5abf135\" data-element_type=\"widget\" data-e-type=\"widget\" data-widget_type=\"text-editor.default\">\n\t\t\t\t<div class=\"elementor-widget-container\">\n\t\t\t\t\t\t\t\t\t<p><a name=\"_GoBack\"><\/a> <span lang=\"fr-FR\">Conditions g\u00e9n\u00e9rales d\u2019utilisation<br \/>\nGold Roof \u2013 Real Estate &amp; Finance, Lda., avec son adresse fiscale a Rua das Motos, n\u00ba 27, 2\u00ba andar, Sala 4, 4150-521 Porto, NIF 515819280, licence immobili\u00e8re AMI n\u00ba 18196, est la seule propri\u00e9taire de ce site et de toutes les informations qu\u2019il contient.\u00a0L\u2019utilisation du site <\/span><span style=\"color: #0563c1;\"><u><a href=\"http:\/\/goldroof.pt\/\"><span lang=\"fr-FR\">www.goldroof.pt<\/span><\/a><\/u><\/span><span lang=\"fr-FR\"> est soumise aux conditions g\u00e9n\u00e9rales \u00e9num\u00e9r\u00e9es dans le pr\u00e9sent document.\u00a0L\u2019acceptation et la connaissance des termes et conditions g\u00e9n\u00e9raux est indispensable \u00e0 l\u2019utilisation des services et informations pr\u00e9sent\u00e9s sur ce site, il est de la responsabilit\u00e9 de l\u2019utilisateur de consulter ces termes et conditions et d\u2019en prendre volontairement connaissance.\u00a0Si vous n\u2019acceptez pas les termes et conditions, vous devez cesser d\u2019utiliser le site <\/span><span style=\"color: #0563c1;\"><u><a href=\"http:\/\/goldroof.pt\/\"><span lang=\"fr-FR\">www.goldroof.pt<\/span><\/a><\/u><\/span><span lang=\"fr-FR\"> . Le site <\/span><span style=\"color: #0563c1;\"><u><a href=\"http:\/\/goldroof.pt\/\"><span lang=\"fr-FR\">www.goldroof.pt<\/span><\/a><\/u><\/span><span lang=\"fr-FR\"> est une plateforme on-line.\u00a0L\u2019objectif est d\u2019informer et diffuser des informations sur :<br \/>\nPropri\u00e9t\u00e9s disponibles pour vente, \u00e0 la location, \u00e0 l\u2019\u00e9change ou au fonds de commerce, ou autres.<br \/>\nInformation li\u00e9e au march\u00e9 immobilier.<br \/>\nInformations li\u00e9es \u00e0 plusieurs march\u00e9s non sp\u00e9cifi\u00e9s que le propri\u00e9taire du site Web \u00e0 l\u2019intention de diffuser<\/span><\/p>\n<p><span lang=\"fr-FR\">Gold Roof \u2013 Real Estate &amp; Finance, Lda. se r\u00e9serve \u00e0 tout moment le droit, sans pr\u00e9avis et avec effet imm\u00e9diat, de modifier, d\u2019ajouter, de mettre \u00e0 jour, de supprimer, partiellement ou totalement, les pr\u00e9sentes conditions d\u2019utilisation ainsi que le contenu diffus\u00e9 sur le site <\/span><span style=\"color: #0563c1;\"><u><a href=\"http:\/\/goldroof.pt\/\"><span lang=\"fr-FR\">www.goldroof.pt<\/span><\/a><\/u><\/span><span lang=\"fr-FR\"> . Nous garantissons la s\u00e9curit\u00e9, la l\u00e9galit\u00e9, la v\u00e9racit\u00e9 et l\u2019exactitude des informations immobili\u00e8res et des offres publi\u00e9es. La responsabilit\u00e9 des publications sur le site et uniquement de Gold Roof \u2013 Real Estate &amp; Finance, Lda.\u00a0Vous devez consulter r\u00e9guli\u00e8rement la page pr\u00e9sent page de Conditions d\u2019utilisation pour confirmer les modifications ou mises \u00e0 jour effectu\u00e9es.<\/span><\/p>\n<p><span lang=\"fr-FR\">Utilisation du site web<br \/>\nLes utilisateurs qui visitent le site Web <\/span><span style=\"color: #0563c1;\"><u><a href=\"http:\/\/goldroof.pt\/\"><span lang=\"fr-FR\">www.goldroof.pt<\/span><\/a><\/u><\/span><span lang=\"fr-FR\"> peuvent acc\u00e9der \u00e0 tout le contenu plac\u00e9 comme accessible sur le site, sans devoir de s\u2019enregistrer ou donn\u00e9es d\u2019informations personnelles.\u00a0Cependant, le site <\/span><span style=\"color: #0563c1;\"><u><a href=\"http:\/\/goldroof.pt\/\"><span lang=\"fr-FR\">www.goldroof.pt<\/span><\/a><\/u><\/span><span lang=\"fr-FR\"> permet \u00e0 l\u2019utilisateur de s\u2019enregistrer personnellement \u00e9tant indiqu\u00e9e \u00e0 cet effet un mot de passe que l\u2019utilisateur peut changer \u00e0 tout moment.\u00a0L\u2019acc\u00e8s \u00e0 la zone priv\u00e9e peut n\u00e9cessiter l\u2019\u00e9tablissement d\u2019un formulaire sp\u00e9cifique.\u00a0L\u2019adh\u00e9sion \u00e0 la zone priv\u00e9e de l\u2019utilisateur sera toujours conditionn\u00e9e \u00e0 l\u2019acceptation par Gold Roof \u2013 Real Estte &amp; Finance, Lda.\u00a0La zone priv\u00e9e de l\u2019utilisateur fourni un contenu ajust\u00e9e aux int\u00e9r\u00eats de l\u2019utilisateur et de Gold Roof \u2013 Real Estate &amp; Finance, Lda.. Toutes les informations fournies dans la zone priv\u00e9e de l\u2019utilisateur sont propri\u00e9t\u00e9 de Gold Roof \u2013 Real Estate &amp; Finance, Lda.\u00a0Les informations fournies par l\u2019utilisateur seront utilis\u00e9es pour, selon votre pr\u00e9f\u00e9rence, envoyer des informations de march\u00e9 et d\u2019autres informations que Gold roof \u2013 Real Estate &amp; Finance peut d\u00e9cider d\u2019envoyer.\u00a0Toutes les informations susceptibles d\u2019\u00eatre personnelles sont prot\u00e9g\u00e9es par la l\u00e9gislation relative au R\u00e8glement g\u00e9n\u00e9ral sur la protection des donn\u00e9es, qui est conforme \u00e0 la Gold Roof \u2013 Real Estate &amp; Finance, Lda.<\/span><\/p>\n<p><span lang=\"fr-FR\">Les utilisateurs du site <\/span><span style=\"color: #0563c1;\"><u><a href=\"http:\/\/goldroof.pt\/\"><span lang=\"fr-FR\">www.goldroof.pt<\/span><\/a><\/u><\/span><span lang=\"fr-FR\"> doivent respecter des r\u00e8gles de bonne conduite.\u00a0Les utilisateurs ne peuvent pas utiliser les informations disponibles dans aucun domaine d\u2019un site web, notamment pour les effets et\/ou causes suivants:<\/p>\n<p>\u2022 pour toute raison ou finalit\u00e9 ill\u00e9gale, diffamatoire, offensante, pr\u00e9judiciable, abusive, intrusive dans la vie priv\u00e9e d\u2019autrui ou critiquable;<br \/>\n\u2022 d\u2019une mani\u00e8re qui pourrait nuire ou interrompre le fonctionnement du site ou d\u2019un de nos services, ou l\u2019utilisation pacifique par d\u2019autres utilisateurs;<br \/>\n\u2022 pour la transmission de virus ou d\u2019autres codes malveillants susceptibles d\u2019endommager ou de perturber des \u00e9quipements ou des syst\u00e8mes informatiques (software ou hardware) ou des \u00e9quipements de t\u00e9l\u00e9communications;<br \/>\n\u2022 D\u2019une mani\u00e8re qui pourrait offenser ou nuire \u00e0 Gold Roof \u2013 Real Estate &amp; Finance, Lda., notamment, effectuer l\u2019envoi ou rendre accessible tout contenu ill\u00e9gal, faux, trompeur, mena\u00e7ant, malveillant, abusif, diffamatoire, injurieux, invasif de la vie priv\u00e9e, dommageable ou tout autre qui pourrait affecter l\u2019int\u00e9grit\u00e9, la responsabilit\u00e9 et l\u2019activit\u00e9 de Gold Roof \u2013 Real Estate &amp; Finance, Lda. ;<br \/>\n\u2022 pour promouvoir tout type d\u2019activit\u00e9 commerciale, ou pour envoyer ou mettre \u00e0 disposition des informations ou contenus appartenant \u00e0 des tiers et n\u2019ayant pas le droit d\u2019utiliser, tels que les contenus prot\u00e9g\u00e9s par le droit d\u2019auteur de tiers ou les contenus contenant des donn\u00e9es \u00e0 caract\u00e8re personnel de tiers.<\/p>\n<p>L\u2019Utilisateur a le devoir d\u2019utiliser le site <\/span><span style=\"color: #0563c1;\"><u><a href=\"http:\/\/goldroof.pt\/\"><span lang=\"fr-FR\">www.goldroof.pt<\/span><\/a><\/u><\/span><span lang=\"fr-FR\"> de mani\u00e8re responsable, prudente et de ne pas perturber ou endommager l\u2019int\u00e9grit\u00e9 du site.<br \/>\nGold Roof \u2013 Real Estate &amp; Finance, Lda. n\u2019est en aucun cas responsable des dommages directs, indirects et\/ou n\u00e9gligents r\u00e9sultant des informations contenues dans les articles d\u2019opinion et\/ou des informations disponibles sur le site, de l\u2019utilisation des informations contenues dans le site lui-m\u00eame ou de le comportement nuisible ou perturbateur de l\u2019utilisateur.<\/span><\/p>\n<p><span lang=\"fr-FR\">Informations et contenus pr\u00e9sents dans le site<br \/>\nLes contenus et informations publi\u00e9s sur le site <\/span><span style=\"color: #0563c1;\"><u><a href=\"http:\/\/goldroof.pt\/\"><span lang=\"fr-FR\">www.goldroof.pt<\/span><\/a><\/u><\/span><span lang=\"fr-FR\"> sont sous la responsabilit\u00e9 de Gold Roof \u2013 Real Estate &amp; Finance, Lda.\u00a0Nous veillons \u00e0 leur v\u00e9racit\u00e9 et \u00e0 leur transparence.\u00a0Toutefois, les informations fournies peuvent n\u2019\u00eatre pas exactes ou compl\u00e8tement \u00e0 jour.\u00a0\u00c0 cet \u00e9gard, nous ne sommes pas responsables des mesures prises \u00e0 la suite de\/ou sur la base d\u2019une quelconque des informations contenues ou fournies par ce site.\u00a0Vous pouvez proposer vos suggestions en utilisant l\u2019email <\/span><span style=\"color: #0563c1;\"><u><a href=\"mailto:geral@goldroof.pt\"><span lang=\"fr-FR\">geral@goldroof.pt<\/span><\/a><\/u><\/span><span lang=\"fr-FR\"> .<br \/>\nGold Roof \u2013 Real Estate &amp; Finance, Lda, se r\u00e9serve le droit de d\u00e9placer, modifier, supprimer le site Web, ou son contenu (compris le contenu des utilisateurs enregistr\u00e9s) \u00e0 tout moment et pour quelque raison que ce soit.\u00a0Nous conseillons l\u2019utilisateur de conserver une copie de sauvegarde de tout contenu qu\u2019envoyez sur le site web.\u00a0Les utilisateurs pouvez \u00e0 tout moment choisir d\u2019exclure, de modifier ou de rectifier leur contenu.<\/span><\/p>\n<p><span lang=\"fr-FR\">Enregistrement des informations<br \/>\nTous les utilisateurs qui ayant un int\u00e9r\u00eat \u00e0 enregistrer des informations sont autoris\u00e9s \u00e0 le faire.<br \/>\nL\u2019enregistrement ou le remplissage des formulaires sont gratuits.<br \/>\nPour obtenir des informations sur les propri\u00e9t\u00e9s disponibles \u00e0 la vente ou d\u2019autres informations, l\u2019utilisateur devez remplir le formulaire de demande d\u2019information ou contacter pour les num\u00e9ros de t\u00e9l\u00e9phone\/t\u00e9l\u00e9phone mobile disponibles.\u00a0Afin d\u2019am\u00e9liorer les services offerts, au cours de cette proc\u00e9dure, des informations seront collect\u00e9es aupr\u00e8s de l\u2019utilisateur.\u00a0Les informations personnelles de chaque utilisateur sont conserv\u00e9es jusqu\u2019\u00e0 le moment que celui-ci donn\u00e9 l\u2019ordre de les supprimer.\u00a0L\u2019utilisateur a le droit de demander la suppression des informations, la rectification, la mise \u00e0 jour.\u00a0Cette demande doit \u00eatre effectu\u00e9e par l\u2019email <\/span><span style=\"color: #0563c1;\"><u><a href=\"mailto:geral@goldroof.pt\"><span lang=\"fr-FR\">geral@goldroof.pt<\/span><\/a><\/u><\/span><span lang=\"fr-FR\"> .<br \/>\nEst dans l\u2019int\u00e9r\u00eat de l\u2019utilisateur de consulter notre politique de confidentialit\u00e9 et de protection des informations personnelles, disponible sur le site.<\/span><\/p>\n<p><span lang=\"fr-FR\">Utilisation des hyperlinks<br \/>\nLe contenu du site peut inclure des liens vers d\u2019autres sites qui ne sont pas exploit\u00e9s par Gold Roof \u2013 Real Estate &amp; Finance, Lda.\u00a0Gold Roof \u2013 Real Estate &amp; Finance,Lda. n\u2019est pas responsable du contenu d\u2019un autre site, y compris ceux qui donnent acc\u00e8s \u00e0 <\/span><span style=\"color: #0563c1;\"><u><a href=\"http:\/\/goldroof.pt\/\"><span lang=\"fr-FR\">www.goldroof.pt<\/span><\/a><\/u><\/span><span lang=\"fr-FR\"> ou dont l\u2019acc\u00e8s a \u00e9t\u00e9 obtenu par notre site. Gold Roof \u2013 Real Estate &amp; Finance, Lda. n\u2019est pas responsable des sites li\u00e9s, de leurs produits, services ou informations qui peuvent \u00eatre mis \u00e0 la disposition de l\u2019utilisateur.\u00a0Le contenu des sites Web li\u00e9s peut changer au fil du temps et rel\u00e8ve de leur enti\u00e8re responsabilit\u00e9.\u00a0L\u2019utilisateur doit toujours v\u00e9rifier les termes et les politiques des sites Web qu\u2019il visite<\/span><\/p>\n<p><span lang=\"fr-FR\">Notre Responsabilit\u00e9 et Contacts<br \/>\nGold Roof \u2013 Real Estate &amp; Finance, Lda. n\u2019est pas responsable des pertes de toute nature, des dommages directs, indirects ou sp\u00e9cifiques ou de toute autre cons\u00e9quence r\u00e9sultant de l\u2019acc\u00e8s et de l\u2019utilisation du site web. En acc\u00e9dant \u00e0 nos zones pour contact, vous acceptez que les informations que vous nous communiquez par ces moyens seront d\u00e9tenues et g\u00e9r\u00e9es par Gold Roof \u2013 Real Estate &amp; Finance, Lda., qui pourra les utiliser dans les conditions qu\u2019il jugera appropri\u00e9es, il n\u2019y pas en aucun cas de droit ou de paiement en faveur de l\u2019utilisateur pour cette utilisation.\u00a0Gold Roof \u2013 Real Estate &amp; Finance, Lda. s\u2019engage \u00e0 ne partager pas les informations de l\u2019utilisateur avec des tiers, \u00e0 moins que l\u2019utilisateur donne sa permission pour le faire, ou pour une exigence juridique majeure.<br \/>\nDans le limite autoris\u00e9e par la loi, toutes les garanties explicites ou implicites, charges, repr\u00e9sentations et autres termes et conditions de tout type se rapportant \u00e0 ce site ou \u00e0 des mati\u00e8res qui ne sont pas contenues dans ces Conditions g\u00e9n\u00e9rales sont express\u00e9ment exclues.<\/span><\/p>\n<p><span lang=\"fr-FR\">Rien dans ces conditions d\u2019utilisation est exclu, ne restreint pas ou ne modifie aucun droit ou recours, ou aucune garantie, ou autre terme ou condition implicite ou impos\u00e9e par une l\u00e9gislation qui ne peut \u00eatre l\u00e9galement exclue ou limit\u00e9e.\u00a0Cela peut inclure la l\u00e9gislation sur les droits des consommateurs, sur le territoire Portugais, qui contient des garanties qui prot\u00e8gent les consommateurs de biens et de services dans certaines circonstances.<br \/>\nBien que nous ayons mis au point des mesures appropri\u00e9es pour maintenir ce site Web exempt de virus informatiques ou d\u2019autres codes pr\u00e9judiciables, nous ne pouvons pas le garantir.\u00a0L\u2019utilisateur doit toujours utiliser son propre syst\u00e8me de s\u00e9curit\u00e9, mis \u00e0 jour \u00e0 tout moment, pour prot\u00e9ger son ordinateur contre des malwares, les virus ou autres qui pourraient causer probl\u00e8mes.<br \/>\nNous fassions tous les efforts possibles pour garder ce site disponible, mais nous ne garantissons pas qu\u2019il soit accessible ou disponible chaque fois que l\u2019utilisateur acc\u00e9dez.<\/span><\/p>\n\t\t\t\t\t\t\t\t<\/div>\n\t\t\t\t<\/div>\n\t\t\t\t\t<\/div>\n\t\t<\/div>\n\t\t\t\t\t<\/div>\n\t\t<\/section>\n\t\t\t\t<\/div>\n\t\t","protected":false},"excerpt":{"rendered":"<p>Conditions g\u00e9n\u00e9rales d\u2019utilisation Gold Roof \u2013 Real Estate &amp; Finance, Lda., avec son adresse fiscale a Rua das Motos, n\u00ba 27, 2\u00ba andar, Sala 4, 4150-521 Porto, NIF 515819280, licence immobili\u00e8re AMI n\u00ba 18196, est la seule propri\u00e9taire de ce site et de toutes les informations qu\u2019il contient.\u00a0L\u2019utilisation du site www.goldroof.pt est soumise aux conditions&#8230;<\/p>\n","protected":false},"author":2,"featured_media":0,"parent":0,"menu_order":0,"comment_status":"closed","ping_status":"closed","template":"","meta":{"content-type":"","om_disable_all_campaigns":false,"slim_seo":{"title":"Termes et conditions - Gold Roof","description":"Conditions g\u00e9n\u00e9rales d\u2019utilisation Gold Roof \u2013 Real Estate &amp; Finance, Lda., avec son adresse fiscale a Rua das Motos, n\u00ba 27, 2\u00ba andar, Sala 4, 4150-521 Port"},"footnotes":""},"class_list":["post-6149","page","type-page","status-publish","hentry"],"aioseo_notices":[],"_links":{"self":[{"href":"https:\/\/goldroof.pt\/fr\/wp-json\/wp\/v2\/pages\/6149","targetHints":{"allow":["GET"]}}],"collection":[{"href":"https:\/\/goldroof.pt\/fr\/wp-json\/wp\/v2\/pages"}],"about":[{"href":"https:\/\/goldroof.pt\/fr\/wp-json\/wp\/v2\/types\/page"}],"author":[{"embeddable":true,"href":"https:\/\/goldroof.pt\/fr\/wp-json\/wp\/v2\/users\/2"}],"replies":[{"embeddable":true,"href":"https:\/\/goldroof.pt\/fr\/wp-json\/wp\/v2\/comments?post=6149"}],"version-history":[{"count":0,"href":"https:\/\/goldroof.pt\/fr\/wp-json\/wp\/v2\/pages\/6149\/revisions"}],"wp:attachment":[{"href":"https:\/\/goldroof.pt\/fr\/wp-json\/wp\/v2\/media?parent=6149"}],"curies":[{"name":"wp","href":"https:\/\/api.w.org\/{rel}","templated":true}]}}