{"id":6140,"date":"2020-04-21T05:25:18","date_gmt":"2020-04-21T04:25:18","guid":{"rendered":"https:\/\/goldroof.pt\/beneficios-fiscais\/"},"modified":"2020-05-17T23:19:16","modified_gmt":"2020-05-17T22:19:16","slug":"beneficios-fiscais","status":"publish","type":"page","link":"https:\/\/goldroof.pt\/fr\/beneficios-fiscais\/","title":{"rendered":"Benef\u00edcios fiscais"},"content":{"rendered":"\t\t<div data-elementor-type=\"wp-page\" data-elementor-id=\"6140\" class=\"elementor elementor-6140 elementor-5358\">\n\t\t\t\t\t\t<section class=\"elementor-section elementor-top-section elementor-element elementor-element-539e54e elementor-section-boxed elementor-section-height-default elementor-section-height-default\" data-id=\"539e54e\" data-element_type=\"section\" data-e-type=\"section\">\n\t\t\t\t\t\t<div class=\"elementor-container elementor-column-gap-default\">\n\t\t\t\t\t<div class=\"elementor-column elementor-col-100 elementor-top-column elementor-element elementor-element-3fc74bf\" data-id=\"3fc74bf\" data-element_type=\"column\" data-e-type=\"column\">\n\t\t\t<div class=\"elementor-widget-wrap elementor-element-populated\">\n\t\t\t\t\t\t<div class=\"elementor-element elementor-element-7a2cca2 elementor-widget elementor-widget-heading\" data-id=\"7a2cca2\" data-element_type=\"widget\" data-e-type=\"widget\" data-widget_type=\"heading.default\">\n\t\t\t\t<div class=\"elementor-widget-container\">\n\t\t\t\t\t<h2 class=\"elementor-heading-title elementor-size-default\">Regime fiscal para Residente N\u00e3o Habitual.<\/h2>\t\t\t\t<\/div>\n\t\t\t\t<\/div>\n\t\t\t\t\t<\/div>\n\t\t<\/div>\n\t\t\t\t\t<\/div>\n\t\t<\/section>\n\t\t\t\t<section class=\"elementor-section elementor-top-section elementor-element elementor-element-0d3e2bd elementor-section-boxed elementor-section-height-default elementor-section-height-default\" data-id=\"0d3e2bd\" data-element_type=\"section\" data-e-type=\"section\">\n\t\t\t\t\t\t<div class=\"elementor-container elementor-column-gap-default\">\n\t\t\t\t\t<div class=\"elementor-column elementor-col-100 elementor-top-column elementor-element elementor-element-177d386\" data-id=\"177d386\" data-element_type=\"column\" data-e-type=\"column\">\n\t\t\t<div class=\"elementor-widget-wrap elementor-element-populated\">\n\t\t\t\t\t\t<div class=\"elementor-element elementor-element-930c6e6 elementor-widget elementor-widget-text-editor\" data-id=\"930c6e6\" data-element_type=\"widget\" data-e-type=\"widget\" data-widget_type=\"text-editor.default\">\n\t\t\t\t<div class=\"elementor-widget-container\">\n\t\t\t\t\t\t\t\t\t<p>O departamento jur\u00eddico da Gold Roof \u2013 Real Estate &amp; Finance, encontra-se habilitado a acompanhar o seu processo de candidatura para que o mesmo possa ser conclu\u00eddo com sucesso e no mais breve espa\u00e7o de tempo poss\u00edvel.<\/p>\n\t\t\t\t\t\t\t\t<\/div>\n\t\t\t\t<\/div>\n\t\t\t\t\t<\/div>\n\t\t<\/div>\n\t\t\t\t\t<\/div>\n\t\t<\/section>\n\t\t\t\t<section class=\"elementor-section elementor-top-section elementor-element elementor-element-42ba460 elementor-section-boxed elementor-section-height-default elementor-section-height-default\" data-id=\"42ba460\" data-element_type=\"section\" data-e-type=\"section\">\n\t\t\t\t\t\t<div class=\"elementor-container elementor-column-gap-default\">\n\t\t\t\t\t<div class=\"elementor-column elementor-col-100 elementor-top-column elementor-element elementor-element-458b40f\" data-id=\"458b40f\" data-element_type=\"column\" data-e-type=\"column\">\n\t\t\t<div class=\"elementor-widget-wrap elementor-element-populated\">\n\t\t\t\t\t\t<div class=\"elementor-element elementor-element-c338c78 elementor-widget elementor-widget-heading\" data-id=\"c338c78\" data-element_type=\"widget\" data-e-type=\"widget\" data-widget_type=\"heading.default\">\n\t\t\t\t<div class=\"elementor-widget-container\">\n\t\t\t\t\t<h3 class=\"elementor-heading-title elementor-size-default\">Vantagens competitivas Residente N\u00e3o Habitual.<\/h3>\t\t\t\t<\/div>\n\t\t\t\t<\/div>\n\t\t\t\t\t<\/div>\n\t\t<\/div>\n\t\t\t\t\t<\/div>\n\t\t<\/section>\n\t\t\t\t<section class=\"elementor-section elementor-top-section elementor-element elementor-element-a84c885 elementor-section-boxed elementor-section-height-default elementor-section-height-default\" data-id=\"a84c885\" data-element_type=\"section\" data-e-type=\"section\">\n\t\t\t\t\t\t<div class=\"elementor-container elementor-column-gap-default\">\n\t\t\t\t\t<div class=\"elementor-column elementor-col-100 elementor-top-column elementor-element elementor-element-2de1348\" data-id=\"2de1348\" data-element_type=\"column\" data-e-type=\"column\">\n\t\t\t<div class=\"elementor-widget-wrap elementor-element-populated\">\n\t\t\t\t\t\t<div class=\"elementor-element elementor-element-26b6994 elementor-widget elementor-widget-text-editor\" data-id=\"26b6994\" data-element_type=\"widget\" data-e-type=\"widget\" data-widget_type=\"text-editor.default\">\n\t\t\t\t<div class=\"elementor-widget-container\">\n\t\t\t\t\t\t\t\t\t<ul>\n<li>Tributa\u00e7\u00e3o durante um per\u00edodo de 10 anos, a uma taxa fixa de IRS de 20% sobre os rendimentos de trabalho auferido em Portugal<\/li>\n<li>Inexist\u00eancia de dupla tributa\u00e7\u00e3o, no rendimento de pens\u00f5es e do trabalho dependente e independente auferido no estrangeiro<\/li>\n<\/ul>\n\t\t\t\t\t\t\t\t<\/div>\n\t\t\t\t<\/div>\n\t\t\t\t\t<\/div>\n\t\t<\/div>\n\t\t\t\t\t<\/div>\n\t\t<\/section>\n\t\t\t\t<section class=\"elementor-section elementor-top-section elementor-element elementor-element-46f8089 elementor-section-boxed elementor-section-height-default elementor-section-height-default\" data-id=\"46f8089\" data-element_type=\"section\" data-e-type=\"section\">\n\t\t\t\t\t\t<div class=\"elementor-container elementor-column-gap-default\">\n\t\t\t\t\t<div class=\"elementor-column elementor-col-100 elementor-top-column elementor-element elementor-element-b0785da\" data-id=\"b0785da\" data-element_type=\"column\" data-e-type=\"column\">\n\t\t\t<div class=\"elementor-widget-wrap elementor-element-populated\">\n\t\t\t\t\t\t<div class=\"elementor-element elementor-element-bc83ac9 elementor-widget elementor-widget-heading\" data-id=\"bc83ac9\" data-element_type=\"widget\" data-e-type=\"widget\" data-widget_type=\"heading.default\">\n\t\t\t\t<div class=\"elementor-widget-container\">\n\t\t\t\t\t<h3 class=\"elementor-heading-title elementor-size-default\">Como obter o Estatuto de Residente N\u00e3o Habitual.<\/h3>\t\t\t\t<\/div>\n\t\t\t\t<\/div>\n\t\t\t\t\t<\/div>\n\t\t<\/div>\n\t\t\t\t\t<\/div>\n\t\t<\/section>\n\t\t\t\t<section class=\"elementor-section elementor-top-section elementor-element elementor-element-e4bce5d elementor-section-boxed elementor-section-height-default elementor-section-height-default\" data-id=\"e4bce5d\" data-element_type=\"section\" data-e-type=\"section\">\n\t\t\t\t\t\t<div class=\"elementor-container elementor-column-gap-default\">\n\t\t\t\t\t<div class=\"elementor-column elementor-col-50 elementor-top-column elementor-element elementor-element-cc29712\" data-id=\"cc29712\" data-element_type=\"column\" data-e-type=\"column\">\n\t\t\t<div class=\"elementor-widget-wrap elementor-element-populated\">\n\t\t\t\t\t\t<div class=\"elementor-element elementor-element-9785a85 elementor-widget elementor-widget-text-editor\" data-id=\"9785a85\" data-element_type=\"widget\" data-e-type=\"widget\" data-widget_type=\"text-editor.default\">\n\t\t\t\t<div class=\"elementor-widget-container\">\n\t\t\t\t\t\t\t\t\t<ul>\n<li>N\u00e3o ter sido residente em Portugal nos \u00faltimos 5 anos<\/li>\n<li>Registar-se como residente fiscal em Portugal. Dever\u00e1 ter permanecido em Portugal mais de 183 dias, seguidos ou interpolados. Tendo permanecido por menos tempo disponha em 31 de Dezembro desse ano, de habita\u00e7\u00e3o com inten\u00e7\u00e3o de a manter e ocupar como resid\u00eancia habitual.<\/li>\n<\/ul>\n\t\t\t\t\t\t\t\t<\/div>\n\t\t\t\t<\/div>\n\t\t\t\t\t<\/div>\n\t\t<\/div>\n\t\t\t\t<div class=\"elementor-column elementor-col-50 elementor-top-column elementor-element elementor-element-29a2c80\" data-id=\"29a2c80\" data-element_type=\"column\" data-e-type=\"column\">\n\t\t\t<div class=\"elementor-widget-wrap elementor-element-populated\">\n\t\t\t\t\t\t<div class=\"elementor-element elementor-element-4a2af75 elementor-widget elementor-widget-image\" data-id=\"4a2af75\" data-element_type=\"widget\" data-e-type=\"widget\" data-widget_type=\"image.default\">\n\t\t\t\t<div class=\"elementor-widget-container\">\n\t\t\t\t\t\t\t\t\t\t\t\t\t\t\t<img fetchpriority=\"high\" decoding=\"async\" width=\"828\" height=\"828\" src=\"https:\/\/goldroof.pt\/wp-content\/uploads\/2020\/03\/tax-income.png\" class=\"attachment-large size-large wp-image-6142\" alt=\"Tax income\" srcset=\"https:\/\/goldroof.pt\/wp-content\/uploads\/2020\/03\/tax-income.png 1000w, https:\/\/goldroof.pt\/wp-content\/uploads\/2020\/03\/tax-income-300x300.png 300w, https:\/\/goldroof.pt\/wp-content\/uploads\/2020\/03\/tax-income-150x150.png 150w, https:\/\/goldroof.pt\/wp-content\/uploads\/2020\/03\/tax-income-768x768.png 768w, https:\/\/goldroof.pt\/wp-content\/uploads\/2020\/03\/tax-income-210x210.png 210w\" sizes=\"(max-width: 828px) 100vw, 828px\" \/>\t\t\t\t\t\t\t\t\t\t\t\t\t\t\t<\/div>\n\t\t\t\t<\/div>\n\t\t\t\t\t<\/div>\n\t\t<\/div>\n\t\t\t\t\t<\/div>\n\t\t<\/section>\n\t\t\t\t<section class=\"elementor-section elementor-top-section elementor-element elementor-element-1ca8e71 elementor-section-boxed elementor-section-height-default elementor-section-height-default\" data-id=\"1ca8e71\" data-element_type=\"section\" data-e-type=\"section\">\n\t\t\t\t\t\t<div class=\"elementor-container elementor-column-gap-default\">\n\t\t\t\t\t<div class=\"elementor-column elementor-col-100 elementor-top-column elementor-element elementor-element-f7c468f\" data-id=\"f7c468f\" data-element_type=\"column\" data-e-type=\"column\">\n\t\t\t<div class=\"elementor-widget-wrap elementor-element-populated\">\n\t\t\t\t\t\t<div class=\"elementor-element elementor-element-49ff2d4 elementor-widget elementor-widget-text-editor\" data-id=\"49ff2d4\" data-element_type=\"widget\" data-e-type=\"widget\" data-widget_type=\"text-editor.default\">\n\t\t\t\t<div class=\"elementor-widget-container\">\n\t\t\t\t\t\t\t\t\t<ul>\n<li>O pedido Residente N\u00e3o Habitual dever\u00e1 ser efetuado, posteriormente ao ato da inscri\u00e7\u00e3o como residente em territ\u00f3rio Portugu\u00eas e at\u00e9 31 de Mar\u00e7o do ano seguinte \u00e0quele em que se torne residente nesse territ\u00f3rio<\/li>\n<\/ul>\n\t\t\t\t\t\t\t\t<\/div>\n\t\t\t\t<\/div>\n\t\t\t\t\t<\/div>\n\t\t<\/div>\n\t\t\t\t\t<\/div>\n\t\t<\/section>\n\t\t\t\t<section class=\"elementor-section elementor-top-section elementor-element elementor-element-d29b26d elementor-section-boxed elementor-section-height-default elementor-section-height-default\" data-id=\"d29b26d\" data-element_type=\"section\" data-e-type=\"section\">\n\t\t\t\t\t\t<div class=\"elementor-container elementor-column-gap-default\">\n\t\t\t\t\t<div class=\"elementor-column elementor-col-100 elementor-top-column elementor-element elementor-element-04cf0f3\" data-id=\"04cf0f3\" data-element_type=\"column\" data-e-type=\"column\">\n\t\t\t<div class=\"elementor-widget-wrap elementor-element-populated\">\n\t\t\t\t\t\t<div class=\"elementor-element elementor-element-4453652 elementor-widget elementor-widget-heading\" data-id=\"4453652\" data-element_type=\"widget\" data-e-type=\"widget\" data-widget_type=\"heading.default\">\n\t\t\t\t<div class=\"elementor-widget-container\">\n\t\t\t\t\t<h3 class=\"elementor-heading-title elementor-size-default\">Taxa de tributa\u00e7\u00e3o aplic\u00e1vel aos rendimentos auferidos em Portugal para Residente N\u00e3o Habitual.<\/h3>\t\t\t\t<\/div>\n\t\t\t\t<\/div>\n\t\t\t\t\t<\/div>\n\t\t<\/div>\n\t\t\t\t\t<\/div>\n\t\t<\/section>\n\t\t\t\t<section class=\"elementor-section elementor-top-section elementor-element elementor-element-db93993 elementor-section-boxed elementor-section-height-default elementor-section-height-default\" data-id=\"db93993\" data-element_type=\"section\" data-e-type=\"section\">\n\t\t\t\t\t\t<div class=\"elementor-container elementor-column-gap-default\">\n\t\t\t\t\t<div class=\"elementor-column elementor-col-100 elementor-top-column elementor-element elementor-element-36d4c55\" data-id=\"36d4c55\" data-element_type=\"column\" data-e-type=\"column\">\n\t\t\t<div class=\"elementor-widget-wrap elementor-element-populated\">\n\t\t\t\t\t\t<div class=\"elementor-element elementor-element-6df4a50 elementor-widget elementor-widget-text-editor\" data-id=\"6df4a50\" data-element_type=\"widget\" data-e-type=\"widget\" data-widget_type=\"text-editor.default\">\n\t\t\t\t<div class=\"elementor-widget-container\">\n\t\t\t\t\t\t\t\t\t<p>No caso de trabalho dependente ou independente, a taxa de tributa\u00e7\u00e3o \u00e9 de 20%.<\/p>\n<p>A tributa\u00e7\u00e3o incide sobre rendimentos de atividades de elevado valor acrescentado com car\u00e1cter cient\u00edfico, art\u00edstico ou t\u00e9cnico:<\/p>\n<ul>\n<li>Arquitetos, engenheiros e t\u00e9cnicos similares<\/li>\n<li>Artistas pl\u00e1sticos, atores e m\u00fasicos<\/li>\n<li>Auditores<\/li>\n<li>M\u00e9dicos e dentistas<\/li>\n<li>Professores<\/li>\n<li>Psic\u00f3logos<\/li>\n<li>Profiss\u00f5es liberais, t\u00e9cnicos e assimilados<\/li>\n<li>Investidores, administradores e gestores<\/li>\n<\/ul>\n<p>A inscri\u00e7\u00e3o como Residente N\u00e3o Habitual confere o direito de ser tributado por um per\u00edodo de 10 anos com taxa fixa de IRS 20%, a contar do ano da sua inscri\u00e7\u00e3o como residente fiscal em territ\u00f3rio portugu\u00eas.<\/p>\n\t\t\t\t\t\t\t\t<\/div>\n\t\t\t\t<\/div>\n\t\t\t\t\t<\/div>\n\t\t<\/div>\n\t\t\t\t\t<\/div>\n\t\t<\/section>\n\t\t\t\t<section class=\"elementor-section elementor-top-section elementor-element elementor-element-4b40d62 elementor-section-boxed elementor-section-height-default elementor-section-height-default\" data-id=\"4b40d62\" data-element_type=\"section\" data-e-type=\"section\">\n\t\t\t\t\t\t<div class=\"elementor-container elementor-column-gap-default\">\n\t\t\t\t\t<div class=\"elementor-column elementor-col-100 elementor-top-column elementor-element elementor-element-410cf4c\" data-id=\"410cf4c\" data-element_type=\"column\" data-e-type=\"column\">\n\t\t\t<div class=\"elementor-widget-wrap elementor-element-populated\">\n\t\t\t\t\t\t<div class=\"elementor-element elementor-element-3923806 elementor-widget elementor-widget-heading\" data-id=\"3923806\" data-element_type=\"widget\" data-e-type=\"widget\" data-widget_type=\"heading.default\">\n\t\t\t\t<div class=\"elementor-widget-container\">\n\t\t\t\t\t<h3 class=\"elementor-heading-title elementor-size-default\">Isen\u00e7\u00e3o de tributa\u00e7\u00e3o de rendimentos auferidos no estrangeiro por Residentes N\u00e3o Habituais.<\/h3>\t\t\t\t<\/div>\n\t\t\t\t<\/div>\n\t\t\t\t\t<\/div>\n\t\t<\/div>\n\t\t\t\t\t<\/div>\n\t\t<\/section>\n\t\t\t\t<section class=\"elementor-section elementor-top-section elementor-element elementor-element-a2bc67b elementor-section-boxed elementor-section-height-default elementor-section-height-default\" data-id=\"a2bc67b\" data-element_type=\"section\" data-e-type=\"section\">\n\t\t\t\t\t\t<div class=\"elementor-container elementor-column-gap-default\">\n\t\t\t\t\t<div class=\"elementor-column elementor-col-100 elementor-top-column elementor-element elementor-element-37c3a35\" data-id=\"37c3a35\" data-element_type=\"column\" data-e-type=\"column\">\n\t\t\t<div class=\"elementor-widget-wrap elementor-element-populated\">\n\t\t\t\t\t\t<div class=\"elementor-element elementor-element-4ebe4bb elementor-widget elementor-widget-text-editor\" data-id=\"4ebe4bb\" data-element_type=\"widget\" data-e-type=\"widget\" data-widget_type=\"text-editor.default\">\n\t\t\t\t<div class=\"elementor-widget-container\">\n\t\t\t\t\t\t\t\t\t<p>Pensionistas e reformados:<\/p>\n<ul>\n<li>os rendimentos sejam tributados no Estado de origem, em conformidade com conven\u00e7\u00e3o para eliminar a dupla tributa\u00e7\u00e3o celebrada por Portugal e esse Estado<\/li>\n<li>pelos crit\u00e9rios previstos no C\u00f3digo do IRS, os rendimentos n\u00e3o sejam considerados obtidos de fonte Portuguesa<\/li>\n<\/ul>\n<p>Rendimentos decorrentes de trabalho dependente:<\/p>\n<ul>\n<li>Os rendimentos sejam tributados no Estado de origem, em conformidade com conven\u00e7\u00e3o para eliminar a dupla tributa\u00e7\u00e3o celebrada por Portugal e esse Estado<\/li>\n<li>Rendimentos que sejam tributados noutro Estado com o qual Portugal n\u00e3o tenha celebrado qualquer conven\u00e7\u00e3o para eliminar a dupla tributa\u00e7\u00e3o, desde que os rendimentos n\u00e3o sejam considerados como obtidos em territ\u00f3rio Portugu\u00eas de acordo com o art\u00ba 18\u00ba do C\u00f3digo do IRS<\/li>\n<\/ul>\n\t\t\t\t\t\t\t\t<\/div>\n\t\t\t\t<\/div>\n\t\t\t\t\t<\/div>\n\t\t<\/div>\n\t\t\t\t\t<\/div>\n\t\t<\/section>\n\t\t\t\t<section class=\"elementor-section elementor-top-section elementor-element elementor-element-f942672 elementor-section-boxed elementor-section-height-default elementor-section-height-default\" data-id=\"f942672\" data-element_type=\"section\" data-e-type=\"section\">\n\t\t\t\t\t\t<div class=\"elementor-container elementor-column-gap-default\">\n\t\t\t\t\t<div class=\"elementor-column elementor-col-100 elementor-top-column elementor-element elementor-element-dec5e85\" data-id=\"dec5e85\" data-element_type=\"column\" data-e-type=\"column\">\n\t\t\t<div class=\"elementor-widget-wrap elementor-element-populated\">\n\t\t\t\t\t\t<div class=\"elementor-element elementor-element-cbf1bdd elementor-widget elementor-widget-text-editor\" data-id=\"cbf1bdd\" data-element_type=\"widget\" data-e-type=\"widget\" data-widget_type=\"text-editor.default\">\n\t\t\t\t<div class=\"elementor-widget-container\">\n\t\t\t\t\t\t\t\t\t<p>Rendimentos decorrentes de trabalho independente com car\u00e1ter cient\u00edfico, art\u00edstico ou t\u00e9cnico, ou provenientes da propriedade intelectual ou industrial, de rendimentos de capitais, de rendimentos prediais ou de Rendimentos de mais-valias e outros incrementos patrimoniais:<\/p>\n<ul>\n<li>Os rendimentos possam ser tributados no pa\u00eds, territ\u00f3rio ou regi\u00e3o de origem, em conformidade com conven\u00e7\u00e3o para eliminar a dupla tributa\u00e7\u00e3o celebrada por Portugal com esse Estado<\/li>\n<li>Quando n\u00e3o existe conven\u00e7\u00e3o celebrada para eliminar a dupla tributa\u00e7\u00e3o, possa ser aplic\u00e1vel a Conven\u00e7\u00e3o Modelo OCDE (considerando as reservas Portuguesas), desde que o pa\u00eds, territ\u00f3rio ou regi\u00e3o de origem n\u00e3o tenha regime de tributa\u00e7\u00e3o privilegiada, desde que os rendimentos n\u00e3o sejam considerados como obtidos em territ\u00f3rio Portugu\u00eas pelos crit\u00e9rios do art\u00ba 18\u00ba do C\u00f3digo do IRS<\/li>\n<\/ul>\n\t\t\t\t\t\t\t\t<\/div>\n\t\t\t\t<\/div>\n\t\t\t\t\t<\/div>\n\t\t<\/div>\n\t\t\t\t\t<\/div>\n\t\t<\/section>\n\t\t\t\t<section class=\"elementor-section elementor-top-section elementor-element elementor-element-eef7012 elementor-section-boxed elementor-section-height-default elementor-section-height-default\" data-id=\"eef7012\" data-element_type=\"section\" data-e-type=\"section\">\n\t\t\t\t\t\t<div class=\"elementor-container elementor-column-gap-default\">\n\t\t\t\t\t<div class=\"elementor-column elementor-col-100 elementor-top-column elementor-element elementor-element-471f8bc\" data-id=\"471f8bc\" data-element_type=\"column\" data-e-type=\"column\">\n\t\t\t<div class=\"elementor-widget-wrap elementor-element-populated\">\n\t\t\t\t\t\t<div class=\"elementor-element elementor-element-87372a5 elementor-widget elementor-widget-heading\" data-id=\"87372a5\" data-element_type=\"widget\" data-e-type=\"widget\" data-widget_type=\"heading.default\">\n\t\t\t\t<div class=\"elementor-widget-container\">\n\t\t\t\t\t<h3 class=\"elementor-heading-title elementor-size-default\">Cidad\u00e3os provenientes do Reino unido dever\u00e3o obter informa\u00e7\u00e3o ajustada a sua situa\u00e7\u00e3o.<\/h3>\t\t\t\t<\/div>\n\t\t\t\t<\/div>\n\t\t\t\t\t<\/div>\n\t\t<\/div>\n\t\t\t\t\t<\/div>\n\t\t<\/section>\n\t\t\t\t<section class=\"elementor-section elementor-top-section elementor-element elementor-element-e904a85 elementor-section-boxed elementor-section-height-default elementor-section-height-default\" data-id=\"e904a85\" data-element_type=\"section\" data-e-type=\"section\">\n\t\t\t\t\t\t<div class=\"elementor-container elementor-column-gap-default\">\n\t\t\t\t\t<div class=\"elementor-column elementor-col-100 elementor-top-column elementor-element elementor-element-241cf69\" data-id=\"241cf69\" data-element_type=\"column\" data-e-type=\"column\">\n\t\t\t<div class=\"elementor-widget-wrap elementor-element-populated\">\n\t\t\t\t\t\t<div class=\"elementor-element elementor-element-c018dc1 elementor-widget elementor-widget-heading\" data-id=\"c018dc1\" data-element_type=\"widget\" data-e-type=\"widget\" data-widget_type=\"heading.default\">\n\t\t\t\t<div class=\"elementor-widget-container\">\n\t\t\t\t\t<h4 class=\"elementor-heading-title elementor-size-default\">A Gold Roof \u2013 Real Estate &amp; Finance n\u00e3o \u00e9 respons\u00e1vel por altera\u00e7\u00f5es a legisla\u00e7\u00e3o Portuguesa<\/h4>\t\t\t\t<\/div>\n\t\t\t\t<\/div>\n\t\t\t\t\t<\/div>\n\t\t<\/div>\n\t\t\t\t\t<\/div>\n\t\t<\/section>\n\t\t\t\t<\/div>\n\t\t","protected":false},"excerpt":{"rendered":"<p>Regime fiscal para Residente N\u00e3o Habitual. O departamento jur\u00eddico da Gold Roof \u2013 Real Estate &amp; Finance, encontra-se habilitado a acompanhar o seu processo de candidatura para que o mesmo possa ser conclu\u00eddo com sucesso e no mais breve espa\u00e7o de tempo poss\u00edvel. Vantagens competitivas Residente N\u00e3o Habitual. Tributa\u00e7\u00e3o durante um per\u00edodo de 10 anos,&#8230;<\/p>\n","protected":false},"author":2,"featured_media":0,"parent":0,"menu_order":0,"comment_status":"closed","ping_status":"closed","template":"","meta":{"content-type":"","om_disable_all_campaigns":false,"slim_seo":{"title":"Benef\u00edcios fiscais - Gold Roof","description":"Regime fiscal para Residente N\u00e3o Habitual. O departamento jur\u00eddico da Gold Roof \u2013 Real Estate &amp; Finance, encontra-se habilitado a acompanhar o seu processo"},"footnotes":""},"class_list":["post-6140","page","type-page","status-publish","hentry"],"aioseo_notices":[],"_links":{"self":[{"href":"https:\/\/goldroof.pt\/fr\/wp-json\/wp\/v2\/pages\/6140","targetHints":{"allow":["GET"]}}],"collection":[{"href":"https:\/\/goldroof.pt\/fr\/wp-json\/wp\/v2\/pages"}],"about":[{"href":"https:\/\/goldroof.pt\/fr\/wp-json\/wp\/v2\/types\/page"}],"author":[{"embeddable":true,"href":"https:\/\/goldroof.pt\/fr\/wp-json\/wp\/v2\/users\/2"}],"replies":[{"embeddable":true,"href":"https:\/\/goldroof.pt\/fr\/wp-json\/wp\/v2\/comments?post=6140"}],"version-history":[{"count":0,"href":"https:\/\/goldroof.pt\/fr\/wp-json\/wp\/v2\/pages\/6140\/revisions"}],"wp:attachment":[{"href":"https:\/\/goldroof.pt\/fr\/wp-json\/wp\/v2\/media?parent=6140"}],"curies":[{"name":"wp","href":"https:\/\/api.w.org\/{rel}","templated":true}]}}