{"id":6135,"date":"2020-04-21T05:17:50","date_gmt":"2020-04-21T04:17:50","guid":{"rendered":"https:\/\/goldroof.pt\/avantages-fiscaux\/"},"modified":"2020-04-27T02:48:05","modified_gmt":"2020-04-27T01:48:05","slug":"avantages-fiscaux","status":"publish","type":"page","link":"https:\/\/goldroof.pt\/fr\/avantages-fiscaux\/","title":{"rendered":"Avantages fiscaux"},"content":{"rendered":"\t\t<div data-elementor-type=\"wp-page\" data-elementor-id=\"6135\" class=\"elementor elementor-6135 elementor-5358\">\n\t\t\t\t\t\t<section class=\"elementor-section elementor-top-section elementor-element elementor-element-539e54e elementor-section-boxed elementor-section-height-default elementor-section-height-default\" data-id=\"539e54e\" data-element_type=\"section\" data-e-type=\"section\">\n\t\t\t\t\t\t<div class=\"elementor-container elementor-column-gap-default\">\n\t\t\t\t\t<div class=\"elementor-column elementor-col-100 elementor-top-column elementor-element elementor-element-3fc74bf\" data-id=\"3fc74bf\" data-element_type=\"column\" data-e-type=\"column\">\n\t\t\t<div class=\"elementor-widget-wrap elementor-element-populated\">\n\t\t\t\t\t\t<div class=\"elementor-element elementor-element-7a2cca2 elementor-widget elementor-widget-heading\" data-id=\"7a2cca2\" data-element_type=\"widget\" data-e-type=\"widget\" data-widget_type=\"heading.default\">\n\t\t\t\t<div class=\"elementor-widget-container\">\n\t\t\t\t\t<h2 class=\"elementor-heading-title elementor-size-default\">Fiscalit\u00e9 pour R\u00e9sident Inhabituel.<\/h2>\t\t\t\t<\/div>\n\t\t\t\t<\/div>\n\t\t\t\t\t<\/div>\n\t\t<\/div>\n\t\t\t\t\t<\/div>\n\t\t<\/section>\n\t\t\t\t<section class=\"elementor-section elementor-top-section elementor-element elementor-element-0d3e2bd elementor-section-boxed elementor-section-height-default elementor-section-height-default\" data-id=\"0d3e2bd\" data-element_type=\"section\" data-e-type=\"section\">\n\t\t\t\t\t\t<div class=\"elementor-container elementor-column-gap-default\">\n\t\t\t\t\t<div class=\"elementor-column elementor-col-100 elementor-top-column elementor-element elementor-element-177d386\" data-id=\"177d386\" data-element_type=\"column\" data-e-type=\"column\">\n\t\t\t<div class=\"elementor-widget-wrap elementor-element-populated\">\n\t\t\t\t\t\t<div class=\"elementor-element elementor-element-930c6e6 elementor-widget elementor-widget-text-editor\" data-id=\"930c6e6\" data-element_type=\"widget\" data-e-type=\"widget\" data-widget_type=\"text-editor.default\">\n\t\t\t\t<div class=\"elementor-widget-container\">\n\t\t\t\t\t\t\t\t\t<p><span lang=\"fr-FR\">Le d\u00e9partement juridique de Gold Roof \u2013 Real Estate &amp; Finance a l\u2019expertise et est habilit\u00e9 \u00e0 suivre votre dossier de candidature afin qu\u2019il puisse \u00eatre rempli avec succ\u00e8s et en peu de temps.<\/span><\/p>\n\t\t\t\t\t\t\t\t<\/div>\n\t\t\t\t<\/div>\n\t\t\t\t\t<\/div>\n\t\t<\/div>\n\t\t\t\t\t<\/div>\n\t\t<\/section>\n\t\t\t\t<section class=\"elementor-section elementor-top-section elementor-element elementor-element-42ba460 elementor-section-boxed elementor-section-height-default elementor-section-height-default\" data-id=\"42ba460\" data-element_type=\"section\" data-e-type=\"section\">\n\t\t\t\t\t\t<div class=\"elementor-container elementor-column-gap-default\">\n\t\t\t\t\t<div class=\"elementor-column elementor-col-100 elementor-top-column elementor-element elementor-element-458b40f\" data-id=\"458b40f\" data-element_type=\"column\" data-e-type=\"column\">\n\t\t\t<div class=\"elementor-widget-wrap elementor-element-populated\">\n\t\t\t\t\t\t<div class=\"elementor-element elementor-element-c338c78 elementor-widget elementor-widget-heading\" data-id=\"c338c78\" data-element_type=\"widget\" data-e-type=\"widget\" data-widget_type=\"heading.default\">\n\t\t\t\t<div class=\"elementor-widget-container\">\n\t\t\t\t\t<h3 class=\"elementor-heading-title elementor-size-default\">Avantages concurrentiels pour R\u00e9sident Inhabituel.<\/h3>\t\t\t\t<\/div>\n\t\t\t\t<\/div>\n\t\t\t\t\t<\/div>\n\t\t<\/div>\n\t\t\t\t\t<\/div>\n\t\t<\/section>\n\t\t\t\t<section class=\"elementor-section elementor-top-section elementor-element elementor-element-a84c885 elementor-section-boxed elementor-section-height-default elementor-section-height-default\" data-id=\"a84c885\" data-element_type=\"section\" data-e-type=\"section\">\n\t\t\t\t\t\t<div class=\"elementor-container elementor-column-gap-default\">\n\t\t\t\t\t<div class=\"elementor-column elementor-col-100 elementor-top-column elementor-element elementor-element-2de1348\" data-id=\"2de1348\" data-element_type=\"column\" data-e-type=\"column\">\n\t\t\t<div class=\"elementor-widget-wrap elementor-element-populated\">\n\t\t\t\t\t\t<div class=\"elementor-element elementor-element-26b6994 elementor-widget elementor-widget-text-editor\" data-id=\"26b6994\" data-element_type=\"widget\" data-e-type=\"widget\" data-widget_type=\"text-editor.default\">\n\t\t\t\t<div class=\"elementor-widget-container\">\n\t\t\t\t\t\t\t\t\t<ul>\n<li><span lang=\"fr-FR\">Imposition sur une p\u00e9riode de 10 ans, \u00e0 une taxe de 20% d\u2019IRS sur les revenus du travail per\u00e7us au Portugal\u00a0<\/span><\/li>\n<li><span lang=\"fr-FR\">Pas de double taxation dans le revenu de retraite et du travail ind\u00e9pendant fait \u00e0 l\u2019\u00e9tranger<\/span><\/li>\n<\/ul>\n\t\t\t\t\t\t\t\t<\/div>\n\t\t\t\t<\/div>\n\t\t\t\t\t<\/div>\n\t\t<\/div>\n\t\t\t\t\t<\/div>\n\t\t<\/section>\n\t\t\t\t<section class=\"elementor-section elementor-top-section elementor-element elementor-element-46f8089 elementor-section-boxed elementor-section-height-default elementor-section-height-default\" data-id=\"46f8089\" data-element_type=\"section\" data-e-type=\"section\">\n\t\t\t\t\t\t<div class=\"elementor-container elementor-column-gap-default\">\n\t\t\t\t\t<div class=\"elementor-column elementor-col-100 elementor-top-column elementor-element elementor-element-b0785da\" data-id=\"b0785da\" data-element_type=\"column\" data-e-type=\"column\">\n\t\t\t<div class=\"elementor-widget-wrap elementor-element-populated\">\n\t\t\t\t\t\t<div class=\"elementor-element elementor-element-bc83ac9 elementor-widget elementor-widget-heading\" data-id=\"bc83ac9\" data-element_type=\"widget\" data-e-type=\"widget\" data-widget_type=\"heading.default\">\n\t\t\t\t<div class=\"elementor-widget-container\">\n\t\t\t\t\t<h3 class=\"elementor-heading-title elementor-size-default\">Comment obtenir le statut de r\u00e9sident inhabituel.<\/h3>\t\t\t\t<\/div>\n\t\t\t\t<\/div>\n\t\t\t\t\t<\/div>\n\t\t<\/div>\n\t\t\t\t\t<\/div>\n\t\t<\/section>\n\t\t\t\t<section class=\"elementor-section elementor-top-section elementor-element elementor-element-e4bce5d elementor-section-boxed elementor-section-height-default elementor-section-height-default\" data-id=\"e4bce5d\" data-element_type=\"section\" data-e-type=\"section\">\n\t\t\t\t\t\t<div class=\"elementor-container elementor-column-gap-default\">\n\t\t\t\t\t<div class=\"elementor-column elementor-col-50 elementor-top-column elementor-element elementor-element-cc29712\" data-id=\"cc29712\" data-element_type=\"column\" data-e-type=\"column\">\n\t\t\t<div class=\"elementor-widget-wrap elementor-element-populated\">\n\t\t\t\t\t\t<div class=\"elementor-element elementor-element-9785a85 elementor-widget elementor-widget-text-editor\" data-id=\"9785a85\" data-element_type=\"widget\" data-e-type=\"widget\" data-widget_type=\"text-editor.default\">\n\t\t\t\t<div class=\"elementor-widget-container\">\n\t\t\t\t\t\t\t\t\t<ul>\n<li><span lang=\"fr-FR\">N\u2019a pas r\u00e9sid\u00e9 au Portugal dans les cinq derni\u00e8res ann\u00e9es <\/span><\/li>\n<li><span lang=\"fr-FR\">Obligation de s\u2019enregistrer comme r\u00e9sident fiscal au Portugal. Vous devez rester au Portugal pour plus de 183 jours, suivis ou interpol\u00e9s. Si la s\u00e9journ\u00e9 est de moins temps, au 31\u00a0D\u00e9cembre de cette ann\u00e9e vous devez disposer d\u2019une habitation pour l\u2019occuper comme r\u00e9sidence habituelle <\/span><\/li>\n<\/ul>\n\t\t\t\t\t\t\t\t<\/div>\n\t\t\t\t<\/div>\n\t\t\t\t\t<\/div>\n\t\t<\/div>\n\t\t\t\t<div class=\"elementor-column elementor-col-50 elementor-top-column elementor-element elementor-element-29a2c80\" data-id=\"29a2c80\" data-element_type=\"column\" data-e-type=\"column\">\n\t\t\t<div class=\"elementor-widget-wrap elementor-element-populated\">\n\t\t\t\t\t\t<div class=\"elementor-element elementor-element-4a2af75 elementor-widget elementor-widget-image\" data-id=\"4a2af75\" data-element_type=\"widget\" data-e-type=\"widget\" data-widget_type=\"image.default\">\n\t\t\t\t<div class=\"elementor-widget-container\">\n\t\t\t\t\t\t\t\t\t\t\t\t\t\t\t<img fetchpriority=\"high\" decoding=\"async\" width=\"828\" height=\"828\" src=\"https:\/\/goldroof.pt\/wp-content\/uploads\/2020\/03\/tax-income.png\" class=\"attachment-large size-large wp-image-6142\" alt=\"Tax income\" srcset=\"https:\/\/goldroof.pt\/wp-content\/uploads\/2020\/03\/tax-income.png 1000w, https:\/\/goldroof.pt\/wp-content\/uploads\/2020\/03\/tax-income-300x300.png 300w, https:\/\/goldroof.pt\/wp-content\/uploads\/2020\/03\/tax-income-150x150.png 150w, https:\/\/goldroof.pt\/wp-content\/uploads\/2020\/03\/tax-income-768x768.png 768w, https:\/\/goldroof.pt\/wp-content\/uploads\/2020\/03\/tax-income-210x210.png 210w\" sizes=\"(max-width: 828px) 100vw, 828px\" \/>\t\t\t\t\t\t\t\t\t\t\t\t\t\t\t<\/div>\n\t\t\t\t<\/div>\n\t\t\t\t\t<\/div>\n\t\t<\/div>\n\t\t\t\t\t<\/div>\n\t\t<\/section>\n\t\t\t\t<section class=\"elementor-section elementor-top-section elementor-element elementor-element-1ca8e71 elementor-section-boxed elementor-section-height-default elementor-section-height-default\" data-id=\"1ca8e71\" data-element_type=\"section\" data-e-type=\"section\">\n\t\t\t\t\t\t<div class=\"elementor-container elementor-column-gap-default\">\n\t\t\t\t\t<div class=\"elementor-column elementor-col-100 elementor-top-column elementor-element elementor-element-f7c468f\" data-id=\"f7c468f\" data-element_type=\"column\" data-e-type=\"column\">\n\t\t\t<div class=\"elementor-widget-wrap elementor-element-populated\">\n\t\t\t\t\t\t<div class=\"elementor-element elementor-element-49ff2d4 elementor-widget elementor-widget-text-editor\" data-id=\"49ff2d4\" data-element_type=\"widget\" data-e-type=\"widget\" data-widget_type=\"text-editor.default\">\n\t\t\t\t<div class=\"elementor-widget-container\">\n\t\t\t\t\t\t\t\t\t<ul>\n<li><span lang=\"fr-FR\">La demande pour R\u00e9sident Inhabituel doit \u00eatre effectu\u00e9e, post\u00e9rieurement \u00e0 l\u2019acte d\u2019inscription comme r\u00e9sident fiscal en Portugal, et jusqu\u2019au 31\u00a0Mars de l\u2019ann\u00e9e suivant de celle en qu\u2019il devient r\u00e9sident<\/span><\/li>\n<\/ul>\n\t\t\t\t\t\t\t\t<\/div>\n\t\t\t\t<\/div>\n\t\t\t\t\t<\/div>\n\t\t<\/div>\n\t\t\t\t\t<\/div>\n\t\t<\/section>\n\t\t\t\t<section class=\"elementor-section elementor-top-section elementor-element elementor-element-d29b26d elementor-section-boxed elementor-section-height-default elementor-section-height-default\" data-id=\"d29b26d\" data-element_type=\"section\" data-e-type=\"section\">\n\t\t\t\t\t\t<div class=\"elementor-container elementor-column-gap-default\">\n\t\t\t\t\t<div class=\"elementor-column elementor-col-100 elementor-top-column elementor-element elementor-element-04cf0f3\" data-id=\"04cf0f3\" data-element_type=\"column\" data-e-type=\"column\">\n\t\t\t<div class=\"elementor-widget-wrap elementor-element-populated\">\n\t\t\t\t\t\t<div class=\"elementor-element elementor-element-4453652 elementor-widget elementor-widget-heading\" data-id=\"4453652\" data-element_type=\"widget\" data-e-type=\"widget\" data-widget_type=\"heading.default\">\n\t\t\t\t<div class=\"elementor-widget-container\">\n\t\t\t\t\t<h3 class=\"elementor-heading-title elementor-size-default\">Taux fiscal applicable aux revenus per\u00e7us au Portugal en tant que R\u00e9sident Inhabituel.<\/h3>\t\t\t\t<\/div>\n\t\t\t\t<\/div>\n\t\t\t\t\t<\/div>\n\t\t<\/div>\n\t\t\t\t\t<\/div>\n\t\t<\/section>\n\t\t\t\t<section class=\"elementor-section elementor-top-section elementor-element elementor-element-db93993 elementor-section-boxed elementor-section-height-default elementor-section-height-default\" data-id=\"db93993\" data-element_type=\"section\" data-e-type=\"section\">\n\t\t\t\t\t\t<div class=\"elementor-container elementor-column-gap-default\">\n\t\t\t\t\t<div class=\"elementor-column elementor-col-100 elementor-top-column elementor-element elementor-element-36d4c55\" data-id=\"36d4c55\" data-element_type=\"column\" data-e-type=\"column\">\n\t\t\t<div class=\"elementor-widget-wrap elementor-element-populated\">\n\t\t\t\t\t\t<div class=\"elementor-element elementor-element-6df4a50 elementor-widget elementor-widget-text-editor\" data-id=\"6df4a50\" data-element_type=\"widget\" data-e-type=\"widget\" data-widget_type=\"text-editor.default\">\n\t\t\t\t<div class=\"elementor-widget-container\">\n\t\t\t\t\t\t\t\t\t<p><span lang=\"fr-FR\">En cas de travail ind\u00e9pendant ou \u00e0 dur\u00e9e d\u00e9termin\u00e9e, le taux fiscal est de 20\u00a0%.<br \/>\nL\u2019imposition porte sur des revenus provenant d\u2019activit\u00e9s \u00e0 haute valeur avec caract\u00e8re scientifique, artistique ou technique :<\/span><\/p>\n<ul>\n<li><span lang=\"fr-FR\">Architectes, ing\u00e9nieurs et techniciens similaires<\/span><\/li>\n<li><span lang=\"fr-FR\">Artistes, acteurs et musiciens<\/span><\/li>\n<li><span lang=\"fr-FR\">Auditeurs<\/span><\/li>\n<li><span lang=\"fr-FR\">M\u00e9decins et dentistes<\/span><\/li>\n<li><span lang=\"fr-FR\">Enseignants<\/span><\/li>\n<li><span lang=\"fr-FR\">Psychologues<\/span><\/li>\n<li><span lang=\"fr-FR\">Professions lib\u00e9rales, techniques et assimil\u00e9es<\/span><\/li>\n<li><span lang=\"fr-FR\">Investisseurs, administrateurs et gestionnaires<\/span><\/li>\n<\/ul>\n<p><span lang=\"fr-FR\">L\u2019inscription de R\u00e9sident Inhabituel conf\u00e8re le droit d\u2019\u00eatre tax\u00e9 pour une p\u00e9riode de 10 ans avec un taux fixe de IRS 20%, \u00e0 compter de l\u2019ann\u00e9e de son inscription comme r\u00e9sident fiscal sur le territoire Portugais.<\/span><\/p>\n\t\t\t\t\t\t\t\t<\/div>\n\t\t\t\t<\/div>\n\t\t\t\t\t<\/div>\n\t\t<\/div>\n\t\t\t\t\t<\/div>\n\t\t<\/section>\n\t\t\t\t<section class=\"elementor-section elementor-top-section elementor-element elementor-element-4b40d62 elementor-section-boxed elementor-section-height-default elementor-section-height-default\" data-id=\"4b40d62\" data-element_type=\"section\" data-e-type=\"section\">\n\t\t\t\t\t\t<div class=\"elementor-container elementor-column-gap-default\">\n\t\t\t\t\t<div class=\"elementor-column elementor-col-100 elementor-top-column elementor-element elementor-element-410cf4c\" data-id=\"410cf4c\" data-element_type=\"column\" data-e-type=\"column\">\n\t\t\t<div class=\"elementor-widget-wrap elementor-element-populated\">\n\t\t\t\t\t\t<div class=\"elementor-element elementor-element-3923806 elementor-widget elementor-widget-heading\" data-id=\"3923806\" data-element_type=\"widget\" data-e-type=\"widget\" data-widget_type=\"heading.default\">\n\t\t\t\t<div class=\"elementor-widget-container\">\n\t\t\t\t\t<h3 class=\"elementor-heading-title elementor-size-default\">Exon\u00e9ration de l\u2019imp\u00f4t sur les revenus per\u00e7us \u00e0 l\u2019\u00e9tranger par les R\u00e9sidents Inhabituels.<\/h3>\t\t\t\t<\/div>\n\t\t\t\t<\/div>\n\t\t\t\t\t<\/div>\n\t\t<\/div>\n\t\t\t\t\t<\/div>\n\t\t<\/section>\n\t\t\t\t<section class=\"elementor-section elementor-top-section elementor-element elementor-element-a2bc67b elementor-section-boxed elementor-section-height-default elementor-section-height-default\" data-id=\"a2bc67b\" data-element_type=\"section\" data-e-type=\"section\">\n\t\t\t\t\t\t<div class=\"elementor-container elementor-column-gap-default\">\n\t\t\t\t\t<div class=\"elementor-column elementor-col-100 elementor-top-column elementor-element elementor-element-37c3a35\" data-id=\"37c3a35\" data-element_type=\"column\" data-e-type=\"column\">\n\t\t\t<div class=\"elementor-widget-wrap elementor-element-populated\">\n\t\t\t\t\t\t<div class=\"elementor-element elementor-element-4ebe4bb elementor-widget elementor-widget-text-editor\" data-id=\"4ebe4bb\" data-element_type=\"widget\" data-e-type=\"widget\" data-widget_type=\"text-editor.default\">\n\t\t\t\t<div class=\"elementor-widget-container\">\n\t\t\t\t\t\t\t\t\t<p><span lang=\"fr-FR\">Pensionn\u00e9s :<\/span><\/p>\n<ul>\n<li><span lang=\"fr-FR\">En conformit\u00e9 avec la convention visant \u00e0 \u00e9liminer la double imposition conclue par le Portugal et cet \u00c9tat, les revenus sont taxes dans l\u2019\u00c9tat d\u2019origine <\/span><\/li>\n<li><span lang=\"fr-FR\">En conformit\u00e9 avec les crit\u00e8res pr\u00e9vus dans le code de l\u2019IRS, les revenus ne sont pas consid\u00e9r\u00e9s comme acquis en Portugal<\/span><\/li>\n<\/ul>\n<p><span lang=\"fr-FR\">Revenus tir\u00e9s du travail salari\u00e9 :<\/span><\/p>\n<ul>\n<li><span lang=\"fr-FR\">En conformit\u00e9 \u00e0 la convention visant \u00e0 \u00e9liminer la double imposition conclue par le Portugal et cet \u00c9tat, les revenus sont impos\u00e9s dans l\u2019\u00c9tat d\u2019origine\u00a0<\/span><\/li>\n<li><span lang=\"fr-FR\">Revenus qui sont impos\u00e9s dans un autre \u00c9tat avec lequel le Portugal n\u2019a conclu aucune convention pour \u00e9liminer la double imposition, pour autant que les revenus ne soient pas consid\u00e9r\u00e9s comme acquis sur le territoire Portugais en conformit\u00e9 avec l\u2019article 18 du code de l\u2019IRS<\/span><\/li>\n<\/ul>\n<p><span lang=\"fr-FR\">Revenus provenant d\u2019un travail ind\u00e9pendant de caract\u00e8re scientifique, artistique ou technique, ou provenant de la propri\u00e9t\u00e9 intellectuelle ou industrielle, de revenus de capitaux, de revenus fonciers ou de revenus de plus-values et autres augmentations patrimoniales :<\/span><\/p>\n<ul>\n<li><span lang=\"fr-FR\">Les revenus peuvent \u00eatre impos\u00e9s dans le pays, territoire ou r\u00e9gion d\u2019origine, conform\u00e9ment \u00e0 la convention visant \u00e0 \u00e9liminer la double imposition conclue par Portugal et cet \u00c9tat\u00a0<\/span><\/li>\n<li><span lang=\"fr-FR\">Lorsqu\u2019il n\u2019existe pas de convention conclue pour \u00e9liminer la double imposition, la convention de l\u2019OCDE (tenant compte des r\u00e9serves Portugaises) peut s\u2019appliquer, \u00e0 condition que le pays, territoire ou r\u00e9gion d\u2019origine n\u2019ait pas de r\u00e9gime fiscal privil\u00e9gi\u00e9, pour autant que les revenus ne soient pas consid\u00e9r\u00e9s comme obtenus sur le territoire Portugais par les crit\u00e8res de l\u2019article 18 du Code de l\u2019IRS.<\/span><\/li>\n<\/ul>\n\t\t\t\t\t\t\t\t<\/div>\n\t\t\t\t<\/div>\n\t\t\t\t\t<\/div>\n\t\t<\/div>\n\t\t\t\t\t<\/div>\n\t\t<\/section>\n\t\t\t\t<section class=\"elementor-section elementor-top-section elementor-element elementor-element-f942672 elementor-section-boxed elementor-section-height-default elementor-section-height-default\" data-id=\"f942672\" data-element_type=\"section\" data-e-type=\"section\">\n\t\t\t\t\t\t<div class=\"elementor-container elementor-column-gap-default\">\n\t\t\t\t\t<div class=\"elementor-column elementor-col-100 elementor-top-column elementor-element elementor-element-dec5e85\" data-id=\"dec5e85\" data-element_type=\"column\" data-e-type=\"column\">\n\t\t\t<div class=\"elementor-widget-wrap elementor-element-populated\">\n\t\t\t\t\t\t<div class=\"elementor-element elementor-element-cbf1bdd elementor-widget elementor-widget-text-editor\" data-id=\"cbf1bdd\" data-element_type=\"widget\" data-e-type=\"widget\" data-widget_type=\"text-editor.default\">\n\t\t\t\t<div class=\"elementor-widget-container\">\n\t\t\t\t\t\t\t\t\t<p><span lang=\"fr-FR\">Revenus provenant d\u2019un travail ind\u00e9pendant de caract\u00e8re scientifique, artistique ou technique, ou provenant de la propri\u00e9t\u00e9 intellectuelle ou industrielle, de revenus de capitaux, de revenus fonciers ou de revenus de plus-values et autres augmentations patrimoniales :<\/span><\/p>\n<ul>\n<li><span lang=\"fr-FR\">Les revenus peuvent \u00eatre impos\u00e9s dans le pays, territoire ou r\u00e9gion d\u2019origine, conform\u00e9ment \u00e0 la convention visant \u00e0 \u00e9liminer la double imposition conclue par Portugal et cet \u00c9tat\u00a0<\/span><\/li>\n<li><span lang=\"fr-FR\">Lorsqu\u2019il n\u2019existe pas de convention conclue pour \u00e9liminer la double imposition, la convention de l\u2019OCDE (tenant compte des r\u00e9serves Portugaises) peut s\u2019appliquer, \u00e0 condition que le pays, territoire ou r\u00e9gion d\u2019origine n\u2019ait pas de r\u00e9gime fiscal privil\u00e9gi\u00e9, pour autant que les revenus ne soient pas consid\u00e9r\u00e9s comme obtenus sur le territoire Portugais par les crit\u00e8res de l\u2019article 18 du Code de l\u2019IRS.<\/span><\/li>\n<\/ul>\n\t\t\t\t\t\t\t\t<\/div>\n\t\t\t\t<\/div>\n\t\t\t\t\t<\/div>\n\t\t<\/div>\n\t\t\t\t\t<\/div>\n\t\t<\/section>\n\t\t\t\t<section class=\"elementor-section elementor-top-section elementor-element elementor-element-eef7012 elementor-section-boxed elementor-section-height-default elementor-section-height-default\" data-id=\"eef7012\" data-element_type=\"section\" data-e-type=\"section\">\n\t\t\t\t\t\t<div class=\"elementor-container elementor-column-gap-default\">\n\t\t\t\t\t<div class=\"elementor-column elementor-col-100 elementor-top-column elementor-element elementor-element-471f8bc\" data-id=\"471f8bc\" data-element_type=\"column\" data-e-type=\"column\">\n\t\t\t<div class=\"elementor-widget-wrap elementor-element-populated\">\n\t\t\t\t\t\t<div class=\"elementor-element elementor-element-87372a5 elementor-widget elementor-widget-heading\" data-id=\"87372a5\" data-element_type=\"widget\" data-e-type=\"widget\" data-widget_type=\"heading.default\">\n\t\t\t\t<div class=\"elementor-widget-container\">\n\t\t\t\t\t<h3 class=\"elementor-heading-title elementor-size-default\">Les citoyens du Royaume-Uni devraient avoir des informations adapt\u00e9es \u00e0 leur situation.<\/h3>\t\t\t\t<\/div>\n\t\t\t\t<\/div>\n\t\t\t\t\t<\/div>\n\t\t<\/div>\n\t\t\t\t\t<\/div>\n\t\t<\/section>\n\t\t\t\t<section class=\"elementor-section elementor-top-section elementor-element elementor-element-e904a85 elementor-section-boxed elementor-section-height-default elementor-section-height-default\" data-id=\"e904a85\" data-element_type=\"section\" data-e-type=\"section\">\n\t\t\t\t\t\t<div class=\"elementor-container elementor-column-gap-default\">\n\t\t\t\t\t<div class=\"elementor-column elementor-col-100 elementor-top-column elementor-element elementor-element-241cf69\" data-id=\"241cf69\" data-element_type=\"column\" data-e-type=\"column\">\n\t\t\t<div class=\"elementor-widget-wrap elementor-element-populated\">\n\t\t\t\t\t\t<div class=\"elementor-element elementor-element-c018dc1 elementor-widget elementor-widget-heading\" data-id=\"c018dc1\" data-element_type=\"widget\" data-e-type=\"widget\" data-widget_type=\"heading.default\">\n\t\t\t\t<div class=\"elementor-widget-container\">\n\t\t\t\t\t<h4 class=\"elementor-heading-title elementor-size-default\">Gold Roof \u2013 Real Estate &amp; Finance n\u2019est pas responsable pour modifications de la l\u00e9gislation Portugaise<\/h4>\t\t\t\t<\/div>\n\t\t\t\t<\/div>\n\t\t\t\t\t<\/div>\n\t\t<\/div>\n\t\t\t\t\t<\/div>\n\t\t<\/section>\n\t\t\t\t<\/div>\n\t\t","protected":false},"excerpt":{"rendered":"<p>Fiscalit\u00e9 pour R\u00e9sident Inhabituel. Le d\u00e9partement juridique de Gold Roof \u2013 Real Estate &amp; Finance a l\u2019expertise et est habilit\u00e9 \u00e0 suivre votre dossier de candidature afin qu\u2019il puisse \u00eatre rempli avec succ\u00e8s et en peu de temps. Avantages concurrentiels pour R\u00e9sident Inhabituel. Imposition sur une p\u00e9riode de 10 ans, \u00e0 une taxe de 20%&#8230;<\/p>\n","protected":false},"author":2,"featured_media":0,"parent":0,"menu_order":0,"comment_status":"closed","ping_status":"closed","template":"","meta":{"content-type":"","om_disable_all_campaigns":false,"slim_seo":{"title":"Avantages fiscaux - Gold Roof","description":"Fiscalit\u00e9 pour R\u00e9sident Inhabituel. Le d\u00e9partement juridique de Gold Roof \u2013 Real Estate &amp; Finance a l\u2019expertise et est habilit\u00e9 \u00e0 suivre votre dossier de ca"},"footnotes":""},"class_list":["post-6135","page","type-page","status-publish","hentry"],"aioseo_notices":[],"_links":{"self":[{"href":"https:\/\/goldroof.pt\/fr\/wp-json\/wp\/v2\/pages\/6135","targetHints":{"allow":["GET"]}}],"collection":[{"href":"https:\/\/goldroof.pt\/fr\/wp-json\/wp\/v2\/pages"}],"about":[{"href":"https:\/\/goldroof.pt\/fr\/wp-json\/wp\/v2\/types\/page"}],"author":[{"embeddable":true,"href":"https:\/\/goldroof.pt\/fr\/wp-json\/wp\/v2\/users\/2"}],"replies":[{"embeddable":true,"href":"https:\/\/goldroof.pt\/fr\/wp-json\/wp\/v2\/comments?post=6135"}],"version-history":[{"count":0,"href":"https:\/\/goldroof.pt\/fr\/wp-json\/wp\/v2\/pages\/6135\/revisions"}],"wp:attachment":[{"href":"https:\/\/goldroof.pt\/fr\/wp-json\/wp\/v2\/media?parent=6135"}],"curies":[{"name":"wp","href":"https:\/\/api.w.org\/{rel}","templated":true}]}}