{"id":6051,"date":"2020-04-21T04:18:34","date_gmt":"2020-04-21T03:18:34","guid":{"rendered":"https:\/\/goldroof.pt\/rgpd\/"},"modified":"2020-04-21T04:18:35","modified_gmt":"2020-04-21T03:18:35","slug":"rgpd","status":"publish","type":"page","link":"https:\/\/goldroof.pt\/fr\/rgpd\/","title":{"rendered":"RGPD"},"content":{"rendered":"\t\t<div data-elementor-type=\"wp-page\" data-elementor-id=\"6051\" class=\"elementor elementor-6051 elementor-5276\">\n\t\t\t\t\t\t<section class=\"elementor-section elementor-top-section elementor-element elementor-element-e0ee606 elementor-section-boxed elementor-section-height-default elementor-section-height-default\" data-id=\"e0ee606\" data-element_type=\"section\" data-e-type=\"section\">\n\t\t\t\t\t\t<div class=\"elementor-container elementor-column-gap-default\">\n\t\t\t\t\t<div class=\"elementor-column elementor-col-100 elementor-top-column elementor-element elementor-element-251bb49\" data-id=\"251bb49\" data-element_type=\"column\" data-e-type=\"column\">\n\t\t\t<div class=\"elementor-widget-wrap elementor-element-populated\">\n\t\t\t\t\t\t<div class=\"elementor-element elementor-element-fa91f07 elementor-widget elementor-widget-text-editor\" data-id=\"fa91f07\" data-element_type=\"widget\" data-e-type=\"widget\" data-widget_type=\"text-editor.default\">\n\t\t\t\t<div class=\"elementor-widget-container\">\n\t\t\t\t\t\t\t\t\t<p><span lang=\"fr-FR\">La protection d\u2019information des utilisateurs de notre website, appartenant \u00e0 Gold Roof \u2013 Real Estate &amp; Finance, est de la plus haute importance. Notre website respecte le r\u00e9gime de protection d\u2019information, notamment le r\u00e8glement Portuguaise (UE) 2016\/679 du Parlement europ\u00e9en et du Conseil du 27\u00a0avril\u00a02016 (\u201cRGPD\u201d).<\/p>\n<p>Notre website peut contenir des liens vers d\u2019autres websites ou ne sommes pas responsables. L\u2019Utilisateur doit consulter les politiques de confidentialit\u00e9 de ces websites.<\/p>\n<p>La soci\u00e9t\u00e9 respecte l\u2019information priv\u00e9e de l\u2019utilisateur et traite cette information personnelle en conformit\u00e9 avec la l\u00e9gislation en cours. Les informations recueillies sur le website ne sont pas trait\u00e9es \u00e0 d\u2019autres fins que celles mentionn\u00e9es initialement. La politique de protection des informations peut \u00eatre modifi\u00e9e, notamment pour inclure des modifications l\u00e9gislatives obligatoires.<\/p>\n<p>Objectif de la collecte d\u2019informations de l\u2019utilisateur<br \/>\nLes informations recueillies pour divers formulaires sur le website sont exclusivement destin\u00e9es au traitement des demandes d\u2019information et au contact avec l\u2019utilisateur. Les informations demand\u00e9es ou fournies volontairement par l\u2019utilisateur, le nom, adresse, num\u00e9ro de t\u00e9l\u00e9phone et\/ou mobile, adresse e-mail, observations et\/ou commentaires ne seront pas utilis\u00e9s pour tout autre traitement que celui pr\u00e9vu initialement. Toutes les informations recueillies seront utilis\u00e9es par notre entreprise. Nous ne fournissons pas des informations de l\u2019utilisateur \u00e0 autres entreprises.<\/span><\/p>\n<p><span lang=\"fr-FR\">Qui a acc\u00e8s aux informations de l\u2019utilisateur.\u00a0Responsable du traitement des informations<br \/>\nNotre entreprise ne peut divulguer les informations de l\u2019utilisateur qu\u2019avec le consentement de l\u2019utilisateur, sauf si la loi l\u2019exige.\u00a0L\u2019entreprise est la responsable du traitement de l\u2019information.<br \/>\nl\u2019utilisateur peau contacter le responsable du traitement par les suivants moyens :<br \/>\nPour le formulaire de contact dans la zone de contacts<br \/>\nEn envoyant un e-mail \u00e0 <\/span><span style=\"color: #0563c1;\"><u><a href=\"mailto:geral@goldroof.pt\"><span lang=\"fr-FR\">geral@goldroof.pt<\/span><\/a><\/u><\/span><\/p>\n<p><span lang=\"fr-FR\"><br \/>\nGarder les informations de l\u2019utilisateur<br \/>\nL\u2019information de l\u2019utilisateur est stock\u00e9e sur un web serveur s\u00e9cure, situ\u00e9 dans l\u2019Union europ\u00e9enne et utilis\u00e9 exclusivement par notre l\u2019entreprise.\u00a0Les informations sont stock\u00e9es dans une base d\u2019information cr\u00e9\u00e9e \u00e0 cet effet.\u00a0Ce web serveur \u00e0 des normes de protection \u00e9lev\u00e9es en conformit\u00e9 avec la l\u00e9gislation en cours en concernant de la protection des informations prives. \u00a0L\u2019utilisateur peau demander \u00e0 tout moment le droit de supprimer leur information de la base d\u2019information de l\u2019entreprise. Pour \u00e7a Il doit communiquer par e-mail \u00e0 geral@goldroof.pt.<\/span><\/p>\n<p><span lang=\"fr-FR\">Temps de stockage des informations de l\u2019utilisateur<br \/>\nLe temp pendant lequel les informations sont stock\u00e9es varie en fonction de l\u2019utilisation des m\u00eames.\u00a0En conformit\u00e9 avec toutes les exigences l\u00e9gales en cours et futures, les informations seront stock\u00e9es pendant le temps minimale n\u00e9cessaire \u00e0 la finalit\u00e9 \u00e0 laquelle elles ont \u00e9t\u00e9 destin\u00e9es au moment o\u00f9 les informations ont \u00e9t\u00e9 fournies.<\/p>\n<p>Droits de l\u2019utilisateur<br \/>\nL\u2019utilisateur est le titulaire des informations fournies.\u00a0Il peau acc\u00e9der \u00e0 leur information \u00e0 tout moment et demander la modification, la rectification, la mise \u00e0 jour, la suppression, la limitation ou le retrait d\u00e9finitif de leur consentement.\u00a0Pour cela, il suffit d\u2019envoyer un e-mail \u00e0 <\/span><span style=\"color: #0563c1;\"><u><a href=\"mailto:geral@goldroof.pt\"><span lang=\"fr-FR\">geral@goldroof.pt<\/span><\/a><\/u><\/span><span lang=\"fr-FR\"> pour demander ce qu\u2019il souhaite faire.<\/span><\/p>\n<p><span lang=\"fr-FR\">Pour des autres informations, s\u2019il vous pla\u00eet contacter pour e-mail <\/span><span style=\"color: #0563c1;\"><u><a href=\"mailto:geral@goldroof.pt\"><span lang=\"fr-FR\">geral@goldroof.pt<\/span><\/a><\/u><\/span><span lang=\"fr-FR\"> ou consulter la l\u00e9gislation Portugaise \u201cL\u00e9gislation de protection d\u2019information et person\u00e9s \u2013 Loy n\u00ba 67\/98 \u2013 Journal de la R\u00e9publique n\u00ba 247\/1998, S\u00e9rie I-A de 1998-10-26 R\u00e9voqu\u00e9\u201c ; link <\/span><span style=\"color: #0563c1;\"><u><a href=\"https:\/\/data.dre.pt\/eli\/lei\/67\/1998\/p\/cons\/20190808\/pt\/html\"><span lang=\"fr-FR\">https:\/\/data.dre.pt\/eli\/lei\/67\/1998\/p\/cons\/20190808\/pt\/html<\/span><\/a><\/u><\/span><\/p>\n\t\t\t\t\t\t\t\t<\/div>\n\t\t\t\t<\/div>\n\t\t\t\t\t<\/div>\n\t\t<\/div>\n\t\t\t\t\t<\/div>\n\t\t<\/section>\n\t\t\t\t<\/div>\n\t\t","protected":false},"excerpt":{"rendered":"<p>La protection d\u2019information des utilisateurs de notre website, appartenant \u00e0 Gold Roof \u2013 Real Estate &amp; Finance, est de la plus haute importance. Notre website respecte le r\u00e9gime de protection d\u2019information, notamment le r\u00e8glement Portuguaise (UE) 2016\/679 du Parlement europ\u00e9en et du Conseil du 27\u00a0avril\u00a02016 (\u201cRGPD\u201d). Notre website peut contenir des liens vers d\u2019autres websites&#8230;<\/p>\n","protected":false},"author":2,"featured_media":0,"parent":0,"menu_order":0,"comment_status":"closed","ping_status":"closed","template":"","meta":{"content-type":"","om_disable_all_campaigns":false,"slim_seo":{"title":"RGPD - Gold Roof","description":"La protection d\u2019information des utilisateurs de notre website, appartenant \u00e0 Gold Roof \u2013 Real Estate &amp; Finance, est de la plus haute importance. Notre websi"},"footnotes":""},"class_list":["post-6051","page","type-page","status-publish","hentry"],"aioseo_notices":[],"_links":{"self":[{"href":"https:\/\/goldroof.pt\/fr\/wp-json\/wp\/v2\/pages\/6051","targetHints":{"allow":["GET"]}}],"collection":[{"href":"https:\/\/goldroof.pt\/fr\/wp-json\/wp\/v2\/pages"}],"about":[{"href":"https:\/\/goldroof.pt\/fr\/wp-json\/wp\/v2\/types\/page"}],"author":[{"embeddable":true,"href":"https:\/\/goldroof.pt\/fr\/wp-json\/wp\/v2\/users\/2"}],"replies":[{"embeddable":true,"href":"https:\/\/goldroof.pt\/fr\/wp-json\/wp\/v2\/comments?post=6051"}],"version-history":[{"count":0,"href":"https:\/\/goldroof.pt\/fr\/wp-json\/wp\/v2\/pages\/6051\/revisions"}],"wp:attachment":[{"href":"https:\/\/goldroof.pt\/fr\/wp-json\/wp\/v2\/media?parent=6051"}],"curies":[{"name":"wp","href":"https:\/\/api.w.org\/{rel}","templated":true}]}}