{"id":5985,"date":"2020-04-21T03:35:02","date_gmt":"2020-04-21T02:35:02","guid":{"rendered":"https:\/\/goldroof.pt\/mudar-para-portugal\/"},"modified":"2025-03-06T20:22:53","modified_gmt":"2025-03-06T20:22:53","slug":"mudar-para-portugal","status":"publish","type":"page","link":"https:\/\/goldroof.pt\/fr\/mudar-para-portugal\/","title":{"rendered":"Mudar para Portugal"},"content":{"rendered":"\t\t<div data-elementor-type=\"wp-page\" data-elementor-id=\"5985\" class=\"elementor elementor-5985 elementor-5369\">\n\t\t\t\t\t\t<section class=\"elementor-section elementor-top-section elementor-element elementor-element-21e81b2 elementor-section-boxed elementor-section-height-default elementor-section-height-default\" data-id=\"21e81b2\" data-element_type=\"section\" data-e-type=\"section\">\n\t\t\t\t\t\t<div class=\"elementor-container elementor-column-gap-default\">\n\t\t\t\t\t<div class=\"elementor-column elementor-col-100 elementor-top-column elementor-element elementor-element-f9879a6\" data-id=\"f9879a6\" data-element_type=\"column\" data-e-type=\"column\">\n\t\t\t<div class=\"elementor-widget-wrap elementor-element-populated\">\n\t\t\t\t\t\t<div class=\"elementor-element elementor-element-82d9a2b elementor-widget elementor-widget-heading\" data-id=\"82d9a2b\" data-element_type=\"widget\" data-e-type=\"widget\" data-widget_type=\"heading.default\">\n\t\t\t\t<div class=\"elementor-widget-container\">\n\t\t\t\t\t<h2 class=\"elementor-heading-title elementor-size-default\">Requisitos de entrada em Portugal.<\/h2>\t\t\t\t<\/div>\n\t\t\t\t<\/div>\n\t\t\t\t\t<\/div>\n\t\t<\/div>\n\t\t\t\t\t<\/div>\n\t\t<\/section>\n\t\t\t\t<section class=\"elementor-section elementor-top-section elementor-element elementor-element-0c65772 elementor-section-boxed elementor-section-height-default elementor-section-height-default\" data-id=\"0c65772\" data-element_type=\"section\" data-e-type=\"section\">\n\t\t\t\t\t\t<div class=\"elementor-container elementor-column-gap-default\">\n\t\t\t\t\t<div class=\"elementor-column elementor-col-100 elementor-top-column elementor-element elementor-element-1a1a8a9\" data-id=\"1a1a8a9\" data-element_type=\"column\" data-e-type=\"column\">\n\t\t\t<div class=\"elementor-widget-wrap elementor-element-populated\">\n\t\t\t\t\t\t<div class=\"elementor-element elementor-element-42f092a elementor-widget elementor-widget-text-editor\" data-id=\"42f092a\" data-element_type=\"widget\" data-e-type=\"widget\" data-widget_type=\"text-editor.default\">\n\t\t\t\t<div class=\"elementor-widget-container\">\n\t\t\t\t\t\t\t\t\t<p>A entrada em Portugal de cidad\u00e3os estrangeiros de pa\u00edses terceiros \u00e9 definida pelo motivo da estada e pelo tempo de perman\u00eancia. Para estadas de curta dura\u00e7\u00e3o, o cidad\u00e3o estrangeiro deve cumprir as regras Schengen. Para estadas de longa dura\u00e7\u00e3o, superiores a 3 meses, deve cumprir a legisla\u00e7\u00e3o nacional em vigor.<\/p>\n\t\t\t\t\t\t\t\t<\/div>\n\t\t\t\t<\/div>\n\t\t\t\t\t<\/div>\n\t\t<\/div>\n\t\t\t\t\t<\/div>\n\t\t<\/section>\n\t\t\t\t<section class=\"elementor-section elementor-top-section elementor-element elementor-element-832d9b0 elementor-section-boxed elementor-section-height-default elementor-section-height-default\" data-id=\"832d9b0\" data-element_type=\"section\" data-e-type=\"section\">\n\t\t\t\t\t\t<div class=\"elementor-container elementor-column-gap-default\">\n\t\t\t\t\t<div class=\"elementor-column elementor-col-50 elementor-top-column elementor-element elementor-element-02c0ed6\" data-id=\"02c0ed6\" data-element_type=\"column\" data-e-type=\"column\">\n\t\t\t<div class=\"elementor-widget-wrap elementor-element-populated\">\n\t\t\t\t\t\t<div class=\"elementor-element elementor-element-7eeb31a elementor-widget elementor-widget-image\" data-id=\"7eeb31a\" data-element_type=\"widget\" data-e-type=\"widget\" data-widget_type=\"image.default\">\n\t\t\t\t<div class=\"elementor-widget-container\">\n\t\t\t\t\t\t\t\t\t\t\t\t\t\t\t<img fetchpriority=\"high\" decoding=\"async\" width=\"828\" height=\"981\" src=\"https:\/\/goldroof.pt\/wp-content\/uploads\/2020\/03\/pngwave-15-864x1024.png\" class=\"attachment-large size-large wp-image-5990\" alt=\"Pngwave (15)\" srcset=\"https:\/\/goldroof.pt\/wp-content\/uploads\/2020\/03\/pngwave-15-864x1024.png 864w, https:\/\/goldroof.pt\/wp-content\/uploads\/2020\/03\/pngwave-15-253x300.png 253w, https:\/\/goldroof.pt\/wp-content\/uploads\/2020\/03\/pngwave-15-768x911.png 768w, https:\/\/goldroof.pt\/wp-content\/uploads\/2020\/03\/pngwave-15-127x150.png 127w, https:\/\/goldroof.pt\/wp-content\/uploads\/2020\/03\/pngwave-15.png 975w\" sizes=\"(max-width: 828px) 100vw, 828px\" \/>\t\t\t\t\t\t\t\t\t\t\t\t\t\t\t<\/div>\n\t\t\t\t<\/div>\n\t\t\t\t\t<\/div>\n\t\t<\/div>\n\t\t\t\t<div class=\"elementor-column elementor-col-50 elementor-top-column elementor-element elementor-element-57d8ada\" data-id=\"57d8ada\" data-element_type=\"column\" data-e-type=\"column\">\n\t\t\t<div class=\"elementor-widget-wrap elementor-element-populated\">\n\t\t\t\t\t\t<div class=\"elementor-element elementor-element-f984195 elementor-widget elementor-widget-text-editor\" data-id=\"f984195\" data-element_type=\"widget\" data-e-type=\"widget\" data-widget_type=\"text-editor.default\">\n\t\t\t\t<div class=\"elementor-widget-container\">\n\t\t\t\t\t\t\t\t\t<p>Se pretender visitar Portugal para efeitos de turismo, caso seja nacional de um\u00a0<span style=\"color: #0563c1;\"><span style=\"color: #000000;\"><a href=\"http:\/\/www.secomunidades.pt\/vistos\/index.php?option=com_content&amp;view=article&amp;id=215%3Anacionalidades-com-obrigatoriedade-de-visto&amp;catid=39&amp;Itemid=97&amp;lang=pt\" target=\"_blank\" rel=\"noopener\">pa\u00eds sujeito \u00e0 obriga\u00e7\u00e3o de visto\u00a0<\/a><a href=\"http:\/\/www.secomunidades.pt\/vistos\/index.php?option=com_content&amp;view=article&amp;id=153&amp;Itemid=97&amp;lang=pt\" target=\"_blank\" rel=\"noopener\">de entrada no espa\u00e7o Schengen<\/a><\/span><\/span>, deve solicitar um\u00a0<span style=\"color: #0563c1;\"><a href=\"http:\/\/www.secomunidades.pt\/vistos\/index.php?option=com_content&amp;view=article&amp;id=105%3Avistos-de-curta-duracao&amp;catid=40&amp;Itemid=97&amp;lang=pt\" target=\"_blank\" rel=\"noopener\"><span style=\"color: #000000;\">visto Schengen<\/span><\/a><\/span>.<\/p><p>Para al\u00e9m do turismo, o visto Schengen permite ainda a entrada em Portugal, at\u00e9 um per\u00edodo de 90 dias, a cidad\u00e3os estrangeiros que viagem por motivos profissionais profissional e neg\u00f3cios, familiar, cient\u00edfico, cultural, desportivo, pol\u00edtico ou religioso.<\/p><p>Todos os cidad\u00e3os estrangeiros que pretendam permanecer em Portugal por um per\u00edodo at\u00e9 um ano, ou estabelecer a sua resid\u00eancia por mais de um ano, devem solicitar o respetivo visto de longa dura\u00e7\u00e3o,\u00a0<span style=\"color: #0563c1;\"><a href=\"http:\/\/www.secomunidades.pt\/vistos\/index.php?option=com_content&amp;view=article&amp;id=152&amp;Itemid=96&amp;lang=pt\" target=\"_blank\" rel=\"noopener\"><span style=\"color: #000000;\">Estada Tempor\u00e1ria<\/span><\/a><\/span>\u00a0ou\u00a0<span style=\"color: #0563c1;\"><a href=\"http:\/\/www.secomunidades.pt\/vistos\/index.php?option=com_content&amp;view=article&amp;id=112%3Avistos-de-residencia&amp;catid=42&amp;Itemid=96&amp;lang=pt\" target=\"_blank\" rel=\"noopener\"><span style=\"color: #000000;\">Resid\u00eancia<\/span><\/a><\/span>.<\/p>\t\t\t\t\t\t\t\t<\/div>\n\t\t\t\t<\/div>\n\t\t\t\t\t<\/div>\n\t\t<\/div>\n\t\t\t\t\t<\/div>\n\t\t<\/section>\n\t\t\t\t<section class=\"elementor-section elementor-top-section elementor-element elementor-element-1edeeb7 elementor-section-boxed elementor-section-height-default elementor-section-height-default\" data-id=\"1edeeb7\" data-element_type=\"section\" data-e-type=\"section\">\n\t\t\t\t\t\t<div class=\"elementor-container elementor-column-gap-default\">\n\t\t\t\t\t<div class=\"elementor-column elementor-col-100 elementor-top-column elementor-element elementor-element-0d52d8a\" data-id=\"0d52d8a\" data-element_type=\"column\" data-e-type=\"column\">\n\t\t\t<div class=\"elementor-widget-wrap elementor-element-populated\">\n\t\t\t\t\t\t<div class=\"elementor-element elementor-element-1250000 elementor-widget elementor-widget-text-editor\" data-id=\"1250000\" data-element_type=\"widget\" data-e-type=\"widget\" data-widget_type=\"text-editor.default\">\n\t\t\t\t<div class=\"elementor-widget-container\">\n\t\t\t\t\t\t\t\t\t<p>Podem ser solicitados vistos para os seguintes efeitos:<\/p>\n<p>investimento, trabalho (subordinado ou independente), estudo, forma\u00e7\u00e3o profissional, investiga\u00e7\u00e3o, trabalho ou doc\u00eancia altamente qualificada, forma\u00e7\u00e3o religiosa, reforma e tratamento m\u00e9dico.<\/p>\n\t\t\t\t\t\t\t\t<\/div>\n\t\t\t\t<\/div>\n\t\t\t\t\t<\/div>\n\t\t<\/div>\n\t\t\t\t\t<\/div>\n\t\t<\/section>\n\t\t\t\t<section class=\"elementor-section elementor-top-section elementor-element elementor-element-8e923b2 elementor-section-boxed elementor-section-height-default elementor-section-height-default\" data-id=\"8e923b2\" data-element_type=\"section\" data-e-type=\"section\">\n\t\t\t\t\t\t<div class=\"elementor-container elementor-column-gap-default\">\n\t\t\t\t\t<div class=\"elementor-column elementor-col-100 elementor-top-column elementor-element elementor-element-d0807c9\" data-id=\"d0807c9\" data-element_type=\"column\" data-e-type=\"column\">\n\t\t\t<div class=\"elementor-widget-wrap elementor-element-populated\">\n\t\t\t\t\t\t<div class=\"elementor-element elementor-element-fa32a34 elementor-widget elementor-widget-text-editor\" data-id=\"fa32a34\" data-element_type=\"widget\" data-e-type=\"widget\" data-widget_type=\"text-editor.default\">\n\t\t\t\t<div class=\"elementor-widget-container\">\n\t\t\t\t\t\t\t\t\t<p>Est\u00e3o exclu\u00eddos dos procedimentos de vistos de longa dura\u00e7\u00e3o todos os nacionais de Estados Membros da Uni\u00e3o Europeia, de Estados parte no Espa\u00e7o Econ\u00f3mico Europeu (EEE), de um Estado com quem a Comunidade Europeia tenha um acordo de livre circula\u00e7\u00e3o, nacionais de Estados terceiros familiares de cidad\u00e3o portugu\u00eas ou familiares de cidad\u00e3os UE e EEE. Todos estes requerentes apenas t\u00eam que ser portadores, no momento da entrada em Portugal, de visto Schengen, se aplic\u00e1vel, e de efetuar o seu registo junto do Servi\u00e7o de Estrangeiros e Fronteiras.<\/p>\n\t\t\t\t\t\t\t\t<\/div>\n\t\t\t\t<\/div>\n\t\t\t\t\t<\/div>\n\t\t<\/div>\n\t\t\t\t\t<\/div>\n\t\t<\/section>\n\t\t\t\t<section class=\"elementor-section elementor-top-section elementor-element elementor-element-ba17f12 elementor-section-boxed elementor-section-height-default elementor-section-height-default\" data-id=\"ba17f12\" data-element_type=\"section\" data-e-type=\"section\">\n\t\t\t\t\t\t<div class=\"elementor-container elementor-column-gap-default\">\n\t\t\t\t\t<div class=\"elementor-column elementor-col-100 elementor-top-column elementor-element elementor-element-f207a96\" data-id=\"f207a96\" data-element_type=\"column\" data-e-type=\"column\">\n\t\t\t<div class=\"elementor-widget-wrap elementor-element-populated\">\n\t\t\t\t\t\t<div class=\"elementor-element elementor-element-8304359 elementor-widget elementor-widget-heading\" data-id=\"8304359\" data-element_type=\"widget\" data-e-type=\"widget\" data-widget_type=\"heading.default\">\n\t\t\t\t<div class=\"elementor-widget-container\">\n\t\t\t\t\t<h3 class=\"elementor-heading-title elementor-size-default\">Requisitos para resid\u00eancia em Portugal.<\/h3>\t\t\t\t<\/div>\n\t\t\t\t<\/div>\n\t\t\t\t\t<\/div>\n\t\t<\/div>\n\t\t\t\t\t<\/div>\n\t\t<\/section>\n\t\t\t\t<section class=\"elementor-section elementor-top-section elementor-element elementor-element-9e23180 elementor-section-boxed elementor-section-height-default elementor-section-height-default\" data-id=\"9e23180\" data-element_type=\"section\" data-e-type=\"section\">\n\t\t\t\t\t\t<div class=\"elementor-container elementor-column-gap-default\">\n\t\t\t\t\t<div class=\"elementor-column elementor-col-50 elementor-top-column elementor-element elementor-element-e9de815\" data-id=\"e9de815\" data-element_type=\"column\" data-e-type=\"column\">\n\t\t\t<div class=\"elementor-widget-wrap elementor-element-populated\">\n\t\t\t\t\t\t<div class=\"elementor-element elementor-element-13cf848 elementor-widget elementor-widget-image\" data-id=\"13cf848\" data-element_type=\"widget\" data-e-type=\"widget\" data-widget_type=\"image.default\">\n\t\t\t\t<div class=\"elementor-widget-container\">\n\t\t\t\t\t\t\t\t\t\t\t\t\t\t\t<img decoding=\"async\" width=\"497\" height=\"1024\" src=\"https:\/\/goldroof.pt\/wp-content\/uploads\/2020\/04\/pngwave-21-497x1024.png\" class=\"attachment-large size-large wp-image-5987\" alt=\"Pngwave (21)\" srcset=\"https:\/\/goldroof.pt\/wp-content\/uploads\/2020\/04\/pngwave-21-497x1024.png 497w, https:\/\/goldroof.pt\/wp-content\/uploads\/2020\/04\/pngwave-21-146x300.png 146w, https:\/\/goldroof.pt\/wp-content\/uploads\/2020\/04\/pngwave-21-73x150.png 73w, https:\/\/goldroof.pt\/wp-content\/uploads\/2020\/04\/pngwave-21-e1586840451470.png 388w\" sizes=\"(max-width: 497px) 100vw, 497px\" \/>\t\t\t\t\t\t\t\t\t\t\t\t\t\t\t<\/div>\n\t\t\t\t<\/div>\n\t\t\t\t\t<\/div>\n\t\t<\/div>\n\t\t\t\t<div class=\"elementor-column elementor-col-50 elementor-top-column elementor-element elementor-element-20c214a\" data-id=\"20c214a\" data-element_type=\"column\" data-e-type=\"column\">\n\t\t\t<div class=\"elementor-widget-wrap elementor-element-populated\">\n\t\t\t\t\t\t<div class=\"elementor-element elementor-element-71279d7 elementor-widget elementor-widget-text-editor\" data-id=\"71279d7\" data-element_type=\"widget\" data-e-type=\"widget\" data-widget_type=\"text-editor.default\">\n\t\t\t\t<div class=\"elementor-widget-container\">\n\t\t\t\t\t\t\t\t\t<p>Se \u00e9 cidad\u00e3o de um pa\u00eds pertencente \u00e1 Uni\u00e3o Europeia, da Isl\u00e2ndia, Liechtenstein, Noruega ou Su\u00ed\u00e7a\u00a0e caso permane\u00e7a por um per\u00edodo superior a tr\u00eas meses em Portugal, dever\u00e1 solicitar, um\u00a0Certificado de Registo, documento que formaliza o direito de resid\u00eancia em Portugal.<\/p>\n<p>Ap\u00f3s cinco anos seguidos como titular do Certificado de Registo, poder\u00e1 solicitar o\u00a0Certificado de Resid\u00eancia Permanente.<\/p>\n<p>Se \u00e9 cidad\u00e3o de um\u00a0<span style=\"color: #0563c1;\"><a href=\"http:\/\/www.secomunidades.pt\/vistos\/index.php?option=com_content&amp;view=article&amp;id=215:nacionalidades-com-obrigatoriedade-de-visto&amp;catid=39&amp;Itemid=97&amp;lang=pt\" target=\"_blank\" rel=\"noopener\"><span style=\"color: #000000;\">Estado Terceiro<\/span><\/a><\/span>, caso pretenda fixar resid\u00eancia em Portugal, dever\u00e1 ser titular de\u00a0<span style=\"color: #0563c1;\"><a href=\"http:\/\/www.secomunidades.pt\/vistos\/index.php?option=com_content&amp;view=article&amp;id=112%3Avistos-de-residencia&amp;catid=42&amp;Itemid=96&amp;lang=pt\" target=\"_blank\" rel=\"noopener\"><span style=\"color: #000000;\">visto de resid\u00eancia<\/span><\/a><\/span>\u00a0adequado \u00e0 finalidade pretendida. Este visto permite a entrada em territ\u00f3rio Portugu\u00eas para que possa solicitar a\u00a0autoriza\u00e7\u00e3o de resid\u00eancia.<\/p>\n<p>Sem preju\u00edzo das disposi\u00e7\u00f5es legais especiais aplic\u00e1veis, a\u00a0autoriza\u00e7\u00e3o de resid\u00eancia tempor\u00e1ria\u00a0\u00e9 v\u00e1lida pelo per\u00edodo de um ano, contado a partir da data da emiss\u00e3o do respetivo t\u00edtulo, sendo renov\u00e1vel por per\u00edodos sucessivos de dois anos. Ao fim de cinco anos de resid\u00eancia tempor\u00e1ria, os titulares podem requerer autoriza\u00e7\u00e3o de resid\u00eancia permanente.<\/p>\n\t\t\t\t\t\t\t\t<\/div>\n\t\t\t\t<\/div>\n\t\t\t\t\t<\/div>\n\t\t<\/div>\n\t\t\t\t\t<\/div>\n\t\t<\/section>\n\t\t\t\t<section class=\"elementor-section elementor-top-section elementor-element elementor-element-5cdb719 elementor-section-boxed elementor-section-height-default elementor-section-height-default\" data-id=\"5cdb719\" data-element_type=\"section\" data-e-type=\"section\">\n\t\t\t\t\t\t<div class=\"elementor-container elementor-column-gap-default\">\n\t\t\t\t\t<div class=\"elementor-column elementor-col-100 elementor-top-column elementor-element elementor-element-e4fc503\" data-id=\"e4fc503\" data-element_type=\"column\" data-e-type=\"column\">\n\t\t\t<div class=\"elementor-widget-wrap elementor-element-populated\">\n\t\t\t\t\t\t<div class=\"elementor-element elementor-element-0231237 elementor-widget elementor-widget-heading\" data-id=\"0231237\" data-element_type=\"widget\" data-e-type=\"widget\" data-widget_type=\"heading.default\">\n\t\t\t\t<div class=\"elementor-widget-container\">\n\t\t\t\t\t<h3 class=\"elementor-heading-title elementor-size-default\">Cidad\u00e3os provenientes do Reino unido dever\u00e3o obter informa\u00e7\u00e3o ajustada a sua situa\u00e7\u00e3o.<\/h3>\t\t\t\t<\/div>\n\t\t\t\t<\/div>\n\t\t\t\t\t<\/div>\n\t\t<\/div>\n\t\t\t\t\t<\/div>\n\t\t<\/section>\n\t\t\t\t<section class=\"elementor-section elementor-top-section elementor-element elementor-element-8c667cd elementor-section-boxed elementor-section-height-default elementor-section-height-default\" data-id=\"8c667cd\" data-element_type=\"section\" data-e-type=\"section\">\n\t\t\t\t\t\t<div class=\"elementor-container elementor-column-gap-default\">\n\t\t\t\t\t<div class=\"elementor-column elementor-col-100 elementor-top-column elementor-element elementor-element-2c8e1f4\" data-id=\"2c8e1f4\" data-element_type=\"column\" data-e-type=\"column\">\n\t\t\t<div class=\"elementor-widget-wrap elementor-element-populated\">\n\t\t\t\t\t\t<div class=\"elementor-element elementor-element-d37470e elementor-widget elementor-widget-heading\" data-id=\"d37470e\" data-element_type=\"widget\" data-e-type=\"widget\" data-widget_type=\"heading.default\">\n\t\t\t\t<div class=\"elementor-widget-container\">\n\t\t\t\t\t<h4 class=\"elementor-heading-title elementor-size-default\">A Gold Roof \u2013 Real Estate &amp; Finance n\u00e3o \u00e9 respons\u00e1vel por altera\u00e7\u00f5es a legisla\u00e7\u00e3o Portuguesa<\/h4>\t\t\t\t<\/div>\n\t\t\t\t<\/div>\n\t\t\t\t\t<\/div>\n\t\t<\/div>\n\t\t\t\t\t<\/div>\n\t\t<\/section>\n\t\t\t\t<\/div>\n\t\t","protected":false},"excerpt":{"rendered":"<p>Requisitos de entrada em Portugal. A entrada em Portugal de cidad\u00e3os estrangeiros de pa\u00edses terceiros \u00e9 definida pelo motivo da estada e pelo tempo de perman\u00eancia. Para estadas de curta dura\u00e7\u00e3o, o cidad\u00e3o estrangeiro deve cumprir as regras Schengen. Para estadas de longa dura\u00e7\u00e3o, superiores a 3 meses, deve cumprir a legisla\u00e7\u00e3o nacional em vigor&#8230;.<\/p>\n","protected":false},"author":2,"featured_media":0,"parent":0,"menu_order":0,"comment_status":"closed","ping_status":"closed","template":"","meta":{"content-type":"","om_disable_all_campaigns":false,"slim_seo":{"title":"Mudar para Portugal - Gold Roof","description":"Requisitos de entrada em Portugal. A entrada em Portugal de cidad\u00e3os estrangeiros de pa\u00edses terceiros \u00e9 definida pelo motivo da estada e pelo tempo de perman\u00eanc"},"footnotes":""},"class_list":["post-5985","page","type-page","status-publish","hentry"],"aioseo_notices":[],"_links":{"self":[{"href":"https:\/\/goldroof.pt\/fr\/wp-json\/wp\/v2\/pages\/5985","targetHints":{"allow":["GET"]}}],"collection":[{"href":"https:\/\/goldroof.pt\/fr\/wp-json\/wp\/v2\/pages"}],"about":[{"href":"https:\/\/goldroof.pt\/fr\/wp-json\/wp\/v2\/types\/page"}],"author":[{"embeddable":true,"href":"https:\/\/goldroof.pt\/fr\/wp-json\/wp\/v2\/users\/2"}],"replies":[{"embeddable":true,"href":"https:\/\/goldroof.pt\/fr\/wp-json\/wp\/v2\/comments?post=5985"}],"version-history":[{"count":3,"href":"https:\/\/goldroof.pt\/fr\/wp-json\/wp\/v2\/pages\/5985\/revisions"}],"predecessor-version":[{"id":15953,"href":"https:\/\/goldroof.pt\/fr\/wp-json\/wp\/v2\/pages\/5985\/revisions\/15953"}],"wp:attachment":[{"href":"https:\/\/goldroof.pt\/fr\/wp-json\/wp\/v2\/media?parent=5985"}],"curies":[{"name":"wp","href":"https:\/\/api.w.org\/{rel}","templated":true}]}}