{"id":5977,"date":"2020-04-21T03:28:48","date_gmt":"2020-04-21T02:28:48","guid":{"rendered":"https:\/\/goldroof.pt\/demenager-au-portugal\/"},"modified":"2020-04-27T02:48:36","modified_gmt":"2020-04-27T01:48:36","slug":"demenager-au-portugal","status":"publish","type":"page","link":"https:\/\/goldroof.pt\/fr\/demenager-au-portugal\/","title":{"rendered":"D\u00e9m\u00e9nager au Portugal"},"content":{"rendered":"\t\t<div data-elementor-type=\"wp-page\" data-elementor-id=\"5977\" class=\"elementor elementor-5977 elementor-5369\">\n\t\t\t\t\t\t<section class=\"elementor-section elementor-top-section elementor-element elementor-element-21e81b2 elementor-section-boxed elementor-section-height-default elementor-section-height-default\" data-id=\"21e81b2\" data-element_type=\"section\" data-e-type=\"section\">\n\t\t\t\t\t\t<div class=\"elementor-container elementor-column-gap-default\">\n\t\t\t\t\t<div class=\"elementor-column elementor-col-100 elementor-top-column elementor-element elementor-element-f9879a6\" data-id=\"f9879a6\" data-element_type=\"column\" data-e-type=\"column\">\n\t\t\t<div class=\"elementor-widget-wrap elementor-element-populated\">\n\t\t\t\t\t\t<div class=\"elementor-element elementor-element-82d9a2b elementor-widget elementor-widget-heading\" data-id=\"82d9a2b\" data-element_type=\"widget\" data-e-type=\"widget\" data-widget_type=\"heading.default\">\n\t\t\t\t<div class=\"elementor-widget-container\">\n\t\t\t\t\t<h2 class=\"elementor-heading-title elementor-size-default\">Conditions d\u2019entr\u00e9e au Portugal<\/h2>\t\t\t\t<\/div>\n\t\t\t\t<\/div>\n\t\t\t\t\t<\/div>\n\t\t<\/div>\n\t\t\t\t\t<\/div>\n\t\t<\/section>\n\t\t\t\t<section class=\"elementor-section elementor-top-section elementor-element elementor-element-0c65772 elementor-section-boxed elementor-section-height-default elementor-section-height-default\" data-id=\"0c65772\" data-element_type=\"section\" data-e-type=\"section\">\n\t\t\t\t\t\t<div class=\"elementor-container elementor-column-gap-default\">\n\t\t\t\t\t<div class=\"elementor-column elementor-col-100 elementor-top-column elementor-element elementor-element-1a1a8a9\" data-id=\"1a1a8a9\" data-element_type=\"column\" data-e-type=\"column\">\n\t\t\t<div class=\"elementor-widget-wrap elementor-element-populated\">\n\t\t\t\t\t\t<div class=\"elementor-element elementor-element-42f092a elementor-widget elementor-widget-text-editor\" data-id=\"42f092a\" data-element_type=\"widget\" data-e-type=\"widget\" data-widget_type=\"text-editor.default\">\n\t\t\t\t<div class=\"elementor-widget-container\">\n\t\t\t\t\t\t\t\t\t<p><span lang=\"fr-FR\">L\u2019entr\u00e9e au Portugal de citoyens \u00e9trangers de pays tiers est d\u00e9finie par le motif et la dur\u00e9e du s\u00e9jour.\u00a0Pour les s\u00e9jours de courte dur\u00e9e, le citoyen \u00e9tranger doit s\u2019ajuster aux r\u00e8gles Schengen.\u00a0Pour les s\u00e9jours de plus de 3 mois, vous devez se ajuster \u00e0 la l\u00e9gislation nationale en vigueur.<\/span><\/p>\n\t\t\t\t\t\t\t\t<\/div>\n\t\t\t\t<\/div>\n\t\t\t\t\t<\/div>\n\t\t<\/div>\n\t\t\t\t\t<\/div>\n\t\t<\/section>\n\t\t\t\t<section class=\"elementor-section elementor-top-section elementor-element elementor-element-832d9b0 elementor-section-boxed elementor-section-height-default elementor-section-height-default\" data-id=\"832d9b0\" data-element_type=\"section\" data-e-type=\"section\">\n\t\t\t\t\t\t<div class=\"elementor-container elementor-column-gap-default\">\n\t\t\t\t\t<div class=\"elementor-column elementor-col-50 elementor-top-column elementor-element elementor-element-02c0ed6\" data-id=\"02c0ed6\" data-element_type=\"column\" data-e-type=\"column\">\n\t\t\t<div class=\"elementor-widget-wrap elementor-element-populated\">\n\t\t\t\t\t\t<div class=\"elementor-element elementor-element-7eeb31a elementor-widget elementor-widget-image\" data-id=\"7eeb31a\" data-element_type=\"widget\" data-e-type=\"widget\" data-widget_type=\"image.default\">\n\t\t\t\t<div class=\"elementor-widget-container\">\n\t\t\t\t\t\t\t\t\t\t\t\t\t\t\t<img fetchpriority=\"high\" decoding=\"async\" width=\"828\" height=\"981\" src=\"https:\/\/goldroof.pt\/wp-content\/uploads\/2020\/03\/pngwave-15-864x1024.png\" class=\"attachment-large size-large wp-image-5990\" alt=\"Pngwave (15)\" srcset=\"https:\/\/goldroof.pt\/wp-content\/uploads\/2020\/03\/pngwave-15-864x1024.png 864w, https:\/\/goldroof.pt\/wp-content\/uploads\/2020\/03\/pngwave-15-253x300.png 253w, https:\/\/goldroof.pt\/wp-content\/uploads\/2020\/03\/pngwave-15-768x911.png 768w, https:\/\/goldroof.pt\/wp-content\/uploads\/2020\/03\/pngwave-15-127x150.png 127w, https:\/\/goldroof.pt\/wp-content\/uploads\/2020\/03\/pngwave-15.png 975w\" sizes=\"(max-width: 828px) 100vw, 828px\" \/>\t\t\t\t\t\t\t\t\t\t\t\t\t\t\t<\/div>\n\t\t\t\t<\/div>\n\t\t\t\t\t<\/div>\n\t\t<\/div>\n\t\t\t\t<div class=\"elementor-column elementor-col-50 elementor-top-column elementor-element elementor-element-57d8ada\" data-id=\"57d8ada\" data-element_type=\"column\" data-e-type=\"column\">\n\t\t\t<div class=\"elementor-widget-wrap elementor-element-populated\">\n\t\t\t\t\t\t<div class=\"elementor-element elementor-element-f984195 elementor-widget elementor-widget-text-editor\" data-id=\"f984195\" data-element_type=\"widget\" data-e-type=\"widget\" data-widget_type=\"text-editor.default\">\n\t\t\t\t<div class=\"elementor-widget-container\">\n\t\t\t\t\t\t\t\t\t<p><span lang=\"fr-FR\">Si vous souhaitez visiter Portugal en tourisme, et vous \u00eates citoyen d\u2019un pays soumis \u00e0 l\u2019obligation de visa pour entrer dans l\u2019espace Schengen, vous devez le demander avant de arriver au Portugal.<\/p>\n<p>Apart du tourisme, le visa Schengen permet rester au Portugal, jusqu\u2019\u00e0 90 jours, de citoyens \u00e9trangers qui voyage pour raisons professionnelles et commerciales, famili\u00e8res, scientifiques, culturelles, sportives, politiques ou religieuses.<\/span><\/p>\n<p><span lang=\"fr-FR\">Tout citoyens \u00e9trangers qui souhaite s\u00e9journer au Portugal pour une dur\u00e9e maximale d\u2019un an, ou \u00e9tablir sa r\u00e9sidence pour plus d\u2019un an, doit demander son visa de long s\u00e9jour &#8211; S\u00e9jour Temporaire ou R\u00e9sidence.<\/span><\/p>\n\t\t\t\t\t\t\t\t<\/div>\n\t\t\t\t<\/div>\n\t\t\t\t\t<\/div>\n\t\t<\/div>\n\t\t\t\t\t<\/div>\n\t\t<\/section>\n\t\t\t\t<section class=\"elementor-section elementor-top-section elementor-element elementor-element-1edeeb7 elementor-section-boxed elementor-section-height-default elementor-section-height-default\" data-id=\"1edeeb7\" data-element_type=\"section\" data-e-type=\"section\">\n\t\t\t\t\t\t<div class=\"elementor-container elementor-column-gap-default\">\n\t\t\t\t\t<div class=\"elementor-column elementor-col-100 elementor-top-column elementor-element elementor-element-0d52d8a\" data-id=\"0d52d8a\" data-element_type=\"column\" data-e-type=\"column\">\n\t\t\t<div class=\"elementor-widget-wrap elementor-element-populated\">\n\t\t\t\t\t\t<div class=\"elementor-element elementor-element-1250000 elementor-widget elementor-widget-text-editor\" data-id=\"1250000\" data-element_type=\"widget\" data-e-type=\"widget\" data-widget_type=\"text-editor.default\">\n\t\t\t\t<div class=\"elementor-widget-container\">\n\t\t\t\t\t\t\t\t\t<p><span lang=\"fr-FR\">Des visas peuvent \u00eatre demand\u00e9s pour les fins suivantes\u00a0:<br \/>\ninvestissement, travail (subordonn\u00e9 ou ind\u00e9pendant), \u00e9tude, formation professionnelle, recherche, travail ou enseignement hautement qualifi\u00e9, formation religieuse, retraite et traitement m\u00e9dical.<\/span><\/p>\n\t\t\t\t\t\t\t\t<\/div>\n\t\t\t\t<\/div>\n\t\t\t\t\t<\/div>\n\t\t<\/div>\n\t\t\t\t\t<\/div>\n\t\t<\/section>\n\t\t\t\t<section class=\"elementor-section elementor-top-section elementor-element elementor-element-8e923b2 elementor-section-boxed elementor-section-height-default elementor-section-height-default\" data-id=\"8e923b2\" data-element_type=\"section\" data-e-type=\"section\">\n\t\t\t\t\t\t<div class=\"elementor-container elementor-column-gap-default\">\n\t\t\t\t\t<div class=\"elementor-column elementor-col-100 elementor-top-column elementor-element elementor-element-d0807c9\" data-id=\"d0807c9\" data-element_type=\"column\" data-e-type=\"column\">\n\t\t\t<div class=\"elementor-widget-wrap elementor-element-populated\">\n\t\t\t\t\t\t<div class=\"elementor-element elementor-element-fa32a34 elementor-widget elementor-widget-text-editor\" data-id=\"fa32a34\" data-element_type=\"widget\" data-e-type=\"widget\" data-widget_type=\"text-editor.default\">\n\t\t\t\t<div class=\"elementor-widget-container\">\n\t\t\t\t\t\t\t\t\t<p><span lang=\"fr-FR\">Sont exclus des proc\u00e9dures de visas de long s\u00e9jour tous les citoyens d\u2019\u00c9tats membres de l\u2019Union Europ\u00e9enne, d\u2019\u00c9tats qui font part de l\u2019Espace \u00e9conomique Europ\u00e9en (EEE), d\u2019un \u00c9tat avec lequel la Communaut\u00e9 Europ\u00e9enne a un accord de libre circulation, de citoyens d\u2019\u00c9tats tiers membres de la famille de citoyens Portugais ou de membres de la famille de citoyens de l\u2019UE et de l\u2019EEE. Tous ces demandeurs n\u2019ont qu\u2019\u00e0 \u00eatre munis, au moment de leur entr\u00e9e au Portugal, d\u2019un visa Schengen, si n\u00e9cessaire, et \u00e0 effectuer leur enregistrement aupr\u00e8s du service des \u00c9trangers et des Fronti\u00e8res.<\/span><\/p>\n\t\t\t\t\t\t\t\t<\/div>\n\t\t\t\t<\/div>\n\t\t\t\t\t<\/div>\n\t\t<\/div>\n\t\t\t\t\t<\/div>\n\t\t<\/section>\n\t\t\t\t<section class=\"elementor-section elementor-top-section elementor-element elementor-element-ba17f12 elementor-section-boxed elementor-section-height-default elementor-section-height-default\" data-id=\"ba17f12\" data-element_type=\"section\" data-e-type=\"section\">\n\t\t\t\t\t\t<div class=\"elementor-container elementor-column-gap-default\">\n\t\t\t\t\t<div class=\"elementor-column elementor-col-100 elementor-top-column elementor-element elementor-element-f207a96\" data-id=\"f207a96\" data-element_type=\"column\" data-e-type=\"column\">\n\t\t\t<div class=\"elementor-widget-wrap elementor-element-populated\">\n\t\t\t\t\t\t<div class=\"elementor-element elementor-element-8304359 elementor-widget elementor-widget-heading\" data-id=\"8304359\" data-element_type=\"widget\" data-e-type=\"widget\" data-widget_type=\"heading.default\">\n\t\t\t\t<div class=\"elementor-widget-container\">\n\t\t\t\t\t<h3 class=\"elementor-heading-title elementor-size-default\">Conditions de r\u00e9sidence au Portugal<\/h3>\t\t\t\t<\/div>\n\t\t\t\t<\/div>\n\t\t\t\t\t<\/div>\n\t\t<\/div>\n\t\t\t\t\t<\/div>\n\t\t<\/section>\n\t\t\t\t<section class=\"elementor-section elementor-top-section elementor-element elementor-element-9e23180 elementor-section-boxed elementor-section-height-default elementor-section-height-default\" data-id=\"9e23180\" data-element_type=\"section\" data-e-type=\"section\">\n\t\t\t\t\t\t<div class=\"elementor-container elementor-column-gap-default\">\n\t\t\t\t\t<div class=\"elementor-column elementor-col-50 elementor-top-column elementor-element elementor-element-e9de815\" data-id=\"e9de815\" data-element_type=\"column\" data-e-type=\"column\">\n\t\t\t<div class=\"elementor-widget-wrap elementor-element-populated\">\n\t\t\t\t\t\t<div class=\"elementor-element elementor-element-13cf848 elementor-widget elementor-widget-image\" data-id=\"13cf848\" data-element_type=\"widget\" data-e-type=\"widget\" data-widget_type=\"image.default\">\n\t\t\t\t<div class=\"elementor-widget-container\">\n\t\t\t\t\t\t\t\t\t\t\t\t\t\t\t<img decoding=\"async\" width=\"497\" height=\"1024\" src=\"https:\/\/goldroof.pt\/wp-content\/uploads\/2020\/04\/pngwave-21-497x1024.png\" class=\"attachment-large size-large wp-image-5987\" alt=\"Pngwave (21)\" srcset=\"https:\/\/goldroof.pt\/wp-content\/uploads\/2020\/04\/pngwave-21-497x1024.png 497w, https:\/\/goldroof.pt\/wp-content\/uploads\/2020\/04\/pngwave-21-146x300.png 146w, https:\/\/goldroof.pt\/wp-content\/uploads\/2020\/04\/pngwave-21-73x150.png 73w, https:\/\/goldroof.pt\/wp-content\/uploads\/2020\/04\/pngwave-21-e1586840451470.png 388w\" sizes=\"(max-width: 497px) 100vw, 497px\" \/>\t\t\t\t\t\t\t\t\t\t\t\t\t\t\t<\/div>\n\t\t\t\t<\/div>\n\t\t\t\t\t<\/div>\n\t\t<\/div>\n\t\t\t\t<div class=\"elementor-column elementor-col-50 elementor-top-column elementor-element elementor-element-20c214a\" data-id=\"20c214a\" data-element_type=\"column\" data-e-type=\"column\">\n\t\t\t<div class=\"elementor-widget-wrap elementor-element-populated\">\n\t\t\t\t\t\t<div class=\"elementor-element elementor-element-71279d7 elementor-widget elementor-widget-text-editor\" data-id=\"71279d7\" data-element_type=\"widget\" data-e-type=\"widget\" data-widget_type=\"text-editor.default\">\n\t\t\t\t<div class=\"elementor-widget-container\">\n\t\t\t\t\t\t\t\t\t<p><span lang=\"fr-FR\">Si vous \u00eates citoyen d\u2019un pays de l\u2019Union europ\u00e9enne, de l\u2019Islande, du Liechtenstein, de la Norv\u00e8ge ou de la Suisse, et si vous s\u00e9journez plus de trois mois au Portugal, vous devez demander un certificat d\u2019enregistrement qui formalise votre droit de s\u00e9jour au Portugal.<\/p>\n<p>Apr\u00e8s cinq ann\u00e9es cons\u00e9cutives en tant que titulaire du certificat d\u2019enregistrement, vous pouvez demander le certificat de s\u00e9jour permanent.<\/p>\n<p>Si vous \u00eates citoyen d\u2019un \u00c9tat tiers, si vous souhaitez vous installer au Portugal, vous devez \u00eatre titulaire d\u2019un visa de s\u00e9jour adapt\u00e9 \u00e0 ce que vous venez faire.\u00a0Ce visa permet l\u2019entr\u00e9e sur le territoire Portugais pour pouvoir demander un permis de s\u00e9jour.<\/span><\/p>\n<p><span lang=\"fr-FR\">Sans pr\u00e9judice des dispositions l\u00e9gislatives particuli\u00e8res applicables, le titre de s\u00e9jour temporaire est valable pour une p\u00e9riode d\u2019un an \u00e0 compter de la date de d\u00e9livrance de son titre, renouvelable pour des p\u00e9riodes successives de deux ans.\u00a0Apr\u00e8s cinq ans de r\u00e9sidence temporaire, les titulaires peuvent demander un titre de s\u00e9jour permanent.<\/span><\/p>\n\t\t\t\t\t\t\t\t<\/div>\n\t\t\t\t<\/div>\n\t\t\t\t\t<\/div>\n\t\t<\/div>\n\t\t\t\t\t<\/div>\n\t\t<\/section>\n\t\t\t\t<section class=\"elementor-section elementor-top-section elementor-element elementor-element-5cdb719 elementor-section-boxed elementor-section-height-default elementor-section-height-default\" data-id=\"5cdb719\" data-element_type=\"section\" data-e-type=\"section\">\n\t\t\t\t\t\t<div class=\"elementor-container elementor-column-gap-default\">\n\t\t\t\t\t<div class=\"elementor-column elementor-col-100 elementor-top-column elementor-element elementor-element-e4fc503\" data-id=\"e4fc503\" data-element_type=\"column\" data-e-type=\"column\">\n\t\t\t<div class=\"elementor-widget-wrap elementor-element-populated\">\n\t\t\t\t\t\t<div class=\"elementor-element elementor-element-0231237 elementor-widget elementor-widget-heading\" data-id=\"0231237\" data-element_type=\"widget\" data-e-type=\"widget\" data-widget_type=\"heading.default\">\n\t\t\t\t<div class=\"elementor-widget-container\">\n\t\t\t\t\t<h3 class=\"elementor-heading-title elementor-size-default\">Les citoyens du Royaume-Uni devraient avoir des informations adapt\u00e9es \u00e0 leur situation.<\/h3>\t\t\t\t<\/div>\n\t\t\t\t<\/div>\n\t\t\t\t\t<\/div>\n\t\t<\/div>\n\t\t\t\t\t<\/div>\n\t\t<\/section>\n\t\t\t\t<section class=\"elementor-section elementor-top-section elementor-element elementor-element-8c667cd elementor-section-boxed elementor-section-height-default elementor-section-height-default\" data-id=\"8c667cd\" data-element_type=\"section\" data-e-type=\"section\">\n\t\t\t\t\t\t<div class=\"elementor-container elementor-column-gap-default\">\n\t\t\t\t\t<div class=\"elementor-column elementor-col-100 elementor-top-column elementor-element elementor-element-2c8e1f4\" data-id=\"2c8e1f4\" data-element_type=\"column\" data-e-type=\"column\">\n\t\t\t<div class=\"elementor-widget-wrap elementor-element-populated\">\n\t\t\t\t\t\t<div class=\"elementor-element elementor-element-d37470e elementor-widget elementor-widget-heading\" data-id=\"d37470e\" data-element_type=\"widget\" data-e-type=\"widget\" data-widget_type=\"heading.default\">\n\t\t\t\t<div class=\"elementor-widget-container\">\n\t\t\t\t\t<h4 class=\"elementor-heading-title elementor-size-default\">Gold Roof \u2013 Real Estate &amp; Finance n\u2019est pas responsable pour modifications de la l\u00e9gislation Portugaise<\/h4>\t\t\t\t<\/div>\n\t\t\t\t<\/div>\n\t\t\t\t\t<\/div>\n\t\t<\/div>\n\t\t\t\t\t<\/div>\n\t\t<\/section>\n\t\t\t\t<\/div>\n\t\t","protected":false},"excerpt":{"rendered":"<p>Conditions d\u2019entr\u00e9e au Portugal L\u2019entr\u00e9e au Portugal de citoyens \u00e9trangers de pays tiers est d\u00e9finie par le motif et la dur\u00e9e du s\u00e9jour.&nbsp;Pour les s\u00e9jours de courte dur\u00e9e, le citoyen \u00e9tranger doit s\u2019ajuster aux r\u00e8gles Schengen.&nbsp;Pour les s\u00e9jours de plus de 3 mois, vous devez se ajuster \u00e0 la l\u00e9gislation nationale en vigueur. Si vous&#8230;<\/p>\n","protected":false},"author":2,"featured_media":0,"parent":0,"menu_order":0,"comment_status":"closed","ping_status":"closed","template":"","meta":{"content-type":"","om_disable_all_campaigns":false,"slim_seo":{"title":"D\u00e9m\u00e9nager au Portugal - Gold Roof","description":"Conditions d\u2019entr\u00e9e au Portugal L\u2019entr\u00e9e au Portugal de citoyens \u00e9trangers de pays tiers est d\u00e9finie par le motif et la dur\u00e9e du s\u00e9jour.&nbsp;Pour les s\u00e9jours d"},"footnotes":""},"class_list":["post-5977","page","type-page","status-publish","hentry"],"aioseo_notices":[],"_links":{"self":[{"href":"https:\/\/goldroof.pt\/fr\/wp-json\/wp\/v2\/pages\/5977","targetHints":{"allow":["GET"]}}],"collection":[{"href":"https:\/\/goldroof.pt\/fr\/wp-json\/wp\/v2\/pages"}],"about":[{"href":"https:\/\/goldroof.pt\/fr\/wp-json\/wp\/v2\/types\/page"}],"author":[{"embeddable":true,"href":"https:\/\/goldroof.pt\/fr\/wp-json\/wp\/v2\/users\/2"}],"replies":[{"embeddable":true,"href":"https:\/\/goldroof.pt\/fr\/wp-json\/wp\/v2\/comments?post=5977"}],"version-history":[{"count":0,"href":"https:\/\/goldroof.pt\/fr\/wp-json\/wp\/v2\/pages\/5977\/revisions"}],"wp:attachment":[{"href":"https:\/\/goldroof.pt\/fr\/wp-json\/wp\/v2\/media?parent=5977"}],"curies":[{"name":"wp","href":"https:\/\/api.w.org\/{rel}","templated":true}]}}