{"id":5956,"date":"2020-04-21T03:12:07","date_gmt":"2020-04-21T02:12:07","guid":{"rendered":"https:\/\/goldroof.pt\/viver-em-portugal\/"},"modified":"2020-05-17T23:24:22","modified_gmt":"2020-05-17T22:24:22","slug":"viver-em-portugal","status":"publish","type":"page","link":"https:\/\/goldroof.pt\/fr\/viver-em-portugal\/","title":{"rendered":"Viver em Portugal"},"content":{"rendered":"\t\t<div data-elementor-type=\"wp-page\" data-elementor-id=\"5956\" class=\"elementor elementor-5956 elementor-5471\">\n\t\t\t\t\t\t<section class=\"elementor-section elementor-top-section elementor-element elementor-element-dc6a278 elementor-section-boxed elementor-section-height-default elementor-section-height-default\" data-id=\"dc6a278\" data-element_type=\"section\" data-e-type=\"section\">\n\t\t\t\t\t\t<div class=\"elementor-container elementor-column-gap-default\">\n\t\t\t\t\t<div class=\"elementor-column elementor-col-100 elementor-top-column elementor-element elementor-element-fab35e4\" data-id=\"fab35e4\" data-element_type=\"column\" data-e-type=\"column\">\n\t\t\t<div class=\"elementor-widget-wrap elementor-element-populated\">\n\t\t\t\t\t\t<div class=\"elementor-element elementor-element-e62e318 elementor-widget elementor-widget-text-editor\" data-id=\"e62e318\" data-element_type=\"widget\" data-e-type=\"widget\" data-widget_type=\"text-editor.default\">\n\t\t\t\t<div class=\"elementor-widget-container\">\n\t\t\t\t\t\t\t\t\t<p>Portugal \u00e9 conhecido pelos Portugueses como um jardim plantado \u00e1 beira mar. Venha conhecer e apaixonar-se por este imenso jardim cheio de beleza e diversidade.<\/p>\n\t\t\t\t\t\t\t\t<\/div>\n\t\t\t\t<\/div>\n\t\t\t\t\t<\/div>\n\t\t<\/div>\n\t\t\t\t\t<\/div>\n\t\t<\/section>\n\t\t\t\t<section class=\"elementor-section elementor-top-section elementor-element elementor-element-97fc811 elementor-section-boxed elementor-section-height-default elementor-section-height-default\" data-id=\"97fc811\" data-element_type=\"section\" data-e-type=\"section\">\n\t\t\t\t\t\t<div class=\"elementor-container elementor-column-gap-default\">\n\t\t\t\t\t<div class=\"elementor-column elementor-col-50 elementor-top-column elementor-element elementor-element-e6f9752\" data-id=\"e6f9752\" data-element_type=\"column\" data-e-type=\"column\">\n\t\t\t<div class=\"elementor-widget-wrap elementor-element-populated\">\n\t\t\t\t\t\t<div class=\"elementor-element elementor-element-4b87ddd elementor-widget elementor-widget-text-editor\" data-id=\"4b87ddd\" data-element_type=\"widget\" data-e-type=\"widget\" data-widget_type=\"text-editor.default\">\n\t\t\t\t<div class=\"elementor-widget-container\">\n\t\t\t\t\t\t\t\t\t<p>Portugal \u00e9 o pa\u00eds ideal para habitar. O clima \u00e9 ameno em todo o territ\u00f3rio, com uma m\u00e9dia superior a 8h por dia de luz solar. Uma linha de diversas e belas praias estende-se ao longo de 850Km, de norte a sul. As paisagens s\u00e3o avassaladoras, desde as montanhas verdejantes a Norte \u00e1s extensas plan\u00edcies a Sul. O verde inunda as principais cidades.<\/p>\n\t\t\t\t\t\t\t\t<\/div>\n\t\t\t\t<\/div>\n\t\t\t\t\t<\/div>\n\t\t<\/div>\n\t\t\t\t<div class=\"elementor-column elementor-col-50 elementor-top-column elementor-element elementor-element-f352df0\" data-id=\"f352df0\" data-element_type=\"column\" data-e-type=\"column\">\n\t\t\t<div class=\"elementor-widget-wrap elementor-element-populated\">\n\t\t\t\t\t\t<div class=\"elementor-element elementor-element-82ef652 elementor-widget elementor-widget-image\" data-id=\"82ef652\" data-element_type=\"widget\" data-e-type=\"widget\" data-widget_type=\"image.default\">\n\t\t\t\t<div class=\"elementor-widget-container\">\n\t\t\t\t\t\t\t\t\t\t\t\t\t\t\t<img fetchpriority=\"high\" decoding=\"async\" width=\"738\" height=\"544\" src=\"https:\/\/goldroof.pt\/wp-content\/uploads\/2020\/04\/2814695.png\" class=\"attachment-large size-large wp-image-5941\" alt=\"2814695\" srcset=\"https:\/\/goldroof.pt\/wp-content\/uploads\/2020\/04\/2814695.png 998w, https:\/\/goldroof.pt\/wp-content\/uploads\/2020\/04\/2814695-300x221.png 300w, https:\/\/goldroof.pt\/wp-content\/uploads\/2020\/04\/2814695-768x566.png 768w, https:\/\/goldroof.pt\/wp-content\/uploads\/2020\/04\/2814695-150x110.png 150w\" sizes=\"(max-width: 738px) 100vw, 738px\" \/>\t\t\t\t\t\t\t\t\t\t\t\t\t\t\t<\/div>\n\t\t\t\t<\/div>\n\t\t\t\t\t<\/div>\n\t\t<\/div>\n\t\t\t\t\t<\/div>\n\t\t<\/section>\n\t\t\t\t<section class=\"elementor-section elementor-top-section elementor-element elementor-element-10470d1 elementor-section-boxed elementor-section-height-default elementor-section-height-default\" data-id=\"10470d1\" data-element_type=\"section\" data-e-type=\"section\">\n\t\t\t\t\t\t<div class=\"elementor-container elementor-column-gap-default\">\n\t\t\t\t\t<div class=\"elementor-column elementor-col-100 elementor-top-column elementor-element elementor-element-d32d9be\" data-id=\"d32d9be\" data-element_type=\"column\" data-e-type=\"column\">\n\t\t\t<div class=\"elementor-widget-wrap elementor-element-populated\">\n\t\t\t\t\t\t<div class=\"elementor-element elementor-element-42f69b0 elementor-widget elementor-widget-text-editor\" data-id=\"42f69b0\" data-element_type=\"widget\" data-e-type=\"widget\" data-widget_type=\"text-editor.default\">\n\t\t\t\t<div class=\"elementor-widget-container\">\n\t\t\t\t\t\t\t\t\t<p>Ao centro temos Lisboa como capital sendo acompanhada por Santar\u00e9m, Leiria e Coimbra. A norte o Porto ladeado por Braga, Viana do Castelo e Aveiro. A caminho do Sul temos Set\u00fabal, Sines, Odemira e Aljezur, entrando na costa algarvia pela famigerada ponta de Sagres. Na linha do barlavento algarvio temos Lagos, Portim\u00e3o e Quarteira seguindo para o sotavento com Faro, Olh\u00e3o, Tavira e Vila Real de Santo Ant\u00f3nio.<\/p>\n\t\t\t\t\t\t\t\t<\/div>\n\t\t\t\t<\/div>\n\t\t\t\t\t<\/div>\n\t\t<\/div>\n\t\t\t\t\t<\/div>\n\t\t<\/section>\n\t\t\t\t<section class=\"elementor-section elementor-top-section elementor-element elementor-element-b000984 elementor-section-boxed elementor-section-height-default elementor-section-height-default\" data-id=\"b000984\" data-element_type=\"section\" data-e-type=\"section\">\n\t\t\t\t\t\t<div class=\"elementor-container elementor-column-gap-default\">\n\t\t\t\t\t<div class=\"elementor-column elementor-col-50 elementor-top-column elementor-element elementor-element-9a8810d\" data-id=\"9a8810d\" data-element_type=\"column\" data-e-type=\"column\">\n\t\t\t<div class=\"elementor-widget-wrap elementor-element-populated\">\n\t\t\t\t\t\t<div class=\"elementor-element elementor-element-16e2f65 elementor-widget elementor-widget-image\" data-id=\"16e2f65\" data-element_type=\"widget\" data-e-type=\"widget\" data-widget_type=\"image.default\">\n\t\t\t\t<div class=\"elementor-widget-container\">\n\t\t\t\t\t\t\t\t\t\t\t\t\t\t\t<img decoding=\"async\" width=\"738\" height=\"738\" src=\"https:\/\/goldroof.pt\/wp-content\/uploads\/2020\/04\/pngwave-24.png\" class=\"attachment-large size-large wp-image-5944\" alt=\"Pngwave (24)\" srcset=\"https:\/\/goldroof.pt\/wp-content\/uploads\/2020\/04\/pngwave-24.png 1000w, https:\/\/goldroof.pt\/wp-content\/uploads\/2020\/04\/pngwave-24-300x300.png 300w, https:\/\/goldroof.pt\/wp-content\/uploads\/2020\/04\/pngwave-24-150x150.png 150w, https:\/\/goldroof.pt\/wp-content\/uploads\/2020\/04\/pngwave-24-768x768.png 768w, https:\/\/goldroof.pt\/wp-content\/uploads\/2020\/04\/pngwave-24-210x210.png 210w\" sizes=\"(max-width: 738px) 100vw, 738px\" \/>\t\t\t\t\t\t\t\t\t\t\t\t\t\t\t<\/div>\n\t\t\t\t<\/div>\n\t\t\t\t\t<\/div>\n\t\t<\/div>\n\t\t\t\t<div class=\"elementor-column elementor-col-50 elementor-top-column elementor-element elementor-element-a1ac991\" data-id=\"a1ac991\" data-element_type=\"column\" data-e-type=\"column\">\n\t\t\t<div class=\"elementor-widget-wrap elementor-element-populated\">\n\t\t\t\t\t\t<div class=\"elementor-element elementor-element-b11d396 elementor-widget elementor-widget-text-editor\" data-id=\"b11d396\" data-element_type=\"widget\" data-e-type=\"widget\" data-widget_type=\"text-editor.default\">\n\t\t\t\t<div class=\"elementor-widget-container\">\n\t\t\t\t\t\t\t\t\t<p>Claro est\u00e1 que n\u00e3o nos podemos esquecer do belo interior de Portugal.<\/p>\n<p>A norte temos Chaves, Bragan\u00e7a e Vila Real com as suas majestosas montanhas pintadas a verde. Ao centro temos Viseu, Guarda e Castelo Branco onde as Montanhas v\u00e3o dando espa\u00e7o aos vales. A caminho do Sul, Portalegre, \u00c9vora e Beja apresentam-nos os seus vales e plan\u00edcies que se estendem at\u00e9 \u00e1 costa algarvia.<\/p>\n\t\t\t\t\t\t\t\t<\/div>\n\t\t\t\t<\/div>\n\t\t\t\t\t<\/div>\n\t\t<\/div>\n\t\t\t\t\t<\/div>\n\t\t<\/section>\n\t\t\t\t<section class=\"elementor-section elementor-top-section elementor-element elementor-element-8aec6f6 elementor-section-boxed elementor-section-height-default elementor-section-height-default\" data-id=\"8aec6f6\" data-element_type=\"section\" data-e-type=\"section\">\n\t\t\t\t\t\t<div class=\"elementor-container elementor-column-gap-default\">\n\t\t\t\t\t<div class=\"elementor-column elementor-col-100 elementor-top-column elementor-element elementor-element-a738d81\" data-id=\"a738d81\" data-element_type=\"column\" data-e-type=\"column\">\n\t\t\t<div class=\"elementor-widget-wrap elementor-element-populated\">\n\t\t\t\t\t\t<div class=\"elementor-element elementor-element-1e638c6 elementor-widget elementor-widget-text-editor\" data-id=\"1e638c6\" data-element_type=\"widget\" data-e-type=\"widget\" data-widget_type=\"text-editor.default\">\n\t\t\t\t<div class=\"elementor-widget-container\">\n\t\t\t\t\t\t\t\t\t<p>No interior de Portugal as temperaturas de Inverno s\u00e3o mais rigorosas, com neve a norte e centro e frio seco a sul. Mas quando o frio viaja o calor intenso chega, dando acesso \u00e1s in\u00fameras praias fluviais existentes no Norte e centro e \u00e1s sombras e tranquilidade dos sobreiros a Sul.<\/p>\n\t\t\t\t\t\t\t\t<\/div>\n\t\t\t\t<\/div>\n\t\t\t\t\t<\/div>\n\t\t<\/div>\n\t\t\t\t\t<\/div>\n\t\t<\/section>\n\t\t\t\t<section class=\"elementor-section elementor-top-section elementor-element elementor-element-92dbe05 elementor-section-boxed elementor-section-height-default elementor-section-height-default\" data-id=\"92dbe05\" data-element_type=\"section\" data-e-type=\"section\">\n\t\t\t\t\t\t<div class=\"elementor-container elementor-column-gap-default\">\n\t\t\t\t\t<div class=\"elementor-column elementor-col-100 elementor-top-column elementor-element elementor-element-1ae4012\" data-id=\"1ae4012\" data-element_type=\"column\" data-e-type=\"column\">\n\t\t\t<div class=\"elementor-widget-wrap elementor-element-populated\">\n\t\t\t\t\t\t<div class=\"elementor-element elementor-element-8487be1 elementor-widget elementor-widget-text-editor\" data-id=\"8487be1\" data-element_type=\"widget\" data-e-type=\"widget\" data-widget_type=\"text-editor.default\">\n\t\t\t\t<div class=\"elementor-widget-container\">\n\t\t\t\t\t\t\t\t\t<p>Madeira e A\u00e7ores s\u00e3o os arquip\u00e9lagos de Portugal, com toda a sua beleza natural e clima temperado todo o ano. Se pretender abandonar por alguns dias toda esta beleza e diversidade que Portugal tem para oferecer, todas as capitais da Europa se encontram a poucas horas de viagem.<\/p>\n<p>Se at\u00e9 agora mencionamos a paisagem e o clima, n\u00e3o poderemos esquecer o imenso patrim\u00f3nio cultural \u00fanico de cada zona, cidade e vila, onde a tradi\u00e7\u00e3o, costumes e hist\u00f3ria se conjugam numa harmonia perfeita, aliadas sempre \u00e1 modernidade das facilidades criadas para a\u00ed chegar.<\/p>\n\t\t\t\t\t\t\t\t<\/div>\n\t\t\t\t<\/div>\n\t\t\t\t\t<\/div>\n\t\t<\/div>\n\t\t\t\t\t<\/div>\n\t\t<\/section>\n\t\t\t\t<section class=\"elementor-section elementor-top-section elementor-element elementor-element-bf3a8a5 elementor-section-boxed elementor-section-height-default elementor-section-height-default\" data-id=\"bf3a8a5\" data-element_type=\"section\" data-e-type=\"section\">\n\t\t\t\t\t\t<div class=\"elementor-container elementor-column-gap-default\">\n\t\t\t\t\t<div class=\"elementor-column elementor-col-100 elementor-top-column elementor-element elementor-element-e79c9f7\" data-id=\"e79c9f7\" data-element_type=\"column\" data-e-type=\"column\">\n\t\t\t<div class=\"elementor-widget-wrap elementor-element-populated\">\n\t\t\t\t\t\t<div class=\"elementor-element elementor-element-b781a3d elementor-widget elementor-widget-image\" data-id=\"b781a3d\" data-element_type=\"widget\" data-e-type=\"widget\" data-widget_type=\"image.default\">\n\t\t\t\t<div class=\"elementor-widget-container\">\n\t\t\t\t\t\t\t\t\t\t\t\t\t\t\t<img decoding=\"async\" width=\"738\" height=\"401\" src=\"https:\/\/goldroof.pt\/wp-content\/uploads\/2020\/04\/pngwave-25-1024x556.png\" class=\"attachment-large size-large wp-image-5953\" alt=\"Pngwave (25)\" srcset=\"https:\/\/goldroof.pt\/wp-content\/uploads\/2020\/04\/pngwave-25-1024x556.png 1024w, https:\/\/goldroof.pt\/wp-content\/uploads\/2020\/04\/pngwave-25-300x163.png 300w, https:\/\/goldroof.pt\/wp-content\/uploads\/2020\/04\/pngwave-25-768x417.png 768w, https:\/\/goldroof.pt\/wp-content\/uploads\/2020\/04\/pngwave-25-150x81.png 150w, https:\/\/goldroof.pt\/wp-content\/uploads\/2020\/04\/pngwave-25.png 1254w\" sizes=\"(max-width: 738px) 100vw, 738px\" \/>\t\t\t\t\t\t\t\t\t\t\t\t\t\t\t<\/div>\n\t\t\t\t<\/div>\n\t\t\t\t\t<\/div>\n\t\t<\/div>\n\t\t\t\t\t<\/div>\n\t\t<\/section>\n\t\t\t\t<section class=\"elementor-section elementor-top-section elementor-element elementor-element-7941f6f elementor-section-boxed elementor-section-height-default elementor-section-height-default\" data-id=\"7941f6f\" data-element_type=\"section\" data-e-type=\"section\">\n\t\t\t\t\t\t<div class=\"elementor-container elementor-column-gap-default\">\n\t\t\t\t\t<div class=\"elementor-column elementor-col-100 elementor-top-column elementor-element elementor-element-fcbf962\" data-id=\"fcbf962\" data-element_type=\"column\" data-e-type=\"column\">\n\t\t\t<div class=\"elementor-widget-wrap elementor-element-populated\">\n\t\t\t\t\t\t<div class=\"elementor-element elementor-element-03d3830 elementor-widget elementor-widget-text-editor\" data-id=\"03d3830\" data-element_type=\"widget\" data-e-type=\"widget\" data-widget_type=\"text-editor.default\">\n\t\t\t\t<div class=\"elementor-widget-container\">\n\t\t\t\t\t\t\t\t\t<p>A vasta rede rodovi\u00e1ria de autoestradas que se estende por todo o pais acompanhada por meios de transporte como o comboio e avi\u00e3o criam proximidade de norte a sul. Uma viagem de carro ou comboio entre Porto e Lisboa demora 3h, ou uns meros 30m de avi\u00e3o. Para usufruir de praias deslumbrantes, areia fina e \u00e1gua de mar com temperatura moderada, chegar \u00e1 costa Algarvia a partir de Lisboa s\u00e3o apenas mais 2 horas e 1h de avi\u00e3o desde o Porto. A Madeira e A\u00e7ores est\u00e3o a cerca de 2h do Porto e Lisboa, pelo que um saltinho \u00e1s ilhas poder\u00e1 ser um destino de fim de semana a n\u00e3o descurar.<\/p>\n\t\t\t\t\t\t\t\t<\/div>\n\t\t\t\t<\/div>\n\t\t\t\t\t<\/div>\n\t\t<\/div>\n\t\t\t\t\t<\/div>\n\t\t<\/section>\n\t\t\t\t<section class=\"elementor-section elementor-top-section elementor-element elementor-element-f43cac1 elementor-section-boxed elementor-section-height-default elementor-section-height-default\" data-id=\"f43cac1\" data-element_type=\"section\" data-e-type=\"section\">\n\t\t\t\t\t\t<div class=\"elementor-container elementor-column-gap-default\">\n\t\t\t\t\t<div class=\"elementor-column elementor-col-50 elementor-top-column elementor-element elementor-element-9934d2d\" data-id=\"9934d2d\" data-element_type=\"column\" data-e-type=\"column\">\n\t\t\t<div class=\"elementor-widget-wrap elementor-element-populated\">\n\t\t\t\t\t\t<div class=\"elementor-element elementor-element-0d7d72e elementor-widget elementor-widget-text-editor\" data-id=\"0d7d72e\" data-element_type=\"widget\" data-e-type=\"widget\" data-widget_type=\"text-editor.default\">\n\t\t\t\t<div class=\"elementor-widget-container\">\n\t\t\t\t\t\t\t\t\t<p>Para al\u00e9m do clima e paisagens, Portugal \u00e9 conhecido mundialmente pela sua cozinha. Todas as zonas do pa\u00eds t\u00eam os seus pratos t\u00edpicos, e apesar de serem muitas as op\u00e7\u00f5es, quem habita em Portugal n\u00e3o deixa de elogiar diariamente a qualidade e diversidade da comida Portuguesa.<\/p>\n\t\t\t\t\t\t\t\t<\/div>\n\t\t\t\t<\/div>\n\t\t\t\t\t<\/div>\n\t\t<\/div>\n\t\t\t\t<div class=\"elementor-column elementor-col-50 elementor-top-column elementor-element elementor-element-1fbfdec\" data-id=\"1fbfdec\" data-element_type=\"column\" data-e-type=\"column\">\n\t\t\t<div class=\"elementor-widget-wrap elementor-element-populated\">\n\t\t\t\t\t\t<div class=\"elementor-element elementor-element-60dd7fa elementor-widget elementor-widget-image\" data-id=\"60dd7fa\" data-element_type=\"widget\" data-e-type=\"widget\" data-widget_type=\"image.default\">\n\t\t\t\t<div class=\"elementor-widget-container\">\n\t\t\t\t\t\t\t\t\t\t\t\t\t\t\t<img loading=\"lazy\" decoding=\"async\" width=\"738\" height=\"738\" src=\"https:\/\/goldroof.pt\/wp-content\/uploads\/2020\/04\/pngwave-23.png\" class=\"attachment-large size-large wp-image-5947\" alt=\"Pngwave (23)\" srcset=\"https:\/\/goldroof.pt\/wp-content\/uploads\/2020\/04\/pngwave-23.png 1000w, https:\/\/goldroof.pt\/wp-content\/uploads\/2020\/04\/pngwave-23-300x300.png 300w, https:\/\/goldroof.pt\/wp-content\/uploads\/2020\/04\/pngwave-23-150x150.png 150w, https:\/\/goldroof.pt\/wp-content\/uploads\/2020\/04\/pngwave-23-768x768.png 768w, https:\/\/goldroof.pt\/wp-content\/uploads\/2020\/04\/pngwave-23-210x210.png 210w\" sizes=\"(max-width: 738px) 100vw, 738px\" \/>\t\t\t\t\t\t\t\t\t\t\t\t\t\t\t<\/div>\n\t\t\t\t<\/div>\n\t\t\t\t\t<\/div>\n\t\t<\/div>\n\t\t\t\t\t<\/div>\n\t\t<\/section>\n\t\t\t\t<section class=\"elementor-section elementor-top-section elementor-element elementor-element-5cbf445 elementor-section-boxed elementor-section-height-default elementor-section-height-default\" data-id=\"5cbf445\" data-element_type=\"section\" data-e-type=\"section\">\n\t\t\t\t\t\t<div class=\"elementor-container elementor-column-gap-default\">\n\t\t\t\t\t<div class=\"elementor-column elementor-col-100 elementor-top-column elementor-element elementor-element-1384e5f\" data-id=\"1384e5f\" data-element_type=\"column\" data-e-type=\"column\">\n\t\t\t<div class=\"elementor-widget-wrap elementor-element-populated\">\n\t\t\t\t\t\t<div class=\"elementor-element elementor-element-2a1828c elementor-widget elementor-widget-text-editor\" data-id=\"2a1828c\" data-element_type=\"widget\" data-e-type=\"widget\" data-widget_type=\"text-editor.default\">\n\t\t\t\t<div class=\"elementor-widget-container\">\n\t\t\t\t\t\t\t\t\t<p>Claro est\u00e1 que uma boa culin\u00e1ria est\u00e1 sempre acompanhada por um \u00f3timo vinho. Portugal \u00e9 uma refer\u00eancia mundial da vinicultura, desde a regi\u00e3o do Minho, da famigerada zona do Douro, da Pen\u00ednsula de Set\u00fabal e do vasto Alentejo, todos eles de excelente qualidade e travos diferentes.<\/p>\n\t\t\t\t\t\t\t\t<\/div>\n\t\t\t\t<\/div>\n\t\t\t\t\t<\/div>\n\t\t<\/div>\n\t\t\t\t\t<\/div>\n\t\t<\/section>\n\t\t\t\t<section class=\"elementor-section elementor-top-section elementor-element elementor-element-8b28193 elementor-section-boxed elementor-section-height-default elementor-section-height-default\" data-id=\"8b28193\" data-element_type=\"section\" data-e-type=\"section\">\n\t\t\t\t\t\t<div class=\"elementor-container elementor-column-gap-default\">\n\t\t\t\t\t<div class=\"elementor-column elementor-col-50 elementor-top-column elementor-element elementor-element-d7bdda5\" data-id=\"d7bdda5\" data-element_type=\"column\" data-e-type=\"column\">\n\t\t\t<div class=\"elementor-widget-wrap elementor-element-populated\">\n\t\t\t\t\t\t<div class=\"elementor-element elementor-element-b09caff elementor-widget elementor-widget-image\" data-id=\"b09caff\" data-element_type=\"widget\" data-e-type=\"widget\" data-widget_type=\"image.default\">\n\t\t\t\t<div class=\"elementor-widget-container\">\n\t\t\t\t\t\t\t\t\t\t\t\t\t\t\t<img loading=\"lazy\" decoding=\"async\" width=\"564\" height=\"548\" src=\"https:\/\/goldroof.pt\/wp-content\/uploads\/2020\/04\/pngwave-22-1.png\" class=\"attachment-large size-large wp-image-5950\" alt=\"Pngwave (22)\" srcset=\"https:\/\/goldroof.pt\/wp-content\/uploads\/2020\/04\/pngwave-22-1.png 564w, https:\/\/goldroof.pt\/wp-content\/uploads\/2020\/04\/pngwave-22-1-300x291.png 300w, https:\/\/goldroof.pt\/wp-content\/uploads\/2020\/04\/pngwave-22-1-150x146.png 150w\" sizes=\"(max-width: 564px) 100vw, 564px\" \/>\t\t\t\t\t\t\t\t\t\t\t\t\t\t\t<\/div>\n\t\t\t\t<\/div>\n\t\t\t\t\t<\/div>\n\t\t<\/div>\n\t\t\t\t<div class=\"elementor-column elementor-col-50 elementor-top-column elementor-element elementor-element-9f45ff8\" data-id=\"9f45ff8\" data-element_type=\"column\" data-e-type=\"column\">\n\t\t\t<div class=\"elementor-widget-wrap elementor-element-populated\">\n\t\t\t\t\t\t<div class=\"elementor-element elementor-element-a284e64 elementor-widget elementor-widget-text-editor\" data-id=\"a284e64\" data-element_type=\"widget\" data-e-type=\"widget\" data-widget_type=\"text-editor.default\">\n\t\t\t\t<div class=\"elementor-widget-container\">\n\t\t\t\t\t\t\t\t\t<p>E por fim temos as gentes de Portugal. Gente af\u00e1vel, simp\u00e1tica, dispon\u00edvel, alegre, saudosa, gente que cativa gente independentemente da sua origem, cren\u00e7as ou religi\u00f5es. Portugal \u00e9 um pais de gente multifacetada, moderna sem deixar de ser tradicional e muito tolerante, com uma criminalidade muito baixa, sendo o terceiro pa\u00eds mais seguro do mundo, o que proporciona um bem-estar e qualidade de vida raramente encontrada no continente europeu e nos continentes que nos rodeiam.<\/p>\n\t\t\t\t\t\t\t\t<\/div>\n\t\t\t\t<\/div>\n\t\t\t\t\t<\/div>\n\t\t<\/div>\n\t\t\t\t\t<\/div>\n\t\t<\/section>\n\t\t\t\t<section class=\"elementor-section elementor-top-section elementor-element elementor-element-94989f9 elementor-section-boxed elementor-section-height-default elementor-section-height-default\" data-id=\"94989f9\" data-element_type=\"section\" data-e-type=\"section\">\n\t\t\t\t\t\t<div class=\"elementor-container elementor-column-gap-default\">\n\t\t\t\t\t<div class=\"elementor-column elementor-col-100 elementor-top-column elementor-element elementor-element-1db29d3\" data-id=\"1db29d3\" data-element_type=\"column\" data-e-type=\"column\">\n\t\t\t<div class=\"elementor-widget-wrap elementor-element-populated\">\n\t\t\t\t\t\t<div class=\"elementor-element elementor-element-9709583 elementor-widget elementor-widget-heading\" data-id=\"9709583\" data-element_type=\"widget\" data-e-type=\"widget\" data-widget_type=\"heading.default\">\n\t\t\t\t<div class=\"elementor-widget-container\">\n\t\t\t\t\t<h3 class=\"elementor-heading-title elementor-size-default\">Portugal \u00e9 \u00fanico e inigual\u00e1vel. Venha viver em Portugal!<\/h3>\t\t\t\t<\/div>\n\t\t\t\t<\/div>\n\t\t\t\t\t<\/div>\n\t\t<\/div>\n\t\t\t\t\t<\/div>\n\t\t<\/section>\n\t\t\t\t<\/div>\n\t\t","protected":false},"excerpt":{"rendered":"<p>Portugal \u00e9 conhecido pelos Portugueses como um jardim plantado \u00e1 beira mar. Venha conhecer e apaixonar-se por este imenso jardim cheio de beleza e diversidade. Portugal \u00e9 o pa\u00eds ideal para habitar. O clima \u00e9 ameno em todo o territ\u00f3rio, com uma m\u00e9dia superior a 8h por dia de luz solar. Uma linha de diversas&#8230;<\/p>\n","protected":false},"author":1,"featured_media":0,"parent":0,"menu_order":0,"comment_status":"closed","ping_status":"closed","template":"","meta":{"content-type":"","om_disable_all_campaigns":false,"slim_seo":{"title":"Viver em Portugal - Gold Roof","description":"Portugal \u00e9 conhecido pelos Portugueses como um jardim plantado \u00e1 beira mar. Venha conhecer e apaixonar-se por este imenso jardim cheio de beleza e diversidade."},"footnotes":""},"class_list":["post-5956","page","type-page","status-publish","hentry"],"aioseo_notices":[],"_links":{"self":[{"href":"https:\/\/goldroof.pt\/fr\/wp-json\/wp\/v2\/pages\/5956","targetHints":{"allow":["GET"]}}],"collection":[{"href":"https:\/\/goldroof.pt\/fr\/wp-json\/wp\/v2\/pages"}],"about":[{"href":"https:\/\/goldroof.pt\/fr\/wp-json\/wp\/v2\/types\/page"}],"author":[{"embeddable":true,"href":"https:\/\/goldroof.pt\/fr\/wp-json\/wp\/v2\/users\/1"}],"replies":[{"embeddable":true,"href":"https:\/\/goldroof.pt\/fr\/wp-json\/wp\/v2\/comments?post=5956"}],"version-history":[{"count":0,"href":"https:\/\/goldroof.pt\/fr\/wp-json\/wp\/v2\/pages\/5956\/revisions"}],"wp:attachment":[{"href":"https:\/\/goldroof.pt\/fr\/wp-json\/wp\/v2\/media?parent=5956"}],"curies":[{"name":"wp","href":"https:\/\/api.w.org\/{rel}","templated":true}]}}