{"id":5939,"date":"2020-04-21T03:08:10","date_gmt":"2020-04-21T02:08:10","guid":{"rendered":"https:\/\/goldroof.pt\/vivre-au-portugal\/"},"modified":"2020-04-27T02:45:38","modified_gmt":"2020-04-27T01:45:38","slug":"vivre-au-portugal","status":"publish","type":"page","link":"https:\/\/goldroof.pt\/fr\/vivre-au-portugal\/","title":{"rendered":"Vivre au Portugal"},"content":{"rendered":"\t\t<div data-elementor-type=\"wp-page\" data-elementor-id=\"5939\" class=\"elementor elementor-5939 elementor-5471\">\n\t\t\t\t\t\t<section class=\"elementor-section elementor-top-section elementor-element elementor-element-dc6a278 elementor-section-boxed elementor-section-height-default elementor-section-height-default\" data-id=\"dc6a278\" data-element_type=\"section\" data-e-type=\"section\">\n\t\t\t\t\t\t<div class=\"elementor-container elementor-column-gap-default\">\n\t\t\t\t\t<div class=\"elementor-column elementor-col-100 elementor-top-column elementor-element elementor-element-fab35e4\" data-id=\"fab35e4\" data-element_type=\"column\" data-e-type=\"column\">\n\t\t\t<div class=\"elementor-widget-wrap elementor-element-populated\">\n\t\t\t\t\t\t<div class=\"elementor-element elementor-element-e62e318 elementor-widget elementor-widget-text-editor\" data-id=\"e62e318\" data-element_type=\"widget\" data-e-type=\"widget\" data-widget_type=\"text-editor.default\">\n\t\t\t\t<div class=\"elementor-widget-container\">\n\t\t\t\t\t\t\t\t\t<p><span lang=\"fr-FR\">Portugal est connu par les Portugais comme un jardin au bord de la mer.\u00a0Venez d\u00e9couvrir et tomber amoureux de cet immense jardin plein de beaut\u00e9 et de diversit\u00e9.<\/span><\/p>\n\t\t\t\t\t\t\t\t<\/div>\n\t\t\t\t<\/div>\n\t\t\t\t\t<\/div>\n\t\t<\/div>\n\t\t\t\t\t<\/div>\n\t\t<\/section>\n\t\t\t\t<section class=\"elementor-section elementor-top-section elementor-element elementor-element-97fc811 elementor-section-boxed elementor-section-height-default elementor-section-height-default\" data-id=\"97fc811\" data-element_type=\"section\" data-e-type=\"section\">\n\t\t\t\t\t\t<div class=\"elementor-container elementor-column-gap-default\">\n\t\t\t\t\t<div class=\"elementor-column elementor-col-50 elementor-top-column elementor-element elementor-element-e6f9752\" data-id=\"e6f9752\" data-element_type=\"column\" data-e-type=\"column\">\n\t\t\t<div class=\"elementor-widget-wrap elementor-element-populated\">\n\t\t\t\t\t\t<div class=\"elementor-element elementor-element-4b87ddd elementor-widget elementor-widget-text-editor\" data-id=\"4b87ddd\" data-element_type=\"widget\" data-e-type=\"widget\" data-widget_type=\"text-editor.default\">\n\t\t\t\t<div class=\"elementor-widget-container\">\n\t\t\t\t\t\t\t\t\t<p><span lang=\"fr-FR\">Portugal est le pays id\u00e9al pour vivre.\u00a0Le climat est doux sur tout le territoire, avec une sup\u00e9rieure moyenne de 8 heures par jour de soleil.\u00a0Une ligne de nombreuses et belles plages s\u2019\u00e9tend au long de 850 km, du nord au sud.\u00a0Les paysages sont impressionnants, des montagnes verdoyantes au nord jusqu\u2019aux vastes plaines au sud.\u00a0Le vert inonde les villes principales.<\/span><\/p>\n\t\t\t\t\t\t\t\t<\/div>\n\t\t\t\t<\/div>\n\t\t\t\t\t<\/div>\n\t\t<\/div>\n\t\t\t\t<div class=\"elementor-column elementor-col-50 elementor-top-column elementor-element elementor-element-f352df0\" data-id=\"f352df0\" data-element_type=\"column\" data-e-type=\"column\">\n\t\t\t<div class=\"elementor-widget-wrap elementor-element-populated\">\n\t\t\t\t\t\t<div class=\"elementor-element elementor-element-82ef652 elementor-widget elementor-widget-image\" data-id=\"82ef652\" data-element_type=\"widget\" data-e-type=\"widget\" data-widget_type=\"image.default\">\n\t\t\t\t<div class=\"elementor-widget-container\">\n\t\t\t\t\t\t\t\t\t\t\t\t\t\t\t<img fetchpriority=\"high\" decoding=\"async\" width=\"828\" height=\"610\" src=\"https:\/\/goldroof.pt\/wp-content\/uploads\/2020\/04\/2814695.png\" class=\"attachment-large size-large wp-image-5958\" alt=\"2814695\" srcset=\"https:\/\/goldroof.pt\/wp-content\/uploads\/2020\/04\/2814695.png 998w, https:\/\/goldroof.pt\/wp-content\/uploads\/2020\/04\/2814695-300x221.png 300w, https:\/\/goldroof.pt\/wp-content\/uploads\/2020\/04\/2814695-768x566.png 768w, https:\/\/goldroof.pt\/wp-content\/uploads\/2020\/04\/2814695-150x110.png 150w\" sizes=\"(max-width: 828px) 100vw, 828px\" \/>\t\t\t\t\t\t\t\t\t\t\t\t\t\t\t<\/div>\n\t\t\t\t<\/div>\n\t\t\t\t\t<\/div>\n\t\t<\/div>\n\t\t\t\t\t<\/div>\n\t\t<\/section>\n\t\t\t\t<section class=\"elementor-section elementor-top-section elementor-element elementor-element-10470d1 elementor-section-boxed elementor-section-height-default elementor-section-height-default\" data-id=\"10470d1\" data-element_type=\"section\" data-e-type=\"section\">\n\t\t\t\t\t\t<div class=\"elementor-container elementor-column-gap-default\">\n\t\t\t\t\t<div class=\"elementor-column elementor-col-100 elementor-top-column elementor-element elementor-element-d32d9be\" data-id=\"d32d9be\" data-element_type=\"column\" data-e-type=\"column\">\n\t\t\t<div class=\"elementor-widget-wrap elementor-element-populated\">\n\t\t\t\t\t\t<div class=\"elementor-element elementor-element-42f69b0 elementor-widget elementor-widget-text-editor\" data-id=\"42f69b0\" data-element_type=\"widget\" data-e-type=\"widget\" data-widget_type=\"text-editor.default\">\n\t\t\t\t<div class=\"elementor-widget-container\">\n\t\t\t\t\t\t\t\t\t<p><span lang=\"fr-FR\">Au centre du pays, nous avons Lisbonne qui est la capitale accompagn\u00e9e par Santar\u00e9m, Leiria et Coimbra.\u00a0Au nord la cit\u00e9 de Porto bord\u00e9 par Braga, Viana do Castelo et Aveiro.\u00a0En direction vers le sud, nous avons Set\u00fabal, Sines, Odemira et Aljezur, entrent sur la c\u00f4te de l\u2019Algarve par la c\u00e9l\u00e8bre pointe de Sagres.\u00a0Dans la\u00a0ligne du Barlavento de l\u2019Algarve, nous avons Lagos, Portim\u00e3o et Quarteira en suivre la ligne du Soatavento avec Faro, Olh\u00e3o, Tavira et Vila Real de Santo Ant\u00f3nio.<\/span><\/p>\n\t\t\t\t\t\t\t\t<\/div>\n\t\t\t\t<\/div>\n\t\t\t\t\t<\/div>\n\t\t<\/div>\n\t\t\t\t\t<\/div>\n\t\t<\/section>\n\t\t\t\t<section class=\"elementor-section elementor-top-section elementor-element elementor-element-b000984 elementor-section-boxed elementor-section-height-default elementor-section-height-default\" data-id=\"b000984\" data-element_type=\"section\" data-e-type=\"section\">\n\t\t\t\t\t\t<div class=\"elementor-container elementor-column-gap-default\">\n\t\t\t\t\t<div class=\"elementor-column elementor-col-50 elementor-top-column elementor-element elementor-element-9a8810d\" data-id=\"9a8810d\" data-element_type=\"column\" data-e-type=\"column\">\n\t\t\t<div class=\"elementor-widget-wrap elementor-element-populated\">\n\t\t\t\t\t\t<div class=\"elementor-element elementor-element-16e2f65 elementor-widget elementor-widget-image\" data-id=\"16e2f65\" data-element_type=\"widget\" data-e-type=\"widget\" data-widget_type=\"image.default\">\n\t\t\t\t<div class=\"elementor-widget-container\">\n\t\t\t\t\t\t\t\t\t\t\t\t\t\t\t<img decoding=\"async\" width=\"828\" height=\"828\" src=\"https:\/\/goldroof.pt\/wp-content\/uploads\/2020\/04\/pngwave-24.png\" class=\"attachment-large size-large wp-image-5961\" alt=\"Pngwave (24)\" srcset=\"https:\/\/goldroof.pt\/wp-content\/uploads\/2020\/04\/pngwave-24.png 1000w, https:\/\/goldroof.pt\/wp-content\/uploads\/2020\/04\/pngwave-24-300x300.png 300w, https:\/\/goldroof.pt\/wp-content\/uploads\/2020\/04\/pngwave-24-150x150.png 150w, https:\/\/goldroof.pt\/wp-content\/uploads\/2020\/04\/pngwave-24-768x768.png 768w, https:\/\/goldroof.pt\/wp-content\/uploads\/2020\/04\/pngwave-24-210x210.png 210w\" sizes=\"(max-width: 828px) 100vw, 828px\" \/>\t\t\t\t\t\t\t\t\t\t\t\t\t\t\t<\/div>\n\t\t\t\t<\/div>\n\t\t\t\t\t<\/div>\n\t\t<\/div>\n\t\t\t\t<div class=\"elementor-column elementor-col-50 elementor-top-column elementor-element elementor-element-a1ac991\" data-id=\"a1ac991\" data-element_type=\"column\" data-e-type=\"column\">\n\t\t\t<div class=\"elementor-widget-wrap elementor-element-populated\">\n\t\t\t\t\t\t<div class=\"elementor-element elementor-element-b11d396 elementor-widget elementor-widget-text-editor\" data-id=\"b11d396\" data-element_type=\"widget\" data-e-type=\"widget\" data-widget_type=\"text-editor.default\">\n\t\t\t\t<div class=\"elementor-widget-container\">\n\t\t\t\t\t\t\t\t\t<p><span lang=\"fr-FR\">Bien s\u00fbr qui nous ne pouvons pas oublier magnifique int\u00e9rieur du Portugal.<br \/>\nAu nord, nous avons Chaves, Bragan\u00e7a et Vila Real avec leurs majestueuses montagnes en colouer vert.\u00a0Au centre nous avons Viseu, Guarda et Castelo Branco o\u00f9 les montagnes donnent de l\u2019espace aux vall\u00e9es.\u00a0Vers le chemin pour le Sud, Portalegre, \u00c9vora et Beja nous pr\u00e9sentent leurs vall\u00e9es et plaines qui s\u2019\u00e9tendent jusqu\u2019\u00e0 la c\u00f4te de l\u2019Algarve.<\/span><\/p>\n\t\t\t\t\t\t\t\t<\/div>\n\t\t\t\t<\/div>\n\t\t\t\t\t<\/div>\n\t\t<\/div>\n\t\t\t\t\t<\/div>\n\t\t<\/section>\n\t\t\t\t<section class=\"elementor-section elementor-top-section elementor-element elementor-element-8aec6f6 elementor-section-boxed elementor-section-height-default elementor-section-height-default\" data-id=\"8aec6f6\" data-element_type=\"section\" data-e-type=\"section\">\n\t\t\t\t\t\t<div class=\"elementor-container elementor-column-gap-default\">\n\t\t\t\t\t<div class=\"elementor-column elementor-col-100 elementor-top-column elementor-element elementor-element-a738d81\" data-id=\"a738d81\" data-element_type=\"column\" data-e-type=\"column\">\n\t\t\t<div class=\"elementor-widget-wrap elementor-element-populated\">\n\t\t\t\t\t\t<div class=\"elementor-element elementor-element-1e638c6 elementor-widget elementor-widget-text-editor\" data-id=\"1e638c6\" data-element_type=\"widget\" data-e-type=\"widget\" data-widget_type=\"text-editor.default\">\n\t\t\t\t<div class=\"elementor-widget-container\">\n\t\t\t\t\t\t\t\t\t<p><span lang=\"fr-FR\">Dans l\u2019int\u00e9rieur du Portugal, les temp\u00e9ratures hivernales sont plus strictes, avec de la neige au nord et au centre et un froid sec au sud.\u00a0Mais quand le froid va voyager la chaleur intense arrive, donnant acc\u00e8s aux nombreuses plages fluviales dans le nord et le centre et \u00e0 l\u2019ombre et tranquillit\u00e9 des ch\u00eanes-li\u00e8ges au sud.<\/span><\/p>\n\t\t\t\t\t\t\t\t<\/div>\n\t\t\t\t<\/div>\n\t\t\t\t\t<\/div>\n\t\t<\/div>\n\t\t\t\t\t<\/div>\n\t\t<\/section>\n\t\t\t\t<section class=\"elementor-section elementor-top-section elementor-element elementor-element-92dbe05 elementor-section-boxed elementor-section-height-default elementor-section-height-default\" data-id=\"92dbe05\" data-element_type=\"section\" data-e-type=\"section\">\n\t\t\t\t\t\t<div class=\"elementor-container elementor-column-gap-default\">\n\t\t\t\t\t<div class=\"elementor-column elementor-col-100 elementor-top-column elementor-element elementor-element-1ae4012\" data-id=\"1ae4012\" data-element_type=\"column\" data-e-type=\"column\">\n\t\t\t<div class=\"elementor-widget-wrap elementor-element-populated\">\n\t\t\t\t\t\t<div class=\"elementor-element elementor-element-8487be1 elementor-widget elementor-widget-text-editor\" data-id=\"8487be1\" data-element_type=\"widget\" data-e-type=\"widget\" data-widget_type=\"text-editor.default\">\n\t\t\t\t<div class=\"elementor-widget-container\">\n\t\t\t\t\t\t\t\t\t<p><span lang=\"fr-FR\">Madeira et A\u00e7ores sont les archipels du Portugal, avec toute leur beaut\u00e9 naturelle et un climat temp\u00e9r\u00e9 toute l\u2019ann\u00e9e.\u00a0Si vous voulez abandonner pendant quelques jours toute cette beaut\u00e9 et cette diversit\u00e9 qui Portugal offre, toutes les capitales Europ\u00e9ennes se trouvent \u00e0 quelques heures distance.<\/p>\n<p>Si jusque \u00e0 ce moment nous avons mentionner le paysage et le climat, nous ne pouvons pas oublier l\u2019immense patrimoine culturel unique de chaque zone, ville et village, o\u00f9 la tradition, les coutumes et l\u2019histoire se conjuguent dans une harmonie parfaite, alli\u00e9es toujours \u00e0 la modernit\u00e9 des facilit\u00e9s cr\u00e9\u00e9es pour les visiter.<\/span><\/p>\n\t\t\t\t\t\t\t\t<\/div>\n\t\t\t\t<\/div>\n\t\t\t\t\t<\/div>\n\t\t<\/div>\n\t\t\t\t\t<\/div>\n\t\t<\/section>\n\t\t\t\t<section class=\"elementor-section elementor-top-section elementor-element elementor-element-bf3a8a5 elementor-section-boxed elementor-section-height-default elementor-section-height-default\" data-id=\"bf3a8a5\" data-element_type=\"section\" data-e-type=\"section\">\n\t\t\t\t\t\t<div class=\"elementor-container elementor-column-gap-default\">\n\t\t\t\t\t<div class=\"elementor-column elementor-col-100 elementor-top-column elementor-element elementor-element-e79c9f7\" data-id=\"e79c9f7\" data-element_type=\"column\" data-e-type=\"column\">\n\t\t\t<div class=\"elementor-widget-wrap elementor-element-populated\">\n\t\t\t\t\t\t<div class=\"elementor-element elementor-element-b781a3d elementor-widget elementor-widget-image\" data-id=\"b781a3d\" data-element_type=\"widget\" data-e-type=\"widget\" data-widget_type=\"image.default\">\n\t\t\t\t<div class=\"elementor-widget-container\">\n\t\t\t\t\t\t\t\t\t\t\t\t\t\t\t<img decoding=\"async\" width=\"828\" height=\"450\" src=\"https:\/\/goldroof.pt\/wp-content\/uploads\/2020\/04\/pngwave-25-1024x556.png\" class=\"attachment-large size-large wp-image-5970\" alt=\"Pngwave (25)\" srcset=\"https:\/\/goldroof.pt\/wp-content\/uploads\/2020\/04\/pngwave-25-1024x556.png 1024w, https:\/\/goldroof.pt\/wp-content\/uploads\/2020\/04\/pngwave-25-300x163.png 300w, https:\/\/goldroof.pt\/wp-content\/uploads\/2020\/04\/pngwave-25-768x417.png 768w, https:\/\/goldroof.pt\/wp-content\/uploads\/2020\/04\/pngwave-25-150x81.png 150w, https:\/\/goldroof.pt\/wp-content\/uploads\/2020\/04\/pngwave-25.png 1254w\" sizes=\"(max-width: 828px) 100vw, 828px\" \/>\t\t\t\t\t\t\t\t\t\t\t\t\t\t\t<\/div>\n\t\t\t\t<\/div>\n\t\t\t\t\t<\/div>\n\t\t<\/div>\n\t\t\t\t\t<\/div>\n\t\t<\/section>\n\t\t\t\t<section class=\"elementor-section elementor-top-section elementor-element elementor-element-7941f6f elementor-section-boxed elementor-section-height-default elementor-section-height-default\" data-id=\"7941f6f\" data-element_type=\"section\" data-e-type=\"section\">\n\t\t\t\t\t\t<div class=\"elementor-container elementor-column-gap-default\">\n\t\t\t\t\t<div class=\"elementor-column elementor-col-100 elementor-top-column elementor-element elementor-element-fcbf962\" data-id=\"fcbf962\" data-element_type=\"column\" data-e-type=\"column\">\n\t\t\t<div class=\"elementor-widget-wrap elementor-element-populated\">\n\t\t\t\t\t\t<div class=\"elementor-element elementor-element-03d3830 elementor-widget elementor-widget-text-editor\" data-id=\"03d3830\" data-element_type=\"widget\" data-e-type=\"widget\" data-widget_type=\"text-editor.default\">\n\t\t\t\t<div class=\"elementor-widget-container\">\n\t\t\t\t\t\t\t\t\t<p><span lang=\"fr-FR\">Le vaste r\u00e9seau d\u2019autoroutes qui s\u2019\u00e9tend sur tout le pays et qui s\u2019accompagne de moyens de transport tels que le train et l\u2019avion, cr\u00e9ent proximit\u00e9 nord-sud.\u00a0Un voyage en voiture ou en train entre Porto et Lisbonne prend 3 heures, ou seulement 30m en avion.\u00a0Pour profiter de superbes plages, sable fin et eau de mer avec une temp\u00e9rature mod\u00e9r\u00e9e, pour arriver de Lisbonne a la c\u00f4te de l\u2019Algarve ils faits seulement 2 heures et 1 heure d\u2019avion de Porto.\u00a0Madeira et A\u00e7ores sont \u00e0 environ de 2 heures de Porto ou Lisbonne, donc un voyage aux \u00eeles pourrait \u00eatre une option de fin de semaine \u00e0 ne pas oublier.<\/span><\/p>\n\t\t\t\t\t\t\t\t<\/div>\n\t\t\t\t<\/div>\n\t\t\t\t\t<\/div>\n\t\t<\/div>\n\t\t\t\t\t<\/div>\n\t\t<\/section>\n\t\t\t\t<section class=\"elementor-section elementor-top-section elementor-element elementor-element-f43cac1 elementor-section-boxed elementor-section-height-default elementor-section-height-default\" data-id=\"f43cac1\" data-element_type=\"section\" data-e-type=\"section\">\n\t\t\t\t\t\t<div class=\"elementor-container elementor-column-gap-default\">\n\t\t\t\t\t<div class=\"elementor-column elementor-col-50 elementor-top-column elementor-element elementor-element-9934d2d\" data-id=\"9934d2d\" data-element_type=\"column\" data-e-type=\"column\">\n\t\t\t<div class=\"elementor-widget-wrap elementor-element-populated\">\n\t\t\t\t\t\t<div class=\"elementor-element elementor-element-0d7d72e elementor-widget elementor-widget-text-editor\" data-id=\"0d7d72e\" data-element_type=\"widget\" data-e-type=\"widget\" data-widget_type=\"text-editor.default\">\n\t\t\t\t<div class=\"elementor-widget-container\">\n\t\t\t\t\t\t\t\t\t<p><span lang=\"fr-FR\">Apart du climat et des paysages, Portugal est mondialement connu pour sa cuisine. Toutes les r\u00e9gions du pays ont leurs sp\u00e9cialistes typiques, et bien que les options soient nombreuses, ceux qui habitent au Portugal ne manquent pas de tous les jours louer la qualit\u00e9 et diversit\u00e9 de la cuisine Portugaise.<\/span><\/p>\n\t\t\t\t\t\t\t\t<\/div>\n\t\t\t\t<\/div>\n\t\t\t\t\t<\/div>\n\t\t<\/div>\n\t\t\t\t<div class=\"elementor-column elementor-col-50 elementor-top-column elementor-element elementor-element-1fbfdec\" data-id=\"1fbfdec\" data-element_type=\"column\" data-e-type=\"column\">\n\t\t\t<div class=\"elementor-widget-wrap elementor-element-populated\">\n\t\t\t\t\t\t<div class=\"elementor-element elementor-element-60dd7fa elementor-widget elementor-widget-image\" data-id=\"60dd7fa\" data-element_type=\"widget\" data-e-type=\"widget\" data-widget_type=\"image.default\">\n\t\t\t\t<div class=\"elementor-widget-container\">\n\t\t\t\t\t\t\t\t\t\t\t\t\t\t\t<img loading=\"lazy\" decoding=\"async\" width=\"828\" height=\"828\" src=\"https:\/\/goldroof.pt\/wp-content\/uploads\/2020\/04\/pngwave-23.png\" class=\"attachment-large size-large wp-image-5964\" alt=\"Pngwave (23)\" srcset=\"https:\/\/goldroof.pt\/wp-content\/uploads\/2020\/04\/pngwave-23.png 1000w, https:\/\/goldroof.pt\/wp-content\/uploads\/2020\/04\/pngwave-23-300x300.png 300w, https:\/\/goldroof.pt\/wp-content\/uploads\/2020\/04\/pngwave-23-150x150.png 150w, https:\/\/goldroof.pt\/wp-content\/uploads\/2020\/04\/pngwave-23-768x768.png 768w, https:\/\/goldroof.pt\/wp-content\/uploads\/2020\/04\/pngwave-23-210x210.png 210w\" sizes=\"(max-width: 828px) 100vw, 828px\" \/>\t\t\t\t\t\t\t\t\t\t\t\t\t\t\t<\/div>\n\t\t\t\t<\/div>\n\t\t\t\t\t<\/div>\n\t\t<\/div>\n\t\t\t\t\t<\/div>\n\t\t<\/section>\n\t\t\t\t<section class=\"elementor-section elementor-top-section elementor-element elementor-element-5cbf445 elementor-section-boxed elementor-section-height-default elementor-section-height-default\" data-id=\"5cbf445\" data-element_type=\"section\" data-e-type=\"section\">\n\t\t\t\t\t\t<div class=\"elementor-container elementor-column-gap-default\">\n\t\t\t\t\t<div class=\"elementor-column elementor-col-100 elementor-top-column elementor-element elementor-element-1384e5f\" data-id=\"1384e5f\" data-element_type=\"column\" data-e-type=\"column\">\n\t\t\t<div class=\"elementor-widget-wrap elementor-element-populated\">\n\t\t\t\t\t\t<div class=\"elementor-element elementor-element-2a1828c elementor-widget elementor-widget-text-editor\" data-id=\"2a1828c\" data-element_type=\"widget\" data-e-type=\"widget\" data-widget_type=\"text-editor.default\">\n\t\t\t\t<div class=\"elementor-widget-container\">\n\t\t\t\t\t\t\t\t\t<p><span lang=\"fr-FR\">Bien s\u00fbr qu\u2019une bonne cuisine est toujours accompagn\u00e9e d\u2019un grand vin.\u00a0Portugal est une r\u00e9f\u00e9rence mondiale de la viticulture, depuis de la r\u00e9gion du Minho, de la c\u00e9l\u00e8bre zone du Douro, de la p\u00e9ninsule de Set\u00fabal et du vaste Alentejo, tous son d\u2019excellente qualit\u00e9 et pour diff\u00e9rents go\u00fbts.<\/span><\/p>\n\t\t\t\t\t\t\t\t<\/div>\n\t\t\t\t<\/div>\n\t\t\t\t\t<\/div>\n\t\t<\/div>\n\t\t\t\t\t<\/div>\n\t\t<\/section>\n\t\t\t\t<section class=\"elementor-section elementor-top-section elementor-element elementor-element-8b28193 elementor-section-boxed elementor-section-height-default elementor-section-height-default\" data-id=\"8b28193\" data-element_type=\"section\" data-e-type=\"section\">\n\t\t\t\t\t\t<div class=\"elementor-container elementor-column-gap-default\">\n\t\t\t\t\t<div class=\"elementor-column elementor-col-50 elementor-top-column elementor-element elementor-element-d7bdda5\" data-id=\"d7bdda5\" data-element_type=\"column\" data-e-type=\"column\">\n\t\t\t<div class=\"elementor-widget-wrap elementor-element-populated\">\n\t\t\t\t\t\t<div class=\"elementor-element elementor-element-b09caff elementor-widget elementor-widget-image\" data-id=\"b09caff\" data-element_type=\"widget\" data-e-type=\"widget\" data-widget_type=\"image.default\">\n\t\t\t\t<div class=\"elementor-widget-container\">\n\t\t\t\t\t\t\t\t\t\t\t\t\t\t\t<img loading=\"lazy\" decoding=\"async\" width=\"564\" height=\"548\" src=\"https:\/\/goldroof.pt\/wp-content\/uploads\/2020\/04\/pngwave-22-1.png\" class=\"attachment-large size-large wp-image-5967\" alt=\"Pngwave (22)\" srcset=\"https:\/\/goldroof.pt\/wp-content\/uploads\/2020\/04\/pngwave-22-1.png 564w, https:\/\/goldroof.pt\/wp-content\/uploads\/2020\/04\/pngwave-22-1-300x291.png 300w, https:\/\/goldroof.pt\/wp-content\/uploads\/2020\/04\/pngwave-22-1-150x146.png 150w\" sizes=\"(max-width: 564px) 100vw, 564px\" \/>\t\t\t\t\t\t\t\t\t\t\t\t\t\t\t<\/div>\n\t\t\t\t<\/div>\n\t\t\t\t\t<\/div>\n\t\t<\/div>\n\t\t\t\t<div class=\"elementor-column elementor-col-50 elementor-top-column elementor-element elementor-element-9f45ff8\" data-id=\"9f45ff8\" data-element_type=\"column\" data-e-type=\"column\">\n\t\t\t<div class=\"elementor-widget-wrap elementor-element-populated\">\n\t\t\t\t\t\t<div class=\"elementor-element elementor-element-a284e64 elementor-widget elementor-widget-text-editor\" data-id=\"a284e64\" data-element_type=\"widget\" data-e-type=\"widget\" data-widget_type=\"text-editor.default\">\n\t\t\t\t<div class=\"elementor-widget-container\">\n\t\t\t\t\t\t\t\t\t<p><span lang=\"fr-FR\">Et enfin, il y a les Portugais.\u00a0Des gens chaleureux, sympathiques, disponibles, joyeux, nostalgiques, des gens qui attirent les gens, quelles que soient leurs origines, leurs croyances ou leurs religions.\u00a0Portugal est un pays des multiples facettes, moderne tout en \u00e9tant traditionnel et tr\u00e8s tol\u00e9rant, avec une criminalit\u00e9 tr\u00e8s faible, \u00e9tant le troisi\u00e8me pays le plus s\u00fbr du monde, ce qui fournit un bien-\u00eatre et qualit\u00e9 de vie rarement rencontr\u00e9es sur le continent Europ\u00e9en et sur les continents qui l\u2019entourne.<\/span><\/p>\n\t\t\t\t\t\t\t\t<\/div>\n\t\t\t\t<\/div>\n\t\t\t\t\t<\/div>\n\t\t<\/div>\n\t\t\t\t\t<\/div>\n\t\t<\/section>\n\t\t\t\t<section class=\"elementor-section elementor-top-section elementor-element elementor-element-94989f9 elementor-section-boxed elementor-section-height-default elementor-section-height-default\" data-id=\"94989f9\" data-element_type=\"section\" data-e-type=\"section\">\n\t\t\t\t\t\t<div class=\"elementor-container elementor-column-gap-default\">\n\t\t\t\t\t<div class=\"elementor-column elementor-col-100 elementor-top-column elementor-element elementor-element-1db29d3\" data-id=\"1db29d3\" data-element_type=\"column\" data-e-type=\"column\">\n\t\t\t<div class=\"elementor-widget-wrap elementor-element-populated\">\n\t\t\t\t\t\t<div class=\"elementor-element elementor-element-9709583 elementor-widget elementor-widget-heading\" data-id=\"9709583\" data-element_type=\"widget\" data-e-type=\"widget\" data-widget_type=\"heading.default\">\n\t\t\t\t<div class=\"elementor-widget-container\">\n\t\t\t\t\t<h3 class=\"elementor-heading-title elementor-size-default\">Portugal est unique et in\u00e9gal\u00e9.\u00a0Venez vivre au Portugal !<\/h3>\t\t\t\t<\/div>\n\t\t\t\t<\/div>\n\t\t\t\t\t<\/div>\n\t\t<\/div>\n\t\t\t\t\t<\/div>\n\t\t<\/section>\n\t\t\t\t<\/div>\n\t\t","protected":false},"excerpt":{"rendered":"<p>Portugal est connu par les Portugais comme un jardin au bord de la mer.&nbsp;Venez d\u00e9couvrir et tomber amoureux de cet immense jardin plein de beaut\u00e9 et de diversit\u00e9. Portugal est le pays id\u00e9al pour vivre.&nbsp;Le climat est doux sur tout le territoire, avec une sup\u00e9rieure moyenne de 8 heures par jour de soleil.&nbsp;Une ligne de&#8230;<\/p>\n","protected":false},"author":1,"featured_media":0,"parent":0,"menu_order":0,"comment_status":"closed","ping_status":"closed","template":"","meta":{"content-type":"","om_disable_all_campaigns":false,"slim_seo":{"title":"Vivre au Portugal - Gold Roof","description":"Portugal est connu par les Portugais comme un jardin au bord de la mer.&nbsp;Venez d\u00e9couvrir et tomber amoureux de cet immense jardin plein de beaut\u00e9 et de dive"},"footnotes":""},"class_list":["post-5939","page","type-page","status-publish","hentry"],"aioseo_notices":[],"_links":{"self":[{"href":"https:\/\/goldroof.pt\/fr\/wp-json\/wp\/v2\/pages\/5939","targetHints":{"allow":["GET"]}}],"collection":[{"href":"https:\/\/goldroof.pt\/fr\/wp-json\/wp\/v2\/pages"}],"about":[{"href":"https:\/\/goldroof.pt\/fr\/wp-json\/wp\/v2\/types\/page"}],"author":[{"embeddable":true,"href":"https:\/\/goldroof.pt\/fr\/wp-json\/wp\/v2\/users\/1"}],"replies":[{"embeddable":true,"href":"https:\/\/goldroof.pt\/fr\/wp-json\/wp\/v2\/comments?post=5939"}],"version-history":[{"count":0,"href":"https:\/\/goldroof.pt\/fr\/wp-json\/wp\/v2\/pages\/5939\/revisions"}],"wp:attachment":[{"href":"https:\/\/goldroof.pt\/fr\/wp-json\/wp\/v2\/media?parent=5939"}],"curies":[{"name":"wp","href":"https:\/\/api.w.org\/{rel}","templated":true}]}}