{"id":5930,"date":"2020-04-21T02:58:50","date_gmt":"2020-04-21T01:58:50","guid":{"rendered":"https:\/\/goldroof.pt\/investidor\/"},"modified":"2020-05-17T23:13:37","modified_gmt":"2020-05-17T22:13:37","slug":"investidor","status":"publish","type":"page","link":"https:\/\/goldroof.pt\/fr\/investidor\/","title":{"rendered":"Investidor"},"content":{"rendered":"\t\t<div data-elementor-type=\"wp-page\" data-elementor-id=\"5930\" class=\"elementor elementor-5930 elementor-5233\">\n\t\t\t\t\t\t<section class=\"elementor-section elementor-top-section elementor-element elementor-element-7897d14 elementor-section-boxed elementor-section-height-default elementor-section-height-default\" data-id=\"7897d14\" data-element_type=\"section\" data-e-type=\"section\">\n\t\t\t\t\t\t<div class=\"elementor-container elementor-column-gap-default\">\n\t\t\t\t\t<div class=\"elementor-column elementor-col-100 elementor-top-column elementor-element elementor-element-96e0a16\" data-id=\"96e0a16\" data-element_type=\"column\" data-e-type=\"column\">\n\t\t\t<div class=\"elementor-widget-wrap elementor-element-populated\">\n\t\t\t\t\t\t<div class=\"elementor-element elementor-element-7c58972 elementor-widget elementor-widget-heading\" data-id=\"7c58972\" data-element_type=\"widget\" data-e-type=\"widget\" data-widget_type=\"heading.default\">\n\t\t\t\t<div class=\"elementor-widget-container\">\n\t\t\t\t\t<h2 class=\"elementor-heading-title elementor-size-default\">Investir com seguran\u00e7a!<\/h2>\t\t\t\t<\/div>\n\t\t\t\t<\/div>\n\t\t\t\t\t<\/div>\n\t\t<\/div>\n\t\t\t\t\t<\/div>\n\t\t<\/section>\n\t\t\t\t<section class=\"elementor-section elementor-top-section elementor-element elementor-element-2db11c9 elementor-section-boxed elementor-section-height-default elementor-section-height-default\" data-id=\"2db11c9\" data-element_type=\"section\" data-e-type=\"section\">\n\t\t\t\t\t\t<div class=\"elementor-container elementor-column-gap-default\">\n\t\t\t\t\t<div class=\"elementor-column elementor-col-100 elementor-top-column elementor-element elementor-element-3d7226e\" data-id=\"3d7226e\" data-element_type=\"column\" data-e-type=\"column\">\n\t\t\t<div class=\"elementor-widget-wrap elementor-element-populated\">\n\t\t\t\t\t\t<div class=\"elementor-element elementor-element-76d9c4c elementor-widget elementor-widget-text-editor\" data-id=\"76d9c4c\" data-element_type=\"widget\" data-e-type=\"widget\" data-widget_type=\"text-editor.default\">\n\t\t\t\t<div class=\"elementor-widget-container\">\n\t\t\t\t\t\t\t\t\t<p>Para a maior parte das pessoas, investir em im\u00f3veis \u00e9 supostamente f\u00e1cil de entender, porque aparentemente \u00e9 simples, envolvendo uma rela\u00e7\u00e3o entre um propriet\u00e1rio e um arrendat\u00e1rio ou comprador.<\/p>\n\t\t\t\t\t\t\t\t<\/div>\n\t\t\t\t<\/div>\n\t\t\t\t\t<\/div>\n\t\t<\/div>\n\t\t\t\t\t<\/div>\n\t\t<\/section>\n\t\t\t\t<section class=\"elementor-section elementor-top-section elementor-element elementor-element-da9ac06 elementor-section-boxed elementor-section-height-default elementor-section-height-default\" data-id=\"da9ac06\" data-element_type=\"section\" data-e-type=\"section\">\n\t\t\t\t\t\t<div class=\"elementor-container elementor-column-gap-default\">\n\t\t\t\t\t<div class=\"elementor-column elementor-col-50 elementor-top-column elementor-element elementor-element-610b4b8\" data-id=\"610b4b8\" data-element_type=\"column\" data-e-type=\"column\">\n\t\t\t<div class=\"elementor-widget-wrap elementor-element-populated\">\n\t\t\t\t\t\t<div class=\"elementor-element elementor-element-d217e33 elementor-widget elementor-widget-text-editor\" data-id=\"d217e33\" data-element_type=\"widget\" data-e-type=\"widget\" data-widget_type=\"text-editor.default\">\n\t\t\t\t<div class=\"elementor-widget-container\">\n\t\t\t\t\t\t\t\t\t<p>Na realidade investir em im\u00f3veis \u00e9 muito mais complexo. Existem diferentes tipos de investimento imobili\u00e1rio, nomeadamente de \u00e2mbito residencial, comercial, industrial, bem como im\u00f3veis que podem ser negociados em bolsas de valores, os SIGI. Para que possa investir com tranquilidade e seguran\u00e7a, \u00e9 necess\u00e1rio avaliar com anteced\u00eancia todas as condicionantes de uma aquisi\u00e7\u00e3o.<\/p>\n\t\t\t\t\t\t\t\t<\/div>\n\t\t\t\t<\/div>\n\t\t\t\t\t<\/div>\n\t\t<\/div>\n\t\t\t\t<div class=\"elementor-column elementor-col-50 elementor-top-column elementor-element elementor-element-8bc07c6\" data-id=\"8bc07c6\" data-element_type=\"column\" data-e-type=\"column\">\n\t\t\t<div class=\"elementor-widget-wrap elementor-element-populated\">\n\t\t\t\t\t\t<div class=\"elementor-element elementor-element-951982f elementor-widget elementor-widget-image\" data-id=\"951982f\" data-element_type=\"widget\" data-e-type=\"widget\" data-widget_type=\"image.default\">\n\t\t\t\t<div class=\"elementor-widget-container\">\n\t\t\t\t\t\t\t\t\t\t\t\t\t\t\t<img fetchpriority=\"high\" decoding=\"async\" width=\"828\" height=\"681\" src=\"https:\/\/goldroof.pt\/wp-content\/uploads\/2020\/03\/escada-co-cifrao-1024x842.png\" class=\"attachment-large size-large wp-image-5935\" alt=\"Escada co cifrao\" srcset=\"https:\/\/goldroof.pt\/wp-content\/uploads\/2020\/03\/escada-co-cifrao-1024x842.png 1024w, https:\/\/goldroof.pt\/wp-content\/uploads\/2020\/03\/escada-co-cifrao-300x247.png 300w, https:\/\/goldroof.pt\/wp-content\/uploads\/2020\/03\/escada-co-cifrao-768x631.png 768w, https:\/\/goldroof.pt\/wp-content\/uploads\/2020\/03\/escada-co-cifrao-1536x1262.png 1536w, https:\/\/goldroof.pt\/wp-content\/uploads\/2020\/03\/escada-co-cifrao-150x123.png 150w, https:\/\/goldroof.pt\/wp-content\/uploads\/2020\/03\/escada-co-cifrao.png 1600w\" sizes=\"(max-width: 828px) 100vw, 828px\" \/>\t\t\t\t\t\t\t\t\t\t\t\t\t\t\t<\/div>\n\t\t\t\t<\/div>\n\t\t\t\t\t<\/div>\n\t\t<\/div>\n\t\t\t\t\t<\/div>\n\t\t<\/section>\n\t\t\t\t<section class=\"elementor-section elementor-top-section elementor-element elementor-element-db9ff0f elementor-section-boxed elementor-section-height-default elementor-section-height-default\" data-id=\"db9ff0f\" data-element_type=\"section\" data-e-type=\"section\">\n\t\t\t\t\t\t<div class=\"elementor-container elementor-column-gap-default\">\n\t\t\t\t\t<div class=\"elementor-column elementor-col-100 elementor-top-column elementor-element elementor-element-b888876\" data-id=\"b888876\" data-element_type=\"column\" data-e-type=\"column\">\n\t\t\t<div class=\"elementor-widget-wrap elementor-element-populated\">\n\t\t\t\t\t\t<div class=\"elementor-element elementor-element-aa77cd9 elementor-widget elementor-widget-text-editor\" data-id=\"aa77cd9\" data-element_type=\"widget\" data-e-type=\"widget\" data-widget_type=\"text-editor.default\">\n\t\t\t\t<div class=\"elementor-widget-container\">\n\t\t\t\t\t\t\t\t\t<p>A Gold Roof \u2013 Real Estate &amp; Finance poder\u00e1 orientar a sua decis\u00e3o para que o seu investimento possa ter o sucesso que pretende.<\/p>\n\t\t\t\t\t\t\t\t<\/div>\n\t\t\t\t<\/div>\n\t\t\t\t\t<\/div>\n\t\t<\/div>\n\t\t\t\t\t<\/div>\n\t\t<\/section>\n\t\t\t\t<section class=\"elementor-section elementor-top-section elementor-element elementor-element-acbfcbf elementor-section-boxed elementor-section-height-default elementor-section-height-default\" data-id=\"acbfcbf\" data-element_type=\"section\" data-e-type=\"section\">\n\t\t\t\t\t\t<div class=\"elementor-container elementor-column-gap-default\">\n\t\t\t\t\t<div class=\"elementor-column elementor-col-100 elementor-top-column elementor-element elementor-element-75c21da\" data-id=\"75c21da\" data-element_type=\"column\" data-e-type=\"column\">\n\t\t\t<div class=\"elementor-widget-wrap elementor-element-populated\">\n\t\t\t\t\t\t<div class=\"elementor-element elementor-element-dec4680 elementor-widget elementor-widget-text-editor\" data-id=\"dec4680\" data-element_type=\"widget\" data-e-type=\"widget\" data-widget_type=\"text-editor.default\">\n\t\t\t\t<div class=\"elementor-widget-container\">\n\t\t\t\t\t\t\t\t\t<p>O objetivo de um investidor, \u00e9 colocar o capital a trabalhar hoje e faz\u00ea-lo crescer para que no futuro possa obter rentabilidade sobre o investimento inicial.<\/p>\n\t\t\t\t\t\t\t\t<\/div>\n\t\t\t\t<\/div>\n\t\t\t\t\t<\/div>\n\t\t<\/div>\n\t\t\t\t\t<\/div>\n\t\t<\/section>\n\t\t\t\t<section class=\"elementor-section elementor-top-section elementor-element elementor-element-91fe827 elementor-section-boxed elementor-section-height-default elementor-section-height-default\" data-id=\"91fe827\" data-element_type=\"section\" data-e-type=\"section\">\n\t\t\t\t\t\t<div class=\"elementor-container elementor-column-gap-default\">\n\t\t\t\t\t<div class=\"elementor-column elementor-col-50 elementor-top-column elementor-element elementor-element-b6851df\" data-id=\"b6851df\" data-element_type=\"column\" data-e-type=\"column\">\n\t\t\t<div class=\"elementor-widget-wrap elementor-element-populated\">\n\t\t\t\t\t\t<div class=\"elementor-element elementor-element-177837a elementor-widget elementor-widget-image\" data-id=\"177837a\" data-element_type=\"widget\" data-e-type=\"widget\" data-widget_type=\"image.default\">\n\t\t\t\t<div class=\"elementor-widget-container\">\n\t\t\t\t\t\t\t\t\t\t\t\t\t\t\t<img decoding=\"async\" width=\"828\" height=\"757\" src=\"https:\/\/goldroof.pt\/wp-content\/uploads\/2020\/03\/pngwave-14.png\" class=\"attachment-large size-large wp-image-5932\" alt=\"Pngwave (14)\" srcset=\"https:\/\/goldroof.pt\/wp-content\/uploads\/2020\/03\/pngwave-14.png 1024w, https:\/\/goldroof.pt\/wp-content\/uploads\/2020\/03\/pngwave-14-300x274.png 300w, https:\/\/goldroof.pt\/wp-content\/uploads\/2020\/03\/pngwave-14-768x702.png 768w, https:\/\/goldroof.pt\/wp-content\/uploads\/2020\/03\/pngwave-14-150x137.png 150w\" sizes=\"(max-width: 828px) 100vw, 828px\" \/>\t\t\t\t\t\t\t\t\t\t\t\t\t\t\t<\/div>\n\t\t\t\t<\/div>\n\t\t\t\t\t<\/div>\n\t\t<\/div>\n\t\t\t\t<div class=\"elementor-column elementor-col-50 elementor-top-column elementor-element elementor-element-207c3e5\" data-id=\"207c3e5\" data-element_type=\"column\" data-e-type=\"column\">\n\t\t\t<div class=\"elementor-widget-wrap elementor-element-populated\">\n\t\t\t\t\t\t<div class=\"elementor-element elementor-element-786c2a8 elementor-widget elementor-widget-text-editor\" data-id=\"786c2a8\" data-element_type=\"widget\" data-e-type=\"widget\" data-widget_type=\"text-editor.default\">\n\t\t\t\t<div class=\"elementor-widget-container\">\n\t\t\t\t\t\t\t\t\t<p>Para isso acontecer ter\u00e1 que considerar os diversos custos inerentes ao seu investimento, como impostos, manuten\u00e7\u00e3o do im\u00f3vel, condom\u00ednio, entre outros. O seu Consultor imobili\u00e1rio ir\u00e1 acompanha-lo no planeamento do seu futuro investimento e dos seus custos, nomeadamente analisando o investimento que pretende realizar, qual a sua finalidade, e qual a sua rentabilidade real.<\/p>\n\t\t\t\t\t\t\t\t<\/div>\n\t\t\t\t<\/div>\n\t\t\t\t\t<\/div>\n\t\t<\/div>\n\t\t\t\t\t<\/div>\n\t\t<\/section>\n\t\t\t\t<section class=\"elementor-section elementor-top-section elementor-element elementor-element-8af4411 elementor-section-boxed elementor-section-height-default elementor-section-height-default\" data-id=\"8af4411\" data-element_type=\"section\" data-e-type=\"section\">\n\t\t\t\t\t\t<div class=\"elementor-container elementor-column-gap-default\">\n\t\t\t\t\t<div class=\"elementor-column elementor-col-100 elementor-top-column elementor-element elementor-element-51e7ef4\" data-id=\"51e7ef4\" data-element_type=\"column\" data-e-type=\"column\">\n\t\t\t<div class=\"elementor-widget-wrap elementor-element-populated\">\n\t\t\t\t\t\t<div class=\"elementor-element elementor-element-8159fcb elementor-widget elementor-widget-text-editor\" data-id=\"8159fcb\" data-element_type=\"widget\" data-e-type=\"widget\" data-widget_type=\"text-editor.default\">\n\t\t\t\t<div class=\"elementor-widget-container\">\n\t\t\t\t\t\t\t\t\t<p>A Gold Roof \u2013 Real estate &amp; Finance oferece um estudo de an\u00e1lise de rentabilidade cuidada e respons\u00e1vel sem qualquer custo agregado, quer seja para obter rentabilidade,\u00a0 compra\/venda ou para arrendamento. A nossa ajuda \u00e9 insubstitu\u00edvel para o seu sucesso!<\/p>\n\t\t\t\t\t\t\t\t<\/div>\n\t\t\t\t<\/div>\n\t\t\t\t\t<\/div>\n\t\t<\/div>\n\t\t\t\t\t<\/div>\n\t\t<\/section>\n\t\t\t\t<\/div>\n\t\t","protected":false},"excerpt":{"rendered":"<p>Investir com seguran\u00e7a! Para a maior parte das pessoas, investir em im\u00f3veis \u00e9 supostamente f\u00e1cil de entender, porque aparentemente \u00e9 simples, envolvendo uma rela\u00e7\u00e3o entre um propriet\u00e1rio e um arrendat\u00e1rio ou comprador. Na realidade investir em im\u00f3veis \u00e9 muito mais complexo. Existem diferentes tipos de investimento imobili\u00e1rio, nomeadamente de \u00e2mbito residencial, comercial, industrial, bem como&#8230;<\/p>\n","protected":false},"author":1,"featured_media":0,"parent":0,"menu_order":0,"comment_status":"closed","ping_status":"closed","template":"","meta":{"content-type":"","om_disable_all_campaigns":false,"slim_seo":{"title":"Investidor - Gold Roof","description":"Investir com seguran\u00e7a! Para a maior parte das pessoas, investir em im\u00f3veis \u00e9 supostamente f\u00e1cil de entender, porque aparentemente \u00e9 simples, envolvendo uma rel"},"footnotes":""},"class_list":["post-5930","page","type-page","status-publish","hentry"],"aioseo_notices":[],"_links":{"self":[{"href":"https:\/\/goldroof.pt\/fr\/wp-json\/wp\/v2\/pages\/5930","targetHints":{"allow":["GET"]}}],"collection":[{"href":"https:\/\/goldroof.pt\/fr\/wp-json\/wp\/v2\/pages"}],"about":[{"href":"https:\/\/goldroof.pt\/fr\/wp-json\/wp\/v2\/types\/page"}],"author":[{"embeddable":true,"href":"https:\/\/goldroof.pt\/fr\/wp-json\/wp\/v2\/users\/1"}],"replies":[{"embeddable":true,"href":"https:\/\/goldroof.pt\/fr\/wp-json\/wp\/v2\/comments?post=5930"}],"version-history":[{"count":0,"href":"https:\/\/goldroof.pt\/fr\/wp-json\/wp\/v2\/pages\/5930\/revisions"}],"wp:attachment":[{"href":"https:\/\/goldroof.pt\/fr\/wp-json\/wp\/v2\/media?parent=5930"}],"curies":[{"name":"wp","href":"https:\/\/api.w.org\/{rel}","templated":true}]}}