{"id":5922,"date":"2020-04-21T02:55:44","date_gmt":"2020-04-21T01:55:44","guid":{"rendered":"https:\/\/goldroof.pt\/investisseur\/"},"modified":"2020-04-27T02:50:48","modified_gmt":"2020-04-27T01:50:48","slug":"investisseur","status":"publish","type":"page","link":"https:\/\/goldroof.pt\/fr\/investisseur\/","title":{"rendered":"Investisseur"},"content":{"rendered":"\t\t<div data-elementor-type=\"wp-page\" data-elementor-id=\"5922\" class=\"elementor elementor-5922 elementor-5233\">\n\t\t\t\t\t\t<section class=\"elementor-section elementor-top-section elementor-element elementor-element-7897d14 elementor-section-boxed elementor-section-height-default elementor-section-height-default\" data-id=\"7897d14\" data-element_type=\"section\" data-e-type=\"section\">\n\t\t\t\t\t\t<div class=\"elementor-container elementor-column-gap-default\">\n\t\t\t\t\t<div class=\"elementor-column elementor-col-100 elementor-top-column elementor-element elementor-element-96e0a16\" data-id=\"96e0a16\" data-element_type=\"column\" data-e-type=\"column\">\n\t\t\t<div class=\"elementor-widget-wrap elementor-element-populated\">\n\t\t\t\t\t\t<div class=\"elementor-element elementor-element-7c58972 elementor-widget elementor-widget-heading\" data-id=\"7c58972\" data-element_type=\"widget\" data-e-type=\"widget\" data-widget_type=\"heading.default\">\n\t\t\t\t<div class=\"elementor-widget-container\">\n\t\t\t\t\t<h2 class=\"elementor-heading-title elementor-size-default\">Investir avec tout s\u00e9curit\u00e9 !<\/h2>\t\t\t\t<\/div>\n\t\t\t\t<\/div>\n\t\t\t\t\t<\/div>\n\t\t<\/div>\n\t\t\t\t\t<\/div>\n\t\t<\/section>\n\t\t\t\t<section class=\"elementor-section elementor-top-section elementor-element elementor-element-2db11c9 elementor-section-boxed elementor-section-height-default elementor-section-height-default\" data-id=\"2db11c9\" data-element_type=\"section\" data-e-type=\"section\">\n\t\t\t\t\t\t<div class=\"elementor-container elementor-column-gap-default\">\n\t\t\t\t\t<div class=\"elementor-column elementor-col-100 elementor-top-column elementor-element elementor-element-3d7226e\" data-id=\"3d7226e\" data-element_type=\"column\" data-e-type=\"column\">\n\t\t\t<div class=\"elementor-widget-wrap elementor-element-populated\">\n\t\t\t\t\t\t<div class=\"elementor-element elementor-element-76d9c4c elementor-widget elementor-widget-text-editor\" data-id=\"76d9c4c\" data-element_type=\"widget\" data-e-type=\"widget\" data-widget_type=\"text-editor.default\">\n\t\t\t\t<div class=\"elementor-widget-container\">\n\t\t\t\t\t\t\t\t\t<p><span lang=\"fr-FR\">Pour la plupart des person\u00e9s, investir dans propri\u00e9t\u00e9s est soi-disant facile \u00e0 comprendre, parce que c\u2019est apparemment simple, impliquant une relation entre un propri\u00e9taire et un locataire ou un acheteur.<\/span><\/p>\n\t\t\t\t\t\t\t\t<\/div>\n\t\t\t\t<\/div>\n\t\t\t\t\t<\/div>\n\t\t<\/div>\n\t\t\t\t\t<\/div>\n\t\t<\/section>\n\t\t\t\t<section class=\"elementor-section elementor-top-section elementor-element elementor-element-da9ac06 elementor-section-boxed elementor-section-height-default elementor-section-height-default\" data-id=\"da9ac06\" data-element_type=\"section\" data-e-type=\"section\">\n\t\t\t\t\t\t<div class=\"elementor-container elementor-column-gap-default\">\n\t\t\t\t\t<div class=\"elementor-column elementor-col-50 elementor-top-column elementor-element elementor-element-610b4b8\" data-id=\"610b4b8\" data-element_type=\"column\" data-e-type=\"column\">\n\t\t\t<div class=\"elementor-widget-wrap elementor-element-populated\">\n\t\t\t\t\t\t<div class=\"elementor-element elementor-element-d217e33 elementor-widget elementor-widget-text-editor\" data-id=\"d217e33\" data-element_type=\"widget\" data-e-type=\"widget\" data-widget_type=\"text-editor.default\">\n\t\t\t\t<div class=\"elementor-widget-container\">\n\t\t\t\t\t\t\t\t\t<p><span lang=\"fr-FR\">Investir dans propri\u00e9t\u00e9s est beaucoup plus complexe.\u00a0Il existe diff\u00e9rents types d\u2019investissement immobilier, notamment r\u00e9sidentiel, commercial, industriel, ainsi que des immeubles qui peuvent \u00eatre n\u00e9goci\u00e9s sur une bourse de valeurs, les SIIC. Pour pouvoir investir avec tranquillit\u00e9 et s\u00e9curit\u00e9, \u00e0 l\u2019avance est n\u00e9cessaire d\u2019\u00e9valuer toutes les contraintes d\u2019une acquisition.<\/span><\/p>\n\t\t\t\t\t\t\t\t<\/div>\n\t\t\t\t<\/div>\n\t\t\t\t\t<\/div>\n\t\t<\/div>\n\t\t\t\t<div class=\"elementor-column elementor-col-50 elementor-top-column elementor-element elementor-element-8bc07c6\" data-id=\"8bc07c6\" data-element_type=\"column\" data-e-type=\"column\">\n\t\t\t<div class=\"elementor-widget-wrap elementor-element-populated\">\n\t\t\t\t\t\t<div class=\"elementor-element elementor-element-951982f elementor-widget elementor-widget-image\" data-id=\"951982f\" data-element_type=\"widget\" data-e-type=\"widget\" data-widget_type=\"image.default\">\n\t\t\t\t<div class=\"elementor-widget-container\">\n\t\t\t\t\t\t\t\t\t\t\t\t\t\t\t<img fetchpriority=\"high\" decoding=\"async\" width=\"828\" height=\"681\" src=\"https:\/\/goldroof.pt\/wp-content\/uploads\/2020\/03\/escada-co-cifrao-1024x842.png\" class=\"attachment-large size-large wp-image-5935\" alt=\"Escada co cifrao\" srcset=\"https:\/\/goldroof.pt\/wp-content\/uploads\/2020\/03\/escada-co-cifrao-1024x842.png 1024w, https:\/\/goldroof.pt\/wp-content\/uploads\/2020\/03\/escada-co-cifrao-300x247.png 300w, https:\/\/goldroof.pt\/wp-content\/uploads\/2020\/03\/escada-co-cifrao-768x631.png 768w, https:\/\/goldroof.pt\/wp-content\/uploads\/2020\/03\/escada-co-cifrao-1536x1262.png 1536w, https:\/\/goldroof.pt\/wp-content\/uploads\/2020\/03\/escada-co-cifrao-150x123.png 150w, https:\/\/goldroof.pt\/wp-content\/uploads\/2020\/03\/escada-co-cifrao.png 1600w\" sizes=\"(max-width: 828px) 100vw, 828px\" \/>\t\t\t\t\t\t\t\t\t\t\t\t\t\t\t<\/div>\n\t\t\t\t<\/div>\n\t\t\t\t\t<\/div>\n\t\t<\/div>\n\t\t\t\t\t<\/div>\n\t\t<\/section>\n\t\t\t\t<section class=\"elementor-section elementor-top-section elementor-element elementor-element-db9ff0f elementor-section-boxed elementor-section-height-default elementor-section-height-default\" data-id=\"db9ff0f\" data-element_type=\"section\" data-e-type=\"section\">\n\t\t\t\t\t\t<div class=\"elementor-container elementor-column-gap-default\">\n\t\t\t\t\t<div class=\"elementor-column elementor-col-100 elementor-top-column elementor-element elementor-element-b888876\" data-id=\"b888876\" data-element_type=\"column\" data-e-type=\"column\">\n\t\t\t<div class=\"elementor-widget-wrap elementor-element-populated\">\n\t\t\t\t\t\t<div class=\"elementor-element elementor-element-aa77cd9 elementor-widget elementor-widget-text-editor\" data-id=\"aa77cd9\" data-element_type=\"widget\" data-e-type=\"widget\" data-widget_type=\"text-editor.default\">\n\t\t\t\t<div class=\"elementor-widget-container\">\n\t\t\t\t\t\t\t\t\t<p><span lang=\"fr-FR\">Gold Roof \u2013 Real Estate &amp; Finance peut guider votre d\u00e9cision pour que votre investissement r\u00e9ussisse comme vous le souhaitez.<\/span><\/p>\n\t\t\t\t\t\t\t\t<\/div>\n\t\t\t\t<\/div>\n\t\t\t\t\t<\/div>\n\t\t<\/div>\n\t\t\t\t\t<\/div>\n\t\t<\/section>\n\t\t\t\t<section class=\"elementor-section elementor-top-section elementor-element elementor-element-acbfcbf elementor-section-boxed elementor-section-height-default elementor-section-height-default\" data-id=\"acbfcbf\" data-element_type=\"section\" data-e-type=\"section\">\n\t\t\t\t\t\t<div class=\"elementor-container elementor-column-gap-default\">\n\t\t\t\t\t<div class=\"elementor-column elementor-col-100 elementor-top-column elementor-element elementor-element-75c21da\" data-id=\"75c21da\" data-element_type=\"column\" data-e-type=\"column\">\n\t\t\t<div class=\"elementor-widget-wrap elementor-element-populated\">\n\t\t\t\t\t\t<div class=\"elementor-element elementor-element-dec4680 elementor-widget elementor-widget-text-editor\" data-id=\"dec4680\" data-element_type=\"widget\" data-e-type=\"widget\" data-widget_type=\"text-editor.default\">\n\t\t\t\t<div class=\"elementor-widget-container\">\n\t\t\t\t\t\t\t\t\t<p><span lang=\"fr-FR\">Le but d\u2019un investisseur, c\u2019est de mettre son argent a travailler aujourd\u2019hui et de le faire cro\u00eetre en future, pour obtenir du retour sur l\u2019investissement initial.\u00a0<\/span><\/p>\n\t\t\t\t\t\t\t\t<\/div>\n\t\t\t\t<\/div>\n\t\t\t\t\t<\/div>\n\t\t<\/div>\n\t\t\t\t\t<\/div>\n\t\t<\/section>\n\t\t\t\t<section class=\"elementor-section elementor-top-section elementor-element elementor-element-91fe827 elementor-section-boxed elementor-section-height-default elementor-section-height-default\" data-id=\"91fe827\" data-element_type=\"section\" data-e-type=\"section\">\n\t\t\t\t\t\t<div class=\"elementor-container elementor-column-gap-default\">\n\t\t\t\t\t<div class=\"elementor-column elementor-col-50 elementor-top-column elementor-element elementor-element-b6851df\" data-id=\"b6851df\" data-element_type=\"column\" data-e-type=\"column\">\n\t\t\t<div class=\"elementor-widget-wrap elementor-element-populated\">\n\t\t\t\t\t\t<div class=\"elementor-element elementor-element-177837a elementor-widget elementor-widget-image\" data-id=\"177837a\" data-element_type=\"widget\" data-e-type=\"widget\" data-widget_type=\"image.default\">\n\t\t\t\t<div class=\"elementor-widget-container\">\n\t\t\t\t\t\t\t\t\t\t\t\t\t\t\t<img decoding=\"async\" width=\"828\" height=\"757\" src=\"https:\/\/goldroof.pt\/wp-content\/uploads\/2020\/03\/pngwave-14.png\" class=\"attachment-large size-large wp-image-5932\" alt=\"Pngwave (14)\" srcset=\"https:\/\/goldroof.pt\/wp-content\/uploads\/2020\/03\/pngwave-14.png 1024w, https:\/\/goldroof.pt\/wp-content\/uploads\/2020\/03\/pngwave-14-300x274.png 300w, https:\/\/goldroof.pt\/wp-content\/uploads\/2020\/03\/pngwave-14-768x702.png 768w, https:\/\/goldroof.pt\/wp-content\/uploads\/2020\/03\/pngwave-14-150x137.png 150w\" sizes=\"(max-width: 828px) 100vw, 828px\" \/>\t\t\t\t\t\t\t\t\t\t\t\t\t\t\t<\/div>\n\t\t\t\t<\/div>\n\t\t\t\t\t<\/div>\n\t\t<\/div>\n\t\t\t\t<div class=\"elementor-column elementor-col-50 elementor-top-column elementor-element elementor-element-207c3e5\" data-id=\"207c3e5\" data-element_type=\"column\" data-e-type=\"column\">\n\t\t\t<div class=\"elementor-widget-wrap elementor-element-populated\">\n\t\t\t\t\t\t<div class=\"elementor-element elementor-element-786c2a8 elementor-widget elementor-widget-text-editor\" data-id=\"786c2a8\" data-element_type=\"widget\" data-e-type=\"widget\" data-widget_type=\"text-editor.default\">\n\t\t\t\t<div class=\"elementor-widget-container\">\n\t\t\t\t\t\t\t\t\t<p><span lang=\"fr-FR\">Pour ce faire, il faudra tenir en compte des divers co\u00fbts inh\u00e9rents \u00e0 l\u2019investissement, comme les imp\u00f4ts, l\u2019entretien de l\u2019immeuble, condominium, entre autres.\u00a0Votre Conseiller immobilier vous accompagnera dans la planification de l\u2019investissement futur et de ses co\u00fbts, notamment en analysant l\u2019investissement que vous souhaitez r\u00e9aliser, son but et sa rentabilit\u00e9 r\u00e9elle.<\/span><\/p>\n\t\t\t\t\t\t\t\t<\/div>\n\t\t\t\t<\/div>\n\t\t\t\t\t<\/div>\n\t\t<\/div>\n\t\t\t\t\t<\/div>\n\t\t<\/section>\n\t\t\t\t<section class=\"elementor-section elementor-top-section elementor-element elementor-element-8af4411 elementor-section-boxed elementor-section-height-default elementor-section-height-default\" data-id=\"8af4411\" data-element_type=\"section\" data-e-type=\"section\">\n\t\t\t\t\t\t<div class=\"elementor-container elementor-column-gap-default\">\n\t\t\t\t\t<div class=\"elementor-column elementor-col-100 elementor-top-column elementor-element elementor-element-51e7ef4\" data-id=\"51e7ef4\" data-element_type=\"column\" data-e-type=\"column\">\n\t\t\t<div class=\"elementor-widget-wrap elementor-element-populated\">\n\t\t\t\t\t\t<div class=\"elementor-element elementor-element-8159fcb elementor-widget elementor-widget-text-editor\" data-id=\"8159fcb\" data-element_type=\"widget\" data-e-type=\"widget\" data-widget_type=\"text-editor.default\">\n\t\t\t\t<div class=\"elementor-widget-container\">\n\t\t\t\t\t\t\t\t\t<p><span lang=\"fr-FR\">Gold Roof &#8211; Real Estate &amp; Finance offre une \u00e9tude d\u2019analyse de rentabilit\u00e9 soign\u00e9e et responsable sans aucun co\u00fbt, que ce soit pour obtenir une rentabilit\u00e9 pour l\u2019achat\/vente ou pour location. Notre aide est irrempla\u00e7able pour votre succ\u00e8s!<\/span><\/p>\n\t\t\t\t\t\t\t\t<\/div>\n\t\t\t\t<\/div>\n\t\t\t\t\t<\/div>\n\t\t<\/div>\n\t\t\t\t\t<\/div>\n\t\t<\/section>\n\t\t\t\t<\/div>\n\t\t","protected":false},"excerpt":{"rendered":"<p>Investir avec tout s\u00e9curit\u00e9 ! Pour la plupart des person\u00e9s, investir dans propri\u00e9t\u00e9s est soi-disant facile \u00e0 comprendre, parce que c\u2019est apparemment simple, impliquant une relation entre un propri\u00e9taire et un locataire ou un acheteur. Investir dans propri\u00e9t\u00e9s est beaucoup plus complexe.&nbsp;Il existe diff\u00e9rents types d\u2019investissement immobilier, notamment r\u00e9sidentiel, commercial, industriel, ainsi que des immeubles&#8230;<\/p>\n","protected":false},"author":1,"featured_media":0,"parent":0,"menu_order":0,"comment_status":"closed","ping_status":"closed","template":"","meta":{"content-type":"","om_disable_all_campaigns":false,"slim_seo":{"title":"Investisseur - Gold Roof","description":"Investir avec tout s\u00e9curit\u00e9 ! Pour la plupart des person\u00e9s, investir dans propri\u00e9t\u00e9s est soi-disant facile \u00e0 comprendre, parce que c\u2019est apparemment simple, imp"},"footnotes":""},"class_list":["post-5922","page","type-page","status-publish","hentry"],"aioseo_notices":[],"_links":{"self":[{"href":"https:\/\/goldroof.pt\/fr\/wp-json\/wp\/v2\/pages\/5922","targetHints":{"allow":["GET"]}}],"collection":[{"href":"https:\/\/goldroof.pt\/fr\/wp-json\/wp\/v2\/pages"}],"about":[{"href":"https:\/\/goldroof.pt\/fr\/wp-json\/wp\/v2\/types\/page"}],"author":[{"embeddable":true,"href":"https:\/\/goldroof.pt\/fr\/wp-json\/wp\/v2\/users\/1"}],"replies":[{"embeddable":true,"href":"https:\/\/goldroof.pt\/fr\/wp-json\/wp\/v2\/comments?post=5922"}],"version-history":[{"count":0,"href":"https:\/\/goldroof.pt\/fr\/wp-json\/wp\/v2\/pages\/5922\/revisions"}],"wp:attachment":[{"href":"https:\/\/goldroof.pt\/fr\/wp-json\/wp\/v2\/media?parent=5922"}],"curies":[{"name":"wp","href":"https:\/\/api.w.org\/{rel}","templated":true}]}}