{"id":5912,"date":"2020-04-21T02:44:13","date_gmt":"2020-04-21T01:44:13","guid":{"rendered":"https:\/\/goldroof.pt\/golden-visa\/"},"modified":"2020-04-27T02:47:34","modified_gmt":"2020-04-27T01:47:34","slug":"golden-visa","status":"publish","type":"page","link":"https:\/\/goldroof.pt\/fr\/golden-visa\/","title":{"rendered":"Golden Visa"},"content":{"rendered":"\t\t<div data-elementor-type=\"wp-page\" data-elementor-id=\"5912\" class=\"elementor elementor-5912 elementor-5364\">\n\t\t\t\t\t\t<section class=\"elementor-section elementor-top-section elementor-element elementor-element-ef37785 elementor-section-boxed elementor-section-height-default elementor-section-height-default\" data-id=\"ef37785\" data-element_type=\"section\" data-e-type=\"section\">\n\t\t\t\t\t\t<div class=\"elementor-container elementor-column-gap-default\">\n\t\t\t\t\t<div class=\"elementor-column elementor-col-100 elementor-top-column elementor-element elementor-element-a2ff5ee\" data-id=\"a2ff5ee\" data-element_type=\"column\" data-e-type=\"column\">\n\t\t\t<div class=\"elementor-widget-wrap elementor-element-populated\">\n\t\t\t\t\t\t<div class=\"elementor-element elementor-element-f837cd6 elementor-widget elementor-widget-heading\" data-id=\"f837cd6\" data-element_type=\"widget\" data-e-type=\"widget\" data-widget_type=\"heading.default\">\n\t\t\t\t<div class=\"elementor-widget-container\">\n\t\t\t\t\t<h3 class=\"elementor-heading-title elementor-size-default\">Titre de S\u00e9jour pour Activit\u00e9 d\u2019Investissement (ARI) \u2013 GOLD VISA<\/h3>\t\t\t\t<\/div>\n\t\t\t\t<\/div>\n\t\t\t\t\t<\/div>\n\t\t<\/div>\n\t\t\t\t\t<\/div>\n\t\t<\/section>\n\t\t\t\t<section class=\"elementor-section elementor-top-section elementor-element elementor-element-037a96b elementor-section-boxed elementor-section-height-default elementor-section-height-default\" data-id=\"037a96b\" data-element_type=\"section\" data-e-type=\"section\">\n\t\t\t\t\t\t<div class=\"elementor-container elementor-column-gap-default\">\n\t\t\t\t\t<div class=\"elementor-column elementor-col-100 elementor-top-column elementor-element elementor-element-ca744e6\" data-id=\"ca744e6\" data-element_type=\"column\" data-e-type=\"column\">\n\t\t\t<div class=\"elementor-widget-wrap elementor-element-populated\">\n\t\t\t\t\t\t<div class=\"elementor-element elementor-element-b9dc2ce elementor-widget elementor-widget-image\" data-id=\"b9dc2ce\" data-element_type=\"widget\" data-e-type=\"widget\" data-widget_type=\"image.default\">\n\t\t\t\t<div class=\"elementor-widget-container\">\n\t\t\t\t\t\t\t\t\t\t\t\t\t\t\t<img fetchpriority=\"high\" decoding=\"async\" width=\"828\" height=\"299\" src=\"https:\/\/goldroof.pt\/wp-content\/uploads\/2020\/03\/pngwave-19-1024x370.png\" class=\"attachment-large size-large wp-image-5919\" alt=\"Pngwave (19)\" srcset=\"https:\/\/goldroof.pt\/wp-content\/uploads\/2020\/03\/pngwave-19-1024x370.png 1024w, https:\/\/goldroof.pt\/wp-content\/uploads\/2020\/03\/pngwave-19-300x108.png 300w, https:\/\/goldroof.pt\/wp-content\/uploads\/2020\/03\/pngwave-19-768x277.png 768w, https:\/\/goldroof.pt\/wp-content\/uploads\/2020\/03\/pngwave-19-150x54.png 150w, https:\/\/goldroof.pt\/wp-content\/uploads\/2020\/03\/pngwave-19.png 1426w\" sizes=\"(max-width: 828px) 100vw, 828px\" \/>\t\t\t\t\t\t\t\t\t\t\t\t\t\t\t<\/div>\n\t\t\t\t<\/div>\n\t\t\t\t\t<\/div>\n\t\t<\/div>\n\t\t\t\t\t<\/div>\n\t\t<\/section>\n\t\t\t\t<section class=\"elementor-section elementor-top-section elementor-element elementor-element-6dfec2f elementor-section-boxed elementor-section-height-default elementor-section-height-default\" data-id=\"6dfec2f\" data-element_type=\"section\" data-e-type=\"section\">\n\t\t\t\t\t\t<div class=\"elementor-container elementor-column-gap-default\">\n\t\t\t\t\t<div class=\"elementor-column elementor-col-100 elementor-top-column elementor-element elementor-element-5e5c616\" data-id=\"5e5c616\" data-element_type=\"column\" data-e-type=\"column\">\n\t\t\t<div class=\"elementor-widget-wrap elementor-element-populated\">\n\t\t\t\t\t\t<div class=\"elementor-element elementor-element-978ca94 elementor-widget elementor-widget-text-editor\" data-id=\"978ca94\" data-element_type=\"widget\" data-e-type=\"widget\" data-widget_type=\"text-editor.default\">\n\t\t\t\t<div class=\"elementor-widget-container\">\n\t\t\t\t\t\t\t\t\t<p><span lang=\"fr-FR\">Les investisseurs \u00e9trangers peuvent demander un Titre de S\u00e9jour pour l\u2019Activit\u00e9 d\u2019Investissement s\u2019ils entrent r\u00e9guli\u00e8rement au Portugal (avec visa Schengen valable ou s\u2019ils sont exempt\u00e9s de visa) en effectuant des transferts de capitaux, cr\u00e9ation d\u2019emplois ou l\u2019achat de propri\u00e9t\u00e9s.<\/span><\/p>\n\t\t\t\t\t\t\t\t<\/div>\n\t\t\t\t<\/div>\n\t\t\t\t\t<\/div>\n\t\t<\/div>\n\t\t\t\t\t<\/div>\n\t\t<\/section>\n\t\t\t\t<section class=\"elementor-section elementor-top-section elementor-element elementor-element-11cb81b elementor-section-boxed elementor-section-height-default elementor-section-height-default\" data-id=\"11cb81b\" data-element_type=\"section\" data-e-type=\"section\">\n\t\t\t\t\t\t<div class=\"elementor-container elementor-column-gap-default\">\n\t\t\t\t\t<div class=\"elementor-column elementor-col-100 elementor-top-column elementor-element elementor-element-a6e3524\" data-id=\"a6e3524\" data-element_type=\"column\" data-e-type=\"column\">\n\t\t\t<div class=\"elementor-widget-wrap elementor-element-populated\">\n\t\t\t\t\t\t<div class=\"elementor-element elementor-element-45c465e elementor-widget elementor-widget-heading\" data-id=\"45c465e\" data-element_type=\"widget\" data-e-type=\"widget\" data-widget_type=\"heading.default\">\n\t\t\t\t<div class=\"elementor-widget-container\">\n\t\t\t\t\t<h3 class=\"elementor-heading-title elementor-size-default\">Comment demander un Titre de S\u00e9jour pour Activit\u00e9 d\u2019Investissement<\/h3>\t\t\t\t<\/div>\n\t\t\t\t<\/div>\n\t\t\t\t\t<\/div>\n\t\t<\/div>\n\t\t\t\t\t<\/div>\n\t\t<\/section>\n\t\t\t\t<section class=\"elementor-section elementor-top-section elementor-element elementor-element-7df0573 elementor-section-boxed elementor-section-height-default elementor-section-height-default\" data-id=\"7df0573\" data-element_type=\"section\" data-e-type=\"section\">\n\t\t\t\t\t\t<div class=\"elementor-container elementor-column-gap-default\">\n\t\t\t\t\t<div class=\"elementor-column elementor-col-100 elementor-top-column elementor-element elementor-element-dfabafc\" data-id=\"dfabafc\" data-element_type=\"column\" data-e-type=\"column\">\n\t\t\t<div class=\"elementor-widget-wrap elementor-element-populated\">\n\t\t\t\t\t\t<div class=\"elementor-element elementor-element-bbff363 elementor-widget elementor-widget-text-editor\" data-id=\"bbff363\" data-element_type=\"widget\" data-e-type=\"widget\" data-widget_type=\"text-editor.default\">\n\t\t\t\t<div class=\"elementor-widget-container\">\n\t\t\t\t\t\t\t\t\t<p><span lang=\"fr-FR\">Le d\u00e9partement juridique de Gold Roof \u2013 Real Estate &amp; Finance a l\u2019expertise et est habilit\u00e9 \u00e0 suivre votre dossier de candidature afin qu\u2019il puisse \u00eatre rempli avec succ\u00e8s et en peu de temps.<\/span><\/p>\n\t\t\t\t\t\t\t\t<\/div>\n\t\t\t\t<\/div>\n\t\t\t\t\t<\/div>\n\t\t<\/div>\n\t\t\t\t\t<\/div>\n\t\t<\/section>\n\t\t\t\t<section class=\"elementor-section elementor-top-section elementor-element elementor-element-846d6dc elementor-section-boxed elementor-section-height-default elementor-section-height-default\" data-id=\"846d6dc\" data-element_type=\"section\" data-e-type=\"section\">\n\t\t\t\t\t\t<div class=\"elementor-container elementor-column-gap-default\">\n\t\t\t\t\t<div class=\"elementor-column elementor-col-100 elementor-top-column elementor-element elementor-element-7fccf68\" data-id=\"7fccf68\" data-element_type=\"column\" data-e-type=\"column\">\n\t\t\t<div class=\"elementor-widget-wrap elementor-element-populated\">\n\t\t\t\t\t\t<div class=\"elementor-element elementor-element-7c17af0 elementor-widget elementor-widget-heading\" data-id=\"7c17af0\" data-element_type=\"widget\" data-e-type=\"widget\" data-widget_type=\"heading.default\">\n\t\t\t\t<div class=\"elementor-widget-container\">\n\t\t\t\t\t<h3 class=\"elementor-heading-title elementor-size-default\">Le d\u00e9partement juridique de Gold Roof \u2013 Real Estate &amp; Finance a l\u2019expertise et est habilit\u00e9 \u00e0 suivre votre dossier de candidature afin qu\u2019il puisse \u00eatre rempli avec succ\u00e8s et en peu de temps.<\/h3>\t\t\t\t<\/div>\n\t\t\t\t<\/div>\n\t\t\t\t\t<\/div>\n\t\t<\/div>\n\t\t\t\t\t<\/div>\n\t\t<\/section>\n\t\t\t\t<section class=\"elementor-section elementor-top-section elementor-element elementor-element-ef1b89d elementor-section-boxed elementor-section-height-default elementor-section-height-default\" data-id=\"ef1b89d\" data-element_type=\"section\" data-e-type=\"section\">\n\t\t\t\t\t\t<div class=\"elementor-container elementor-column-gap-default\">\n\t\t\t\t\t<div class=\"elementor-column elementor-col-100 elementor-top-column elementor-element elementor-element-cabb5cb\" data-id=\"cabb5cb\" data-element_type=\"column\" data-e-type=\"column\">\n\t\t\t<div class=\"elementor-widget-wrap elementor-element-populated\">\n\t\t\t\t\t\t<div class=\"elementor-element elementor-element-10986c6 elementor-widget elementor-widget-text-editor\" data-id=\"10986c6\" data-element_type=\"widget\" data-e-type=\"widget\" data-widget_type=\"text-editor.default\">\n\t\t\t\t<div class=\"elementor-widget-container\">\n\t\t\t\t\t\t\t\t\t<p><span lang=\"fr-FR\">Les citoyens d\u2019\u00c9tats tiers qui exercent une activit\u00e9 d\u2019investissement, en personne ou par l\u2019interm\u00e9diaire d\u2019une soci\u00e9t\u00e9, en concr\u00e9tisant au moins une des situations suivantes sur le territoire Portugais pour une dur\u00e9e minimale de cinq ans:<\/span><\/p>\n<ul>\n<li><span lang=\"fr-FR\">Acquisition de propri\u00e9t\u00e9s d\u2019une valeur minimale de 500.000,00\u20ac<\/span><\/li>\n<li><span lang=\"fr-FR\">Acquisition de propri\u00e9t\u00e9s d\u2019une valeur globale minimale de 350.000,00\u20ac en zone de r\u00e9habilitation urbaine ou en b\u00e2timents construits de plus de 30 ans avec la r\u00e9alisation de travaux de r\u00e9habilitation de ces propri\u00e9t\u00e9s<\/span><\/li>\n<\/ul>\n<ul>\n<li><span lang=\"fr-FR\">Transfert de capitaux d\u2019une valeur minimale de 1.000.000.00\u20ac. Les investissements peuvent \u00eatre en actions ou parts de soci\u00e9t\u00e9s<\/span><\/li>\n<li><span lang=\"fr-FR\">Cr\u00e9ation d\u2019au moins 10 emplois<\/span><\/li>\n<li><span lang=\"fr-FR\">Transfert de capitaux d\u2019une valeur minimale de 250.000,00\u20ac, utilis\u00e9 pour soutenir la production artistique, la restauration ou l\u2019entretien du patrimoine culturel<\/span><\/li>\n<li><span lang=\"fr-FR\">Transfert de capitaux d\u2019une valeur minimale de 350.000,00\u20ac pour des activit\u00e9s de recherche scientifique et technologique<\/span><\/li>\n<li><span lang=\"fr-FR\">Transfert de capitaux d\u2019une valeur minimale de 500.000,00\u20ac destin\u00e9s \u00e0 l\u2019acquisition des fonds d\u2019investissement ou de capital-risque pour la capitalisation de petites et moyennes entreprises. L\u2019investissement dans la capitalisation des petites ou moyennes entreprises n\u00e9cessite la pr\u00e9sentation d\u2019un plan de capitalisation viable<\/span><\/li>\n<\/ul>\n<p><span lang=\"fr-FR\">Exigences pour l\u2019acquisition de propri\u00e9t\u00e9s<br \/>\nl\u2019investissement dans l\u2019acquisition de propri\u00e9t\u00e9s d\u2019une valeur minimale de 500.000,00\u20ac, la valeur de cet investissement peut \u00eatre r\u00e9duite de 20% (400.000,00\u20ac) lorsque que celui-ci est effectu\u00e9 sur un territoire de faible densit\u00e9.<br \/>\nCe type d\u2019investissement peut \u00eatre r\u00e9alis\u00e9 individuellement ou pour une soci\u00e9t\u00e9 ou le Demandeur est associ\u00e9.<br \/>\nL\u2019investisseur doit d\u00e9montrer qu\u2019il poss\u00e8de les propri\u00e9t\u00e9s.\u00a0S\u2019il ne peut pas le faire, il peut le d\u00e9montrer par un contrat-promesse d\u2019achat et de vente avec un signe d\u2019une valeur minimale de 500.000,00\u20ac, et il peut le faire de la mani\u00e8re suivante\u00a0:<\/span><\/p>\n<ul>\n<li><span lang=\"fr-FR\">Acqu\u00e9rir la propri\u00e9t\u00e9 en copropri\u00e9t\u00e9, \u00e0 condition que le demandeur \u00e0 l\u2019ARI investisse au moins 500.000,00\u20ac;<\/span><\/li>\n<li><span lang=\"fr-FR\">Acqu\u00e9rir la propri\u00e9t\u00e9 par l\u2019interm\u00e9diaire d\u2019une soci\u00e9t\u00e9 ou dans laquelle il est associ\u00e9;<\/span><\/li>\n<li><span lang=\"fr-FR\">Grever le propri\u00e9t\u00e9 pour la part qui d\u00e9passe le montant de 500.000,00\u20ac;\u00a0<\/span><\/li>\n<li><span lang=\"fr-FR\">Destin\u00e9e la propri\u00e9t\u00e9 pour la location, l\u2019exploitation commercial, agricole ou touristique.<\/span><\/li>\n<\/ul>\n\t\t\t\t\t\t\t\t<\/div>\n\t\t\t\t<\/div>\n\t\t\t\t\t<\/div>\n\t\t<\/div>\n\t\t\t\t\t<\/div>\n\t\t<\/section>\n\t\t\t\t<section class=\"elementor-section elementor-top-section elementor-element elementor-element-7526fb5 elementor-section-boxed elementor-section-height-default elementor-section-height-default\" data-id=\"7526fb5\" data-element_type=\"section\" data-e-type=\"section\">\n\t\t\t\t\t\t<div class=\"elementor-container elementor-column-gap-default\">\n\t\t\t\t\t<div class=\"elementor-column elementor-col-100 elementor-top-column elementor-element elementor-element-5f22ca7\" data-id=\"5f22ca7\" data-element_type=\"column\" data-e-type=\"column\">\n\t\t\t<div class=\"elementor-widget-wrap elementor-element-populated\">\n\t\t\t\t\t\t<div class=\"elementor-element elementor-element-c7e67bd elementor-widget elementor-widget-text-editor\" data-id=\"c7e67bd\" data-element_type=\"widget\" data-e-type=\"widget\" data-widget_type=\"text-editor.default\">\n\t\t\t\t<div class=\"elementor-widget-container\">\n\t\t\t\t\t\t\t\t\t<p><span lang=\"fr-FR\">Les titulaires d\u2019un Titre de S\u00e9jour pour Activit\u00e9 d\u2019Investissement ont droit:<\/span><\/p>\n<ul>\n<li><span lang=\"fr-FR\">Entrer au Portugal sans visa de s\u00e9jour;<\/span><\/li>\n<li><span lang=\"fr-FR\">R\u00e9sider et travailler au Portugal et s\u00e9journer pendant au moins 7 jours dans le premi\u00e8re ann\u00e9e, et plus de 14 jours les ann\u00e9es suivantes;<\/span><\/li>\n<li><span lang=\"fr-FR\">Circuler dans l\u2019espace Schengen sans visa;<\/span><\/li>\n<li><span lang=\"fr-FR\">Demander le regroupement famili\u00e8re;<\/span><\/li>\n<li><span lang=\"fr-FR\">Demande de permis de s\u00e9jour permanent en conformit\u00e9 avec la Loi sur les Etrangers;<\/span><\/li>\n<li><span lang=\"fr-FR\">Demande la nationalit\u00e9 Portugaise en conformit\u00e9 avec la Loi de la Nationalit\u00e9<\/span><\/li>\n<\/ul>\n\t\t\t\t\t\t\t\t<\/div>\n\t\t\t\t<\/div>\n\t\t\t\t\t<\/div>\n\t\t<\/div>\n\t\t\t\t\t<\/div>\n\t\t<\/section>\n\t\t\t\t<section class=\"elementor-section elementor-top-section elementor-element elementor-element-479f3db elementor-section-boxed elementor-section-height-default elementor-section-height-default\" data-id=\"479f3db\" data-element_type=\"section\" data-e-type=\"section\">\n\t\t\t\t\t\t<div class=\"elementor-container elementor-column-gap-default\">\n\t\t\t\t\t<div class=\"elementor-column elementor-col-100 elementor-top-column elementor-element elementor-element-ae13ac5\" data-id=\"ae13ac5\" data-element_type=\"column\" data-e-type=\"column\">\n\t\t\t<div class=\"elementor-widget-wrap elementor-element-populated\">\n\t\t\t\t\t\t<div class=\"elementor-element elementor-element-729bf93 elementor-widget elementor-widget-heading\" data-id=\"729bf93\" data-element_type=\"widget\" data-e-type=\"widget\" data-widget_type=\"heading.default\">\n\t\t\t\t<div class=\"elementor-widget-container\">\n\t\t\t\t\t<h3 class=\"elementor-heading-title elementor-size-default\">Ce r\u00e9gime ne s\u2019applique pas aux citoyens Portugais, aux citoyens de l\u2019UE et de l\u2019Espace \u00e9conomique europ\u00e9en.<\/h3>\t\t\t\t<\/div>\n\t\t\t\t<\/div>\n\t\t\t\t\t<\/div>\n\t\t<\/div>\n\t\t\t\t\t<\/div>\n\t\t<\/section>\n\t\t\t\t<section class=\"elementor-section elementor-top-section elementor-element elementor-element-8877bea elementor-section-boxed elementor-section-height-default elementor-section-height-default\" data-id=\"8877bea\" data-element_type=\"section\" data-e-type=\"section\">\n\t\t\t\t\t\t<div class=\"elementor-container elementor-column-gap-default\">\n\t\t\t\t\t<div class=\"elementor-column elementor-col-100 elementor-top-column elementor-element elementor-element-deaee64\" data-id=\"deaee64\" data-element_type=\"column\" data-e-type=\"column\">\n\t\t\t<div class=\"elementor-widget-wrap elementor-element-populated\">\n\t\t\t\t\t\t<div class=\"elementor-element elementor-element-2e0a18f elementor-widget elementor-widget-text-editor\" data-id=\"2e0a18f\" data-element_type=\"widget\" data-e-type=\"widget\" data-widget_type=\"text-editor.default\">\n\t\t\t\t<div class=\"elementor-widget-container\">\n\t\t\t\t\t\t\t\t\t<p><span lang=\"fr-FR\">Regroupement famili\u00e8re<\/span><\/p>\n<p><span lang=\"fr-FR\">En conformit\u00e9 avec la l\u00e9gislation en vigueur, les titulaires de Titre de S\u00e9jour pour Activit\u00e9 d\u2019Investissement ont droit au regroupement familier, \u00e0 l\u2019acc\u00e8s au titre de s\u00e9jour permanent, \u00e0 l\u2019acc\u00e8s \u00e0 la nationalit\u00e9 Portugaise<\/p>\n<p>S\u00e9jours minimaux sur le territoire Portugais<br \/>\nPour la r\u00e9novation du titre de s\u00e9jour, vous devez d\u00e9montrer que vous \u00eates rest\u00e9 au moins 7 jours sur le territoire Portugaise, suivis ou interpol\u00e9s dans la premi\u00e8re ann\u00e9e.\u00a0Au cours des les deux ann\u00e9es suivantes, vous devez d\u00e9montrer qu\u2019il a s\u00e9journ\u00e9 au moins 14 jours sur le territoire Portugaise.<\/span><\/p>\n<p><span lang=\"fr-FR\">Les citoyens du Royaume-Uni devraient avoir des informations adapt\u00e9es \u00e0 leur situation.<\/span><\/p>\n\t\t\t\t\t\t\t\t<\/div>\n\t\t\t\t<\/div>\n\t\t\t\t\t<\/div>\n\t\t<\/div>\n\t\t\t\t\t<\/div>\n\t\t<\/section>\n\t\t\t\t<section class=\"elementor-section elementor-top-section elementor-element elementor-element-33ef572 elementor-section-boxed elementor-section-height-default elementor-section-height-default\" data-id=\"33ef572\" data-element_type=\"section\" data-e-type=\"section\">\n\t\t\t\t\t\t<div class=\"elementor-container elementor-column-gap-default\">\n\t\t\t\t\t<div class=\"elementor-column elementor-col-100 elementor-top-column elementor-element elementor-element-b1e9bfa\" data-id=\"b1e9bfa\" data-element_type=\"column\" data-e-type=\"column\">\n\t\t\t<div class=\"elementor-widget-wrap elementor-element-populated\">\n\t\t\t\t\t\t<div class=\"elementor-element elementor-element-1008212 elementor-widget elementor-widget-heading\" data-id=\"1008212\" data-element_type=\"widget\" data-e-type=\"widget\" data-widget_type=\"heading.default\">\n\t\t\t\t<div class=\"elementor-widget-container\">\n\t\t\t\t\t<h3 class=\"elementor-heading-title elementor-size-default\">Gold Roof \u2013 Real Estate &amp; Finance n\u2019est pas responsable pour modifications de la l\u00e9gislation Portugaise<\/h3>\t\t\t\t<\/div>\n\t\t\t\t<\/div>\n\t\t\t\t\t<\/div>\n\t\t<\/div>\n\t\t\t\t\t<\/div>\n\t\t<\/section>\n\t\t\t\t<\/div>\n\t\t","protected":false},"excerpt":{"rendered":"<p>Titre de S\u00e9jour pour Activit\u00e9 d\u2019Investissement (ARI) \u2013 GOLD VISA Les investisseurs \u00e9trangers peuvent demander un Titre de S\u00e9jour pour l\u2019Activit\u00e9 d\u2019Investissement s\u2019ils entrent r\u00e9guli\u00e8rement au Portugal (avec visa Schengen valable ou s\u2019ils sont exempt\u00e9s de visa) en effectuant des transferts de capitaux, cr\u00e9ation d\u2019emplois ou l\u2019achat de propri\u00e9t\u00e9s. Comment demander un Titre de S\u00e9jour&#8230;<\/p>\n","protected":false},"author":2,"featured_media":0,"parent":0,"menu_order":0,"comment_status":"closed","ping_status":"closed","template":"","meta":{"content-type":"","om_disable_all_campaigns":false,"slim_seo":{"title":"Golden Visa - Gold Roof","description":"Titre de S\u00e9jour pour Activit\u00e9 d\u2019Investissement (ARI) \u2013 GOLD VISA Les investisseurs \u00e9trangers peuvent demander un Titre de S\u00e9jour pour l\u2019Activit\u00e9 d\u2019Investissemen"},"footnotes":""},"class_list":["post-5912","page","type-page","status-publish","hentry"],"aioseo_notices":[],"_links":{"self":[{"href":"https:\/\/goldroof.pt\/fr\/wp-json\/wp\/v2\/pages\/5912","targetHints":{"allow":["GET"]}}],"collection":[{"href":"https:\/\/goldroof.pt\/fr\/wp-json\/wp\/v2\/pages"}],"about":[{"href":"https:\/\/goldroof.pt\/fr\/wp-json\/wp\/v2\/types\/page"}],"author":[{"embeddable":true,"href":"https:\/\/goldroof.pt\/fr\/wp-json\/wp\/v2\/users\/2"}],"replies":[{"embeddable":true,"href":"https:\/\/goldroof.pt\/fr\/wp-json\/wp\/v2\/comments?post=5912"}],"version-history":[{"count":0,"href":"https:\/\/goldroof.pt\/fr\/wp-json\/wp\/v2\/pages\/5912\/revisions"}],"wp:attachment":[{"href":"https:\/\/goldroof.pt\/fr\/wp-json\/wp\/v2\/media?parent=5912"}],"curies":[{"name":"wp","href":"https:\/\/api.w.org\/{rel}","templated":true}]}}