{"id":5901,"date":"2020-04-21T02:30:57","date_gmt":"2020-04-21T01:30:57","guid":{"rendered":"https:\/\/goldroof.pt\/services-financiers\/"},"modified":"2020-04-27T02:51:20","modified_gmt":"2020-04-27T01:51:20","slug":"services-financiers","status":"publish","type":"page","link":"https:\/\/goldroof.pt\/fr\/services-financiers\/","title":{"rendered":"Services financiers"},"content":{"rendered":"\t\t<div data-elementor-type=\"wp-page\" data-elementor-id=\"5901\" class=\"elementor elementor-5901 elementor-5461\">\n\t\t\t\t\t\t<section class=\"elementor-section elementor-top-section elementor-element elementor-element-41eab41 elementor-section-boxed elementor-section-height-default elementor-section-height-default\" data-id=\"41eab41\" data-element_type=\"section\" data-e-type=\"section\">\n\t\t\t\t\t\t<div class=\"elementor-container elementor-column-gap-default\">\n\t\t\t\t\t<div class=\"elementor-column elementor-col-100 elementor-top-column elementor-element elementor-element-51ae874\" data-id=\"51ae874\" data-element_type=\"column\" data-e-type=\"column\">\n\t\t\t<div class=\"elementor-widget-wrap elementor-element-populated\">\n\t\t\t\t\t\t<div class=\"elementor-element elementor-element-02ae082 elementor-widget elementor-widget-text-editor\" data-id=\"02ae082\" data-element_type=\"widget\" data-e-type=\"widget\" data-widget_type=\"text-editor.default\">\n\t\t\t\t<div class=\"elementor-widget-container\">\n\t\t\t\t\t\t\t\t\t<p><span lang=\"fr-FR\">Le financement de cr\u00e9dit pour l\u2019acquisition d\u2019une propri\u00e9t\u00e9 doit \u00eatre effectu\u00e9 avec pr\u00e9caution et avec acc\u00e8s \u00e0 toutes les informations disponibles sur le march\u00e9 financier.<\/span><\/p>\n\t\t\t\t\t\t\t\t<\/div>\n\t\t\t\t<\/div>\n\t\t\t\t\t<\/div>\n\t\t<\/div>\n\t\t\t\t\t<\/div>\n\t\t<\/section>\n\t\t\t\t<section class=\"elementor-section elementor-top-section elementor-element elementor-element-ee3f9f7 elementor-section-boxed elementor-section-height-default elementor-section-height-default\" data-id=\"ee3f9f7\" data-element_type=\"section\" data-e-type=\"section\">\n\t\t\t\t\t\t<div class=\"elementor-container elementor-column-gap-default\">\n\t\t\t\t\t<div class=\"elementor-column elementor-col-50 elementor-top-column elementor-element elementor-element-7969132\" data-id=\"7969132\" data-element_type=\"column\" data-e-type=\"column\">\n\t\t\t<div class=\"elementor-widget-wrap elementor-element-populated\">\n\t\t\t\t\t\t<div class=\"elementor-element elementor-element-28e87cb elementor-widget elementor-widget-text-editor\" data-id=\"28e87cb\" data-element_type=\"widget\" data-e-type=\"widget\" data-widget_type=\"text-editor.default\">\n\t\t\t\t<div class=\"elementor-widget-container\">\n\t\t\t\t\t\t\t\t\t<p><span lang=\"fr-FR\">Gold Roof \u2013 Real Estate &amp; Finance a l\u2019exp\u00e9rience et la capacit\u00e9 professionnelle pour suivre votre processus de financement et donner des conseils dans votre d\u00e9cisions.\u00a0Nos Agents immobiliers sont \u00e9galement habilit\u00e9s dans le march\u00e9 financier, afin qu\u2019ils puissent fournir tous les \u00e9claircissements n\u00e9cessaires.<\/span><\/p>\n\t\t\t\t\t\t\t\t<\/div>\n\t\t\t\t<\/div>\n\t\t\t\t\t<\/div>\n\t\t<\/div>\n\t\t\t\t<div class=\"elementor-column elementor-col-50 elementor-top-column elementor-element elementor-element-0f45173\" data-id=\"0f45173\" data-element_type=\"column\" data-e-type=\"column\">\n\t\t\t<div class=\"elementor-widget-wrap elementor-element-populated\">\n\t\t\t\t\t\t<div class=\"elementor-element elementor-element-5243b0e elementor-widget elementor-widget-image\" data-id=\"5243b0e\" data-element_type=\"widget\" data-e-type=\"widget\" data-widget_type=\"image.default\">\n\t\t\t\t<div class=\"elementor-widget-container\">\n\t\t\t\t\t\t\t\t\t\t\t\t\t\t\t<img fetchpriority=\"high\" decoding=\"async\" width=\"738\" height=\"453\" src=\"https:\/\/goldroof.pt\/wp-content\/uploads\/2020\/04\/pngwave-22.png\" class=\"attachment-large size-large wp-image-5909\" alt=\"Pngwave (22)\" srcset=\"https:\/\/goldroof.pt\/wp-content\/uploads\/2020\/04\/pngwave-22.png 998w, https:\/\/goldroof.pt\/wp-content\/uploads\/2020\/04\/pngwave-22-300x184.png 300w, https:\/\/goldroof.pt\/wp-content\/uploads\/2020\/04\/pngwave-22-768x471.png 768w, https:\/\/goldroof.pt\/wp-content\/uploads\/2020\/04\/pngwave-22-150x92.png 150w\" sizes=\"(max-width: 738px) 100vw, 738px\" \/>\t\t\t\t\t\t\t\t\t\t\t\t\t\t\t<\/div>\n\t\t\t\t<\/div>\n\t\t\t\t\t<\/div>\n\t\t<\/div>\n\t\t\t\t\t<\/div>\n\t\t<\/section>\n\t\t\t\t<section class=\"elementor-section elementor-top-section elementor-element elementor-element-86cc1be elementor-section-boxed elementor-section-height-default elementor-section-height-default\" data-id=\"86cc1be\" data-element_type=\"section\" data-e-type=\"section\">\n\t\t\t\t\t\t<div class=\"elementor-container elementor-column-gap-default\">\n\t\t\t\t\t<div class=\"elementor-column elementor-col-100 elementor-top-column elementor-element elementor-element-19005db\" data-id=\"19005db\" data-element_type=\"column\" data-e-type=\"column\">\n\t\t\t<div class=\"elementor-widget-wrap elementor-element-populated\">\n\t\t\t\t\t\t<div class=\"elementor-element elementor-element-d488c29 elementor-widget elementor-widget-text-editor\" data-id=\"d488c29\" data-element_type=\"widget\" data-e-type=\"widget\" data-widget_type=\"text-editor.default\">\n\t\t\t\t<div class=\"elementor-widget-container\">\n\t\t\t\t\t\t\t\t\t<p><span lang=\"fr-FR\">Pour votre confort et tranquillit\u00e9, nous pr\u00e9parons tous les documents n\u00e9cessaires pour ouvrir le processus. Ensuite nous contactons avec les diff\u00e9rentes entit\u00e9s bancaires et financi\u00e8res avec lesquelles nous avons des relations et avec d\u2019autres de votre choix.<\/span><\/p>\n\t\t\t\t\t\t\t\t<\/div>\n\t\t\t\t<\/div>\n\t\t\t\t\t<\/div>\n\t\t<\/div>\n\t\t\t\t\t<\/div>\n\t\t<\/section>\n\t\t\t\t<section class=\"elementor-section elementor-top-section elementor-element elementor-element-23ae21d elementor-section-boxed elementor-section-height-default elementor-section-height-default\" data-id=\"23ae21d\" data-element_type=\"section\" data-e-type=\"section\">\n\t\t\t\t\t\t<div class=\"elementor-container elementor-column-gap-default\">\n\t\t\t\t\t<div class=\"elementor-column elementor-col-50 elementor-top-column elementor-element elementor-element-3ee6fb9\" data-id=\"3ee6fb9\" data-element_type=\"column\" data-e-type=\"column\">\n\t\t\t<div class=\"elementor-widget-wrap elementor-element-populated\">\n\t\t\t\t\t\t<div class=\"elementor-element elementor-element-0169a53 elementor-widget elementor-widget-image\" data-id=\"0169a53\" data-element_type=\"widget\" data-e-type=\"widget\" data-widget_type=\"image.default\">\n\t\t\t\t<div class=\"elementor-widget-container\">\n\t\t\t\t\t\t\t\t\t\t\t\t\t\t\t<img decoding=\"async\" width=\"738\" height=\"731\" src=\"https:\/\/goldroof.pt\/wp-content\/uploads\/2020\/02\/pngwave-1.png\" class=\"attachment-large size-large wp-image-5906\" alt=\"Pngwave (1)\" srcset=\"https:\/\/goldroof.pt\/wp-content\/uploads\/2020\/02\/pngwave-1.png 800w, https:\/\/goldroof.pt\/wp-content\/uploads\/2020\/02\/pngwave-1-300x297.png 300w, https:\/\/goldroof.pt\/wp-content\/uploads\/2020\/02\/pngwave-1-150x150.png 150w, https:\/\/goldroof.pt\/wp-content\/uploads\/2020\/02\/pngwave-1-768x760.png 768w\" sizes=\"(max-width: 738px) 100vw, 738px\" \/>\t\t\t\t\t\t\t\t\t\t\t\t\t\t\t<\/div>\n\t\t\t\t<\/div>\n\t\t\t\t\t<\/div>\n\t\t<\/div>\n\t\t\t\t<div class=\"elementor-column elementor-col-50 elementor-top-column elementor-element elementor-element-f4e689d\" data-id=\"f4e689d\" data-element_type=\"column\" data-e-type=\"column\">\n\t\t\t<div class=\"elementor-widget-wrap elementor-element-populated\">\n\t\t\t\t\t\t<div class=\"elementor-element elementor-element-6ede674 elementor-widget elementor-widget-text-editor\" data-id=\"6ede674\" data-element_type=\"widget\" data-e-type=\"widget\" data-widget_type=\"text-editor.default\">\n\t\t\t\t<div class=\"elementor-widget-container\">\n\t\t\t\t\t\t\t\t\t<p><span lang=\"fr-FR\">Ensuite, nous recueillions les simulations de cr\u00e9dit pr\u00e9sent\u00e9es, en pr\u00e9parant une comparaison avec tous les facteurs pris en compte. Apr\u00e8s \u00e7a nous proc\u00e9dons, dans le possible, \u00e0 une ren\u00e9gociation entre concurrents afin d\u2019optimiser les conditions finales.<br \/>\nComme \u00e7a vous pourrez facilement et objectivement proc\u00e9der \u00e0 une analyse profonde et d\u00e9cider quelle simulation doit \u00eatre prendre en consid\u00e9ration.<\/span><\/p>\n\t\t\t\t\t\t\t\t<\/div>\n\t\t\t\t<\/div>\n\t\t\t\t\t<\/div>\n\t\t<\/div>\n\t\t\t\t\t<\/div>\n\t\t<\/section>\n\t\t\t\t<section class=\"elementor-section elementor-top-section elementor-element elementor-element-9d9c4f0 elementor-section-boxed elementor-section-height-default elementor-section-height-default\" data-id=\"9d9c4f0\" data-element_type=\"section\" data-e-type=\"section\">\n\t\t\t\t\t\t<div class=\"elementor-container elementor-column-gap-default\">\n\t\t\t\t\t<div class=\"elementor-column elementor-col-100 elementor-top-column elementor-element elementor-element-1ac6b73\" data-id=\"1ac6b73\" data-element_type=\"column\" data-e-type=\"column\">\n\t\t\t<div class=\"elementor-widget-wrap elementor-element-populated\">\n\t\t\t\t\t\t<div class=\"elementor-element elementor-element-ba41b07 elementor-widget elementor-widget-heading\" data-id=\"ba41b07\" data-element_type=\"widget\" data-e-type=\"widget\" data-widget_type=\"heading.default\">\n\t\t\t\t<div class=\"elementor-widget-container\">\n\t\t\t\t\t<h3 class=\"elementor-heading-title elementor-size-default\">Gold roof \u2013 Real Estate &amp; Finance consid\u00e8re toujours vos int\u00e9r\u00eats comme prioritaires !<\/h3>\t\t\t\t<\/div>\n\t\t\t\t<\/div>\n\t\t\t\t\t<\/div>\n\t\t<\/div>\n\t\t\t\t\t<\/div>\n\t\t<\/section>\n\t\t\t\t<section class=\"elementor-section elementor-top-section elementor-element elementor-element-19652d7 elementor-section-boxed elementor-section-height-default elementor-section-height-default\" data-id=\"19652d7\" data-element_type=\"section\" data-e-type=\"section\">\n\t\t\t\t\t\t<div class=\"elementor-container elementor-column-gap-default\">\n\t\t\t\t\t<div class=\"elementor-column elementor-col-100 elementor-top-column elementor-element elementor-element-5e9a3ff\" data-id=\"5e9a3ff\" data-element_type=\"column\" data-e-type=\"column\">\n\t\t\t<div class=\"elementor-widget-wrap elementor-element-populated\">\n\t\t\t\t\t\t<div class=\"elementor-element elementor-element-84cb278 elementor-widget elementor-widget-text-editor\" data-id=\"84cb278\" data-element_type=\"widget\" data-e-type=\"widget\" data-widget_type=\"text-editor.default\">\n\t\t\t\t<div class=\"elementor-widget-container\">\n\t\t\t\t\t\t\t\t\t<p>Compte tenu de la posture professionnelle et responsable pour laquelle nous sommes reconnus, Gold Roof &#8211; Real Estate &amp; Finance, pr\u00e9sente ce service \u00e0 ses clients dans le cadre du suivi n\u00e9cessaire afin que la n\u00e9gociation immobili\u00e8re puisse se faire sans tracas. Ce service est gratuit.<\/p>\n\t\t\t\t\t\t\t\t<\/div>\n\t\t\t\t<\/div>\n\t\t\t\t\t<\/div>\n\t\t<\/div>\n\t\t\t\t\t<\/div>\n\t\t<\/section>\n\t\t\t\t<\/div>\n\t\t","protected":false},"excerpt":{"rendered":"<p>Le financement de cr\u00e9dit pour l\u2019acquisition d\u2019une propri\u00e9t\u00e9 doit \u00eatre effectu\u00e9 avec pr\u00e9caution et avec acc\u00e8s \u00e0 toutes les informations disponibles sur le march\u00e9 financier. Gold Roof \u2013 Real Estate &amp; Finance a l\u2019exp\u00e9rience et la capacit\u00e9 professionnelle pour suivre votre processus de financement et donner des conseils dans votre d\u00e9cisions.&nbsp;Nos Agents immobiliers sont \u00e9galement&#8230;<\/p>\n","protected":false},"author":1,"featured_media":0,"parent":0,"menu_order":0,"comment_status":"closed","ping_status":"closed","template":"","meta":{"content-type":"","om_disable_all_campaigns":false,"slim_seo":{"title":"Services financiers - Gold Roof","description":"Le financement de cr\u00e9dit pour l\u2019acquisition d\u2019une propri\u00e9t\u00e9 doit \u00eatre effectu\u00e9 avec pr\u00e9caution et avec acc\u00e8s \u00e0 toutes les informations disponibles sur le march\u00e9"},"footnotes":""},"class_list":["post-5901","page","type-page","status-publish","hentry"],"aioseo_notices":[],"_links":{"self":[{"href":"https:\/\/goldroof.pt\/fr\/wp-json\/wp\/v2\/pages\/5901","targetHints":{"allow":["GET"]}}],"collection":[{"href":"https:\/\/goldroof.pt\/fr\/wp-json\/wp\/v2\/pages"}],"about":[{"href":"https:\/\/goldroof.pt\/fr\/wp-json\/wp\/v2\/types\/page"}],"author":[{"embeddable":true,"href":"https:\/\/goldroof.pt\/fr\/wp-json\/wp\/v2\/users\/1"}],"replies":[{"embeddable":true,"href":"https:\/\/goldroof.pt\/fr\/wp-json\/wp\/v2\/comments?post=5901"}],"version-history":[{"count":0,"href":"https:\/\/goldroof.pt\/fr\/wp-json\/wp\/v2\/pages\/5901\/revisions"}],"wp:attachment":[{"href":"https:\/\/goldroof.pt\/fr\/wp-json\/wp\/v2\/media?parent=5901"}],"curies":[{"name":"wp","href":"https:\/\/api.w.org\/{rel}","templated":true}]}}