{"id":5893,"date":"2020-04-21T02:24:11","date_gmt":"2020-04-21T01:24:11","guid":{"rendered":"https:\/\/goldroof.pt\/politica-de-cookies\/"},"modified":"2020-04-21T02:24:12","modified_gmt":"2020-04-21T01:24:12","slug":"politica-de-cookies","status":"publish","type":"page","link":"https:\/\/goldroof.pt\/fr\/politica-de-cookies\/","title":{"rendered":"Pol\u00edtica de cookies"},"content":{"rendered":"\t\t<div data-elementor-type=\"wp-page\" data-elementor-id=\"5893\" class=\"elementor elementor-5893 elementor-5282\">\n\t\t\t\t\t\t<section class=\"elementor-section elementor-top-section elementor-element elementor-element-12cad44 elementor-section-boxed elementor-section-height-default elementor-section-height-default\" data-id=\"12cad44\" data-element_type=\"section\" data-e-type=\"section\">\n\t\t\t\t\t\t<div class=\"elementor-container elementor-column-gap-default\">\n\t\t\t\t\t<div class=\"elementor-column elementor-col-100 elementor-top-column elementor-element elementor-element-ccb6b62\" data-id=\"ccb6b62\" data-element_type=\"column\" data-e-type=\"column\">\n\t\t\t<div class=\"elementor-widget-wrap elementor-element-populated\">\n\t\t\t\t\t\t<div class=\"elementor-element elementor-element-d44aca1 elementor-widget elementor-widget-text-editor\" data-id=\"d44aca1\" data-element_type=\"widget\" data-e-type=\"widget\" data-widget_type=\"text-editor.default\">\n\t\t\t\t<div class=\"elementor-widget-container\">\n\t\t\t\t\t\t\t\t\t<p>Este website utiliza cookies para permitir melhor desempenho e melhor experi\u00eancia de navega\u00e7\u00e3o ao utilizador.<\/p>\n<p>Cookies s\u00e3o ficheiros de texto que ficam armazenados temporariamente no dispositivo que usa para aceder ao website (computador, smartphone, tablet) atrav\u00e9s de um navegador de internet (Web browser). Eliminam a necessidade de introduzir repetidamente as mesmas informa\u00e7\u00f5es ajudando a determinar quais as mensagens publicit\u00e1rias que o utilizador v\u00ea que sejam relevantes e se ajustem aos seus interesses.<\/p>\n<p>As informa\u00e7\u00f5es guardadas n\u00e3o recolhem informa\u00e7\u00f5es pessoais que permitam reconhecer o utilizador, apenas as suas prefer\u00eancias de navega\u00e7\u00e3o.<\/p>\n<p>A qualquer momento o utilizador pode configurar o navegador de internet para ser notificado sobre a rece\u00e7\u00e3o de cookies, assim como bloquear a utiliza\u00e7\u00e3o dos mesmos. Dever\u00e1 consultar a ajuda do navegador de internet para efetuar as altera\u00e7\u00f5es pretendidas.<\/p>\n<p>Alguns servi\u00e7os da web podem deixar de funcionar corretamente, impedido o funcionamento total ou parcial do website, caso desative os Cookies<\/p>\n<p>Para efeitos estat\u00edstico e de controlo de envio, as newsletters enviadas por email podem permitir saber se s\u00e3o abertas e verificar os cliques atrav\u00e9s de links ou an\u00fancios dentro da newsletter. O utilizador pode desativar a subscri\u00e7\u00e3o da newsletter atrav\u00e9s da op\u00e7\u00e3o espec\u00edfica no rodap\u00e9 da mesma.<\/p>\n<p>Classifica\u00e7\u00e3o dos cookies quanto \u00e0 fun\u00e7\u00e3o<\/p>\n<p>Necess\u00e1rios e\/ou indispens\u00e1veis. Para aceder a \u00e1reas espec\u00edficas do website, normalmente a \u00e1reas seguras atrav\u00e9s de login. Sem permitir este tipo de cookies, os servi\u00e7os que os exijam n\u00e3o podem ser executados.<\/p>\n<p>Funcionalidade. Permitem relembrar as prefer\u00eancias do utilizador relativamente \u00e0 navega\u00e7\u00e3o no website<\/p>\n<p>Anal\u00edticos. Analisam a forma como os utilizadores usam o website, permitindo destacar informa\u00e7\u00e3o que pode ser do interesse do utilizador, monitorizar o desempenho do website, conhecer quais as p\u00e1ginas mais populares e qual a forma mais eficaz de interliga\u00e7\u00e3o entre p\u00e1ginas.<\/p>\n<p>&nbsp;<\/p>\n<p>Classifica\u00e7\u00e3o dos cookies quanto \u00e0 validade:<\/p>\n<p>Permanentes. Ficam armazenados no navegador de internet dos dispositivos de acesso e s\u00e3o usados sempre que o utilizador visita novamente o site.<\/p>\n<p>De sess\u00e3o. S\u00e3o gerados e apenas est\u00e3o dispon\u00edveis at\u00e9 encerrar a sess\u00e3o de navega\u00e7\u00e3o.<\/p>\n\t\t\t\t\t\t\t\t<\/div>\n\t\t\t\t<\/div>\n\t\t\t\t\t<\/div>\n\t\t<\/div>\n\t\t\t\t\t<\/div>\n\t\t<\/section>\n\t\t\t\t<\/div>\n\t\t","protected":false},"excerpt":{"rendered":"<p>Este website utiliza cookies para permitir melhor desempenho e melhor experi\u00eancia de navega\u00e7\u00e3o ao utilizador. Cookies s\u00e3o ficheiros de texto que ficam armazenados temporariamente no dispositivo que usa para aceder ao website (computador, smartphone, tablet) atrav\u00e9s de um navegador de internet (Web browser). Eliminam a necessidade de introduzir repetidamente as mesmas informa\u00e7\u00f5es ajudando a determinar&#8230;<\/p>\n","protected":false},"author":2,"featured_media":0,"parent":0,"menu_order":0,"comment_status":"closed","ping_status":"closed","template":"","meta":{"content-type":"","om_disable_all_campaigns":false,"slim_seo":{"title":"Pol\u00edtica de cookies - Gold Roof","description":"Este website utiliza cookies para permitir melhor desempenho e melhor experi\u00eancia de navega\u00e7\u00e3o ao utilizador. Cookies s\u00e3o ficheiros de texto que ficam armazenad"},"footnotes":""},"class_list":["post-5893","page","type-page","status-publish","hentry"],"aioseo_notices":[],"_links":{"self":[{"href":"https:\/\/goldroof.pt\/fr\/wp-json\/wp\/v2\/pages\/5893","targetHints":{"allow":["GET"]}}],"collection":[{"href":"https:\/\/goldroof.pt\/fr\/wp-json\/wp\/v2\/pages"}],"about":[{"href":"https:\/\/goldroof.pt\/fr\/wp-json\/wp\/v2\/types\/page"}],"author":[{"embeddable":true,"href":"https:\/\/goldroof.pt\/fr\/wp-json\/wp\/v2\/users\/2"}],"replies":[{"embeddable":true,"href":"https:\/\/goldroof.pt\/fr\/wp-json\/wp\/v2\/comments?post=5893"}],"version-history":[{"count":0,"href":"https:\/\/goldroof.pt\/fr\/wp-json\/wp\/v2\/pages\/5893\/revisions"}],"wp:attachment":[{"href":"https:\/\/goldroof.pt\/fr\/wp-json\/wp\/v2\/media?parent=5893"}],"curies":[{"name":"wp","href":"https:\/\/api.w.org\/{rel}","templated":true}]}}