{"id":5891,"date":"2020-04-21T02:22:51","date_gmt":"2020-04-21T01:22:51","guid":{"rendered":"https:\/\/goldroof.pt\/politique-de-cookies\/"},"modified":"2020-04-21T02:22:51","modified_gmt":"2020-04-21T01:22:51","slug":"politique-de-cookies","status":"publish","type":"page","link":"https:\/\/goldroof.pt\/fr\/politique-de-cookies\/","title":{"rendered":"Politique de cookies"},"content":{"rendered":"\t\t<div data-elementor-type=\"wp-page\" data-elementor-id=\"5891\" class=\"elementor elementor-5891 elementor-5282\">\n\t\t\t\t\t\t<section class=\"elementor-section elementor-top-section elementor-element elementor-element-12cad44 elementor-section-boxed elementor-section-height-default elementor-section-height-default\" data-id=\"12cad44\" data-element_type=\"section\" data-e-type=\"section\">\n\t\t\t\t\t\t<div class=\"elementor-container elementor-column-gap-default\">\n\t\t\t\t\t<div class=\"elementor-column elementor-col-100 elementor-top-column elementor-element elementor-element-ccb6b62\" data-id=\"ccb6b62\" data-element_type=\"column\" data-e-type=\"column\">\n\t\t\t<div class=\"elementor-widget-wrap elementor-element-populated\">\n\t\t\t\t\t\t<div class=\"elementor-element elementor-element-d44aca1 elementor-widget elementor-widget-text-editor\" data-id=\"d44aca1\" data-element_type=\"widget\" data-e-type=\"widget\" data-widget_type=\"text-editor.default\">\n\t\t\t\t<div class=\"elementor-widget-container\">\n\t\t\t\t\t\t\t\t\t<p><span lang=\"fr-FR\">Ce website utilise des cookies pour am\u00e9liorer les performances et l\u2019exp\u00e9rience de navigation de l\u2019utilisateur.<\/p>\n<p>Les cookies sont des fichiers texte qui sont stock\u00e9s temporairement sur l\u2019appareil que vous utilisez pour acc\u00e9der au website (ordinateur, smartphone, tablette) du navigateur Internet (Web browser).\u00a0Elles \u00e9liminent la n\u00e9cessit\u00e9 d\u2019introduire de mani\u00e8re r\u00e9p\u00e9t\u00e9e les m\u00eames informations en aidant \u00e0 d\u00e9terminer quels messages publicitaires l\u2019utilisateur consid\u00e8re comme pertinents et adapt\u00e9s \u00e0 ses int\u00e9r\u00eats.<\/p>\n<p>Les informations enregistr\u00e9es ne recueillent pas d\u2019informations personnelles qui peut permet de reconna\u00eetre l\u2019utilisateur, seulement ses pr\u00e9f\u00e9rences de navigation.<br \/>\n\u00c0 tout moment, l\u2019utilisateur peut configurer le navigateur de l\u2019Internet pour donner information de la r\u00e9ception des cookies et bloquer leur utilisation.\u00a0Vous devriez consulter l\u2019aide du navigateur de l\u2019Internet pour effectuer les modifications souhait\u00e9es.<\/span><\/p>\n<p><a name=\"_GoBack\"><\/a> <span lang=\"fr-FR\">Certains services Web peuvent cesser de fonctionner correctement, emp\u00eacher le fonctionnement total ou partiel du website, en cas de d\u00e9sactivation des Cookies<br \/>\nPour fins statistiques et de contr\u00f4le de l\u2019envoi, les bulletins d\u2019information envoy\u00e9s par e-mail peuvent permettre de savoir s\u2019ils sont ouverts et de v\u00e9rifier les clics par des liens ou des annonces dans la newsletter.\u00a0Vous pouvez d\u00e9sactiver la r\u00e9ception de newsletter en utilisant l\u2019option sp\u00e9cifique dans la page de la newsletter.<\/p>\n<p>Classification des cookies en regard \u00e0 leur fonction<br \/>\nN\u00e9cessaires et\/ou indispensables.\u00a0Pour acc\u00e9der \u00e0 des zones sp\u00e9cifiques du website, en g\u00e9n\u00e9ral, aux zones s\u00e9curis\u00e9es par connexion de login.\u00a0Sans l\u2019autorisation de ce type de cookies, les services qui les n\u00e9cessitent ne peuvent pas \u00eatre ex\u00e9cut\u00e9s.<\/p>\n<p>Fonctionnalit\u00e9.\u00a0Permet de rappeler les pr\u00e9f\u00e9rences de l\u2019utilisateur qui concerne la navigation sur le site Web<\/p>\n<p>Cookies analytiques.\u00a0Ils analysent en quelle fa\u00e7on les utilisateurs utilisent le site web, ce qui leur permet de mettre en \u00e9vidence des informations qui peuvent \u00eatre d\u2019int\u00e9r\u00eat pour l\u2019utilisateur, de surveiller les performances du site web, de conna\u00eetre les pages plus populaires et les moyens plus efficaces d\u2019interconnexion entre les pages.<\/p>\n<p>Classification des cookies quant \u00e0 leur validit\u00e9 :<br \/>\nPermanents.\u00a0Ils sont stock\u00e9s dans le navigateur Internet des dispositifs d\u2019acc\u00e8s et sont utilis\u00e9s chaque fois que vous visitez le site.<\/p>\n<p>Session.\u00a0Ils sont g\u00e9n\u00e9r\u00e9s et ne sont pas disponibles que jusqu\u2019\u00e0 la fin de la session de navigation.<\/span><\/p>\n\t\t\t\t\t\t\t\t<\/div>\n\t\t\t\t<\/div>\n\t\t\t\t\t<\/div>\n\t\t<\/div>\n\t\t\t\t\t<\/div>\n\t\t<\/section>\n\t\t\t\t<\/div>\n\t\t","protected":false},"excerpt":{"rendered":"<p>Ce website utilise des cookies pour am\u00e9liorer les performances et l\u2019exp\u00e9rience de navigation de l\u2019utilisateur. Les cookies sont des fichiers texte qui sont stock\u00e9s temporairement sur l\u2019appareil que vous utilisez pour acc\u00e9der au website (ordinateur, smartphone, tablette) du navigateur Internet (Web browser).\u00a0Elles \u00e9liminent la n\u00e9cessit\u00e9 d\u2019introduire de mani\u00e8re r\u00e9p\u00e9t\u00e9e les m\u00eames informations en aidant \u00e0&#8230;<\/p>\n","protected":false},"author":2,"featured_media":0,"parent":0,"menu_order":0,"comment_status":"closed","ping_status":"closed","template":"","meta":{"content-type":"","om_disable_all_campaigns":false,"slim_seo":{"title":"Politique de cookies - Gold Roof","description":"Ce website utilise des cookies pour am\u00e9liorer les performances et l\u2019exp\u00e9rience de navigation de l\u2019utilisateur. Les cookies sont des fichiers texte qui sont stoc"},"footnotes":""},"class_list":["post-5891","page","type-page","status-publish","hentry"],"aioseo_notices":[],"_links":{"self":[{"href":"https:\/\/goldroof.pt\/fr\/wp-json\/wp\/v2\/pages\/5891","targetHints":{"allow":["GET"]}}],"collection":[{"href":"https:\/\/goldroof.pt\/fr\/wp-json\/wp\/v2\/pages"}],"about":[{"href":"https:\/\/goldroof.pt\/fr\/wp-json\/wp\/v2\/types\/page"}],"author":[{"embeddable":true,"href":"https:\/\/goldroof.pt\/fr\/wp-json\/wp\/v2\/users\/2"}],"replies":[{"embeddable":true,"href":"https:\/\/goldroof.pt\/fr\/wp-json\/wp\/v2\/comments?post=5891"}],"version-history":[{"count":0,"href":"https:\/\/goldroof.pt\/fr\/wp-json\/wp\/v2\/pages\/5891\/revisions"}],"wp:attachment":[{"href":"https:\/\/goldroof.pt\/fr\/wp-json\/wp\/v2\/media?parent=5891"}],"curies":[{"name":"wp","href":"https:\/\/api.w.org\/{rel}","templated":true}]}}