{"id":5766,"date":"2020-04-21T01:29:16","date_gmt":"2020-04-21T00:29:16","guid":{"rendered":"https:\/\/goldroof.pt\/sobre-nos\/"},"modified":"2024-07-12T00:04:42","modified_gmt":"2024-07-11T23:04:42","slug":"sobre-nos","status":"publish","type":"page","link":"https:\/\/goldroof.pt\/fr\/sobre-nos\/","title":{"rendered":"Sobre N\u00f3s"},"content":{"rendered":"\t\t<div data-elementor-type=\"wp-page\" data-elementor-id=\"5766\" class=\"elementor elementor-5766 elementor-2\">\n\t\t\t\t\t\t<section class=\"elementor-section elementor-top-section elementor-element elementor-element-158c9e1 elementor-section-boxed elementor-section-height-default elementor-section-height-default\" data-id=\"158c9e1\" data-element_type=\"section\" data-e-type=\"section\">\n\t\t\t\t\t\t<div class=\"elementor-container elementor-column-gap-default\">\n\t\t\t\t\t<div class=\"elementor-column elementor-col-50 elementor-top-column elementor-element elementor-element-f90eaad\" data-id=\"f90eaad\" data-element_type=\"column\" data-e-type=\"column\">\n\t\t\t<div class=\"elementor-widget-wrap elementor-element-populated\">\n\t\t\t\t\t\t<div class=\"elementor-element elementor-element-0d2181f elementor-widget elementor-widget-text-editor\" data-id=\"0d2181f\" data-element_type=\"widget\" data-e-type=\"widget\" data-widget_type=\"text-editor.default\">\n\t\t\t\t<div class=\"elementor-widget-container\">\n\t\t\t\t\t\t\t\t\t<p>\u00a0<\/p><p>Integridade, responsabilidade, profissionalismo e aten\u00e7\u00e3o ao cliente s\u00e3o as bases da postura da Gold Roof \u2013 Real Estate &amp; Finance no mercado imobili\u00e1rio.<\/p><p>Sustentada na experi\u00eancia profissional dos seus colaboradores, a empresa usufrui de um conhecimento acumulado de v\u00e1rios anos de mercado, mediando a representa\u00e7\u00e3o e negocia\u00e7\u00e3o de im\u00f3veis e empreendimentos imobili\u00e1rios a n\u00edvel nacional e internacional.<\/p>\t\t\t\t\t\t\t\t<\/div>\n\t\t\t\t<\/div>\n\t\t\t\t\t<\/div>\n\t\t<\/div>\n\t\t\t\t<div class=\"elementor-column elementor-col-50 elementor-top-column elementor-element elementor-element-7737153\" data-id=\"7737153\" data-element_type=\"column\" data-e-type=\"column\">\n\t\t\t<div class=\"elementor-widget-wrap elementor-element-populated\">\n\t\t\t\t\t\t<div class=\"elementor-element elementor-element-bf8de53 elementor-widget__width-initial elementor-widget elementor-widget-image\" data-id=\"bf8de53\" data-element_type=\"widget\" data-e-type=\"widget\" data-widget_type=\"image.default\">\n\t\t\t\t<div class=\"elementor-widget-container\">\n\t\t\t\t\t\t\t\t\t\t\t\t\t\t\t<img fetchpriority=\"high\" decoding=\"async\" width=\"828\" height=\"530\" src=\"https:\/\/goldroof.pt\/wp-content\/uploads\/2020\/02\/pngwave-31-1024x655.png\" class=\"attachment-large size-large wp-image-5777\" alt=\"Pngwave (31)\" srcset=\"https:\/\/goldroof.pt\/wp-content\/uploads\/2020\/02\/pngwave-31-1024x655.png 1024w, https:\/\/goldroof.pt\/wp-content\/uploads\/2020\/02\/pngwave-31-300x192.png 300w, https:\/\/goldroof.pt\/wp-content\/uploads\/2020\/02\/pngwave-31-768x491.png 768w, https:\/\/goldroof.pt\/wp-content\/uploads\/2020\/02\/pngwave-31-1536x983.png 1536w, https:\/\/goldroof.pt\/wp-content\/uploads\/2020\/02\/pngwave-31-2048x1310.png 2048w, https:\/\/goldroof.pt\/wp-content\/uploads\/2020\/02\/pngwave-31-150x96.png 150w\" sizes=\"(max-width: 828px) 100vw, 828px\" \/>\t\t\t\t\t\t\t\t\t\t\t\t\t\t\t<\/div>\n\t\t\t\t<\/div>\n\t\t\t\t\t<\/div>\n\t\t<\/div>\n\t\t\t\t\t<\/div>\n\t\t<\/section>\n\t\t\t\t<section class=\"elementor-section elementor-top-section elementor-element elementor-element-950edf8 elementor-section-boxed elementor-section-height-default elementor-section-height-default\" data-id=\"950edf8\" data-element_type=\"section\" data-e-type=\"section\">\n\t\t\t\t\t\t<div class=\"elementor-container elementor-column-gap-default\">\n\t\t\t\t\t<div class=\"elementor-column elementor-col-50 elementor-top-column elementor-element elementor-element-5b3a982\" data-id=\"5b3a982\" data-element_type=\"column\" data-e-type=\"column\">\n\t\t\t<div class=\"elementor-widget-wrap elementor-element-populated\">\n\t\t\t\t\t\t<div class=\"elementor-element elementor-element-e54a86c elementor-widget elementor-widget-image\" data-id=\"e54a86c\" data-element_type=\"widget\" data-e-type=\"widget\" data-widget_type=\"image.default\">\n\t\t\t\t<div class=\"elementor-widget-container\">\n\t\t\t\t\t\t\t\t\t\t\t\t\t\t\t<img decoding=\"async\" width=\"788\" height=\"543\" src=\"https:\/\/goldroof.pt\/wp-content\/uploads\/2020\/02\/pngwave-32.png\" class=\"attachment-large size-large wp-image-5768\" alt=\"Pngwave (32)\" srcset=\"https:\/\/goldroof.pt\/wp-content\/uploads\/2020\/02\/pngwave-32.png 788w, https:\/\/goldroof.pt\/wp-content\/uploads\/2020\/02\/pngwave-32-300x207.png 300w, https:\/\/goldroof.pt\/wp-content\/uploads\/2020\/02\/pngwave-32-768x529.png 768w, https:\/\/goldroof.pt\/wp-content\/uploads\/2020\/02\/pngwave-32-150x103.png 150w\" sizes=\"(max-width: 788px) 100vw, 788px\" \/>\t\t\t\t\t\t\t\t\t\t\t\t\t\t\t<\/div>\n\t\t\t\t<\/div>\n\t\t\t\t\t<\/div>\n\t\t<\/div>\n\t\t\t\t<div class=\"elementor-column elementor-col-50 elementor-top-column elementor-element elementor-element-cef88a0\" data-id=\"cef88a0\" data-element_type=\"column\" data-e-type=\"column\">\n\t\t\t<div class=\"elementor-widget-wrap elementor-element-populated\">\n\t\t\t\t\t\t<div class=\"elementor-element elementor-element-0aa3161 elementor-widget elementor-widget-text-editor\" data-id=\"0aa3161\" data-element_type=\"widget\" data-e-type=\"widget\" data-widget_type=\"text-editor.default\">\n\t\t\t\t<div class=\"elementor-widget-container\">\n\t\t\t\t\t\t\t\t\t<p>Temos especial incid\u00eancia no distrito do Porto.<\/p><p>Os consultores imobili\u00e1rios da Gold Roof s\u00e3o profissionais comerciais devidamente avalizados e com forma\u00e7\u00e3o na \u00e1rea imobili\u00e1ria e financeira, com elevado conhecimento nas zonas geogr\u00e1ficas onde actuam.<\/p><p>A presen\u00e7a da Gold Roof em outras zonas do Pa\u00eds e Estrangeiro \u00e9 assegurada com parceiros de neg\u00f3cio imobili\u00e1rio de \u00e2mbito local e devidamente acreditados e seleccionados.<\/p>\t\t\t\t\t\t\t\t<\/div>\n\t\t\t\t<\/div>\n\t\t\t\t\t<\/div>\n\t\t<\/div>\n\t\t\t\t\t<\/div>\n\t\t<\/section>\n\t\t\t\t<section class=\"elementor-section elementor-top-section elementor-element elementor-element-5927362 elementor-section-boxed elementor-section-height-default elementor-section-height-default\" data-id=\"5927362\" data-element_type=\"section\" data-e-type=\"section\">\n\t\t\t\t\t\t<div class=\"elementor-container elementor-column-gap-default\">\n\t\t\t\t\t<div class=\"elementor-column elementor-col-50 elementor-top-column elementor-element elementor-element-c3734dc\" data-id=\"c3734dc\" data-element_type=\"column\" data-e-type=\"column\">\n\t\t\t<div class=\"elementor-widget-wrap elementor-element-populated\">\n\t\t\t\t\t\t<div class=\"elementor-element elementor-element-2870012 elementor-widget elementor-widget-text-editor\" data-id=\"2870012\" data-element_type=\"widget\" data-e-type=\"widget\" data-widget_type=\"text-editor.default\">\n\t\t\t\t<div class=\"elementor-widget-container\">\n\t\t\t\t\t\t\t\t\t<p>O trabalho especializado e personalizado de toda a equipa da Gold Roof, permite a media\u00e7\u00e3o e negocia\u00e7\u00e3o dos diversos tipos de im\u00f3veis considerando sempre as melhores op\u00e7\u00f5es para os nossos clientes; vendedores, compradores e investidores.<\/p><p>Os servi\u00e7os na \u00e1rea de acess\u00f3ria jur\u00eddica, financeira, marketing, e documenta\u00e7\u00e3o processual, s\u00e3o parte integrante do nosso acompanhamento na negocia\u00e7\u00e3o e comercializa\u00e7\u00e3o do im\u00f3vel.<\/p>\t\t\t\t\t\t\t\t<\/div>\n\t\t\t\t<\/div>\n\t\t\t\t\t<\/div>\n\t\t<\/div>\n\t\t\t\t<div class=\"elementor-column elementor-col-50 elementor-top-column elementor-element elementor-element-f5db20d\" data-id=\"f5db20d\" data-element_type=\"column\" data-e-type=\"column\">\n\t\t\t<div class=\"elementor-widget-wrap elementor-element-populated\">\n\t\t\t\t\t\t<div class=\"elementor-element elementor-element-8f0c9b7 elementor-widget elementor-widget-image\" data-id=\"8f0c9b7\" data-element_type=\"widget\" data-e-type=\"widget\" data-widget_type=\"image.default\">\n\t\t\t\t<div class=\"elementor-widget-container\">\n\t\t\t\t\t\t\t\t\t\t\t\t\t\t\t<img decoding=\"async\" width=\"828\" height=\"487\" src=\"https:\/\/goldroof.pt\/wp-content\/uploads\/2020\/02\/pngwave-33.png\" class=\"attachment-large size-large wp-image-5771\" alt=\"Pngwave (33)\" srcset=\"https:\/\/goldroof.pt\/wp-content\/uploads\/2020\/02\/pngwave-33.png 1024w, https:\/\/goldroof.pt\/wp-content\/uploads\/2020\/02\/pngwave-33-300x176.png 300w, https:\/\/goldroof.pt\/wp-content\/uploads\/2020\/02\/pngwave-33-768x452.png 768w, https:\/\/goldroof.pt\/wp-content\/uploads\/2020\/02\/pngwave-33-150x88.png 150w\" sizes=\"(max-width: 828px) 100vw, 828px\" \/>\t\t\t\t\t\t\t\t\t\t\t\t\t\t\t<\/div>\n\t\t\t\t<\/div>\n\t\t\t\t\t<\/div>\n\t\t<\/div>\n\t\t\t\t\t<\/div>\n\t\t<\/section>\n\t\t\t\t<section class=\"elementor-section elementor-top-section elementor-element elementor-element-e11d8da elementor-section-boxed elementor-section-height-default elementor-section-height-default\" data-id=\"e11d8da\" data-element_type=\"section\" data-e-type=\"section\">\n\t\t\t\t\t\t<div class=\"elementor-container elementor-column-gap-default\">\n\t\t\t\t\t<div class=\"elementor-column elementor-col-50 elementor-top-column elementor-element elementor-element-3558eef\" data-id=\"3558eef\" data-element_type=\"column\" data-e-type=\"column\">\n\t\t\t<div class=\"elementor-widget-wrap elementor-element-populated\">\n\t\t\t\t\t\t<div class=\"elementor-element elementor-element-755b82d elementor-widget__width-initial elementor-widget elementor-widget-image\" data-id=\"755b82d\" data-element_type=\"widget\" data-e-type=\"widget\" data-widget_type=\"image.default\">\n\t\t\t\t<div class=\"elementor-widget-container\">\n\t\t\t\t\t\t\t\t\t\t\t\t\t\t\t<img loading=\"lazy\" decoding=\"async\" width=\"674\" height=\"591\" src=\"https:\/\/goldroof.pt\/wp-content\/uploads\/2020\/02\/pngwave-29.png\" class=\"attachment-large size-large wp-image-5774\" alt=\"Pngwave (29)\" srcset=\"https:\/\/goldroof.pt\/wp-content\/uploads\/2020\/02\/pngwave-29.png 674w, https:\/\/goldroof.pt\/wp-content\/uploads\/2020\/02\/pngwave-29-300x263.png 300w, https:\/\/goldroof.pt\/wp-content\/uploads\/2020\/02\/pngwave-29-150x132.png 150w\" sizes=\"(max-width: 674px) 100vw, 674px\" \/>\t\t\t\t\t\t\t\t\t\t\t\t\t\t\t<\/div>\n\t\t\t\t<\/div>\n\t\t\t\t\t<\/div>\n\t\t<\/div>\n\t\t\t\t<div class=\"elementor-column elementor-col-50 elementor-top-column elementor-element elementor-element-75e893a\" data-id=\"75e893a\" data-element_type=\"column\" data-e-type=\"column\">\n\t\t\t<div class=\"elementor-widget-wrap elementor-element-populated\">\n\t\t\t\t\t\t<div class=\"elementor-element elementor-element-d5fe45e elementor-widget__width-initial elementor-widget elementor-widget-text-editor\" data-id=\"d5fe45e\" data-element_type=\"widget\" data-e-type=\"widget\" data-widget_type=\"text-editor.default\">\n\t\t\t\t<div class=\"elementor-widget-container\">\n\t\t\t\t\t\t\t\t\t<p>\u00a0<\/p><p>O objetivo da Gold Roof para com os seus clientes ser\u00e1 sempre criar uma experi\u00eancia profissional positiva, agrad\u00e1vel e despreocupada na transac\u00e7\u00e3o do im\u00f3vel.<\/p><p>O nosso foco centra-se sempre no cliente e nos seus objectivos e necessidades.<\/p><p>A forma\u00e7\u00e3o especializada, o profissionalismo, a inova\u00e7\u00e3o e a dedica\u00e7\u00e3o incondicional \u00e1s necessidades dos nossos clientes est\u00e3o na g\u00e9nese da origem da Gold Roof \u2013 Real Estate &amp; Finance.<\/p>\t\t\t\t\t\t\t\t<\/div>\n\t\t\t\t<\/div>\n\t\t\t\t\t<\/div>\n\t\t<\/div>\n\t\t\t\t\t<\/div>\n\t\t<\/section>\n\t\t\t\t<\/div>\n\t\t","protected":false},"excerpt":{"rendered":"<p>\u00a0 Integridade, responsabilidade, profissionalismo e aten\u00e7\u00e3o ao cliente s\u00e3o as bases da postura da Gold Roof \u2013 Real Estate &amp; Finance no mercado imobili\u00e1rio. Sustentada na experi\u00eancia profissional dos seus colaboradores, a empresa usufrui de um conhecimento acumulado de v\u00e1rios anos de mercado, mediando a representa\u00e7\u00e3o e negocia\u00e7\u00e3o de im\u00f3veis e empreendimentos imobili\u00e1rios a n\u00edvel&#8230;<\/p>\n","protected":false},"author":1,"featured_media":0,"parent":0,"menu_order":0,"comment_status":"closed","ping_status":"open","template":"","meta":{"content-type":"","om_disable_all_campaigns":false,"slim_seo":{"title":"Sobre N\u00f3s - Gold Roof","description":"\u00a0 Integridade, responsabilidade, profissionalismo e aten\u00e7\u00e3o ao cliente s\u00e3o as bases da postura da Gold Roof \u2013 Real Estate &amp; Finance no mercado imobili\u00e1rio."},"footnotes":""},"class_list":["post-5766","page","type-page","status-publish","hentry"],"aioseo_notices":[],"_links":{"self":[{"href":"https:\/\/goldroof.pt\/fr\/wp-json\/wp\/v2\/pages\/5766","targetHints":{"allow":["GET"]}}],"collection":[{"href":"https:\/\/goldroof.pt\/fr\/wp-json\/wp\/v2\/pages"}],"about":[{"href":"https:\/\/goldroof.pt\/fr\/wp-json\/wp\/v2\/types\/page"}],"author":[{"embeddable":true,"href":"https:\/\/goldroof.pt\/fr\/wp-json\/wp\/v2\/users\/1"}],"replies":[{"embeddable":true,"href":"https:\/\/goldroof.pt\/fr\/wp-json\/wp\/v2\/comments?post=5766"}],"version-history":[{"count":15,"href":"https:\/\/goldroof.pt\/fr\/wp-json\/wp\/v2\/pages\/5766\/revisions"}],"predecessor-version":[{"id":15821,"href":"https:\/\/goldroof.pt\/fr\/wp-json\/wp\/v2\/pages\/5766\/revisions\/15821"}],"wp:attachment":[{"href":"https:\/\/goldroof.pt\/fr\/wp-json\/wp\/v2\/media?parent=5766"}],"curies":[{"name":"wp","href":"https:\/\/api.w.org\/{rel}","templated":true}]}}