{"id":5752,"date":"2020-04-21T01:24:32","date_gmt":"2020-04-21T00:24:32","guid":{"rendered":"https:\/\/goldroof.pt\/a-propos-de-nous\/"},"modified":"2024-07-12T00:29:51","modified_gmt":"2024-07-11T23:29:51","slug":"a-propos-de-nous","status":"publish","type":"page","link":"https:\/\/goldroof.pt\/fr\/a-propos-de-nous\/","title":{"rendered":"Nous conna\u00eetre"},"content":{"rendered":"\t\t<div data-elementor-type=\"wp-page\" data-elementor-id=\"5752\" class=\"elementor elementor-5752 elementor-2\">\n\t\t\t\t\t\t<section class=\"elementor-section elementor-top-section elementor-element elementor-element-158c9e1 elementor-section-boxed elementor-section-height-default elementor-section-height-default\" data-id=\"158c9e1\" data-element_type=\"section\" data-e-type=\"section\">\n\t\t\t\t\t\t<div class=\"elementor-container elementor-column-gap-default\">\n\t\t\t\t\t<div class=\"elementor-column elementor-col-50 elementor-top-column elementor-element elementor-element-f90eaad\" data-id=\"f90eaad\" data-element_type=\"column\" data-e-type=\"column\">\n\t\t\t<div class=\"elementor-widget-wrap elementor-element-populated\">\n\t\t\t\t\t\t<div class=\"elementor-element elementor-element-0d2181f elementor-widget elementor-widget-text-editor\" data-id=\"0d2181f\" data-element_type=\"widget\" data-e-type=\"widget\" data-widget_type=\"text-editor.default\">\n\t\t\t\t<div class=\"elementor-widget-container\">\n\t\t\t\t\t\t\t\t\t<p>\u00a0<\/p><p><span lang=\"fr-FR\">Int\u00e9grit\u00e9, responsabilit\u00e9, professionnalisme et d\u2019attention \u00e0 notre client sont les bases de la posture de Gold Roof \u2013 Real Estate &amp; Finance dans l\u2019immobilier.<br \/><\/span><\/p><p><span lang=\"fr-FR\">Soutenue par l\u2019exp\u00e9rience professionnelle de ses collaborateurs, l\u2019entreprise jouit d\u2019une connaissance accumul\u00e9e de plusieurs ann\u00e9es de march\u00e9, en n\u00e9gociant la repr\u00e9sentation et la n\u00e9gociation de biens immobiliers priv\u00e9s et commerciales au niveau national et international.<\/span><\/p>\t\t\t\t\t\t\t\t<\/div>\n\t\t\t\t<\/div>\n\t\t\t\t\t<\/div>\n\t\t<\/div>\n\t\t\t\t<div class=\"elementor-column elementor-col-50 elementor-top-column elementor-element elementor-element-7737153\" data-id=\"7737153\" data-element_type=\"column\" data-e-type=\"column\">\n\t\t\t<div class=\"elementor-widget-wrap elementor-element-populated\">\n\t\t\t\t\t\t<div class=\"elementor-element elementor-element-bf8de53 elementor-widget__width-initial elementor-widget elementor-widget-image\" data-id=\"bf8de53\" data-element_type=\"widget\" data-e-type=\"widget\" data-widget_type=\"image.default\">\n\t\t\t\t<div class=\"elementor-widget-container\">\n\t\t\t\t\t\t\t\t\t\t\t\t\t\t\t<img fetchpriority=\"high\" decoding=\"async\" width=\"828\" height=\"530\" src=\"https:\/\/goldroof.pt\/wp-content\/uploads\/2020\/02\/pngwave-31-1024x655.png\" class=\"attachment-large size-large wp-image-5777\" alt=\"Pngwave (31)\" srcset=\"https:\/\/goldroof.pt\/wp-content\/uploads\/2020\/02\/pngwave-31-1024x655.png 1024w, https:\/\/goldroof.pt\/wp-content\/uploads\/2020\/02\/pngwave-31-300x192.png 300w, https:\/\/goldroof.pt\/wp-content\/uploads\/2020\/02\/pngwave-31-768x491.png 768w, https:\/\/goldroof.pt\/wp-content\/uploads\/2020\/02\/pngwave-31-1536x983.png 1536w, https:\/\/goldroof.pt\/wp-content\/uploads\/2020\/02\/pngwave-31-2048x1310.png 2048w, https:\/\/goldroof.pt\/wp-content\/uploads\/2020\/02\/pngwave-31-150x96.png 150w\" sizes=\"(max-width: 828px) 100vw, 828px\" \/>\t\t\t\t\t\t\t\t\t\t\t\t\t\t\t<\/div>\n\t\t\t\t<\/div>\n\t\t\t\t\t<\/div>\n\t\t<\/div>\n\t\t\t\t\t<\/div>\n\t\t<\/section>\n\t\t\t\t<section class=\"elementor-section elementor-top-section elementor-element elementor-element-950edf8 elementor-section-boxed elementor-section-height-default elementor-section-height-default\" data-id=\"950edf8\" data-element_type=\"section\" data-e-type=\"section\">\n\t\t\t\t\t\t<div class=\"elementor-container elementor-column-gap-default\">\n\t\t\t\t\t<div class=\"elementor-column elementor-col-50 elementor-top-column elementor-element elementor-element-5b3a982\" data-id=\"5b3a982\" data-element_type=\"column\" data-e-type=\"column\">\n\t\t\t<div class=\"elementor-widget-wrap elementor-element-populated\">\n\t\t\t\t\t\t<div class=\"elementor-element elementor-element-e54a86c elementor-widget elementor-widget-image\" data-id=\"e54a86c\" data-element_type=\"widget\" data-e-type=\"widget\" data-widget_type=\"image.default\">\n\t\t\t\t<div class=\"elementor-widget-container\">\n\t\t\t\t\t\t\t\t\t\t\t\t\t\t\t<img decoding=\"async\" width=\"788\" height=\"543\" src=\"https:\/\/goldroof.pt\/wp-content\/uploads\/2020\/02\/pngwave-32.png\" class=\"attachment-large size-large wp-image-5768\" alt=\"Pngwave (32)\" srcset=\"https:\/\/goldroof.pt\/wp-content\/uploads\/2020\/02\/pngwave-32.png 788w, https:\/\/goldroof.pt\/wp-content\/uploads\/2020\/02\/pngwave-32-300x207.png 300w, https:\/\/goldroof.pt\/wp-content\/uploads\/2020\/02\/pngwave-32-768x529.png 768w, https:\/\/goldroof.pt\/wp-content\/uploads\/2020\/02\/pngwave-32-150x103.png 150w\" sizes=\"(max-width: 788px) 100vw, 788px\" \/>\t\t\t\t\t\t\t\t\t\t\t\t\t\t\t<\/div>\n\t\t\t\t<\/div>\n\t\t\t\t\t<\/div>\n\t\t<\/div>\n\t\t\t\t<div class=\"elementor-column elementor-col-50 elementor-top-column elementor-element elementor-element-cef88a0\" data-id=\"cef88a0\" data-element_type=\"column\" data-e-type=\"column\">\n\t\t\t<div class=\"elementor-widget-wrap elementor-element-populated\">\n\t\t\t\t\t\t<div class=\"elementor-element elementor-element-0aa3161 elementor-widget elementor-widget-text-editor\" data-id=\"0aa3161\" data-element_type=\"widget\" data-e-type=\"widget\" data-widget_type=\"text-editor.default\">\n\t\t\t\t<div class=\"elementor-widget-container\">\n\t\t\t\t\t\t\t\t\t<p><span lang=\"fr-FR\">Nous avons une particuli\u00e8re incidence dans le district de Porto. <\/span><span lang=\"fr-FR\">Les conseillers immobiliers de Gold Roof sont des professionnels d\u00fbment certifi\u00e9s et form\u00e9s dans le domaine immobilier et financier, avec une grande connaissance dans les zones g\u00e9ographiques o\u00f9 ils op\u00e8rent.<br \/><\/span><\/p><p><span lang=\"fr-FR\">La pr\u00e9sence de Gold Roof dans autres zones du pays et de l\u2019\u00e9tranger est assur\u00e9e avec des partenaires commerciaux locaux s\u00e9lectionn\u00e9s.<\/span><\/p>\t\t\t\t\t\t\t\t<\/div>\n\t\t\t\t<\/div>\n\t\t\t\t\t<\/div>\n\t\t<\/div>\n\t\t\t\t\t<\/div>\n\t\t<\/section>\n\t\t\t\t<section class=\"elementor-section elementor-top-section elementor-element elementor-element-5927362 elementor-section-boxed elementor-section-height-default elementor-section-height-default\" data-id=\"5927362\" data-element_type=\"section\" data-e-type=\"section\">\n\t\t\t\t\t\t<div class=\"elementor-container elementor-column-gap-default\">\n\t\t\t\t\t<div class=\"elementor-column elementor-col-50 elementor-top-column elementor-element elementor-element-c3734dc\" data-id=\"c3734dc\" data-element_type=\"column\" data-e-type=\"column\">\n\t\t\t<div class=\"elementor-widget-wrap elementor-element-populated\">\n\t\t\t\t\t\t<div class=\"elementor-element elementor-element-2870012 elementor-widget elementor-widget-text-editor\" data-id=\"2870012\" data-element_type=\"widget\" data-e-type=\"widget\" data-widget_type=\"text-editor.default\">\n\t\t\t\t<div class=\"elementor-widget-container\">\n\t\t\t\t\t\t\t\t\t<p>\u00a0<\/p><p><span lang=\"fr-FR\">Le travail sp\u00e9cialis\u00e9 et personnalis\u00e9 de toute l\u2019\u00e9quipe de Gold Roof, permet la m\u00e9diation et la n\u00e9gociation des diff\u00e9rents types de biens immobiliers, consid\u00e9rant toujours les meilleures options pour nos clients;\u00a0vendeurs, acheteurs et investisseurs.<br \/><\/span><\/p><p><span lang=\"fr-FR\">Les services dans le domaine de l\u2019accessoire juridique, financier, marketing, et de la documentation proc\u00e9durale, font partie int\u00e9grante de notre travail dans la n\u00e9gociation et commercialisation de l\u2019immeuble.<\/span><\/p>\t\t\t\t\t\t\t\t<\/div>\n\t\t\t\t<\/div>\n\t\t\t\t\t<\/div>\n\t\t<\/div>\n\t\t\t\t<div class=\"elementor-column elementor-col-50 elementor-top-column elementor-element elementor-element-f5db20d\" data-id=\"f5db20d\" data-element_type=\"column\" data-e-type=\"column\">\n\t\t\t<div class=\"elementor-widget-wrap elementor-element-populated\">\n\t\t\t\t\t\t<div class=\"elementor-element elementor-element-8f0c9b7 elementor-widget elementor-widget-image\" data-id=\"8f0c9b7\" data-element_type=\"widget\" data-e-type=\"widget\" data-widget_type=\"image.default\">\n\t\t\t\t<div class=\"elementor-widget-container\">\n\t\t\t\t\t\t\t\t\t\t\t\t\t\t\t<img decoding=\"async\" width=\"828\" height=\"487\" src=\"https:\/\/goldroof.pt\/wp-content\/uploads\/2020\/02\/pngwave-33.png\" class=\"attachment-large size-large wp-image-5771\" alt=\"Pngwave (33)\" srcset=\"https:\/\/goldroof.pt\/wp-content\/uploads\/2020\/02\/pngwave-33.png 1024w, https:\/\/goldroof.pt\/wp-content\/uploads\/2020\/02\/pngwave-33-300x176.png 300w, https:\/\/goldroof.pt\/wp-content\/uploads\/2020\/02\/pngwave-33-768x452.png 768w, https:\/\/goldroof.pt\/wp-content\/uploads\/2020\/02\/pngwave-33-150x88.png 150w\" sizes=\"(max-width: 828px) 100vw, 828px\" \/>\t\t\t\t\t\t\t\t\t\t\t\t\t\t\t<\/div>\n\t\t\t\t<\/div>\n\t\t\t\t\t<\/div>\n\t\t<\/div>\n\t\t\t\t\t<\/div>\n\t\t<\/section>\n\t\t\t\t<section class=\"elementor-section elementor-top-section elementor-element elementor-element-399a071 elementor-section-boxed elementor-section-height-default elementor-section-height-default\" data-id=\"399a071\" data-element_type=\"section\" data-e-type=\"section\">\n\t\t\t\t\t\t<div class=\"elementor-container elementor-column-gap-default\">\n\t\t\t\t\t<div class=\"elementor-column elementor-col-50 elementor-top-column elementor-element elementor-element-2562a67\" data-id=\"2562a67\" data-element_type=\"column\" data-e-type=\"column\">\n\t\t\t<div class=\"elementor-widget-wrap elementor-element-populated\">\n\t\t\t\t\t\t<div class=\"elementor-element elementor-element-11e9844 elementor-widget__width-initial elementor-widget elementor-widget-image\" data-id=\"11e9844\" data-element_type=\"widget\" data-e-type=\"widget\" data-widget_type=\"image.default\">\n\t\t\t\t<div class=\"elementor-widget-container\">\n\t\t\t\t\t\t\t\t\t\t\t\t\t\t\t<img loading=\"lazy\" decoding=\"async\" width=\"674\" height=\"591\" src=\"https:\/\/goldroof.pt\/wp-content\/uploads\/2020\/02\/pngwave-29.png\" class=\"attachment-large size-large wp-image-5774\" alt=\"Pngwave (29)\" srcset=\"https:\/\/goldroof.pt\/wp-content\/uploads\/2020\/02\/pngwave-29.png 674w, https:\/\/goldroof.pt\/wp-content\/uploads\/2020\/02\/pngwave-29-300x263.png 300w, https:\/\/goldroof.pt\/wp-content\/uploads\/2020\/02\/pngwave-29-150x132.png 150w\" sizes=\"(max-width: 674px) 100vw, 674px\" \/>\t\t\t\t\t\t\t\t\t\t\t\t\t\t\t<\/div>\n\t\t\t\t<\/div>\n\t\t\t\t\t<\/div>\n\t\t<\/div>\n\t\t\t\t<div class=\"elementor-column elementor-col-50 elementor-top-column elementor-element elementor-element-a63a1e7\" data-id=\"a63a1e7\" data-element_type=\"column\" data-e-type=\"column\">\n\t\t\t<div class=\"elementor-widget-wrap elementor-element-populated\">\n\t\t\t\t\t\t<div class=\"elementor-element elementor-element-4dc5390 elementor-widget elementor-widget-text-editor\" data-id=\"4dc5390\" data-element_type=\"widget\" data-e-type=\"widget\" data-widget_type=\"text-editor.default\">\n\t\t\t\t<div class=\"elementor-widget-container\">\n\t\t\t\t\t\t\t\t\t<p>\u00a0<\/p><p><span lang=\"fr-FR\">L\u2019objectif de Gold Roof pour ses clients sera toujours de cr\u00e9er une exp\u00e9rience professionnelle positive, agr\u00e9able et sans pr\u00e9occupation dans la transaction de l\u2019immeuble. <\/span><\/p><p><span lang=\"fr-FR\">Notre concentration est toujours sur le client et ses objectifs et n\u00e9cessit\u00e9s.<\/span><\/p><p>La formation sp\u00e9cialis\u00e9e, le professionnalisme, l\u2019innovation et le d\u00e9vouement inconditionnel aux objectives de nos clients sont \u00e0 l\u2019origine de Gold Roof \u2013 Real Estate &amp; Finance.<\/p>\t\t\t\t\t\t\t\t<\/div>\n\t\t\t\t<\/div>\n\t\t\t\t\t<\/div>\n\t\t<\/div>\n\t\t\t\t\t<\/div>\n\t\t<\/section>\n\t\t\t\t<\/div>\n\t\t","protected":false},"excerpt":{"rendered":"<p>\u00a0 Int\u00e9grit\u00e9, responsabilit\u00e9, professionnalisme et d\u2019attention \u00e0 notre client sont les bases de la posture de Gold Roof \u2013 Real Estate &amp; Finance dans l\u2019immobilier. Soutenue par l\u2019exp\u00e9rience professionnelle de ses collaborateurs, l\u2019entreprise jouit d\u2019une connaissance accumul\u00e9e de plusieurs ann\u00e9es de march\u00e9, en n\u00e9gociant la repr\u00e9sentation et la n\u00e9gociation de biens immobiliers priv\u00e9s et commerciales&#8230;<\/p>\n","protected":false},"author":1,"featured_media":0,"parent":0,"menu_order":0,"comment_status":"closed","ping_status":"open","template":"","meta":{"content-type":"","om_disable_all_campaigns":false,"slim_seo":{"title":"Nous conna\u00eetre - Gold Roof","description":"\u00a0 Int\u00e9grit\u00e9, responsabilit\u00e9, professionnalisme et d\u2019attention \u00e0 notre client sont les bases de la posture de Gold Roof \u2013 Real Estate &amp; Finance dans l\u2019immobi"},"footnotes":""},"class_list":["post-5752","page","type-page","status-publish","hentry"],"aioseo_notices":[],"_links":{"self":[{"href":"https:\/\/goldroof.pt\/fr\/wp-json\/wp\/v2\/pages\/5752","targetHints":{"allow":["GET"]}}],"collection":[{"href":"https:\/\/goldroof.pt\/fr\/wp-json\/wp\/v2\/pages"}],"about":[{"href":"https:\/\/goldroof.pt\/fr\/wp-json\/wp\/v2\/types\/page"}],"author":[{"embeddable":true,"href":"https:\/\/goldroof.pt\/fr\/wp-json\/wp\/v2\/users\/1"}],"replies":[{"embeddable":true,"href":"https:\/\/goldroof.pt\/fr\/wp-json\/wp\/v2\/comments?post=5752"}],"version-history":[{"count":3,"href":"https:\/\/goldroof.pt\/fr\/wp-json\/wp\/v2\/pages\/5752\/revisions"}],"predecessor-version":[{"id":15831,"href":"https:\/\/goldroof.pt\/fr\/wp-json\/wp\/v2\/pages\/5752\/revisions\/15831"}],"wp:attachment":[{"href":"https:\/\/goldroof.pt\/fr\/wp-json\/wp\/v2\/media?parent=5752"}],"curies":[{"name":"wp","href":"https:\/\/api.w.org\/{rel}","templated":true}]}}