{"id":6010,"date":"2020-04-21T03:55:47","date_gmt":"2020-04-21T02:55:47","guid":{"rendered":"https:\/\/goldroof.pt\/politica-de-privacidade\/"},"modified":"2020-04-21T03:55:47","modified_gmt":"2020-04-21T02:55:47","slug":"politica-de-privacidade","status":"publish","type":"page","link":"https:\/\/goldroof.pt\/en\/politica-de-privacidade\/","title":{"rendered":"Pol\u00edtica de Privacidade"},"content":{"rendered":"\t\t<div data-elementor-type=\"wp-page\" data-elementor-id=\"6010\" class=\"elementor elementor-6010 elementor-4979\">\n\t\t\t\t\t\t<section class=\"elementor-section elementor-top-section elementor-element elementor-element-ed27cf3 elementor-section-boxed elementor-section-height-default elementor-section-height-default\" data-id=\"ed27cf3\" data-element_type=\"section\" data-e-type=\"section\">\n\t\t\t\t\t\t<div class=\"elementor-container elementor-column-gap-default\">\n\t\t\t\t\t<div class=\"elementor-column elementor-col-100 elementor-top-column elementor-element elementor-element-82a7a4e\" data-id=\"82a7a4e\" data-element_type=\"column\" data-e-type=\"column\">\n\t\t\t<div class=\"elementor-widget-wrap elementor-element-populated\">\n\t\t\t\t\t\t<div class=\"elementor-element elementor-element-5e9ddc6 elementor-widget elementor-widget-text-editor\" data-id=\"5e9ddc6\" data-element_type=\"widget\" data-e-type=\"widget\" data-widget_type=\"text-editor.default\">\n\t\t\t\t<div class=\"elementor-widget-container\">\n\t\t\t\t\t\t\t\t\t<p>A prote\u00e7\u00e3o de dados dos utilizadores deste website, perten\u00e7a da Gold Roof \u2013 Real Estate &amp; Finance, \u00e9 da maior import\u00e2ncia. Este site cumpre com o regime de prote\u00e7\u00e3o de dados, nomeadamente o Regulamento (UE) 2016\/679 do Parlamento Europeu e do Conselho, de 27 de abril de 2016 (\u201cRGPD\u201d).<\/p>\n<p>No website poder\u00e3o estar inclu\u00eddos links de acesso a outros websites pelos quais n\u00e3o somos respons\u00e1veis. O Utilizador dever\u00e1 consultar as pol\u00edticas de privacidade desses links e respetivos websites.<\/p>\n<p>A empresa respeita a privacidade do utilizador e processa a sua informa\u00e7\u00e3o pessoal de acordo com as leis em vigor. A informa\u00e7\u00e3o recolhida n\u00e3o ser\u00e1 processada para qualquer outro fim que n\u00e3o o mencionado. A pol\u00edtica de privacidade poder\u00e1 ser alterada, nomeadamente para acondicionar altera\u00e7\u00f5es legislativas obrigat\u00f3rias.<\/p>\n<p>Finalidade da recolha de informa\u00e7\u00e3o do utilizador<\/p>\n<p>As informa\u00e7\u00f5es recolhidas atrav\u00e9s de diversos formul\u00e1rios no website destinam-se exclusivamente ao processamento de pedido de informa\u00e7\u00e3o e contacto com o utilizador. As informa\u00e7\u00f5es solicitadas ou fornecidas voluntariamente pelo utilizador, como por exemplo nome, endere\u00e7o, n\u00famero de telefone e\/ou telem\u00f3vel, endere\u00e7o de e-mail, observa\u00e7\u00f5es e\/ou coment\u00e1rios n\u00e3o ser\u00e3o usados para qualquer outro processamento que n\u00e3o seja o inicialmente previsto. Toda a informa\u00e7\u00e3o recolhida ser\u00e1 para utiliza\u00e7\u00e3o da nossa empresa. Em caso algum a informa\u00e7\u00e3o fornecida pelo utilizador ser\u00e1 disponibilizada a empresas terceiras.<\/p>\n<p>Quem tem acesso a informa\u00e7\u00e3o do utilizador. Respons\u00e1vel pelo tratamento da informa\u00e7\u00e3o.<\/p>\n<p>A nossa empresa apenas poder\u00e1 divulgar a informa\u00e7\u00e3o do utilizador a empresas terceiras com consentimento do utilizador, exceto quando essa informa\u00e7\u00e3o for exigida por lei. A responsabilidade do tratamento da informa\u00e7\u00e3o \u00e9 da responsabilidade da empresa.<\/p>\n<p>O utilizador poder\u00e1 entrar em contacto com o respons\u00e1vel pelo tratamento da informa\u00e7\u00e3o pelos seguintes meios:<\/p>\n<p>Atrav\u00e9s de formul\u00e1rio na \u00e1rea de contactos<\/p>\n<p>Atrav\u00e9s do envio de um email para <span style=\"color: #0563c1;\"><u><a href=\"mailto:geral@goldroof.pt\">geral@goldroof.pt<\/a><\/u><\/span><\/p>\n<p>Onde \u00e9 armazenada a informa\u00e7\u00e3o do utilizador<\/p>\n<p>A informa\u00e7\u00e3o do utilizador \u00e9 armazenada em servidor seguro, localizado na uni\u00e3o europeia, e de utiliza\u00e7\u00e3o exclusiva da empresa. A informa\u00e7\u00e3o \u00e9 armazenada em base de dados criada para o efeito.\u00a0Este servidor obedece a par\u00e2metros de prote\u00e7\u00e3o elevados de modo a respeitar a legisla\u00e7\u00e3o de prote\u00e7\u00e3o de informa\u00e7\u00e3o pessoal em vigor. O utilizador poder\u00e1 solicitar o direito de remo\u00e7\u00e3o da sua informa\u00e7\u00e3o da base de dados da empresa a qualquer altura, bastando para isso informar da sua decis\u00e3o atrav\u00e9s do envio de e-mail para <span style=\"color: #0563c1;\"><u><a href=\"mailto:geral@goldroof.pt\">geral@goldroof.pt<\/a><\/u><\/span>.<\/p>\n<p>Tempo de armazenamento da informa\u00e7\u00e3o do utilizador<\/p>\n<p>O tempo durante o qual a informa\u00e7\u00e3o do utilizador \u00e9 armazenada varia de acordo com a finalidade da utiliza\u00e7\u00e3o da informa\u00e7\u00e3o. Obedecendo a todos os requisitos legais em vigor, e futuros, a informa\u00e7\u00e3o ser\u00e1 armazenada pelo per\u00edodo m\u00ednimo necess\u00e1rio para a finalidade a que se destinou no momento em que a informa\u00e7\u00e3o foi facultada.<\/p>\n<p>Direitos do Utilizador<\/p>\n<p>O utilizador \u00e9 o titular da informa\u00e7\u00e3o fornecida. O utilizador poder\u00e1 aceder a qualquer momento \u00e1 sua informa\u00e7\u00e3o, podendo solicitar a altera\u00e7\u00e3o, retifica\u00e7\u00e3o, atualiza\u00e7\u00e3o, elimina\u00e7\u00e3o, limita\u00e7\u00e3o ou remover em definitivo o seu consentimento. Para tal bastar\u00e1 enviar e-mail para <span style=\"color: #0563c1;\"><u><a href=\"mailto:geral@goldroof.pt\">geral@goldroof.pt<\/a><\/u><\/span> a solicitar o que pretende que seja efetuado.<\/p>\n<p>Para qualquer outro esclarecimento por favor contactar atrav\u00e9s de <span style=\"color: #0563c1;\"><u><a href=\"mailto:geral@goldroof.pt\">geral@goldroof.pt<\/a><\/u><\/span> ou consultar a \u201cLei de Prote\u00e7\u00e3o de Dados Pessoas \u2013 Lei n\u00ba 67\/98 \u2013 Di\u00e1rio da R\u00e9publica n\u00ba 247\/1998, Serie I-A de 1998-10-26 Revogado\u201d link <span style=\"color: #0563c1;\"><u><a href=\"https:\/\/data.dre.pt\/eli\/lei\/67\/1998\/p\/cons\/20190808\/pt\/html\"><span style=\"font-family: Arial, serif;\"><span style=\"font-size: small;\">https:\/\/data.dre.pt\/eli\/lei\/67\/1998\/p\/cons\/20190808\/pt\/html<\/span><\/span><\/a><\/u><\/span><\/p>\n\t\t\t\t\t\t\t\t<\/div>\n\t\t\t\t<\/div>\n\t\t\t\t\t<\/div>\n\t\t<\/div>\n\t\t\t\t\t<\/div>\n\t\t<\/section>\n\t\t\t\t<\/div>\n\t\t","protected":false},"excerpt":{"rendered":"<p>A prote\u00e7\u00e3o de dados dos utilizadores deste website, perten\u00e7a da Gold Roof \u2013 Real Estate &amp; Finance, \u00e9 da maior import\u00e2ncia. Este site cumpre com o regime de prote\u00e7\u00e3o de dados, nomeadamente o Regulamento (UE) 2016\/679 do Parlamento Europeu e do Conselho, de 27 de abril de 2016 (\u201cRGPD\u201d). No website poder\u00e3o estar inclu\u00eddos links&#8230;<\/p>\n","protected":false},"author":1,"featured_media":0,"parent":0,"menu_order":0,"comment_status":"closed","ping_status":"closed","template":"","meta":{"content-type":"","om_disable_all_campaigns":false,"slim_seo":{"title":"Pol\u00edtica de Privacidade - Gold Roof","description":"A prote\u00e7\u00e3o de dados dos utilizadores deste website, perten\u00e7a da Gold Roof \u2013 Real Estate &amp; Finance, \u00e9 da maior import\u00e2ncia. Este site cumpre com o regime de"},"footnotes":""},"class_list":["post-6010","page","type-page","status-publish","hentry"],"aioseo_notices":[],"_links":{"self":[{"href":"https:\/\/goldroof.pt\/en\/wp-json\/wp\/v2\/pages\/6010","targetHints":{"allow":["GET"]}}],"collection":[{"href":"https:\/\/goldroof.pt\/en\/wp-json\/wp\/v2\/pages"}],"about":[{"href":"https:\/\/goldroof.pt\/en\/wp-json\/wp\/v2\/types\/page"}],"author":[{"embeddable":true,"href":"https:\/\/goldroof.pt\/en\/wp-json\/wp\/v2\/users\/1"}],"replies":[{"embeddable":true,"href":"https:\/\/goldroof.pt\/en\/wp-json\/wp\/v2\/comments?post=6010"}],"version-history":[{"count":0,"href":"https:\/\/goldroof.pt\/en\/wp-json\/wp\/v2\/pages\/6010\/revisions"}],"wp:attachment":[{"href":"https:\/\/goldroof.pt\/en\/wp-json\/wp\/v2\/media?parent=6010"}],"curies":[{"name":"wp","href":"https:\/\/api.w.org\/{rel}","templated":true}]}}