{"id":5907,"date":"2020-04-21T02:33:14","date_gmt":"2020-04-21T01:33:14","guid":{"rendered":"https:\/\/goldroof.pt\/servicos-financeiros\/"},"modified":"2020-05-17T23:17:25","modified_gmt":"2020-05-17T22:17:25","slug":"servicos-financeiros","status":"publish","type":"page","link":"https:\/\/goldroof.pt\/en\/servicos-financeiros\/","title":{"rendered":"Servi\u00e7os financeiros"},"content":{"rendered":"\t\t<div data-elementor-type=\"wp-page\" data-elementor-id=\"5907\" class=\"elementor elementor-5907 elementor-5461\">\n\t\t\t\t\t\t<section class=\"elementor-section elementor-top-section elementor-element elementor-element-41eab41 elementor-section-boxed elementor-section-height-default elementor-section-height-default\" data-id=\"41eab41\" data-element_type=\"section\" data-e-type=\"section\">\n\t\t\t\t\t\t<div class=\"elementor-container elementor-column-gap-default\">\n\t\t\t\t\t<div class=\"elementor-column elementor-col-100 elementor-top-column elementor-element elementor-element-51ae874\" data-id=\"51ae874\" data-element_type=\"column\" data-e-type=\"column\">\n\t\t\t<div class=\"elementor-widget-wrap elementor-element-populated\">\n\t\t\t\t\t\t<div class=\"elementor-element elementor-element-02ae082 elementor-widget elementor-widget-text-editor\" data-id=\"02ae082\" data-element_type=\"widget\" data-e-type=\"widget\" data-widget_type=\"text-editor.default\">\n\t\t\t\t<div class=\"elementor-widget-container\">\n\t\t\t\t\t\t\t\t\t<p>O financiamento de cr\u00e9dito para aquisi\u00e7\u00e3o de um im\u00f3vel deve ser efetuado com precau\u00e7\u00e3o e com acesso a toda a informa\u00e7\u00e3o dispon\u00edvel no mercado financeiro.<\/p>\n\t\t\t\t\t\t\t\t<\/div>\n\t\t\t\t<\/div>\n\t\t\t\t\t<\/div>\n\t\t<\/div>\n\t\t\t\t\t<\/div>\n\t\t<\/section>\n\t\t\t\t<section class=\"elementor-section elementor-top-section elementor-element elementor-element-ee3f9f7 elementor-section-boxed elementor-section-height-default elementor-section-height-default\" data-id=\"ee3f9f7\" data-element_type=\"section\" data-e-type=\"section\">\n\t\t\t\t\t\t<div class=\"elementor-container elementor-column-gap-default\">\n\t\t\t\t\t<div class=\"elementor-column elementor-col-50 elementor-top-column elementor-element elementor-element-7969132\" data-id=\"7969132\" data-element_type=\"column\" data-e-type=\"column\">\n\t\t\t<div class=\"elementor-widget-wrap elementor-element-populated\">\n\t\t\t\t\t\t<div class=\"elementor-element elementor-element-28e87cb elementor-widget elementor-widget-text-editor\" data-id=\"28e87cb\" data-element_type=\"widget\" data-e-type=\"widget\" data-widget_type=\"text-editor.default\">\n\t\t\t\t<div class=\"elementor-widget-container\">\n\t\t\t\t\t\t\t\t\t<p>A Gold Roof \u2013 Real Estate &amp; Finance tem a experi\u00eancia e capacidade profissional para acompanhar o seu processo de financiamento e atuar como conselheira nas suas decis\u00f5es. Os nossos consultores imobili\u00e1rios est\u00e3o igualmente habilitados na \u00e1rea financeira, para que possam prestar todos os esclarecimentos necess\u00e1rios.<\/p>\n\t\t\t\t\t\t\t\t<\/div>\n\t\t\t\t<\/div>\n\t\t\t\t\t<\/div>\n\t\t<\/div>\n\t\t\t\t<div class=\"elementor-column elementor-col-50 elementor-top-column elementor-element elementor-element-0f45173\" data-id=\"0f45173\" data-element_type=\"column\" data-e-type=\"column\">\n\t\t\t<div class=\"elementor-widget-wrap elementor-element-populated\">\n\t\t\t\t\t\t<div class=\"elementor-element elementor-element-5243b0e elementor-widget elementor-widget-image\" data-id=\"5243b0e\" data-element_type=\"widget\" data-e-type=\"widget\" data-widget_type=\"image.default\">\n\t\t\t\t<div class=\"elementor-widget-container\">\n\t\t\t\t\t\t\t\t\t\t\t\t\t\t\t<img fetchpriority=\"high\" decoding=\"async\" width=\"828\" height=\"508\" src=\"https:\/\/goldroof.pt\/wp-content\/uploads\/2020\/04\/pngwave-22.png\" class=\"attachment-large size-large wp-image-5909\" alt=\"Pngwave (22)\" srcset=\"https:\/\/goldroof.pt\/wp-content\/uploads\/2020\/04\/pngwave-22.png 998w, https:\/\/goldroof.pt\/wp-content\/uploads\/2020\/04\/pngwave-22-300x184.png 300w, https:\/\/goldroof.pt\/wp-content\/uploads\/2020\/04\/pngwave-22-768x471.png 768w, https:\/\/goldroof.pt\/wp-content\/uploads\/2020\/04\/pngwave-22-150x92.png 150w\" sizes=\"(max-width: 828px) 100vw, 828px\" \/>\t\t\t\t\t\t\t\t\t\t\t\t\t\t\t<\/div>\n\t\t\t\t<\/div>\n\t\t\t\t\t<\/div>\n\t\t<\/div>\n\t\t\t\t\t<\/div>\n\t\t<\/section>\n\t\t\t\t<section class=\"elementor-section elementor-top-section elementor-element elementor-element-86cc1be elementor-section-boxed elementor-section-height-default elementor-section-height-default\" data-id=\"86cc1be\" data-element_type=\"section\" data-e-type=\"section\">\n\t\t\t\t\t\t<div class=\"elementor-container elementor-column-gap-default\">\n\t\t\t\t\t<div class=\"elementor-column elementor-col-100 elementor-top-column elementor-element elementor-element-19005db\" data-id=\"19005db\" data-element_type=\"column\" data-e-type=\"column\">\n\t\t\t<div class=\"elementor-widget-wrap elementor-element-populated\">\n\t\t\t\t\t\t<div class=\"elementor-element elementor-element-d488c29 elementor-widget elementor-widget-text-editor\" data-id=\"d488c29\" data-element_type=\"widget\" data-e-type=\"widget\" data-widget_type=\"text-editor.default\">\n\t\t\t\t<div class=\"elementor-widget-container\">\n\t\t\t\t\t\t\t\t\t<p>Para sua comodidade e tranquilidade, preparamos toda a documenta\u00e7\u00e3o necess\u00e1ria para dar abertura ao processo e posterior contacto com as diversas entidades banc\u00e1rias e financeiras com quem temos rela\u00e7\u00e3o, e com outras que possam ser da sua prefer\u00eancia.<\/p>\n\t\t\t\t\t\t\t\t<\/div>\n\t\t\t\t<\/div>\n\t\t\t\t\t<\/div>\n\t\t<\/div>\n\t\t\t\t\t<\/div>\n\t\t<\/section>\n\t\t\t\t<section class=\"elementor-section elementor-top-section elementor-element elementor-element-23ae21d elementor-section-boxed elementor-section-height-default elementor-section-height-default\" data-id=\"23ae21d\" data-element_type=\"section\" data-e-type=\"section\">\n\t\t\t\t\t\t<div class=\"elementor-container elementor-column-gap-default\">\n\t\t\t\t\t<div class=\"elementor-column elementor-col-50 elementor-top-column elementor-element elementor-element-3ee6fb9\" data-id=\"3ee6fb9\" data-element_type=\"column\" data-e-type=\"column\">\n\t\t\t<div class=\"elementor-widget-wrap elementor-element-populated\">\n\t\t\t\t\t\t<div class=\"elementor-element elementor-element-0169a53 elementor-widget elementor-widget-image\" data-id=\"0169a53\" data-element_type=\"widget\" data-e-type=\"widget\" data-widget_type=\"image.default\">\n\t\t\t\t<div class=\"elementor-widget-container\">\n\t\t\t\t\t\t\t\t\t\t\t\t\t\t\t<img decoding=\"async\" width=\"800\" height=\"792\" src=\"https:\/\/goldroof.pt\/wp-content\/uploads\/2020\/02\/pngwave-1.png\" class=\"attachment-large size-large wp-image-5906\" alt=\"Pngwave (1)\" srcset=\"https:\/\/goldroof.pt\/wp-content\/uploads\/2020\/02\/pngwave-1.png 800w, https:\/\/goldroof.pt\/wp-content\/uploads\/2020\/02\/pngwave-1-300x297.png 300w, https:\/\/goldroof.pt\/wp-content\/uploads\/2020\/02\/pngwave-1-150x150.png 150w, https:\/\/goldroof.pt\/wp-content\/uploads\/2020\/02\/pngwave-1-768x760.png 768w\" sizes=\"(max-width: 800px) 100vw, 800px\" \/>\t\t\t\t\t\t\t\t\t\t\t\t\t\t\t<\/div>\n\t\t\t\t<\/div>\n\t\t\t\t\t<\/div>\n\t\t<\/div>\n\t\t\t\t<div class=\"elementor-column elementor-col-50 elementor-top-column elementor-element elementor-element-f4e689d\" data-id=\"f4e689d\" data-element_type=\"column\" data-e-type=\"column\">\n\t\t\t<div class=\"elementor-widget-wrap elementor-element-populated\">\n\t\t\t\t\t\t<div class=\"elementor-element elementor-element-6ede674 elementor-widget elementor-widget-text-editor\" data-id=\"6ede674\" data-element_type=\"widget\" data-e-type=\"widget\" data-widget_type=\"text-editor.default\">\n\t\t\t\t<div class=\"elementor-widget-container\">\n\t\t\t\t\t\t\t\t\t<p>Posteriormente recolhemos as simula\u00e7\u00f5es de cr\u00e9dito apresentadas, preparando uma compara\u00e7\u00e3o com todos os fatores que est\u00e3o considerados nas mesmas, e procedemos sempre que poss\u00edvel a uma renegocia\u00e7\u00e3o entre concorrentes para otimizar as condi\u00e7\u00f5es finais apresentadas.<\/p>\n<p>Desta forma poder\u00e1 facilmente e objetivamente efetuar uma an\u00e1lise profunda, e tomar uma decis\u00e3o assertiva sobre qual proposta deve considerar.<\/p>\n\t\t\t\t\t\t\t\t<\/div>\n\t\t\t\t<\/div>\n\t\t\t\t\t<\/div>\n\t\t<\/div>\n\t\t\t\t\t<\/div>\n\t\t<\/section>\n\t\t\t\t<section class=\"elementor-section elementor-top-section elementor-element elementor-element-9d9c4f0 elementor-section-boxed elementor-section-height-default elementor-section-height-default\" data-id=\"9d9c4f0\" data-element_type=\"section\" data-e-type=\"section\">\n\t\t\t\t\t\t<div class=\"elementor-container elementor-column-gap-default\">\n\t\t\t\t\t<div class=\"elementor-column elementor-col-100 elementor-top-column elementor-element elementor-element-1ac6b73\" data-id=\"1ac6b73\" data-element_type=\"column\" data-e-type=\"column\">\n\t\t\t<div class=\"elementor-widget-wrap elementor-element-populated\">\n\t\t\t\t\t\t<div class=\"elementor-element elementor-element-ba41b07 elementor-widget elementor-widget-heading\" data-id=\"ba41b07\" data-element_type=\"widget\" data-e-type=\"widget\" data-widget_type=\"heading.default\">\n\t\t\t\t<div class=\"elementor-widget-container\">\n\t\t\t\t\t<h3 class=\"elementor-heading-title elementor-size-default\">A Gold roof \u2013 Real Estate &amp; Finance considera sempre os seus interesses como priorit\u00e1rios!<\/h3>\t\t\t\t<\/div>\n\t\t\t\t<\/div>\n\t\t\t\t\t<\/div>\n\t\t<\/div>\n\t\t\t\t\t<\/div>\n\t\t<\/section>\n\t\t\t\t<section class=\"elementor-section elementor-top-section elementor-element elementor-element-19652d7 elementor-section-boxed elementor-section-height-default elementor-section-height-default\" data-id=\"19652d7\" data-element_type=\"section\" data-e-type=\"section\">\n\t\t\t\t\t\t<div class=\"elementor-container elementor-column-gap-default\">\n\t\t\t\t\t<div class=\"elementor-column elementor-col-100 elementor-top-column elementor-element elementor-element-5e9a3ff\" data-id=\"5e9a3ff\" data-element_type=\"column\" data-e-type=\"column\">\n\t\t\t<div class=\"elementor-widget-wrap elementor-element-populated\">\n\t\t\t\t\t\t<div class=\"elementor-element elementor-element-84cb278 elementor-widget elementor-widget-text-editor\" data-id=\"84cb278\" data-element_type=\"widget\" data-e-type=\"widget\" data-widget_type=\"text-editor.default\">\n\t\t\t\t<div class=\"elementor-widget-container\">\n\t\t\t\t\t\t\t\t\t<p>Considerando a postura profissional e respons\u00e1vel pela qual somos reconhecidos, a Gold Roof \u2013 Real Estate &amp; Finance, apresenta este servi\u00e7o aos seus clientes como parte do acompanhamento impreterivelmente necess\u00e1rio para que o neg\u00f3cio do im\u00f3vel possa ser realizado sem qualquer sobressalto. Este servi\u00e7o n\u00e3o tem qualquer custo agregado.<\/p>\n\t\t\t\t\t\t\t\t<\/div>\n\t\t\t\t<\/div>\n\t\t\t\t\t<\/div>\n\t\t<\/div>\n\t\t\t\t\t<\/div>\n\t\t<\/section>\n\t\t\t\t<\/div>\n\t\t","protected":false},"excerpt":{"rendered":"<p>O financiamento de cr\u00e9dito para aquisi\u00e7\u00e3o de um im\u00f3vel deve ser efetuado com precau\u00e7\u00e3o e com acesso a toda a informa\u00e7\u00e3o dispon\u00edvel no mercado financeiro. A Gold Roof \u2013 Real Estate &amp; Finance tem a experi\u00eancia e capacidade profissional para acompanhar o seu processo de financiamento e atuar como conselheira nas suas decis\u00f5es. Os nossos&#8230;<\/p>\n","protected":false},"author":1,"featured_media":0,"parent":0,"menu_order":0,"comment_status":"closed","ping_status":"closed","template":"","meta":{"content-type":"","om_disable_all_campaigns":false,"slim_seo":{"title":"Servi\u00e7os financeiros - Gold Roof","description":"O financiamento de cr\u00e9dito para aquisi\u00e7\u00e3o de um im\u00f3vel deve ser efetuado com precau\u00e7\u00e3o e com acesso a toda a informa\u00e7\u00e3o dispon\u00edvel no mercado financeiro. A Gold"},"footnotes":""},"class_list":["post-5907","page","type-page","status-publish","hentry"],"aioseo_notices":[],"_links":{"self":[{"href":"https:\/\/goldroof.pt\/en\/wp-json\/wp\/v2\/pages\/5907","targetHints":{"allow":["GET"]}}],"collection":[{"href":"https:\/\/goldroof.pt\/en\/wp-json\/wp\/v2\/pages"}],"about":[{"href":"https:\/\/goldroof.pt\/en\/wp-json\/wp\/v2\/types\/page"}],"author":[{"embeddable":true,"href":"https:\/\/goldroof.pt\/en\/wp-json\/wp\/v2\/users\/1"}],"replies":[{"embeddable":true,"href":"https:\/\/goldroof.pt\/en\/wp-json\/wp\/v2\/comments?post=5907"}],"version-history":[{"count":0,"href":"https:\/\/goldroof.pt\/en\/wp-json\/wp\/v2\/pages\/5907\/revisions"}],"wp:attachment":[{"href":"https:\/\/goldroof.pt\/en\/wp-json\/wp\/v2\/media?parent=5907"}],"curies":[{"name":"wp","href":"https:\/\/api.w.org\/{rel}","templated":true}]}}