{"id":5858,"date":"2020-04-21T02:13:19","date_gmt":"2020-04-21T01:13:19","guid":{"rendered":"https:\/\/goldroof.pt\/comparer-les-biens\/"},"modified":"2020-04-27T01:28:25","modified_gmt":"2020-04-27T00:28:25","slug":"comparer-les-biens","status":"publish","type":"page","link":"https:\/\/goldroof.pt\/en\/comparer-les-biens\/","title":{"rendered":"Comparer les Biens"},"content":{"rendered":"\t\t<div data-elementor-type=\"wp-page\" data-elementor-id=\"5858\" class=\"elementor elementor-5858 elementor-4544\">\n\t\t\t\t\t\t<section class=\"elementor-section elementor-top-section elementor-element elementor-element-3ce1377 elementor-section-boxed elementor-section-height-default elementor-section-height-default\" data-id=\"3ce1377\" data-element_type=\"section\" data-e-type=\"section\">\n\t\t\t\t\t\t<div class=\"elementor-container elementor-column-gap-default\">\n\t\t\t\t\t<div class=\"elementor-column elementor-col-50 elementor-top-column elementor-element elementor-element-9d2cf2f\" data-id=\"9d2cf2f\" data-element_type=\"column\" data-e-type=\"column\">\n\t\t\t<div class=\"elementor-widget-wrap elementor-element-populated\">\n\t\t\t\t\t\t<div class=\"elementor-element elementor-element-69019e6 elementor-widget elementor-widget-heading\" data-id=\"69019e6\" data-element_type=\"widget\" data-e-type=\"widget\" data-widget_type=\"heading.default\">\n\t\t\t\t<div class=\"elementor-widget-container\">\n\t\t\t\t\t<h2 class=\"elementor-heading-title elementor-size-default\">Pour faire une comparaison entre les Biens, cliquez sur<\/h2>\t\t\t\t<\/div>\n\t\t\t\t<\/div>\n\t\t\t\t\t<\/div>\n\t\t<\/div>\n\t\t\t\t<div class=\"elementor-column elementor-col-50 elementor-top-column elementor-element elementor-element-fcfc02b\" data-id=\"fcfc02b\" data-element_type=\"column\" data-e-type=\"column\">\n\t\t\t<div class=\"elementor-widget-wrap elementor-element-populated\">\n\t\t\t\t\t\t<div class=\"elementor-element elementor-element-309ca2a elementor-widget elementor-widget-image\" data-id=\"309ca2a\" data-element_type=\"widget\" data-e-type=\"widget\" data-widget_type=\"image.default\">\n\t\t\t\t<div class=\"elementor-widget-container\">\n\t\t\t\t\t\t\t\t\t\t\t\t\t\t\t<img decoding=\"async\" width=\"52\" height=\"44\" src=\"https:\/\/goldroof.pt\/wp-content\/uploads\/2020\/04\/compare-button.png\" class=\"attachment-large size-large wp-image-5874\" alt=\"Compare button\" \/>\t\t\t\t\t\t\t\t\t\t\t\t\t\t\t<\/div>\n\t\t\t\t<\/div>\n\t\t\t\t\t<\/div>\n\t\t<\/div>\n\t\t\t\t\t<\/div>\n\t\t<\/section>\n\t\t\t\t<section class=\"elementor-section elementor-top-section elementor-element elementor-element-25fd148 elementor-section-boxed elementor-section-height-default elementor-section-height-default\" data-id=\"25fd148\" data-element_type=\"section\" data-e-type=\"section\">\n\t\t\t\t\t\t<div class=\"elementor-container elementor-column-gap-default\">\n\t\t\t\t\t<div class=\"elementor-column elementor-col-50 elementor-top-column elementor-element elementor-element-ef12838\" data-id=\"ef12838\" data-element_type=\"column\" data-e-type=\"column\">\n\t\t\t<div class=\"elementor-widget-wrap elementor-element-populated\">\n\t\t\t\t\t\t<div class=\"elementor-element elementor-element-84bd3f6 elementor-widget elementor-widget-heading\" data-id=\"84bd3f6\" data-element_type=\"widget\" data-e-type=\"widget\" data-widget_type=\"heading.default\">\n\t\t\t\t<div class=\"elementor-widget-container\">\n\t\t\t\t\t<h2 class=\"elementor-heading-title elementor-size-default\">Vous pouvez comparer jusqu'\u00e0 4 propri\u00e9t\u00e9s simultan\u00e9ment<\/h2>\t\t\t\t<\/div>\n\t\t\t\t<\/div>\n\t\t\t\t\t<\/div>\n\t\t<\/div>\n\t\t\t\t<div class=\"elementor-column elementor-col-50 elementor-top-column elementor-element elementor-element-dc594c2\" data-id=\"dc594c2\" data-element_type=\"column\" data-e-type=\"column\">\n\t\t\t<div class=\"elementor-widget-wrap\">\n\t\t\t\t\t\t\t<\/div>\n\t\t<\/div>\n\t\t\t\t\t<\/div>\n\t\t<\/section>\n\t\t\t\t<\/div>\n\t\t","protected":false},"excerpt":{"rendered":"<p>Pour faire une comparaison entre les Biens, cliquez sur Vous pouvez comparer jusqu&#8217;\u00e0 4 propri\u00e9t\u00e9s simultan\u00e9ment<\/p>\n","protected":false},"author":1,"featured_media":0,"parent":0,"menu_order":0,"comment_status":"closed","ping_status":"closed","template":"templates\/compare-properties.php","meta":{"content-type":"","om_disable_all_campaigns":false,"slim_seo":{"title":"Comparer les Biens - Gold Roof","description":"Pour faire une comparaison entre les Biens, cliquez sur Vous pouvez comparer jusqu'\u00e0 4 propri\u00e9t\u00e9s simultan\u00e9ment"},"footnotes":""},"class_list":["post-5858","page","type-page","status-publish","hentry"],"aioseo_notices":[],"_links":{"self":[{"href":"https:\/\/goldroof.pt\/en\/wp-json\/wp\/v2\/pages\/5858","targetHints":{"allow":["GET"]}}],"collection":[{"href":"https:\/\/goldroof.pt\/en\/wp-json\/wp\/v2\/pages"}],"about":[{"href":"https:\/\/goldroof.pt\/en\/wp-json\/wp\/v2\/types\/page"}],"author":[{"embeddable":true,"href":"https:\/\/goldroof.pt\/en\/wp-json\/wp\/v2\/users\/1"}],"replies":[{"embeddable":true,"href":"https:\/\/goldroof.pt\/en\/wp-json\/wp\/v2\/comments?post=5858"}],"version-history":[{"count":0,"href":"https:\/\/goldroof.pt\/en\/wp-json\/wp\/v2\/pages\/5858\/revisions"}],"wp:attachment":[{"href":"https:\/\/goldroof.pt\/en\/wp-json\/wp\/v2\/media?parent=5858"}],"curies":[{"name":"wp","href":"https:\/\/api.w.org\/{rel}","templated":true}]}}