{"id":5483,"date":"2020-04-13T03:17:04","date_gmt":"2020-04-13T02:17:04","guid":{"rendered":"https:\/\/goldroof.pt\/?page_id=5483"},"modified":"2020-04-27T01:11:46","modified_gmt":"2020-04-27T00:11:46","slug":"porto","status":"publish","type":"page","link":"https:\/\/goldroof.pt\/en\/porto\/","title":{"rendered":"Porto"},"content":{"rendered":"\t\t<div data-elementor-type=\"wp-page\" data-elementor-id=\"5483\" class=\"elementor elementor-5483\">\n\t\t\t\t\t\t<section class=\"elementor-section elementor-top-section elementor-element elementor-element-2d1c304 elementor-section-boxed elementor-section-height-default elementor-section-height-default\" data-id=\"2d1c304\" data-element_type=\"section\" data-e-type=\"section\">\n\t\t\t\t\t\t<div class=\"elementor-container elementor-column-gap-default\">\n\t\t\t\t\t<div class=\"elementor-column elementor-col-100 elementor-top-column elementor-element elementor-element-bc6b516\" data-id=\"bc6b516\" data-element_type=\"column\" data-e-type=\"column\">\n\t\t\t<div class=\"elementor-widget-wrap elementor-element-populated\">\n\t\t\t\t\t\t<div class=\"elementor-element elementor-element-19664d1 elementor-widget elementor-widget-heading\" data-id=\"19664d1\" data-element_type=\"widget\" data-e-type=\"widget\" data-widget_type=\"heading.default\">\n\t\t\t\t<div class=\"elementor-widget-container\">\n\t\t\t\t\t<h3 class=\"elementor-heading-title elementor-size-default\">Oporto, the beautiful \u201cInvicta\u201d city.<\/h3>\t\t\t\t<\/div>\n\t\t\t\t<\/div>\n\t\t\t\t\t<\/div>\n\t\t<\/div>\n\t\t\t\t\t<\/div>\n\t\t<\/section>\n\t\t\t\t<section class=\"elementor-section elementor-top-section elementor-element elementor-element-977c336 elementor-section-boxed elementor-section-height-default elementor-section-height-default\" data-id=\"977c336\" data-element_type=\"section\" data-e-type=\"section\">\n\t\t\t\t\t\t<div class=\"elementor-container elementor-column-gap-default\">\n\t\t\t\t\t<div class=\"elementor-column elementor-col-100 elementor-top-column elementor-element elementor-element-e3d2564\" data-id=\"e3d2564\" data-element_type=\"column\" data-e-type=\"column\">\n\t\t\t<div class=\"elementor-widget-wrap elementor-element-populated\">\n\t\t\t\t\t\t<div class=\"elementor-element elementor-element-d0ec8f4 elementor-widget elementor-widget-image\" data-id=\"d0ec8f4\" data-element_type=\"widget\" data-e-type=\"widget\" data-widget_type=\"image.default\">\n\t\t\t\t<div class=\"elementor-widget-container\">\n\t\t\t\t\t\t\t\t\t\t\t\t\t\t\t<img fetchpriority=\"high\" decoding=\"async\" width=\"738\" height=\"495\" src=\"https:\/\/goldroof.pt\/wp-content\/uploads\/2020\/04\/iron-bridge-76971_1280-1024x687.jpg\" class=\"attachment-large size-large wp-image-5488\" alt=\"Iron bridge 76971\" srcset=\"https:\/\/goldroof.pt\/wp-content\/uploads\/2020\/04\/iron-bridge-76971_1280-1024x687.jpg 1024w, https:\/\/goldroof.pt\/wp-content\/uploads\/2020\/04\/iron-bridge-76971_1280-300x201.jpg 300w, https:\/\/goldroof.pt\/wp-content\/uploads\/2020\/04\/iron-bridge-76971_1280-768x515.jpg 768w, https:\/\/goldroof.pt\/wp-content\/uploads\/2020\/04\/iron-bridge-76971_1280-150x101.jpg 150w, https:\/\/goldroof.pt\/wp-content\/uploads\/2020\/04\/iron-bridge-76971_1280-488x326.jpg 488w, https:\/\/goldroof.pt\/wp-content\/uploads\/2020\/04\/iron-bridge-76971_1280.jpg 1280w\" sizes=\"(max-width: 738px) 100vw, 738px\" \/>\t\t\t\t\t\t\t\t\t\t\t\t\t\t\t<\/div>\n\t\t\t\t<\/div>\n\t\t\t\t\t<\/div>\n\t\t<\/div>\n\t\t\t\t\t<\/div>\n\t\t<\/section>\n\t\t\t\t<section class=\"elementor-section elementor-top-section elementor-element elementor-element-89aa6a5 elementor-section-boxed elementor-section-height-default elementor-section-height-default\" data-id=\"89aa6a5\" data-element_type=\"section\" data-e-type=\"section\">\n\t\t\t\t\t\t<div class=\"elementor-container elementor-column-gap-default\">\n\t\t\t\t\t<div class=\"elementor-column elementor-col-100 elementor-top-column elementor-element elementor-element-109d210\" data-id=\"109d210\" data-element_type=\"column\" data-e-type=\"column\">\n\t\t\t<div class=\"elementor-widget-wrap elementor-element-populated\">\n\t\t\t\t\t\t<div class=\"elementor-element elementor-element-f63eb8d elementor-widget elementor-widget-text-editor\" data-id=\"f63eb8d\" data-element_type=\"widget\" data-e-type=\"widget\" data-widget_type=\"text-editor.default\">\n\t\t\t\t<div class=\"elementor-widget-container\">\n\t\t\t\t\t\t\t\t\t<p><span lang=\"en-US\">Oporto is located in the north of Portugal, being the second city in the country.\u00a0It is surrounded by Matosinhos, Maia, Gondomar and Vila Nova de Gaia municipalities.\u00a0Side by side with Douro River and the Atlantic Ocean, Oporto is a city with an immense history in conjunction with the modernity of the present European metropolis.\u00a0Living in Oporto and its surrounding cities is being able to have a fantastic quality of life due to the proximity between the metropolitan area and the city center.\u00a0The journey throughout the metropolitan area is facilitated by using the Metro, train and environmentally friendly public transports.\u00a0The international airport S\u00e1 Carneiro connects Oporto to all European and world capitals.\u00a0Located on the outskirts, it connects to the city center through Metro and public transport.<\/span><\/p>\t\t\t\t\t\t\t\t<\/div>\n\t\t\t\t<\/div>\n\t\t\t\t\t<\/div>\n\t\t<\/div>\n\t\t\t\t\t<\/div>\n\t\t<\/section>\n\t\t\t\t<section class=\"elementor-section elementor-top-section elementor-element elementor-element-e1a1e00 elementor-section-boxed elementor-section-height-default elementor-section-height-default\" data-id=\"e1a1e00\" data-element_type=\"section\" data-e-type=\"section\">\n\t\t\t\t\t\t<div class=\"elementor-container elementor-column-gap-default\">\n\t\t\t\t\t<div class=\"elementor-column elementor-col-50 elementor-top-column elementor-element elementor-element-ac0e537\" data-id=\"ac0e537\" data-element_type=\"column\" data-e-type=\"column\">\n\t\t\t<div class=\"elementor-widget-wrap elementor-element-populated\">\n\t\t\t\t\t\t<div class=\"elementor-element elementor-element-cd20a02 elementor-widget elementor-widget-image\" data-id=\"cd20a02\" data-element_type=\"widget\" data-e-type=\"widget\" data-widget_type=\"image.default\">\n\t\t\t\t<div class=\"elementor-widget-container\">\n\t\t\t\t\t\t\t\t\t\t\t\t\t\t\t<img decoding=\"async\" width=\"738\" height=\"415\" src=\"https:\/\/goldroof.pt\/wp-content\/uploads\/2020\/04\/porto-4257451_1280-1024x576.jpg\" class=\"attachment-large size-large wp-image-5485\" alt=\"Porto 4257451\" srcset=\"https:\/\/goldroof.pt\/wp-content\/uploads\/2020\/04\/porto-4257451_1280-1024x576.jpg 1024w, https:\/\/goldroof.pt\/wp-content\/uploads\/2020\/04\/porto-4257451_1280-300x169.jpg 300w, https:\/\/goldroof.pt\/wp-content\/uploads\/2020\/04\/porto-4257451_1280-768x432.jpg 768w, https:\/\/goldroof.pt\/wp-content\/uploads\/2020\/04\/porto-4257451_1280-150x84.jpg 150w, https:\/\/goldroof.pt\/wp-content\/uploads\/2020\/04\/porto-4257451_1280.jpg 1280w\" sizes=\"(max-width: 738px) 100vw, 738px\" \/>\t\t\t\t\t\t\t\t\t\t\t\t\t\t\t<\/div>\n\t\t\t\t<\/div>\n\t\t\t\t\t<\/div>\n\t\t<\/div>\n\t\t\t\t<div class=\"elementor-column elementor-col-50 elementor-top-column elementor-element elementor-element-73dfb47\" data-id=\"73dfb47\" data-element_type=\"column\" data-e-type=\"column\">\n\t\t\t<div class=\"elementor-widget-wrap elementor-element-populated\">\n\t\t\t\t\t\t<div class=\"elementor-element elementor-element-b02f25b elementor-widget elementor-widget-text-editor\" data-id=\"b02f25b\" data-element_type=\"widget\" data-e-type=\"widget\" data-widget_type=\"text-editor.default\">\n\t\t\t\t<div class=\"elementor-widget-container\">\n\t\t\t\t\t\t\t\t\t<p><span lang=\"en-US\">The entire Oporto metropolitan area is vibrant and dynamic. With an enviable entrepreneurship, a large student community allied to the various prestigious and traditional universities and reference national and international private colleges.<\/span><\/p>\t\t\t\t\t\t\t\t<\/div>\n\t\t\t\t<\/div>\n\t\t\t\t\t<\/div>\n\t\t<\/div>\n\t\t\t\t\t<\/div>\n\t\t<\/section>\n\t\t\t\t<section class=\"elementor-section elementor-top-section elementor-element elementor-element-2178726 elementor-section-boxed elementor-section-height-default elementor-section-height-default\" data-id=\"2178726\" data-element_type=\"section\" data-e-type=\"section\">\n\t\t\t\t\t\t<div class=\"elementor-container elementor-column-gap-default\">\n\t\t\t\t\t<div class=\"elementor-column elementor-col-100 elementor-top-column elementor-element elementor-element-91d0d20\" data-id=\"91d0d20\" data-element_type=\"column\" data-e-type=\"column\">\n\t\t\t<div class=\"elementor-widget-wrap elementor-element-populated\">\n\t\t\t\t\t\t<div class=\"elementor-element elementor-element-affd063 elementor-widget elementor-widget-text-editor\" data-id=\"affd063\" data-element_type=\"widget\" data-e-type=\"widget\" data-widget_type=\"text-editor.default\">\n\t\t\t\t<div class=\"elementor-widget-container\">\n\t\t\t\t\t\t\t\t\t<p><span style=\"color: #000000;\"><span lang=\"en-US\">With large leisure green areas such as Parque da Cidade, Palacio de Cristal gardens, Parque do Oriente, Casa de Serralves;\u00a0long sandy beaches throughout the coastal line with terraces that invite rest and sunbathing;\u00a0several beautiful gardens for strolling like Jardim do Passeio Alegre, Jardim do Marqu\u00eas de Oliveira;\u00a0buildings of unparalleled beauty as Torre dos Cl\u00e9rigos, Oporto City Hall, S\u00e3o Bento train station, Ribeira do Douro with all its houses overlooking the Douro River, Pal\u00e1cio da Bolsa, S\u00e9 do Porto, Port wine sellers, D. Lu\u00eds bridge and six others over the Douro River, Livraria Lello, Caf\u00e9 Majestic;\u00a0Unparalleled beauty theaters such as S\u00e3o Jo\u00e3o theater, Rivoli theater, Casa da M\u00fasica;\u00a0among many other places impossible to be listed here.\u00a0Oporto historical centre is UNESCO World Heritage Site.<\/span><\/span><\/p>\t\t\t\t\t\t\t\t<\/div>\n\t\t\t\t<\/div>\n\t\t\t\t\t<\/div>\n\t\t<\/div>\n\t\t\t\t\t<\/div>\n\t\t<\/section>\n\t\t\t\t<section class=\"elementor-section elementor-top-section elementor-element elementor-element-207a183 elementor-section-boxed elementor-section-height-default elementor-section-height-default\" data-id=\"207a183\" data-element_type=\"section\" data-e-type=\"section\">\n\t\t\t\t\t\t<div class=\"elementor-container elementor-column-gap-default\">\n\t\t\t\t\t<div class=\"elementor-column elementor-col-100 elementor-top-column elementor-element elementor-element-515005b\" data-id=\"515005b\" data-element_type=\"column\" data-e-type=\"column\">\n\t\t\t<div class=\"elementor-widget-wrap elementor-element-populated\">\n\t\t\t\t\t\t<div class=\"elementor-element elementor-element-07242ae elementor-widget elementor-widget-image\" data-id=\"07242ae\" data-element_type=\"widget\" data-e-type=\"widget\" data-widget_type=\"image.default\">\n\t\t\t\t<div class=\"elementor-widget-container\">\n\t\t\t\t\t\t\t\t\t\t\t\t\t\t\t<img decoding=\"async\" width=\"738\" height=\"202\" src=\"https:\/\/goldroof.pt\/wp-content\/uploads\/2020\/04\/Porto-Portugal-Pixabay-royalty-free-image.jpg\" class=\"attachment-large size-large wp-image-5486\" alt=\"Porto Portugal Pixabay royalty free image\" srcset=\"https:\/\/goldroof.pt\/wp-content\/uploads\/2020\/04\/Porto-Portugal-Pixabay-royalty-free-image.jpg 960w, https:\/\/goldroof.pt\/wp-content\/uploads\/2020\/04\/Porto-Portugal-Pixabay-royalty-free-image-300x82.jpg 300w, https:\/\/goldroof.pt\/wp-content\/uploads\/2020\/04\/Porto-Portugal-Pixabay-royalty-free-image-768x210.jpg 768w, https:\/\/goldroof.pt\/wp-content\/uploads\/2020\/04\/Porto-Portugal-Pixabay-royalty-free-image-150x41.jpg 150w\" sizes=\"(max-width: 738px) 100vw, 738px\" \/>\t\t\t\t\t\t\t\t\t\t\t\t\t\t\t<\/div>\n\t\t\t\t<\/div>\n\t\t\t\t\t<\/div>\n\t\t<\/div>\n\t\t\t\t\t<\/div>\n\t\t<\/section>\n\t\t\t\t<section class=\"elementor-section elementor-top-section elementor-element elementor-element-a8d4086 elementor-section-boxed elementor-section-height-default elementor-section-height-default\" data-id=\"a8d4086\" data-element_type=\"section\" data-e-type=\"section\">\n\t\t\t\t\t\t<div class=\"elementor-container elementor-column-gap-default\">\n\t\t\t\t\t<div class=\"elementor-column elementor-col-100 elementor-top-column elementor-element elementor-element-d681ac1\" data-id=\"d681ac1\" data-element_type=\"column\" data-e-type=\"column\">\n\t\t\t<div class=\"elementor-widget-wrap elementor-element-populated\">\n\t\t\t\t\t\t<div class=\"elementor-element elementor-element-8e01ffe elementor-widget elementor-widget-text-editor\" data-id=\"8e01ffe\" data-element_type=\"widget\" data-e-type=\"widget\" data-widget_type=\"text-editor.default\">\n\t\t\t\t<div class=\"elementor-widget-container\">\n\t\t\t\t\t\t\t\t\t<p><span lang=\"en-US\">The Oporto urban buildings are characterized by secular architecture houses many of them with facades with traditional tiles, but with modernity recondition in its interior.\u00a0The surrounding metropolitan area is characterized by high quality modern buildings with surrounding green area, providing an exclusive way of living.<\/span><\/p>\t\t\t\t\t\t\t\t<\/div>\n\t\t\t\t<\/div>\n\t\t\t\t\t<\/div>\n\t\t<\/div>\n\t\t\t\t\t<\/div>\n\t\t<\/section>\n\t\t\t\t<section class=\"elementor-section elementor-top-section elementor-element elementor-element-f0e0451 elementor-section-boxed elementor-section-height-default elementor-section-height-default\" data-id=\"f0e0451\" data-element_type=\"section\" data-e-type=\"section\">\n\t\t\t\t\t\t<div class=\"elementor-container elementor-column-gap-default\">\n\t\t\t\t\t<div class=\"elementor-column elementor-col-100 elementor-top-column elementor-element elementor-element-badd572\" data-id=\"badd572\" data-element_type=\"column\" data-e-type=\"column\">\n\t\t\t<div class=\"elementor-widget-wrap elementor-element-populated\">\n\t\t\t\t\t\t<div class=\"elementor-element elementor-element-478a361 elementor-widget elementor-widget-heading\" data-id=\"478a361\" data-element_type=\"widget\" data-e-type=\"widget\" data-widget_type=\"heading.default\">\n\t\t\t\t<div class=\"elementor-widget-container\">\n\t\t\t\t\t<h2 class=\"elementor-heading-title elementor-size-default\">Come to live in Oporto!<\/h2>\t\t\t\t<\/div>\n\t\t\t\t<\/div>\n\t\t\t\t\t<\/div>\n\t\t<\/div>\n\t\t\t\t\t<\/div>\n\t\t<\/section>\n\t\t\t\t<\/div>\n\t\t","protected":false},"excerpt":{"rendered":"<p>Oporto, the beautiful \u201cInvicta\u201d city. Oporto is located in the north of Portugal, being the second city in the country.&nbsp;It is surrounded by Matosinhos, Maia, Gondomar and Vila Nova de Gaia municipalities.&nbsp;Side by side with Douro River and the Atlantic Ocean, Oporto is a city with an immense history in conjunction with the modernity of&#8230;<\/p>\n","protected":false},"author":1,"featured_media":0,"parent":0,"menu_order":0,"comment_status":"closed","ping_status":"closed","template":"","meta":{"content-type":"","om_disable_all_campaigns":false,"slim_seo":{"title":"Porto - Gold Roof","description":"Oporto, the beautiful \u201cInvicta\u201d city. Oporto is located in the north of Portugal, being the second city in the country.&nbsp;It is surrounded by Matosinhos, Mai"},"footnotes":""},"class_list":["post-5483","page","type-page","status-publish","hentry"],"aioseo_notices":[],"_links":{"self":[{"href":"https:\/\/goldroof.pt\/en\/wp-json\/wp\/v2\/pages\/5483","targetHints":{"allow":["GET"]}}],"collection":[{"href":"https:\/\/goldroof.pt\/en\/wp-json\/wp\/v2\/pages"}],"about":[{"href":"https:\/\/goldroof.pt\/en\/wp-json\/wp\/v2\/types\/page"}],"author":[{"embeddable":true,"href":"https:\/\/goldroof.pt\/en\/wp-json\/wp\/v2\/users\/1"}],"replies":[{"embeddable":true,"href":"https:\/\/goldroof.pt\/en\/wp-json\/wp\/v2\/comments?post=5483"}],"version-history":[{"count":0,"href":"https:\/\/goldroof.pt\/en\/wp-json\/wp\/v2\/pages\/5483\/revisions"}],"wp:attachment":[{"href":"https:\/\/goldroof.pt\/en\/wp-json\/wp\/v2\/media?parent=5483"}],"curies":[{"name":"wp","href":"https:\/\/api.w.org\/{rel}","templated":true}]}}